{"id":2261,"date":"2013-11-26T14:42:40","date_gmt":"2013-11-26T13:42:40","guid":{"rendered":"http:\/\/she2.glokala.se\/?page_id=2261"},"modified":"2013-12-17T18:39:37","modified_gmt":"2013-12-17T17:39:37","slug":"25-november-ekonomiuppgift","status":"publish","type":"page","link":"https:\/\/samhallsentreprenor.glokala.net\/she2\/25-november-ekonomiuppgift\/","title":{"rendered":"25 november: Ekonomiuppgift"},"content":{"rendered":"<p>Hej!<a href=\"http:\/\/samhallsentreprenor.glokala.net\/she2\/25-november-ekonomiuppgift\/img_20131126_151153\/\" rel=\"attachment wp-att-2266\"><img data-recalc-dims=\"1\" loading=\"lazy\" decoding=\"async\" class=\"alignright size-medium wp-image-2266\" alt=\"IMG_20131126_151153\" src=\"https:\/\/i0.wp.com\/samhallsentreprenor.glokala.net\/she2\/wp-content\/uploads\/2013\/11\/IMG_20131126_151153-400x400.jpg?resize=303%2C254\" width=\"303\" height=\"254\" \/><\/a><br \/>\nDenna vecka forts\u00e4tter vi med ekonomimodulen och inleder v\u00e5r f\u00f6rsta uppgift i \u00e4mnet. Som vanligt vill vi att du anpassar uppgiften s\u00e5 att den blir relevant f\u00f6r ditt projekt eller intresseomr\u00e5de!<br \/>\nDet finns d\u00e4rf\u00f6r tre olika sp\u00e5r inom uppgiften, framtagna utifr\u00e5n var vi tolkar att ni befinner er just nu. N\u00e4r du har l\u00e4mnat in ditt bidrag kommer vi att kontakta relevant person, insatt i \u00e4mnet, \u00a0som kommer att ge feedback p\u00e5 uppgiften!<br \/>\nInf\u00f6r uppgiften erbjuder vi \u00e4ven ett skype-samtal med\u00a0oss\u00a0f\u00f6r att bolla id\u00e9er och ge feedback kring dina tankar.<\/p>\n<p><span style=\"text-decoration: underline;\">V\u00e4lj ett sp\u00e5r nedan eller kombinera dem!<\/span><\/p>\n<p>1. G\u00f6r en budget f\u00f6r ditt initiativ.<br \/>\n<em>Sp\u00e5na kring utl\u00e4gg och inkomster, f\u00f6rs\u00f6k att hitta en form som passar. Ta dig tid att hitta underlag f\u00f6r varje post och ta g\u00e4rna kontakt med andra\u00a0akt\u00f6rer\u00a0f\u00f6r att f\u00e5 r\u00e4tt p\u00e5 det du \u00e4r os\u00e4ker p\u00e5.<br \/>\nFundera ocks\u00e5\u00a0p\u00e5 hur du vill inkludera ditt ev. ideella bidrag, den &#8221;sociala avkastningen&#8221; eller den samh\u00e4llsf\u00f6rb\u00e4ttrande insatsen som du tror att ditt projekt kan generera (detta kan h\u00e5llas utanf\u00f6r budgeten, om du vill).<br \/>\n<\/em><br \/>\n2. S\u00f6k finansieringsm\u00f6jligheter.<em><br \/>\nSammanst\u00e4ll de m\u00f6jligheter som \u00e4r relevanta f\u00f6r dig, g\u00e5 g\u00e4rna vidare med en f\u00f6rsta ans\u00f6kan eller genom att ta kontakt. Hur har andra liknande projekt g\u00e5tt tillv\u00e4ga? Vilka f\u00f6r- och nackdelar finns det med de olika finansieringsm\u00f6jligheterna? <\/em><\/p>\n<p>3. Hur ska initiativet drivas?<br \/>\n<em>Vilken organisationsform passar b\u00e4st och hur kan denna finansieras? Vilka f\u00f6r- och nackdelar finns det med de olika driftformerna? Vad s\u00e4ger juridiken? Vad s\u00e4ger praktiken? <\/em><\/p>\n<p>I uppgiften ing\u00e5r att hitta information kring hur du ska kunna genomf\u00f6ra den. Kontakta g\u00e4rna personer som kan ge dig den information som du inte har tillg\u00e5ng till.<\/p>\n<p><span style=\"text-decoration: underline;\">Omfattning:<\/span> 2-3 A4 eller annan form (ex video\/ljud)<br \/>\n<span style=\"text-decoration: underline;\">Inl\u00e4mning<\/span>: Nytt datum &#8211; 20 januari i <a href=\"http:\/\/samhallsentreprenor.glokala.net\/she2\/groups\/ekonomiuppgift\/forum\/\">forumet<\/a><\/p>\n","protected":false},"excerpt":{"rendered":"<p>Hej! Denna vecka forts\u00e4tter vi med ekonomimodulen och inleder v\u00e5r f\u00f6rsta uppgift i \u00e4mnet. Som vanligt vill vi att du anpassar uppgiften s\u00e5 att den blir relevant f\u00f6r ditt projekt eller intresseomr\u00e5de! Det finns d\u00e4rf\u00f6r tre olika sp\u00e5r inom uppgiften, framtagna utifr\u00e5n var vi tolkar att ni befinner er just nu. N\u00e4r du har l\u00e4mnat [&hellip;]<\/p>\n","protected":false},"author":2,"featured_media":0,"parent":0,"menu_order":0,"comment_status":"open","ping_status":"open","template":"","meta":{"_bbp_topic_count":0,"_bbp_reply_count":0,"_bbp_total_topic_count":0,"_bbp_total_reply_count":0,"_bbp_voice_count":0,"_bbp_anonymous_reply_count":0,"_bbp_topic_count_hidden":0,"_bbp_reply_count_hidden":0,"_bbp_forum_subforum_count":0,"footnotes":""},"class_list":["post-2261","page","type-page","status-publish","hentry"],"jetpack_sharing_enabled":true,"_links":{"self":[{"href":"https:\/\/samhallsentreprenor.glokala.net\/she2\/wp-json\/wp\/v2\/pages\/2261","targetHints":{"allow":["GET"]}}],"collection":[{"href":"https:\/\/samhallsentreprenor.glokala.net\/she2\/wp-json\/wp\/v2\/pages"}],"about":[{"href":"https:\/\/samhallsentreprenor.glokala.net\/she2\/wp-json\/wp\/v2\/types\/page"}],"author":[{"embeddable":true,"href":"https:\/\/samhallsentreprenor.glokala.net\/she2\/wp-json\/wp\/v2\/users\/2"}],"replies":[{"embeddable":true,"href":"https:\/\/samhallsentreprenor.glokala.net\/she2\/wp-json\/wp\/v2\/comments?post=2261"}],"version-history":[{"count":6,"href":"https:\/\/samhallsentreprenor.glokala.net\/she2\/wp-json\/wp\/v2\/pages\/2261\/revisions"}],"predecessor-version":[{"id":2369,"href":"https:\/\/samhallsentreprenor.glokala.net\/she2\/wp-json\/wp\/v2\/pages\/2261\/revisions\/2369"}],"wp:attachment":[{"href":"https:\/\/samhallsentreprenor.glokala.net\/she2\/wp-json\/wp\/v2\/media?parent=2261"}],"curies":[{"name":"wp","href":"https:\/\/api.w.org\/{rel}","templated":true}]}}