{"id":24,"date":"2011-08-29T08:37:16","date_gmt":"2011-08-29T06:37:16","guid":{"rendered":"http:\/\/she2.glokala.se\/?page_id=24"},"modified":"2011-08-29T19:30:14","modified_gmt":"2011-08-29T17:30:14","slug":"29-augusti","status":"publish","type":"page","link":"https:\/\/samhallsentreprenor.glokala.net\/she2\/29-augusti\/","title":{"rendered":"29 augusti"},"content":{"rendered":"<p><strong>V\u00e4lkomstbrev med praktisk info i kursstarten:<\/strong><br \/>\n<a href=\"http:\/\/samhallsentreprenor.glokala.net\/she2\/wp-content\/uploads\/2011\/08\/Valkommen_praktisk_info_Steg2.pdf\">Valkommen_praktisk_info_Steg2.pdf<\/a><\/p>\n<p>Eftersom vi \u00e4r nyfikna och bara en del av oss har tr\u00e4ffats f\u00f6rut \u00e4r en uppgift att skriva en kort presentation:<\/p>\n<p><strong>Kort personlig presentation<\/strong><br \/>\nBer\u00e4tta om n\u00e5gon av dina tidigare erfarenheter. Var finns du nu och vad \u00e4r p\u00e5g\u00e5ng? Vilka f\u00f6rv\u00e4ntningar har du p\u00e5 kursen?<br \/>\n(En riktlinje kan vara ca 500 tecken)<br \/>\nBeskrivningen l\u00e4ggs in som en uppdatering under fliken \u201dAktiviteter\u201d, under Kursforum. Posta uppdateringen i &#8221;Min profil&#8221;.<br \/>\n<a href=\"..\/activity\/\" target=\"_blank\">http:\/\/samhallsentreprenor.glokala.net\/she2\/<wbr>activity\/<\/wbr><\/a><\/p>\n<p>\/\/<\/p>\n<p><strong>Diskussionsforum<\/strong><br \/>\nVi har skapat tv\u00e5 forum h\u00e4r i starten med olika fokus:<br \/>\n&#8211; Inspiration &amp; exempel <a href=\"http:\/\/samhallsentreprenor.glokala.net\/she2\/groups\/inspiration-exempel\/\">http:\/\/samhallsentreprenor.glokala.net\/she2\/groups\/inspiration-exempel\/<\/a><br \/>\nIntressanta l\u00e4nkar, en bra artikel eller ett kommande arrangemang? H\u00e4r kan vi tipsa varandra och diskutera det vi st\u00f6ter p\u00e5 under \u00e5ret!<\/p>\n<p>&#8211; Om kursen: Fr\u00e5gor, tips och kritik <a href=\"http:\/\/samhallsentreprenor.glokala.net\/she2\/groups\/om-kursen-fragor-tips-kritik\/\">http:\/\/samhallsentreprenor.glokala.net\/she2\/groups\/om-kursen-fragor-tips-kritik\/<\/a><br \/>\nForum f\u00f6r fr\u00e5gor, f\u00f6rslag kring hur vi jobbar i kursen och feedback.<\/p>\n<p><strong>Kursens moduler \u2013 Wiki f\u00f6r planering<\/strong><br \/>\nEftersom SHE steg 2 till stor del ska byggas upp av oss alla, har vi en grupp med wiki p\u00e5 plattformen som ett s\u00e4tt att kommunicera och diskutera olika f\u00f6rslag till det kommande kursinneh\u00e5llet.<br \/>\nSl\u00e4ng ut n\u00e5gra teman som du \u00e4r sugen p\u00e5 att f\u00f6rdjupa dig i under \u00e5ret, s\u00e5 kan vi gemensamt redigera dem!<br \/>\nN\u00e5gra inledande f\u00f6rslag finns, bygg g\u00e4rna vidare p\u00e5 dem eller l\u00e4gg till nya wiki-inl\u00e4gg, eller kommentera.<br \/>\n<a href=\"http:\/\/samhallsentreprenor.glokala.net\/she2\/groups\/kursens-moduler\/wiki\/\">http:\/\/samhallsentreprenor.glokala.net\/she2\/groups\/kursens-moduler\/wiki\/<\/a><\/p>\n<p><strong>Internat 16-17 september<\/strong><br \/>\nFredag 16 sept och l\u00f6rdag 17 sept var datum d\u00e5 m\u00e5nga kunde vara med p\u00e5 plats i Malm\u00f6 f\u00f6r att b\u00e5de inspireras och planera kursens inneh\u00e5ll tillsammans. Liksom tidigare ger vi st\u00f6d f\u00f6r resor upp till 500 kr\/tillf\u00e4lle.<br \/>\nBoka in dagarna i kalendern \u2013 mer info kommer!<\/p>\n<p>\/\/<\/p>\n<p><strong>Inspiration:<\/strong><\/p>\n<p>Under sommaren har 25 samh\u00e4llsentrepren\u00f6rer samlats f\u00f6r att under 6 veckor utveckla och pr\u00f6va sina id\u00e9er i <a href=\"http:\/\/unreasonableinstitute.org\/2011-institute\/\" target=\"_blank\">Unreasonable Institute<\/a>.<\/p>\n<p><img data-recalc-dims=\"1\" loading=\"lazy\" decoding=\"async\" class=\"alignnone\" title=\"Process\" src=\"https:\/\/i0.wp.com\/unreasonableinstitute.org\/wp-content\/uploads\/2010\/09\/Process-Model-on-Chalk-Board.png?resize=500%2C194\" alt=\"\" width=\"500\" height=\"194\" \/><\/p>\n<p>H\u00e4r \u00e4r del 1 och del 2 om deras resa!<br \/>\nK\u00e4nner ni igen er? Skiljer det sig fr\u00e5n f\u00f6rh\u00e5llningss\u00e4tt vi \u00e4r vana vid?<br \/>\n<a href=\"http:\/\/samhallsentreprenor.glokala.net\/she2\/groups\/inspiration-exempel\/forum\/topic\/unreasonable-institute-kanner-vi-igen-oss-1\/\">&#8212; &gt; Tr\u00e5d i diskussionsforum<\/a><\/p>\n<p><iframe loading=\"lazy\" src=\"http:\/\/player.vimeo.com\/video\/26077079?byline=0&amp;portrait=0\" frameborder=\"0\" width=\"600\" height=\"338\"><\/iframe><\/p>\n<p><iframe loading=\"lazy\" src=\"http:\/\/player.vimeo.com\/video\/26562310?byline=0&amp;portrait=0\" frameborder=\"0\" width=\"600\" height=\"338\"><\/iframe><\/p>\n","protected":false},"excerpt":{"rendered":"<p>V\u00e4lkomstbrev med praktisk info i kursstarten: Valkommen_praktisk_info_Steg2.pdf Eftersom vi \u00e4r nyfikna och bara en del av oss har tr\u00e4ffats f\u00f6rut \u00e4r en uppgift att skriva en kort presentation: Kort personlig presentation Ber\u00e4tta om n\u00e5gon av dina tidigare erfarenheter. Var finns du nu och vad \u00e4r p\u00e5g\u00e5ng? Vilka f\u00f6rv\u00e4ntningar har du p\u00e5 kursen? (En riktlinje kan [&hellip;]<\/p>\n","protected":false},"author":1001021,"featured_media":0,"parent":0,"menu_order":0,"comment_status":"open","ping_status":"open","template":"","meta":{"_bbp_topic_count":0,"_bbp_reply_count":0,"_bbp_total_topic_count":0,"_bbp_total_reply_count":0,"_bbp_voice_count":0,"_bbp_anonymous_reply_count":0,"_bbp_topic_count_hidden":0,"_bbp_reply_count_hidden":0,"_bbp_forum_subforum_count":0,"footnotes":""},"class_list":["post-24","page","type-page","status-publish","hentry"],"jetpack_sharing_enabled":true,"_links":{"self":[{"href":"https:\/\/samhallsentreprenor.glokala.net\/she2\/wp-json\/wp\/v2\/pages\/24","targetHints":{"allow":["GET"]}}],"collection":[{"href":"https:\/\/samhallsentreprenor.glokala.net\/she2\/wp-json\/wp\/v2\/pages"}],"about":[{"href":"https:\/\/samhallsentreprenor.glokala.net\/she2\/wp-json\/wp\/v2\/types\/page"}],"author":[{"embeddable":true,"href":"https:\/\/samhallsentreprenor.glokala.net\/she2\/wp-json\/wp\/v2\/users\/1001021"}],"replies":[{"embeddable":true,"href":"https:\/\/samhallsentreprenor.glokala.net\/she2\/wp-json\/wp\/v2\/comments?post=24"}],"version-history":[{"count":6,"href":"https:\/\/samhallsentreprenor.glokala.net\/she2\/wp-json\/wp\/v2\/pages\/24\/revisions"}],"predecessor-version":[{"id":35,"href":"https:\/\/samhallsentreprenor.glokala.net\/she2\/wp-json\/wp\/v2\/pages\/24\/revisions\/35"}],"wp:attachment":[{"href":"https:\/\/samhallsentreprenor.glokala.net\/she2\/wp-json\/wp\/v2\/media?parent=24"}],"curies":[{"name":"wp","href":"https:\/\/api.w.org\/{rel}","templated":true}]}}