{"id":2687,"date":"2014-05-02T11:01:41","date_gmt":"2014-05-02T09:01:41","guid":{"rendered":"http:\/\/she2.glokala.se\/?page_id=2687"},"modified":"2014-05-28T11:01:58","modified_gmt":"2014-05-28T09:01:58","slug":"distanstraff-3-maj-redaktionsworkshop","status":"publish","type":"page","link":"https:\/\/samhallsentreprenor.glokala.net\/she2\/distanstraff-3-maj-redaktionsworkshop\/","title":{"rendered":"Distanstr\u00e4ff 3 maj &#8211; Redaktionsworkshop"},"content":{"rendered":"<p><em>Information om internat 3-4 maj<\/em><\/p>\n<p>Hej!<\/p>\n<p>Vi g\u00f6r allts\u00e5 en del av den planerade internattr\u00e4ffen till helgen per distans. H\u00e4r kommer en ram f\u00f6r dagen imorgon.<br \/>\nL\u00e4gg g\u00e4rna in text (+ev bildmaterial) du vill bearbeta i forumet f\u00f6r &#8221;Texter till Resonans&#8221; p\u00e5 plattformen &#8211; eller ta med det direkt till workshopen imorgon. <a href=\"http:\/\/samhallsentreprenor.glokala.net\/she2\/groups\/texter-till-resonans\/\">http:\/\/samhallsentreprenor.glokala.net\/she2\/groups\/texter-till-resonans\/<\/a><\/p>\n<p>Skicka g\u00e4rna ditt skype-namn till alla s\u00e5 att vi har det inf\u00f6r imorgon. Mitt \u00e4r nilsson.august<\/p>\n<p>Uppl\u00e4gg inf\u00f6r imorgon l\u00f6rdag &#8211; gemensam tr\u00e4ff p\u00e5 distans:<\/p>\n<h2>Redaktionsworkshop f\u00f6r gemensam skrift &#8211; L\u00f6rdag 3 maj 2014<\/h2>\n<p>13:00 Intro med Abigail Sykes (Fria Tidningar), videos\u00e4nds live via Bambuser. Vi mailar ut l\u00e4nk till bambuser strax innan kl 13.<br \/>\nIntroduktion till textbearbetning, tempo och stil.<\/p>\n<p><a href=\"http:\/\/bambuser.com\/v\/4587558\" target=\"_blank\">Finns att se i efterhand h\u00e4r:<\/a><\/p>\n<p><iframe loading=\"lazy\" src=\"http:\/\/embed.bambuser.com\/broadcast\/4587558\" height=\"317\" width=\"460\" frameborder=\"0\"><\/iframe><\/p>\n<p><strong>Ladda ned:<\/strong> <a href=\"http:\/\/samhallsentreprenor.glokala.net\/she2\/wp-content\/uploads\/2014\/05\/Textworkshop-maj-2014.pdf\" target=\"_blank\">Material med praktiska tips &#8211; underlag kring att arbeta med texter. L\u00e4nk till dokument.<\/a><\/p>\n<p>13:40 Tid att bearbeta sin egen text 30 min<\/p>\n<p>14:10 Gemensam avst\u00e4mning per skype. Indelning i par: \u00d6verl\u00e4mning av ens egen text och feedback\/bearbetning av annans text.<\/p>\n<p>14:40 Feedback 1-1 per skype + tid fortsatt bearbetning av sin egen text<\/p>\n<p>15:20 Gemensam avst\u00e4mning via skype med kommentarer och planering fram\u00e5t.<br \/>\n&#8211; Runda: Hur k\u00e4nns arbetet med texterna? Tankar\/reflektioner?<br \/>\n&#8211; Datum f\u00f6r bearbetade texter inkl ev bildmaterial: F\u00f6rslag s\u00f6ndag 11 maj.<br \/>\n&#8211; Andra praktiska fr\u00e5gor om skriften och kursen.<\/p>\n<p>15:45 Avslutning f\u00f6r workshopen<\/p>\n","protected":false},"excerpt":{"rendered":"<p>Information om internat 3-4 maj Hej! Vi g\u00f6r allts\u00e5 en del av den planerade internattr\u00e4ffen till helgen per distans. H\u00e4r kommer en ram f\u00f6r dagen imorgon. L\u00e4gg g\u00e4rna in text (+ev bildmaterial) du vill bearbeta i forumet f\u00f6r &#8221;Texter till Resonans&#8221; p\u00e5 plattformen &#8211; eller ta med det direkt till workshopen imorgon. http:\/\/samhallsentreprenor.glokala.net\/she2\/groups\/texter-till-resonans\/ Skicka g\u00e4rna [&hellip;]<\/p>\n","protected":false},"author":1001021,"featured_media":0,"parent":0,"menu_order":0,"comment_status":"open","ping_status":"open","template":"","meta":{"_bbp_topic_count":0,"_bbp_reply_count":0,"_bbp_total_topic_count":0,"_bbp_total_reply_count":0,"_bbp_voice_count":0,"_bbp_anonymous_reply_count":0,"_bbp_topic_count_hidden":0,"_bbp_reply_count_hidden":0,"_bbp_forum_subforum_count":0,"footnotes":""},"class_list":["post-2687","page","type-page","status-publish","hentry"],"jetpack_sharing_enabled":true,"_links":{"self":[{"href":"https:\/\/samhallsentreprenor.glokala.net\/she2\/wp-json\/wp\/v2\/pages\/2687","targetHints":{"allow":["GET"]}}],"collection":[{"href":"https:\/\/samhallsentreprenor.glokala.net\/she2\/wp-json\/wp\/v2\/pages"}],"about":[{"href":"https:\/\/samhallsentreprenor.glokala.net\/she2\/wp-json\/wp\/v2\/types\/page"}],"author":[{"embeddable":true,"href":"https:\/\/samhallsentreprenor.glokala.net\/she2\/wp-json\/wp\/v2\/users\/1001021"}],"replies":[{"embeddable":true,"href":"https:\/\/samhallsentreprenor.glokala.net\/she2\/wp-json\/wp\/v2\/comments?post=2687"}],"version-history":[{"count":1,"href":"https:\/\/samhallsentreprenor.glokala.net\/she2\/wp-json\/wp\/v2\/pages\/2687\/revisions"}],"predecessor-version":[{"id":2689,"href":"https:\/\/samhallsentreprenor.glokala.net\/she2\/wp-json\/wp\/v2\/pages\/2687\/revisions\/2689"}],"wp:attachment":[{"href":"https:\/\/samhallsentreprenor.glokala.net\/she2\/wp-json\/wp\/v2\/media?parent=2687"}],"curies":[{"name":"wp","href":"https:\/\/api.w.org\/{rel}","templated":true}]}}