{"id":2692,"date":"2014-04-07T11:04:33","date_gmt":"2014-04-07T09:04:33","guid":{"rendered":"http:\/\/she2.glokala.se\/?page_id=2692"},"modified":"2014-05-28T11:06:54","modified_gmt":"2014-05-28T09:06:54","slug":"uppgift-text-gemensam-skrift","status":"publish","type":"page","link":"https:\/\/samhallsentreprenor.glokala.net\/she2\/uppgift-text-gemensam-skrift\/","title":{"rendered":"Uppgift: Text &#8211; Gemensam skrift"},"content":{"rendered":"<h2>Uppgift: Text till gemensam skrift<\/h2>\n<p>Redan p\u00e5 internatet i Stockholm introducerade vi id\u00e9n att sammanst\u00e4lla en liten skrift med n\u00e5gra texter som ni och deltagare fr\u00e5n Samh\u00e4llsentrepren\u00f6rskursen steg 1 har f\u00f6rfattat under kursens\/kursernas g\u00e5ng. Det har varit en rolig uppgift att f\u00e5 l\u00e4sa alla era tankar, reflektioner, intervjuer och arbeten. D\u00e4rf\u00f6r vill vi g\u00e4rna uppm\u00e4rksamma dem lite till och samla ihop dem till ett gemensamt format, att ha med som ett fint minne och en \u00e5terblick. F\u00f6rra \u00e5rets skrift har ni ju redan hunnit bl\u00e4ddra i och den ligger som inspiration \u00e4ven f\u00f6r \u00e5rets utg\u00e5va. H\u00e4r g\u00e5r den att l\u00e4sa online: <a href=\"http:\/\/issuu.com\/glokala.se\/docs\/resonans\" target=\"_blank\">http:\/\/issuu.com\/glokala.se\/docs\/resonans<\/a><\/p>\n<p>V\u00e5r tanke \u00e4r att ha ett redaktionsm\u00f6te p\u00e5 v\u00e5rt internat i Malm\u00f6, troligtvis handlett av en person med kunskaper inom layout och textredigering. Vi kan d\u00e5 gemensamt g\u00e5 igenom de texter som ni sj\u00e4lva v\u00e4ljer ut, redigera dem tillsammans till ett passande tidskriftsformat och sedan sammanst\u00e4lla dem lagom till kursens avslutning.<\/p>\n<p>Inf\u00f6r internatet och senast den 28 april ber vi er d\u00e4rf\u00f6r att kolla igenom era inl\u00e4mnade uppgifter och v\u00e4lja ut en eller tv\u00e5 texter f\u00f6r bearbetning och publicering. Ladda upp dem i forumet f\u00f6r Texter till Resonans.<\/p>\n<p>Detta kan ocks\u00e5 vara ett bra tillf\u00e4lle att ta igen en gammal uppgift. S\u00e5som bokrecensionen eller annat. Det g\u00e5r ocks\u00e5 bra att l\u00e4mna in en text som inte direkt har skrivits f\u00f6r kursen men som knyter an till temat Samh\u00e4llsenterpren\u00f6rskap eller v\u00e5rt kursinneh\u00e5ll.<\/p>\n<p>H\u00f6r av er om ni har fr\u00e5gor, vill ha hj\u00e4lp med textval eller annat.<\/p>\n","protected":false},"excerpt":{"rendered":"<p>Uppgift: Text till gemensam skrift Redan p\u00e5 internatet i Stockholm introducerade vi id\u00e9n att sammanst\u00e4lla en liten skrift med n\u00e5gra texter som ni och deltagare fr\u00e5n Samh\u00e4llsentrepren\u00f6rskursen steg 1 har f\u00f6rfattat under kursens\/kursernas g\u00e5ng. Det har varit en rolig uppgift att f\u00e5 l\u00e4sa alla era tankar, reflektioner, intervjuer och arbeten. D\u00e4rf\u00f6r vill vi g\u00e4rna uppm\u00e4rksamma [&hellip;]<\/p>\n","protected":false},"author":1001021,"featured_media":0,"parent":0,"menu_order":0,"comment_status":"open","ping_status":"open","template":"","meta":{"_bbp_topic_count":0,"_bbp_reply_count":0,"_bbp_total_topic_count":0,"_bbp_total_reply_count":0,"_bbp_voice_count":0,"_bbp_anonymous_reply_count":0,"_bbp_topic_count_hidden":0,"_bbp_reply_count_hidden":0,"_bbp_forum_subforum_count":0,"footnotes":""},"class_list":["post-2692","page","type-page","status-publish","hentry"],"jetpack_sharing_enabled":true,"_links":{"self":[{"href":"https:\/\/samhallsentreprenor.glokala.net\/she2\/wp-json\/wp\/v2\/pages\/2692","targetHints":{"allow":["GET"]}}],"collection":[{"href":"https:\/\/samhallsentreprenor.glokala.net\/she2\/wp-json\/wp\/v2\/pages"}],"about":[{"href":"https:\/\/samhallsentreprenor.glokala.net\/she2\/wp-json\/wp\/v2\/types\/page"}],"author":[{"embeddable":true,"href":"https:\/\/samhallsentreprenor.glokala.net\/she2\/wp-json\/wp\/v2\/users\/1001021"}],"replies":[{"embeddable":true,"href":"https:\/\/samhallsentreprenor.glokala.net\/she2\/wp-json\/wp\/v2\/comments?post=2692"}],"version-history":[{"count":1,"href":"https:\/\/samhallsentreprenor.glokala.net\/she2\/wp-json\/wp\/v2\/pages\/2692\/revisions"}],"predecessor-version":[{"id":2693,"href":"https:\/\/samhallsentreprenor.glokala.net\/she2\/wp-json\/wp\/v2\/pages\/2692\/revisions\/2693"}],"wp:attachment":[{"href":"https:\/\/samhallsentreprenor.glokala.net\/she2\/wp-json\/wp\/v2\/media?parent=2692"}],"curies":[{"name":"wp","href":"https:\/\/api.w.org\/{rel}","templated":true}]}}