{"id":2695,"date":"2014-05-16T11:08:07","date_gmt":"2014-05-16T09:08:07","guid":{"rendered":"http:\/\/she2.glokala.se\/?page_id=2695"},"modified":"2014-05-28T11:11:33","modified_gmt":"2014-05-28T09:11:33","slug":"kursens-avslutning-utvardering-och-fragor-till-profil","status":"publish","type":"page","link":"https:\/\/samhallsentreprenor.glokala.net\/she2\/kursens-avslutning-utvardering-och-fragor-till-profil\/","title":{"rendered":"Kursens avslutning: Utv\u00e4rdering och fr\u00e5gor till profil"},"content":{"rendered":"<p>Hej!<\/p>\n<p>Samtidigt som vi jobbar med att samla ihop texterna till skriften avslutas \u00e4ven Steg 2. Vi forts\u00e4tter med skriften den kommande tiden, planen \u00e4r att skicka text- och bildmaterial p\u00e5 m\u00e5ndag till Daniel Weijden som gjorde layout f\u00f6rra \u00e5ret och hj\u00e4lper oss med detta \u00e4ven i \u00e5r.<\/p>\n<p>1) Utv\u00e4rdering<br \/>\nSom \u00e5terblick f\u00f6r dig och v\u00e4rdefull information f\u00f6r oss ber vi er att fylla i en utv\u00e4rdering av kurs\u00e5ret. Vi har mailat l\u00e4nken till formul\u00e4ret f\u00f6r utv\u00e4rderingen.<\/p>\n<p>2) Vi har p\u00e5 g\u00e5ng att skapa en sida online f\u00f6r att se och kunna kontakta varandra, nuvarande och tidigare deltagare i kurserna i samh\u00e4llsentrepren\u00f6rskap p\u00e5 Glokala.<\/p>\n<ul>\n<li>Fyll i fr\u00e5gorna i formul\u00e4r som har mailats ut, s\u00e5 l\u00e4gger vi upp en sida med din profil (kommer att skapas i juni 2014).<\/li>\n<li>Maila \u00e4ven en bild p\u00e5 dig eller bildmaterial fr\u00e5n ditt initiativ\/projekt till august@glokala.se<\/li>\n<li>N\u00e4r vi har skapat sidan kommer du ha m\u00f6jlighet att redigera din sida\/profil<\/li>\n<\/ul>\n<p>Hoppas ni har m\u00f6jlighet att svara n\u00e4rmaste tiden! Skriv om ni har fr\u00e5gor, du v\u00e4ljer sj\u00e4lv hur mycket eller lite du vill skriva.<\/p>\n<p>Sj\u00e4lvklart finns vi \u00e4ven tillg\u00e4ngliga f\u00f6r att bolla kring era initiativ nu under maj och b\u00f6rjan av juni. H\u00f6r g\u00e4rna av er om ni vill diskutera eller bolla i planering fram\u00e5t.<\/p>\n<p>Vi h\u00f6rs!<\/p>\n<p>August, Towe och Hannah<\/p>\n","protected":false},"excerpt":{"rendered":"<p>Hej! Samtidigt som vi jobbar med att samla ihop texterna till skriften avslutas \u00e4ven Steg 2. Vi forts\u00e4tter med skriften den kommande tiden, planen \u00e4r att skicka text- och bildmaterial p\u00e5 m\u00e5ndag till Daniel Weijden som gjorde layout f\u00f6rra \u00e5ret och hj\u00e4lper oss med detta \u00e4ven i \u00e5r. 1) Utv\u00e4rdering Som \u00e5terblick f\u00f6r dig och [&hellip;]<\/p>\n","protected":false},"author":1001021,"featured_media":0,"parent":0,"menu_order":0,"comment_status":"open","ping_status":"open","template":"","meta":{"_bbp_topic_count":0,"_bbp_reply_count":0,"_bbp_total_topic_count":0,"_bbp_total_reply_count":0,"_bbp_voice_count":0,"_bbp_anonymous_reply_count":0,"_bbp_topic_count_hidden":0,"_bbp_reply_count_hidden":0,"_bbp_forum_subforum_count":0,"footnotes":""},"class_list":["post-2695","page","type-page","status-publish","hentry"],"jetpack_sharing_enabled":true,"_links":{"self":[{"href":"https:\/\/samhallsentreprenor.glokala.net\/she2\/wp-json\/wp\/v2\/pages\/2695","targetHints":{"allow":["GET"]}}],"collection":[{"href":"https:\/\/samhallsentreprenor.glokala.net\/she2\/wp-json\/wp\/v2\/pages"}],"about":[{"href":"https:\/\/samhallsentreprenor.glokala.net\/she2\/wp-json\/wp\/v2\/types\/page"}],"author":[{"embeddable":true,"href":"https:\/\/samhallsentreprenor.glokala.net\/she2\/wp-json\/wp\/v2\/users\/1001021"}],"replies":[{"embeddable":true,"href":"https:\/\/samhallsentreprenor.glokala.net\/she2\/wp-json\/wp\/v2\/comments?post=2695"}],"version-history":[{"count":1,"href":"https:\/\/samhallsentreprenor.glokala.net\/she2\/wp-json\/wp\/v2\/pages\/2695\/revisions"}],"predecessor-version":[{"id":2696,"href":"https:\/\/samhallsentreprenor.glokala.net\/she2\/wp-json\/wp\/v2\/pages\/2695\/revisions\/2696"}],"wp:attachment":[{"href":"https:\/\/samhallsentreprenor.glokala.net\/she2\/wp-json\/wp\/v2\/media?parent=2695"}],"curies":[{"name":"wp","href":"https:\/\/api.w.org\/{rel}","templated":true}]}}