{"id":274,"date":"2011-10-31T13:22:48","date_gmt":"2011-10-31T12:22:48","guid":{"rendered":"http:\/\/she2.glokala.se\/?page_id=274"},"modified":"2011-10-31T13:25:28","modified_gmt":"2011-10-31T12:25:28","slug":"31-oktober","status":"publish","type":"page","link":"https:\/\/samhallsentreprenor.glokala.net\/she2\/31-oktober\/","title":{"rendered":"31 oktober"},"content":{"rendered":"<p>Hej!<\/p>\n<p>Nu p\u00e5 onsdag 2 november har vi en tid f\u00f6r respons till Research-uppgiften via Skype, kl 18-20. <a href=\"http:\/\/samhallsentreprenor.glokala.net\/she2\/r-research\/\">H\u00e4r st\u00e5r det mer om responsen till uppgiften &#8211; l\u00e4nk.<\/a><\/p>\n<p><a href=\"http:\/\/samhallsentreprenor.glokala.net\/she2\/24-oktober-d-debatt\/\"><strong>D) Debatt<\/strong><\/a> \u00e4r nu ocks\u00e5 ig\u00e5ng, och h\u00e4r \u00e4r n\u00e5gra f\u00f6rslag p\u00e5 texter som kan vara br\u00e4nsle eller inspiration beroende p\u00e5 vilken ing\u00e5ng du v\u00e4ljer:<\/p>\n<p>&#8211; Vill vi se fler samh\u00e4llsentrepren\u00f6rer inom v\u00e4lf\u00e4rden?<br \/>\n<strong>&#8221;L\u00e5t samh\u00e4llsentrepren\u00f6rerna blomstra&#8221;<\/strong><br \/>\nAnders Wallner, 2 september 2011<br \/>\n<a href=\"http:\/\/stockholm.etc.se\/ledare\/l%C3%A5t-samh%C3%A4llsentrepren%C3%B6rerna-blomstra\" target=\"_blank\">http:\/\/stockholm.etc.se\/<wbr>ledare\/l%C3%A5t-samh%C3%<wbr>A4llsentrepren%C3%B6rerna-<wbr>blomstra<\/wbr><\/wbr><\/wbr><\/a><\/p>\n<p>&#8211; Beh\u00f6vs CSR som koncept eller borde vi utmana CSR som utg\u00e5ngspunkt f\u00f6r f\u00f6retags ansvarstagande?<br \/>\n<strong>&#8221;CSR is dead, long live social enterprise&#8221;<\/strong><br \/>\n<a href=\"http:\/\/www.guardian.co.uk\/social-enterprise-network\/2011\/aug\/09\/shared-value-csr-social-enterprise\" target=\"_blank\">http:\/\/www.guardian.co.uk\/<wbr>social-enterprise-network\/<wbr>2011\/aug\/09\/shared-value-csr-<wbr>social-enterprise<\/wbr><\/wbr><\/wbr><\/a><\/p>\n<p>&#8211; Artikel fr\u00e5n f\u00f6rfattare till en ny rapport om samh\u00e4llsentrepren\u00f6rskap i V\u00e4rmland:<br \/>\n<strong>&#8221;K\u00e4nner du n\u00e5gon samh\u00e4llsentrepren\u00f6r?&#8221;<\/strong><br \/>\n<a href=\"http:\/\/www.vf.se\/asikter\/debatt\/kanner-du-nagon-samhallsentreprenor\" target=\"_blank\">http:\/\/www.vf.se\/asikter\/<wbr>debatt\/kanner-du-nagon-<wbr>samhallsentreprenor<\/wbr><\/wbr><\/a><\/p>\n<p>&#8211; Aktivism som f\u00f6r\u00e4ndrar hur vi f\u00f6rst\u00e5r v\u00e4rlden?<br \/>\n<strong>&#8221;Analys: Occupy-r\u00f6relsen f\u00f6r\u00e4ndrar synen p\u00e5 finanssektorns ansvar&#8221;<\/strong><br \/>\n<a href=\"http:\/\/csripraktiken.se\/2011\/10\/19\/analys-occupy-rorelsen-forandrar-synen-pa-finanssektorns-ansvar\/\" target=\"_blank\">http:\/\/csripraktiken.se\/2011\/<wbr>10\/19\/analys-occupy-rorelsen-<wbr>forandrar-synen-pa-<wbr>finanssektorns-ansvar\/<\/wbr><\/wbr><\/wbr><\/a><\/p>\n<p>H\u00f6r g\u00e4rna av dig om du vill bolla id\u00e9er om uppgiften!<\/p>\n<p>\/Hannah och August<\/p>\n","protected":false},"excerpt":{"rendered":"<p>Hej! Nu p\u00e5 onsdag 2 november har vi en tid f\u00f6r respons till Research-uppgiften via Skype, kl 18-20. H\u00e4r st\u00e5r det mer om responsen till uppgiften &#8211; l\u00e4nk. D) Debatt \u00e4r nu ocks\u00e5 ig\u00e5ng, och h\u00e4r \u00e4r n\u00e5gra f\u00f6rslag p\u00e5 texter som kan vara br\u00e4nsle eller inspiration beroende p\u00e5 vilken ing\u00e5ng du v\u00e4ljer: &#8211; Vill [&hellip;]<\/p>\n","protected":false},"author":1001021,"featured_media":0,"parent":0,"menu_order":0,"comment_status":"open","ping_status":"open","template":"","meta":{"_bbp_topic_count":0,"_bbp_reply_count":0,"_bbp_total_topic_count":0,"_bbp_total_reply_count":0,"_bbp_voice_count":0,"_bbp_anonymous_reply_count":0,"_bbp_topic_count_hidden":0,"_bbp_reply_count_hidden":0,"_bbp_forum_subforum_count":0,"footnotes":""},"class_list":["post-274","page","type-page","status-publish","hentry"],"jetpack_sharing_enabled":true,"_links":{"self":[{"href":"https:\/\/samhallsentreprenor.glokala.net\/she2\/wp-json\/wp\/v2\/pages\/274","targetHints":{"allow":["GET"]}}],"collection":[{"href":"https:\/\/samhallsentreprenor.glokala.net\/she2\/wp-json\/wp\/v2\/pages"}],"about":[{"href":"https:\/\/samhallsentreprenor.glokala.net\/she2\/wp-json\/wp\/v2\/types\/page"}],"author":[{"embeddable":true,"href":"https:\/\/samhallsentreprenor.glokala.net\/she2\/wp-json\/wp\/v2\/users\/1001021"}],"replies":[{"embeddable":true,"href":"https:\/\/samhallsentreprenor.glokala.net\/she2\/wp-json\/wp\/v2\/comments?post=274"}],"version-history":[{"count":3,"href":"https:\/\/samhallsentreprenor.glokala.net\/she2\/wp-json\/wp\/v2\/pages\/274\/revisions"}],"predecessor-version":[{"id":276,"href":"https:\/\/samhallsentreprenor.glokala.net\/she2\/wp-json\/wp\/v2\/pages\/274\/revisions\/276"}],"wp:attachment":[{"href":"https:\/\/samhallsentreprenor.glokala.net\/she2\/wp-json\/wp\/v2\/media?parent=274"}],"curies":[{"name":"wp","href":"https:\/\/api.w.org\/{rel}","templated":true}]}}