{"id":2848,"date":"2014-09-16T19:18:03","date_gmt":"2014-09-16T17:18:03","guid":{"rendered":"http:\/\/she2.glokala.se\/?page_id=2848"},"modified":"2015-05-22T07:55:51","modified_gmt":"2015-05-22T05:55:51","slug":"kursoversikt-2014-2015","status":"publish","type":"page","link":"https:\/\/samhallsentreprenor.glokala.net\/she2\/kursoversikt-2014-2015\/","title":{"rendered":"Kurs\u00f6versikt 2014-2015"},"content":{"rendered":"<p><strong>Tids\u00f6versikt f\u00f6r \u00e5ret 2014-2015.<\/strong> Uppdateras l\u00f6pande med teman och uppgifter.<\/p>\n<table border=\"0\" width=\"696\" frame=\"VOID\" rules=\"NONE\" cellspacing=\"0\">\n<colgroup>\n<col width=\"120\" \/>\n<col width=\"240\" \/>\n<col width=\"36\" \/>\n<col width=\"110\" \/>\n<col width=\"25\" \/>\n<col width=\"135\" \/><\/colgroup>\n<tbody>\n<tr>\n<td align=\"LEFT\" valign=\"MIDDLE\" width=\"120\" height=\"34\"><span style=\"text-decoration: underline;\">Vecka \/ datum<\/span><\/td>\n<td style=\"text-align: center;\" align=\"LEFT\" valign=\"MIDDLE\" width=\"240\"><span style=\"text-decoration: underline;\">Tema \/ uppgifter<\/span><\/td>\n<td align=\"LEFT\" valign=\"MIDDLE\" width=\"36\"><\/td>\n<td style=\"border-left: 3px solid #ff6633;\" align=\"LEFT\" valign=\"MIDDLE\" width=\"110\"><span style=\"text-decoration: underline;\">Bokl\u00e4sning<\/span><\/td>\n<td align=\"LEFT\" valign=\"MIDDLE\" width=\"25\"><\/td>\n<td style=\"border-left: 3px solid #33a3a3;\" align=\"LEFT\" valign=\"MIDDLE\" width=\"135\"><span style=\"text-decoration: underline;\">Coachning<br \/>\n<\/span><\/td>\n<td style=\"border-left: 3px solid #00FF66;\" align=\"LEFT\" valign=\"MIDDLE\" width=\"135\"><span style=\"text-decoration: underline;\">Inspiration<\/span><\/td>\n<\/tr>\n<tr>\n<td align=\"LEFT\" height=\"17\"><\/td>\n<td align=\"LEFT\"><\/td>\n<td align=\"LEFT\"><\/td>\n<td align=\"LEFT\"><\/td>\n<td align=\"LEFT\"><\/td>\n<td align=\"LEFT\"><\/td>\n<td align=\"LEFT\"><\/td>\n<\/tr>\n<tr>\n<td align=\"LEFT\" height=\"17\"><\/td>\n<td align=\"LEFT\"><strong>UPPSTART &amp; PLANERING<br \/>\n<\/strong><\/td>\n<td align=\"LEFT\"><\/td>\n<td align=\"LEFT\"><\/td>\n<td align=\"LEFT\"><\/td>\n<td align=\"LEFT\"><\/td>\n<td align=\"LEFT\"><\/td>\n<\/tr>\n<tr>\n<td align=\"LEFT\" height=\"17\">12 aug &#8211; 15 sept<\/td>\n<td align=\"LEFT\">Uppstart med intro\/inspiration<br \/>\n<a href=\"http:\/\/samhallsentreprenor.glokala.net\/she2\/2014\/08\/design-och-social-innovation\/\">Uppgift: Design och social innovation<\/a>.<br \/>\nInl\u00e4mning: 15 sept<br \/>\nFeedback: 28 sept<\/td>\n<td align=\"LEFT\"><\/td>\n<td align=\"LEFT\"><\/td>\n<td align=\"LEFT\"><\/td>\n<td align=\"LEFT\"><\/td>\n<td align=\"LEFT\"><\/td>\n<\/tr>\n<tr>\n<td align=\"LEFT\" height=\"17\">6-7 sept<\/td>\n<td align=\"LEFT\"><a href=\"http:\/\/samhallsentreprenor.glokala.net\/she2\/internat-i-malmo-6-7-september\/\">Internattr\u00e4ff i Malm\u00f6 &#8211; kursplanering<br \/>\n<\/a><\/td>\n<td align=\"LEFT\"><\/td>\n<td align=\"LEFT\"><\/td>\n<td align=\"LEFT\"><\/td>\n<td align=\"LEFT\"><\/td>\n<td align=\"LEFT\"><\/td>\n<\/tr>\n<tr>\n<td align=\"LEFT\"><\/td>\n<td align=\"LEFT\"><\/td>\n<td align=\"LEFT\"><\/td>\n<td align=\"LEFT\"><\/td>\n<td align=\"LEFT\"><\/td>\n<td align=\"LEFT\"><\/td>\n<td align=\"LEFT\"><\/td>\n<\/tr>\n<tr>\n<td align=\"LEFT\" height=\"17\">16 sept<\/td>\n<td align=\"LEFT\"><strong><strong><strong>INRE LIV<br \/>\n<\/strong><\/strong><\/strong><strong>Uppgift: <a href=\"http:\/\/samhallsentreprenor.glokala.net\/she2\/2014\/09\/16-sep-projektbeskrivning\/\">Projektbeskrivning<\/a><\/strong><br \/>\nInl\u00e4mning: 28 sept.<\/td>\n<td align=\"LEFT\"><\/td>\n<td align=\"LEFT\"><\/td>\n<td align=\"LEFT\"><\/td>\n<td style=\"border-left: 3px solid #33a3a3;\" align=\"LEFT\">&#8211; <a href=\"http:\/\/samhallsentreprenor.glokala.net\/she2\/2014\/09\/coachning\/\">Coachning<\/a>&#8211;<br \/>\ntider f\u00f6r personlig coachning kan bokas in under hela \u00e5ret.<\/td>\n<td align=\"LEFT\"><\/td>\n<\/tr>\n<tr>\n<td align=\"LEFT\" height=\"17\">22 sept<\/td>\n<td align=\"LEFT\">\u2192 <a title=\"Bokcirkel under h\u00f6sten\" href=\"http:\/\/samhallsentreprenor.glokala.net\/she2\/2014\/09\/bokcirkel-under-hosten\/\" target=\"_blank\">Bokcirkel, v\u00e4lj en bok<\/a>\u2192 <a title=\"\u00c5rsplanering\" href=\"http:\/\/samhallsentreprenor.glokala.net\/she2\/2014\/09\/arsplanering\/\" target=\"_blank\">\u00c5rsplanering, m\u00f6jlighet till feedback<\/a><\/td>\n<td align=\"LEFT\"><\/td>\n<td style=\"border-left: 3px solid #ff6633;\" align=\"LEFT\">&#8211; <a title=\"Bokcirkel under h\u00f6sten\" href=\"http:\/\/samhallsentreprenor.glokala.net\/she2\/2014\/09\/bokcirkel-under-hosten\/\" target=\"_blank\">Bokcirkel<\/a> \u2013 l\u00f6pande \u00f6ver terminen fram till internattr\u00e4ff i januari &#8211; 1 valfri bok<\/td>\n<td align=\"LEFT\"><\/td>\n<td style=\"border-left: 3px solid #33a3a3;\" align=\"LEFT\"><\/td>\n<td align=\"LEFT\"><\/td>\n<\/tr>\n<tr>\n<td align=\"LEFT\" height=\"17\">29 sept<\/td>\n<td align=\"LEFT\"><a title=\"Input: Common cause \u2013 att h\u00f6ja medvetenheten om de v\u00e4rden vi arbetar f\u00f6r\" href=\"http:\/\/samhallsentreprenor.glokala.net\/she2\/2014\/09\/input-common-cause-att-hoja-medvetenheten-om-de-varden-vi-arbetar-for\/\" target=\"_blank\">Input: Common cause<\/a><a href=\"http:\/\/samhallsentreprenor.glokala.net\/she2\/groups\/mitt-projekt\/\" target=\"_blank\">Feedback &#8211; Mitt projekt<\/a>, fram till 12 oktober<\/td>\n<td align=\"LEFT\"><\/td>\n<td style=\"border-left: 3px solid #ff6633;\" align=\"LEFT\"><\/td>\n<td align=\"LEFT\"><\/td>\n<td style=\"border-left: 3px solid #33a3a3;\" align=\"LEFT\"><\/td>\n<td align=\"LEFT\"><\/td>\n<\/tr>\n<tr>\n<td align=\"LEFT\" height=\"17\">6 okt<\/td>\n<td align=\"LEFT\"><a title=\"7 okt: Input \u2013 The Human Element\" href=\"http:\/\/samhallsentreprenor.glokala.net\/she2\/7-okt-input-the-human-element\/\" target=\"_blank\">Input: The Human Element<\/a><\/td>\n<td align=\"LEFT\"><\/td>\n<td style=\"border-left: 3px solid #ff6633;\" align=\"LEFT\"><\/td>\n<td align=\"LEFT\"><\/td>\n<td style=\"border-left: 3px solid #33a3a3;\" align=\"LEFT\"><\/td>\n<td align=\"LEFT\"><\/td>\n<\/tr>\n<tr>\n<td align=\"LEFT\"><\/td>\n<td align=\"LEFT\"><\/td>\n<td align=\"LEFT\"><\/td>\n<td style=\"border-left: 3px solid #ff6633;\" align=\"LEFT\"><\/td>\n<td align=\"LEFT\"><\/td>\n<td style=\"border-left: 3px solid #33a3a3;\" align=\"LEFT\"><\/td>\n<td align=\"LEFT\"><\/td>\n<\/tr>\n<tr>\n<td align=\"LEFT\" height=\"17\">13 okt<\/td>\n<td align=\"LEFT\"><strong><strong>EKONOMI<br \/>\n<\/strong><\/strong><em><strong><a title=\"Ekonomi\" href=\"http:\/\/samhallsentreprenor.glokala.net\/she2\/2014\/10\/ekonomi\/\" target=\"_blank\">Intro och inledande perspektiv \u2192<\/a><\/strong><br \/>\n<\/em><\/td>\n<td align=\"LEFT\"><\/td>\n<td style=\"border-left: 3px solid #ff6633;\" align=\"LEFT\"><\/td>\n<td align=\"LEFT\"><\/td>\n<td style=\"border-left: 3px solid #33a3a3;\" align=\"LEFT\"><\/td>\n<td style=\"border-left: 3px solid #00FF66;\" align=\"LEFT\">&#8211; <a href=\"http:\/\/samhallsentreprenor.glokala.net\/she2\/2014\/10\/dela-inspiration\/\" target=\"_blank\">Dela inspiration<\/a> -Vi turas om att l\u00e4gga upp n\u00e5got som inspirerar eller v\u00e4cker tankar.F\u00f6rst ut med att dela inspiration \u00e4r: Peter<\/td>\n<\/tr>\n<tr>\n<td align=\"LEFT\" height=\"17\">20 okt<\/td>\n<td align=\"LEFT\">Input: <strong><a title=\"Input: Webinar om finansieringsm\u00f6jligheter\" href=\"http:\/\/samhallsentreprenor.glokala.net\/she2\/2014\/10\/input-webinar-om-finansieringsmojligheter\/\" target=\"_blank\">Webinar &#8211; samtal om finansiering f\u00f6r samh\u00e4llsentrepren\u00f6rskap<\/a><\/strong><\/td>\n<td align=\"LEFT\"><\/td>\n<td style=\"border-left: 3px solid #ff6633;\" align=\"LEFT\"><\/td>\n<td align=\"LEFT\"><\/td>\n<td style=\"border-left: 3px solid #33a3a3;\" align=\"LEFT\"><\/td>\n<td style=\"border-left: 3px solid #00FF66;\" align=\"LEFT\"><\/td>\n<\/tr>\n<tr>\n<td align=\"LEFT\" height=\"17\">27 okt<\/td>\n<td align=\"LEFT\"><strong>Uppgift: <a href=\"http:\/\/samhallsentreprenor.glokala.net\/she2\/2014\/10\/27-okt-ekonomiuppgift\/\">Ekonomiuppgift<\/a><\/strong><\/td>\n<td align=\"LEFT\"><\/td>\n<td style=\"border-left: 3px solid #ff6633;\" align=\"LEFT\"><\/td>\n<td align=\"LEFT\"><\/td>\n<td style=\"border-left: 3px solid #33a3a3;\" align=\"LEFT\"><\/td>\n<td style=\"border-left: 3px solid #00FF66;\" align=\"LEFT\">Dela inspiration: Tanja<\/td>\n<\/tr>\n<tr>\n<td align=\"LEFT\" height=\"17\">3 nov<\/td>\n<td align=\"LEFT\">Input: <a href=\"http:\/\/http\/\/she2.glokala.se\/2014\/11\/3-nov-bootstraping\/\" target=\"_blank\"><strong>Bootstrapping<\/strong><\/a><\/td>\n<td align=\"LEFT\"><\/td>\n<td style=\"border-left: 3px solid #ff6633;\" align=\"LEFT\"><\/td>\n<td align=\"LEFT\"><\/td>\n<td style=\"border-left: 3px solid #33a3a3;\" align=\"LEFT\"><\/td>\n<td style=\"border-left: 3px solid #00FF66;\" align=\"LEFT\"><\/td>\n<\/tr>\n<tr>\n<td align=\"LEFT\" height=\"17\">10 nov<\/td>\n<td align=\"LEFT\">Input: <a title=\"Input: Freakonomics \u2013 om delande ekonomi som t\u00e4njer p\u00e5 lagarna\" href=\"http:\/\/samhallsentreprenor.glokala.net\/she2\/2014\/11\/input-freakonomics-om-delande-ekonomi-som-tanjer-pa-lagarna\/\" target=\"_blank\"><strong>Delande ekonomi<\/strong><\/a>16 nov: <strong>Inl\u00e4mning <a title=\"27 okt: Ekonomiuppgift\" href=\"http:\/\/samhallsentreprenor.glokala.net\/she2\/2014\/10\/27-okt-ekonomiuppgift\/\" target=\"_blank\">Ekonomiuppgift<\/a><\/strong><\/td>\n<td align=\"LEFT\"><\/td>\n<td style=\"border-left: 3px solid #ff6633;\" align=\"LEFT\"><\/td>\n<td align=\"LEFT\"><\/td>\n<td style=\"border-left: 3px solid #33a3a3;\" align=\"LEFT\"><\/td>\n<td style=\"border-left: 3px solid #00FF66;\" align=\"LEFT\"><\/td>\n<\/tr>\n<tr>\n<td align=\"LEFT\" height=\"17\">17 nov<\/td>\n<td align=\"LEFT\"><\/td>\n<td align=\"LEFT\"><\/td>\n<td style=\"border-left: 3px solid #ff6633;\" align=\"LEFT\"><\/td>\n<td align=\"LEFT\"><\/td>\n<td style=\"border-left: 3px solid #33a3a3;\" align=\"LEFT\"><\/td>\n<td style=\"border-left: 3px solid #00FF66;\" align=\"LEFT\"><\/td>\n<\/tr>\n<tr>\n<td align=\"LEFT\"><\/td>\n<td align=\"LEFT\"><\/td>\n<td align=\"LEFT\"><\/td>\n<td style=\"border-left: 3px solid #ff6633;\" align=\"LEFT\"><\/td>\n<td align=\"LEFT\"><\/td>\n<td style=\"border-left: 3px solid #33a3a3;\" align=\"LEFT\"><\/td>\n<td style=\"border-left: 3px solid #00FF66;\" align=\"LEFT\"><\/td>\n<\/tr>\n<tr>\n<td align=\"LEFT\" height=\"50\">24 nov<\/td>\n<td align=\"LEFT\"><strong>MITT<\/strong> <strong><strong><strong>SAMMANHANG<br \/>\n<\/strong><\/strong><a href=\"http:\/\/samhallsentreprenor.glokala.net\/she2\/2014\/11\/mitt-sammanhang\/\" target=\"_blank\"><em>Intro \u2192<\/em><\/a><\/strong><\/td>\n<td align=\"LEFT\"><\/td>\n<td style=\"border-left: 3px solid #ff6633;\" align=\"LEFT\">\u00a0<strong>27 nov 18:00-20:00: Boksamtal<\/strong> och reflektioner &#8211; halvtid. <a href=\"http:\/\/samhallsentreprenor.glokala.net\/she2\/groups\/kursforum-2014-2015\/forum\/topic\/boksamtal-och-reflektioner-halvtid\/\" target=\"_blank\">L\u00e4nk till beskrivning i kursforumet.<\/a><\/td>\n<td align=\"LEFT\"><\/td>\n<td style=\"border-left: 3px solid #33a3a3;\" align=\"LEFT\"><\/td>\n<td style=\"border-left: 3px solid #00FF66;\" align=\"LEFT\">Inspiration: Michael<\/td>\n<\/tr>\n<tr>\n<td align=\"LEFT\" height=\"17\">1 dec<\/td>\n<td align=\"LEFT\">\u00a0<a href=\"http:\/\/samhallsentreprenor.glokala.net\/she2\/2014\/12\/1-dec-input\" target=\"_blank\">Input<\/a><\/td>\n<td align=\"LEFT\"><\/td>\n<td style=\"border-left: 3px solid #ff6633;\" align=\"LEFT\"><\/td>\n<td align=\"LEFT\"><\/td>\n<td style=\"border-left: 3px solid #33a3a3;\" align=\"LEFT\"><\/td>\n<td style=\"border-left: 3px solid #00FF66;\" align=\"LEFT\"><\/td>\n<\/tr>\n<tr>\n<td align=\"LEFT\" height=\"17\">8 dec<\/td>\n<td align=\"LEFT\">\u00a0<strong><a href=\"http:\/\/samhallsentreprenor.glokala.net\/she2\/2014\/12\/natverksuppgift\/\" target=\"_blank\">Uppgift: N\u00e4tverk<\/a><\/strong>. Inl\u00e4mning 18 januari.<\/td>\n<td align=\"LEFT\"><\/td>\n<td style=\"border-left: 3px solid #ff6633;\" align=\"LEFT\"><\/td>\n<td align=\"LEFT\"><\/td>\n<td style=\"border-left: 3px solid #33a3a3;\" align=\"LEFT\"><\/td>\n<td style=\"border-left: 3px solid #00FF66;\" align=\"LEFT\">Inspiration: Sofie<\/td>\n<\/tr>\n<tr>\n<td align=\"LEFT\" height=\"17\">15 dec<\/td>\n<td align=\"LEFT\">\u00a0Tid f\u00f6r arbete med <strong><a title=\"8 december: N\u00e4tverksuppgift\" href=\"http:\/\/samhallsentreprenor.glokala.net\/she2\/2014\/12\/natverksuppgift\/\" target=\"_blank\">N\u00e4tverksuppgiften<\/a><\/strong><\/td>\n<td align=\"LEFT\"><\/td>\n<td style=\"border-left: 3px solid #ff6633;\" align=\"LEFT\"><\/td>\n<td align=\"LEFT\"><\/td>\n<td style=\"border-left: 3px solid #33a3a3;\" align=\"LEFT\"><\/td>\n<td style=\"border-left: 3px solid #00FF66;\" align=\"LEFT\"><\/td>\n<\/tr>\n<tr>\n<td align=\"LEFT\" height=\"17\"><\/td>\n<td align=\"LEFT\"><\/td>\n<td align=\"LEFT\"><\/td>\n<td style=\"border-left: 3px solid #ff6633;\" align=\"LEFT\"><\/td>\n<td align=\"LEFT\"><\/td>\n<td style=\"border-left: 3px solid #33a3a3;\" align=\"LEFT\"><\/td>\n<td style=\"border-left: 3px solid #00FF66;\" align=\"LEFT\"><\/td>\n<\/tr>\n<tr>\n<td align=\"LEFT\" height=\"17\"><\/td>\n<td align=\"LEFT\"><strong><em>[ Uppeh\u00e5ll \u00f6ver jul \/ ny\u00e5r ]<\/em><\/strong><\/td>\n<td align=\"LEFT\"><\/td>\n<td align=\"LEFT\"><\/td>\n<td align=\"LEFT\"><\/td>\n<td align=\"LEFT\"><\/td>\n<td align=\"LEFT\"><\/td>\n<\/tr>\n<tr>\n<td align=\"LEFT\" height=\"17\"><\/td>\n<td align=\"LEFT\"><\/td>\n<td align=\"LEFT\"><\/td>\n<td align=\"LEFT\"><\/td>\n<td align=\"LEFT\"><\/td>\n<td align=\"LEFT\"><\/td>\n<td align=\"LEFT\"><\/td>\n<\/tr>\n<tr>\n<td align=\"LEFT\" height=\"17\">12 jan<\/td>\n<td align=\"LEFT\">Tid f\u00f6r arbete med <strong><a title=\"8 december: N\u00e4tverksuppgift\" href=\"http:\/\/samhallsentreprenor.glokala.net\/she2\/2014\/12\/natverksuppgift\/\" target=\"_blank\">N\u00e4tverksuppgift<\/a><\/strong> &#8211; inl\u00e4mning 18 januari.<strong><strong><strong><br \/>\n<\/strong><\/strong><\/strong><\/td>\n<td align=\"LEFT\"><\/td>\n<td style=\"border-left: 3px solid #ff6633;\" align=\"LEFT\"><\/td>\n<td align=\"LEFT\"><\/td>\n<td style=\"border-left: 3px solid #33a3a3;\" align=\"LEFT\"><\/td>\n<td style=\"border-left: 3px solid #00FF66;\" align=\"LEFT\">Inspiration: Kasimwe<\/td>\n<\/tr>\n<tr>\n<td align=\"LEFT\"><\/td>\n<td align=\"LEFT\"><\/td>\n<td align=\"LEFT\"><\/td>\n<td style=\"border-left: 3px solid #ff6633;\" align=\"LEFT\"><\/td>\n<td align=\"LEFT\"><\/td>\n<td style=\"border-left: 3px solid #33a3a3;\" align=\"LEFT\"><\/td>\n<td style=\"border-left: 3px solid #00FF66;\" align=\"LEFT\"><\/td>\n<\/tr>\n<tr>\n<td align=\"LEFT\" height=\"17\">19 jan<\/td>\n<td align=\"LEFT\">\u00a0<strong>EKONOMI period 2<\/strong><\/td>\n<td align=\"LEFT\"><\/td>\n<td style=\"border-left: 3px solid #ff6633;\" align=\"LEFT\"><\/td>\n<td align=\"LEFT\"><\/td>\n<td style=\"border-left: 3px solid #33a3a3;\" align=\"LEFT\"><\/td>\n<td style=\"border-left: 3px solid #00FF66;\" align=\"LEFT\"><\/td>\n<\/tr>\n<tr>\n<td align=\"LEFT\" height=\"17\">31 jan- 1 feb<\/td>\n<td align=\"LEFT\"><a title=\"Internat 31 jan \u2013 1 febr\" href=\"http:\/\/samhallsentreprenor.glokala.net\/she2\/internat-31-jan-1-febr\/\" target=\"_blank\">Internat i Malm\u00f6<\/a><a title=\"Intryck fr\u00e5n internatdagarna 31 jan \u2013 1 febr\" href=\"http:\/\/samhallsentreprenor.glokala.net\/she2\/2015\/02\/intryck-fran-internatdagarna-31-jan-1-febr\/\" target=\"_blank\">Intryck fr\u00e5n internatdagarna &#8211; text och bild!<\/a><\/td>\n<td align=\"LEFT\"><\/td>\n<td style=\"border-left: 3px solid #ff6633;\" align=\"LEFT\"><\/td>\n<td align=\"LEFT\"><\/td>\n<td style=\"border-left: 3px solid #33a3a3;\" align=\"LEFT\"><\/td>\n<td style=\"border-left: 3px solid #00FF66;\" align=\"LEFT\">Inspiration: Isabella<\/td>\n<\/tr>\n<tr>\n<td align=\"LEFT\" height=\"17\">2 feb<\/td>\n<td align=\"LEFT\"><a title=\"3 feb: Ekonomiuppgift\" href=\"http:\/\/samhallsentreprenor.glokala.net\/she2\/2015\/02\/3-feb-ekonomiuppgift\/\" target=\"_blank\"><strong>Uppgift: Ekonomi.<\/strong><\/a> Inl\u00e4mning 23 februari.<\/td>\n<td align=\"LEFT\"><\/td>\n<td align=\"LEFT\"><\/td>\n<td align=\"LEFT\"><\/td>\n<td style=\"border-left: 3px solid #33a3a3;\" align=\"LEFT\"><\/td>\n<td style=\"border-left: 3px solid #00FF66;\" align=\"LEFT\"><\/td>\n<\/tr>\n<tr>\n<td align=\"LEFT\" height=\"17\">9 feb<\/td>\n<td align=\"LEFT\">Input: <strong><a title=\"Input: Greklands nya solidaritetsr\u00f6relse\" href=\"http:\/\/samhallsentreprenor.glokala.net\/she2\/2015\/02\/input-greklands-nya-solidaritetsrorelse\/\" target=\"_blank\">Greklands nya solidaritetsr\u00f6relse<\/a><\/strong><\/td>\n<td align=\"LEFT\"><\/td>\n<td align=\"LEFT\"><\/td>\n<td align=\"LEFT\"><\/td>\n<td style=\"border-left: 3px solid #33a3a3;\" align=\"LEFT\"><\/td>\n<td style=\"border-left: 3px solid #00FF66;\" align=\"LEFT\">Inspiration: Ananda<\/td>\n<\/tr>\n<tr>\n<td align=\"LEFT\" height=\"17\"><\/td>\n<td align=\"LEFT\"><\/td>\n<td align=\"LEFT\"><\/td>\n<td align=\"LEFT\"><\/td>\n<td align=\"LEFT\"><\/td>\n<td style=\"border-left: 3px solid #33a3a3;\" align=\"LEFT\"><\/td>\n<td style=\"border-left: 3px solid #00FF66;\" align=\"LEFT\"><\/td>\n<\/tr>\n<tr>\n<td align=\"LEFT\" height=\"34\">16 feb<\/td>\n<td align=\"LEFT\"><strong>MITT<\/strong> <strong><strong><strong>SAMMANHANG period 2<\/strong><\/strong><\/strong><em>&#8211; Tid f\u00f6r arbete med <a title=\"3 feb: Ekonomiuppgift\" href=\"http:\/\/samhallsentreprenor.glokala.net\/she2\/2015\/02\/3-feb-ekonomiuppgift\/\">Ekonomiuppgift<\/a> &#8211;<\/em><\/td>\n<td align=\"LEFT\"><\/td>\n<td align=\"LEFT\"><\/td>\n<td align=\"LEFT\"><\/td>\n<td style=\"border-left: 3px solid #33a3a3;\" align=\"LEFT\"><\/td>\n<td style=\"border-left: 3px solid #00FF66;\" align=\"LEFT\"><\/td>\n<\/tr>\n<tr>\n<td align=\"LEFT\" height=\"34\">23 feb<\/td>\n<td align=\"LEFT\">\u00a0<strong><a href=\"http:\/\/samhallsentreprenor.glokala.net\/she2\/2015\/02\/23-februari-fordjupning\/\">F\u00f6rdjupning &amp; uppgift<\/a><\/strong>\u00a0Inl\u00e4mning 16 mars.<\/td>\n<td align=\"LEFT\"><\/td>\n<td align=\"LEFT\"><\/td>\n<td align=\"LEFT\"><\/td>\n<td style=\"border-left: 3px solid #33a3a3;\" align=\"LEFT\"><\/td>\n<td style=\"border-left: 3px solid #00FF66;\" align=\"LEFT\">Inspiration: Tanja<\/td>\n<\/tr>\n<tr>\n<td align=\"LEFT\" height=\"17\">2 mars<\/td>\n<td align=\"LEFT\">\u00a0Input: <strong><a title=\"Input: En del av ett v\u00e4xande sammanhang\" href=\"http:\/\/samhallsentreprenor.glokala.net\/she2\/2015\/03\/input-en-del-av-ett-vaxande-sammanhang\/\" target=\"_blank\">En del av ett v\u00e4xande sammanhang<\/a><\/strong><\/td>\n<td align=\"LEFT\"><\/td>\n<td align=\"LEFT\"><\/td>\n<td align=\"LEFT\"><\/td>\n<td style=\"border-left: 3px solid #33a3a3;\" align=\"LEFT\"><\/td>\n<td style=\"border-left: 3px solid #00FF66;\" align=\"LEFT\"><\/td>\n<\/tr>\n<tr>\n<td align=\"LEFT\" height=\"17\">9 mars<\/td>\n<td align=\"LEFT\">Input: <a title=\"Input: Vilka faktorer kan vara viktiga i ett samarbete?\" href=\"http:\/\/samhallsentreprenor.glokala.net\/she2\/2015\/03\/input-vilka-faktorer-kan-vara-viktiga-i-ett-samarbete\/\" target=\"_blank\"><strong>Vilka faktorer kan vara viktiga i ett samarbete?<\/strong><\/a><\/td>\n<td align=\"LEFT\"><\/td>\n<td align=\"LEFT\"><\/td>\n<td align=\"LEFT\"><\/td>\n<td style=\"border-left: 3px solid #33a3a3;\" align=\"LEFT\"><\/td>\n<td style=\"border-left: 3px solid #00FF66;\" align=\"LEFT\">Inspiration: Michael<\/td>\n<\/tr>\n<tr>\n<td align=\"LEFT\" height=\"17\">16 mars<\/td>\n<td align=\"LEFT\">\u00a0Input: <strong><a href=\"http:\/\/wp.me\/p1NSvA-Uk\">Collective Impact<\/a><\/strong><\/td>\n<td align=\"LEFT\"><\/td>\n<td align=\"LEFT\"><\/td>\n<td align=\"LEFT\"><\/td>\n<td style=\"border-left: 3px solid #33a3a3;\" align=\"LEFT\"><\/td>\n<td style=\"border-left: 3px solid #00FF66;\" align=\"LEFT\"><\/td>\n<\/tr>\n<tr>\n<td align=\"LEFT\" height=\"17\"><\/td>\n<td align=\"LEFT\"><\/td>\n<td align=\"LEFT\"><\/td>\n<td align=\"LEFT\"><\/td>\n<td align=\"LEFT\"><\/td>\n<td style=\"border-left: 3px solid #33a3a3;\" align=\"LEFT\"><\/td>\n<td style=\"border-left: 3px solid #00FF66;\" align=\"LEFT\"><\/td>\n<\/tr>\n<tr>\n<td align=\"LEFT\" height=\"17\"><\/td>\n<td align=\"LEFT\"><strong><strong><strong>INRE LIV period 2<\/strong><\/strong><\/strong><\/td>\n<td align=\"LEFT\"><\/td>\n<td align=\"LEFT\"><\/td>\n<td align=\"LEFT\"><\/td>\n<td style=\"border-left: 3px solid #33a3a3;\" align=\"LEFT\"><\/td>\n<td style=\"border-left: 3px solid #00FF66;\" align=\"LEFT\"><\/td>\n<\/tr>\n<tr>\n<td align=\"LEFT\" height=\"17\">23 mars<\/td>\n<td align=\"LEFT\">\u00a0Intro &#8211; <strong><a href=\"http:\/\/samhallsentreprenor.glokala.net\/she2\/inre-liv-del-2\/\" target=\"_blank\">Inre liv del 2<\/a><\/strong><\/td>\n<td align=\"LEFT\"><\/td>\n<td align=\"LEFT\"><\/td>\n<td align=\"LEFT\"><\/td>\n<td style=\"border-left: 3px solid #33a3a3;\" align=\"LEFT\"><\/td>\n<td style=\"border-left: 3px solid #00FF66;\" align=\"LEFT\">Inspiration: Sofie<\/td>\n<\/tr>\n<tr>\n<td align=\"LEFT\" height=\"17\">30 mars<\/td>\n<td align=\"LEFT\">\u00a0Input: <strong><a href=\"http:\/\/samhallsentreprenor.glokala.net\/she2\/2015\/03\/input-kreativitet-och-flow\/\" target=\"_blank\">Kreativitet och flow<\/a><\/strong><\/td>\n<td align=\"LEFT\"><\/td>\n<td align=\"LEFT\"><\/td>\n<td align=\"LEFT\"><\/td>\n<td style=\"border-left: 3px solid #33a3a3;\" align=\"LEFT\"><\/td>\n<td style=\"border-left: 3px solid #00FF66;\" align=\"LEFT\"><\/td>\n<\/tr>\n<tr>\n<td align=\"LEFT\" height=\"17\">7 april<\/td>\n<td align=\"LEFT\">Input: <strong><a title=\"Input: Organisering &amp; fokus i vardagen \u2013 Zen to Done\" href=\"http:\/\/samhallsentreprenor.glokala.net\/she2\/2015\/04\/organisering-fokus-i-vardagen-zen-to-done\/\">Organisering och fokus med Zen to Done<\/a><\/strong><\/td>\n<td align=\"LEFT\"><\/td>\n<td align=\"LEFT\"><\/td>\n<td align=\"LEFT\"><\/td>\n<td style=\"border-left: 3px solid #33a3a3;\" align=\"LEFT\"><\/td>\n<td style=\"border-left: 3px solid #00FF66;\" align=\"LEFT\">Inspiration: Kasimwe<\/td>\n<\/tr>\n<tr>\n<td align=\"LEFT\" height=\"17\">13 april<\/td>\n<td align=\"LEFT\"><\/td>\n<td align=\"LEFT\"><\/td>\n<td align=\"LEFT\"><\/td>\n<td align=\"LEFT\"><\/td>\n<td style=\"border-left: 3px solid #33a3a3;\" align=\"LEFT\"><\/td>\n<td style=\"border-left: 3px solid #00FF66;\" align=\"LEFT\"><\/td>\n<\/tr>\n<tr>\n<td align=\"LEFT\" height=\"17\">20 april<\/td>\n<td align=\"LEFT\">\u00a0Uppgift: <strong><a href=\"http:\/\/samhallsentreprenor.glokala.net\/she2\/uppgift-personlig-reflektion\/\" target=\"_blank\">Personlig reflektion<\/a>.<\/strong><\/td>\n<td align=\"LEFT\"><\/td>\n<td align=\"LEFT\"><\/td>\n<td align=\"LEFT\"><\/td>\n<td style=\"border-left: 3px solid #33a3a3;\" align=\"LEFT\"><\/td>\n<td style=\"border-left: 3px solid #00FF66;\" align=\"LEFT\">Inspiration: Isabella<\/td>\n<\/tr>\n<tr>\n<td align=\"LEFT\" height=\"17\"><\/td>\n<td align=\"LEFT\"><\/td>\n<td align=\"LEFT\"><\/td>\n<td align=\"LEFT\"><\/td>\n<td align=\"LEFT\"><\/td>\n<td style=\"border-left: 3px solid #33a3a3;\" align=\"LEFT\"><\/td>\n<td style=\"border-left: 3px solid #00FF66;\" align=\"LEFT\"><\/td>\n<\/tr>\n<tr>\n<td align=\"LEFT\" height=\"17\"><\/td>\n<td align=\"LEFT\"><b>FRAMTID<\/b><\/td>\n<td align=\"LEFT\"><\/td>\n<td align=\"LEFT\"><\/td>\n<td align=\"LEFT\"><\/td>\n<td style=\"border-left: 3px solid #33a3a3;\" align=\"LEFT\"><\/td>\n<td style=\"border-left: 3px solid #00FF66;\" align=\"LEFT\"><\/td>\n<\/tr>\n<tr>\n<td align=\"LEFT\" height=\"17\">27 april<\/td>\n<td align=\"LEFT\">\u00a0<strong><a href=\"http:\/\/samhallsentreprenor.glokala.net\/she2\/2015\/04\/27-april-inspirationsinlagg\/\" target=\"_blank\">Inspiration &#8211; Framtid<\/a><\/strong><\/td>\n<td align=\"LEFT\"><\/td>\n<td align=\"LEFT\"><\/td>\n<td align=\"LEFT\"><\/td>\n<td style=\"border-left: 3px solid #33a3a3;\" align=\"LEFT\"><\/td>\n<td style=\"border-left: 3px solid #00FF66;\" align=\"LEFT\">Inspiration: Ananda<\/td>\n<\/tr>\n<tr>\n<td align=\"LEFT\" height=\"17\">4 maj<\/td>\n<td align=\"LEFT\">\u00a0<strong><a href=\"http:\/\/samhallsentreprenor.glokala.net\/she2\/internat-i-malmo-9-10-maj\/\" target=\"_blank\">Internat i Malm\u00f6 9-10 maj<\/a><\/strong><\/td>\n<td align=\"LEFT\"><\/td>\n<td align=\"LEFT\"><\/td>\n<td align=\"LEFT\"><\/td>\n<td style=\"border-left: 3px solid #33a3a3;\" align=\"LEFT\"><\/td>\n<td align=\"LEFT\"><\/td>\n<\/tr>\n<tr>\n<td align=\"LEFT\" height=\"17\">11 maj<\/td>\n<td align=\"LEFT\">\u00a0<strong><a href=\"http:\/\/samhallsentreprenor.glokala.net\/she2\/2015\/05\/kursens-avslutning-och-utvardering\/\" target=\"_blank\">Avslutning och utv\u00e4rdering<\/a><\/strong><\/td>\n<td align=\"LEFT\"><\/td>\n<td align=\"LEFT\"><\/td>\n<td align=\"LEFT\"><\/td>\n<td style=\"border-left: 3px solid #33a3a3;\" align=\"LEFT\"><\/td>\n<td align=\"LEFT\"><\/td>\n<\/tr>\n<\/tbody>\n<\/table>\n","protected":false},"excerpt":{"rendered":"<p>Tids\u00f6versikt f\u00f6r \u00e5ret 2014-2015. Uppdateras l\u00f6pande med teman och uppgifter. Vecka \/ datum Tema \/ uppgifter Bokl\u00e4sning Coachning Inspiration UPPSTART &amp; PLANERING 12 aug &#8211; 15 sept Uppstart med intro\/inspiration Uppgift: Design och social innovation. Inl\u00e4mning: 15 sept Feedback: 28 sept 6-7 sept Internattr\u00e4ff i Malm\u00f6 &#8211; kursplanering 16 sept INRE LIV Uppgift: Projektbeskrivning Inl\u00e4mning: [&hellip;]<\/p>\n","protected":false},"author":2,"featured_media":0,"parent":0,"menu_order":0,"comment_status":"open","ping_status":"open","template":"","meta":{"_bbp_topic_count":0,"_bbp_reply_count":0,"_bbp_total_topic_count":0,"_bbp_total_reply_count":0,"_bbp_voice_count":0,"_bbp_anonymous_reply_count":0,"_bbp_topic_count_hidden":0,"_bbp_reply_count_hidden":0,"_bbp_forum_subforum_count":0,"footnotes":""},"class_list":["post-2848","page","type-page","status-publish","hentry"],"jetpack_sharing_enabled":true,"_links":{"self":[{"href":"https:\/\/samhallsentreprenor.glokala.net\/she2\/wp-json\/wp\/v2\/pages\/2848","targetHints":{"allow":["GET"]}}],"collection":[{"href":"https:\/\/samhallsentreprenor.glokala.net\/she2\/wp-json\/wp\/v2\/pages"}],"about":[{"href":"https:\/\/samhallsentreprenor.glokala.net\/she2\/wp-json\/wp\/v2\/types\/page"}],"author":[{"embeddable":true,"href":"https:\/\/samhallsentreprenor.glokala.net\/she2\/wp-json\/wp\/v2\/users\/2"}],"replies":[{"embeddable":true,"href":"https:\/\/samhallsentreprenor.glokala.net\/she2\/wp-json\/wp\/v2\/comments?post=2848"}],"version-history":[{"count":35,"href":"https:\/\/samhallsentreprenor.glokala.net\/she2\/wp-json\/wp\/v2\/pages\/2848\/revisions"}],"predecessor-version":[{"id":3623,"href":"https:\/\/samhallsentreprenor.glokala.net\/she2\/wp-json\/wp\/v2\/pages\/2848\/revisions\/3623"}],"wp:attachment":[{"href":"https:\/\/samhallsentreprenor.glokala.net\/she2\/wp-json\/wp\/v2\/media?parent=2848"}],"curies":[{"name":"wp","href":"https:\/\/api.w.org\/{rel}","templated":true}]}}