{"id":290,"date":"2011-11-09T12:55:10","date_gmt":"2011-11-09T11:55:10","guid":{"rendered":"http:\/\/she2.glokala.se\/?page_id=290"},"modified":"2011-11-09T12:55:10","modified_gmt":"2011-11-09T11:55:10","slug":"21-november","status":"publish","type":"page","link":"https:\/\/samhallsentreprenor.glokala.net\/she2\/21-november\/","title":{"rendered":"21 november"},"content":{"rendered":"<p><strong>&#8211; Projekt- och reflektionsveckan 21 &#8211; 27 november<\/strong><br \/>\nSyftet med veckan \u00e4r att stanna upp, reflektera och s\u00e4tta fokuset p\u00e5 den p\u00e5g\u00e5ende utvecklingen i de initiativ du \u00e4r engagerad i.<\/p>\n<p>Vi f\u00f6resl\u00e5r datum f\u00f6r avst\u00e4mning tillsammans i tv\u00e5 grupper, boka in tiden:<\/p>\n<p>Tisdag 22 november per skype kl 18-20: Sokol, Alex, Hebbe<\/p>\n<p>Onsdag 23 november kl 18-20 p\u00e5 plats i Malm\u00f6, caf\u00e9et i Sofielunds Folkets Hus: Anneli, Lars, Maria, Patrik, Evelyne<\/p>\n<p>Vi kommer m\u00f6tas med tv\u00e5 fokus:<br \/>\nProjektutvecklingen f\u00f6r var och en &#8211; och m\u00f6jligheten att boka tid f\u00f6r mer handledning\/feedback.<br \/>\nKunskapsbanken &#8211; vad \u00e4r det vi har l\u00e4rt under den senaste perioden? Vi ringar tillsammans in intressanta erfarenheter.<\/p>\n<p>Jag och Hannah f\u00f6rbereder diskussionerna.<\/p>\n","protected":false},"excerpt":{"rendered":"<p>&#8211; Projekt- och reflektionsveckan 21 &#8211; 27 november Syftet med veckan \u00e4r att stanna upp, reflektera och s\u00e4tta fokuset p\u00e5 den p\u00e5g\u00e5ende utvecklingen i de initiativ du \u00e4r engagerad i. Vi f\u00f6resl\u00e5r datum f\u00f6r avst\u00e4mning tillsammans i tv\u00e5 grupper, boka in tiden: Tisdag 22 november per skype kl 18-20: Sokol, Alex, Hebbe Onsdag 23 november [&hellip;]<\/p>\n","protected":false},"author":1001021,"featured_media":0,"parent":0,"menu_order":0,"comment_status":"open","ping_status":"open","template":"","meta":{"_bbp_topic_count":0,"_bbp_reply_count":0,"_bbp_total_topic_count":0,"_bbp_total_reply_count":0,"_bbp_voice_count":0,"_bbp_anonymous_reply_count":0,"_bbp_topic_count_hidden":0,"_bbp_reply_count_hidden":0,"_bbp_forum_subforum_count":0,"footnotes":""},"class_list":["post-290","page","type-page","status-publish","hentry"],"jetpack_sharing_enabled":true,"_links":{"self":[{"href":"https:\/\/samhallsentreprenor.glokala.net\/she2\/wp-json\/wp\/v2\/pages\/290","targetHints":{"allow":["GET"]}}],"collection":[{"href":"https:\/\/samhallsentreprenor.glokala.net\/she2\/wp-json\/wp\/v2\/pages"}],"about":[{"href":"https:\/\/samhallsentreprenor.glokala.net\/she2\/wp-json\/wp\/v2\/types\/page"}],"author":[{"embeddable":true,"href":"https:\/\/samhallsentreprenor.glokala.net\/she2\/wp-json\/wp\/v2\/users\/1001021"}],"replies":[{"embeddable":true,"href":"https:\/\/samhallsentreprenor.glokala.net\/she2\/wp-json\/wp\/v2\/comments?post=290"}],"version-history":[{"count":1,"href":"https:\/\/samhallsentreprenor.glokala.net\/she2\/wp-json\/wp\/v2\/pages\/290\/revisions"}],"predecessor-version":[{"id":291,"href":"https:\/\/samhallsentreprenor.glokala.net\/she2\/wp-json\/wp\/v2\/pages\/290\/revisions\/291"}],"wp:attachment":[{"href":"https:\/\/samhallsentreprenor.glokala.net\/she2\/wp-json\/wp\/v2\/media?parent=290"}],"curies":[{"name":"wp","href":"https:\/\/api.w.org\/{rel}","templated":true}]}}