{"id":3064,"date":"2014-10-13T10:22:52","date_gmt":"2014-10-13T08:22:52","guid":{"rendered":"http:\/\/she2.glokala.se\/?page_id=3064"},"modified":"2020-08-12T11:41:50","modified_gmt":"2020-08-12T09:41:50","slug":"guide-till-plattformen","status":"publish","type":"page","link":"https:\/\/samhallsentreprenor.glokala.net\/she2\/guide-till-plattformen\/","title":{"rendered":"Guide till plattformen"},"content":{"rendered":"<h2>Den digitala kursplattformen, n\u00e5gra f\u00f6rsta steg:<\/h2>\n<ol>\n<li><strong>Att logga in:<\/strong> P\u00e5 <strong><a href=\"http:\/\/samhallsentreprenor.glokala.net\/she2\/\" target=\"_blank\" rel=\"noopener noreferrer\">startsidan<\/a><\/strong> finns det ett f\u00e4lt f\u00f6r att logga in med de uppgifter vi har skickat till din email. Om du inte hittar eller kommer ih\u00e5g ditt l\u00f6senord kan du <strong><a href=\"http:\/\/samhallsentreprenor.glokala.net\/she2\/wp-login.php?action=lostpassword\" target=\"_blank\" rel=\"noopener noreferrer\">f\u00e5 ett nytt h\u00e4r<\/a><\/strong>.<br \/>\nSom inloggad f\u00e5r du ett f\u00e4lt i toppen av sidan med rubriker, till h\u00f6ger finns \u201dHej, [ditt namn]\u201d. Under den rubriken finns flera alternativ f\u00f6r din profil p\u00e5 kursplattformen.<\/li>\n<li><strong>Byt ditt l\u00f6senord<\/strong> till ett som du sj\u00e4lv best\u00e4mmer (om du inte redan gjort det). Du g\u00f6r detta genom att g\u00e5 in p\u00e5: Inst\u00e4llningar \u2192 Allm\u00e4nt.<\/li>\n<li><strong>F\u00f6r att ladda upp en bild till din profil <\/strong>g\u00e5r du in p\u00e5 Profil \u2192 Byt profilbild.<br \/>\nIntegritet: Profilbilden blir publikt synlig, \u00e4ven f\u00f6r den som inte \u00e4r inloggad p\u00e5 kursplattformen.<\/li>\n<\/ol>\n","protected":false},"excerpt":{"rendered":"<p>Den digitala kursplattformen, n\u00e5gra f\u00f6rsta steg: Att logga in: P\u00e5 startsidan finns det ett f\u00e4lt f\u00f6r att logga in med de uppgifter vi har skickat till din email. Om du inte hittar eller kommer ih\u00e5g ditt l\u00f6senord kan du f\u00e5 ett nytt h\u00e4r. Som inloggad f\u00e5r du ett f\u00e4lt i toppen av sidan med rubriker, [&hellip;]<\/p>\n","protected":false},"author":1001021,"featured_media":0,"parent":0,"menu_order":0,"comment_status":"open","ping_status":"open","template":"","meta":{"_bbp_topic_count":0,"_bbp_reply_count":0,"_bbp_total_topic_count":0,"_bbp_total_reply_count":0,"_bbp_voice_count":0,"_bbp_anonymous_reply_count":0,"_bbp_topic_count_hidden":0,"_bbp_reply_count_hidden":0,"_bbp_forum_subforum_count":0,"footnotes":""},"class_list":["post-3064","page","type-page","status-publish","hentry"],"jetpack_sharing_enabled":true,"_links":{"self":[{"href":"https:\/\/samhallsentreprenor.glokala.net\/she2\/wp-json\/wp\/v2\/pages\/3064","targetHints":{"allow":["GET"]}}],"collection":[{"href":"https:\/\/samhallsentreprenor.glokala.net\/she2\/wp-json\/wp\/v2\/pages"}],"about":[{"href":"https:\/\/samhallsentreprenor.glokala.net\/she2\/wp-json\/wp\/v2\/types\/page"}],"author":[{"embeddable":true,"href":"https:\/\/samhallsentreprenor.glokala.net\/she2\/wp-json\/wp\/v2\/users\/1001021"}],"replies":[{"embeddable":true,"href":"https:\/\/samhallsentreprenor.glokala.net\/she2\/wp-json\/wp\/v2\/comments?post=3064"}],"version-history":[{"count":11,"href":"https:\/\/samhallsentreprenor.glokala.net\/she2\/wp-json\/wp\/v2\/pages\/3064\/revisions"}],"predecessor-version":[{"id":7982,"href":"https:\/\/samhallsentreprenor.glokala.net\/she2\/wp-json\/wp\/v2\/pages\/3064\/revisions\/7982"}],"wp:attachment":[{"href":"https:\/\/samhallsentreprenor.glokala.net\/she2\/wp-json\/wp\/v2\/media?parent=3064"}],"curies":[{"name":"wp","href":"https:\/\/api.w.org\/{rel}","templated":true}]}}