{"id":3246,"date":"2014-11-25T11:04:47","date_gmt":"2014-11-25T10:04:47","guid":{"rendered":"http:\/\/she2.glokala.se\/?page_id=3246"},"modified":"2014-11-25T11:04:47","modified_gmt":"2014-11-25T10:04:47","slug":"arkiv-2013-2014","status":"publish","type":"page","link":"https:\/\/samhallsentreprenor.glokala.net\/she2\/arkiv-2013-2014\/","title":{"rendered":"Arkiv 2013-2014"},"content":{"rendered":"<h3><a title=\"Kurs\u00f6versikt 2013-2014\" href=\"http:\/\/samhallsentreprenor.glokala.net\/she2\/kursoversikt-2013-2014\/\">Kurs\u00f6versikt 2013-2014<\/a><\/h3>\n<h3><a href=\"http:\/\/samhallsentreprenor.glokala.net\/she2\/2013\/08\/kursbeskrivning-20132014\/\">Kursbeskrivning<\/a><\/h3>\n<h3><a title=\"Kurs\u00f6versikt 2013-2014\" href=\"http:\/\/samhallsentreprenor.glokala.net\/she2\/kursoversikt-2013-2014\/\">Uppgifter:<\/a><\/h3>\n<ul>\n<li><a href=\"http:\/\/samhallsentreprenor.glokala.net\/she2\/groups\/skiss-ideprojekt\/forum\/\">Skiss id\u00e9\/projekt<\/a><\/li>\n<li><a href=\"http:\/\/samhallsentreprenor.glokala.net\/she2\/groups\/intervjuuppgift-hur-gor-andra\/forum\/\">Intervjuuppgift: Hur g\u00f6r andra?<\/a><\/li>\n<li><a href=\"http:\/\/samhallsentreprenor.glokala.net\/she2\/groups\/natverksuppgift\/forum\/\">N\u00e4tverksuppgift<\/a><\/li>\n<li><a href=\"http:\/\/samhallsentreprenor.glokala.net\/she2\/groups\/fordjupning-486997965\/\">F\u00f6rdjupning: Mitt sammanhang<\/a><\/li>\n<li><a href=\"http:\/\/samhallsentreprenor.glokala.net\/she2\/groups\/ekonomiuppgift\/forum\/\">Ekonomiuppgift<\/a><\/li>\n<li><a href=\"http:\/\/samhallsentreprenor.glokala.net\/she2\/groups\/personlig-fordjupning\/forum\/\">Personlig f\u00f6rdjupning<\/a><\/li>\n<li><a href=\"http:\/\/samhallsentreprenor.glokala.net\/she2\/groups\/framtidsuppgift\/forum\/\">Framtidsuppgift<\/a><\/li>\n<li><a href=\"http:\/\/samhallsentreprenor.glokala.net\/she2\/groups\/texter-till-resonans\/\">Texter till Resonans<\/a><\/li>\n<\/ul>\n<h3><a href=\"http:\/\/samhallsentreprenor.glokala.net\/she2\/groups\/kursforum-13-14\/\">Forum 2013-2014<\/a><\/h3>\n","protected":false},"excerpt":{"rendered":"<p>Kurs\u00f6versikt 2013-2014 Kursbeskrivning Uppgifter: Skiss id\u00e9\/projekt Intervjuuppgift: Hur g\u00f6r andra? N\u00e4tverksuppgift F\u00f6rdjupning: Mitt sammanhang Ekonomiuppgift Personlig f\u00f6rdjupning Framtidsuppgift Texter till Resonans Forum 2013-2014<\/p>\n","protected":false},"author":1001021,"featured_media":0,"parent":0,"menu_order":0,"comment_status":"open","ping_status":"open","template":"","meta":{"_bbp_topic_count":0,"_bbp_reply_count":0,"_bbp_total_topic_count":0,"_bbp_total_reply_count":0,"_bbp_voice_count":0,"_bbp_anonymous_reply_count":0,"_bbp_topic_count_hidden":0,"_bbp_reply_count_hidden":0,"_bbp_forum_subforum_count":0,"footnotes":""},"class_list":["post-3246","page","type-page","status-publish","hentry"],"jetpack_sharing_enabled":true,"_links":{"self":[{"href":"https:\/\/samhallsentreprenor.glokala.net\/she2\/wp-json\/wp\/v2\/pages\/3246","targetHints":{"allow":["GET"]}}],"collection":[{"href":"https:\/\/samhallsentreprenor.glokala.net\/she2\/wp-json\/wp\/v2\/pages"}],"about":[{"href":"https:\/\/samhallsentreprenor.glokala.net\/she2\/wp-json\/wp\/v2\/types\/page"}],"author":[{"embeddable":true,"href":"https:\/\/samhallsentreprenor.glokala.net\/she2\/wp-json\/wp\/v2\/users\/1001021"}],"replies":[{"embeddable":true,"href":"https:\/\/samhallsentreprenor.glokala.net\/she2\/wp-json\/wp\/v2\/comments?post=3246"}],"version-history":[{"count":1,"href":"https:\/\/samhallsentreprenor.glokala.net\/she2\/wp-json\/wp\/v2\/pages\/3246\/revisions"}],"predecessor-version":[{"id":3247,"href":"https:\/\/samhallsentreprenor.glokala.net\/she2\/wp-json\/wp\/v2\/pages\/3246\/revisions\/3247"}],"wp:attachment":[{"href":"https:\/\/samhallsentreprenor.glokala.net\/she2\/wp-json\/wp\/v2\/media?parent=3246"}],"curies":[{"name":"wp","href":"https:\/\/api.w.org\/{rel}","templated":true}]}}