{"id":346,"date":"2011-11-27T11:04:37","date_gmt":"2011-11-27T10:04:37","guid":{"rendered":"http:\/\/she2.glokala.se\/?page_id=346"},"modified":"2012-01-24T09:39:27","modified_gmt":"2012-01-24T08:39:27","slug":"planering-modul-2","status":"publish","type":"page","link":"https:\/\/samhallsentreprenor.glokala.net\/she2\/planering-modul-2\/","title":{"rendered":"Planering &#8211; Modul 2"},"content":{"rendered":"<h3>Modul 2: Global r\u00f6relse<a href=\"https:\/\/i0.wp.com\/samhallsentreprenor.glokala.net\/she2\/wp-content\/uploads\/2011\/11\/pi-2011-07-global-health2_tcm7-120943.jpg\"><img data-recalc-dims=\"1\" loading=\"lazy\" decoding=\"async\" class=\"alignright size-full wp-image-347\" style=\"margin: 20px;\" title=\"pi-2011-07-global-health2_tcm7-120943\" src=\"https:\/\/i0.wp.com\/samhallsentreprenor.glokala.net\/she2\/wp-content\/uploads\/2011\/11\/pi-2011-07-global-health2_tcm7-120943.jpg?resize=301%2C213\" alt=\"\" width=\"301\" height=\"213\" \/><\/a><\/h3>\n<p>(tidigare &#8221;\u00c5tg\u00e4rdsmodulen&#8221;)<\/p>\n<p><a title=\"Tids\u00f6versikt\" href=\"http:\/\/samhallsentreprenor.glokala.net\/she2\/tidsplan\/\">Tids\u00f6versikt med datum &#8211; l\u00e4nk<\/a><\/p>\n<p>I den h\u00e4r modulen tittar vi p\u00e5 internationella perspektiv, lyssnar p\u00e5 r\u00f6ster och intryck fr\u00e5n olika delar av v\u00e4rlden och olika l\u00e4nders s\u00e4tt att reagera p\u00e5 samh\u00e4llsentrepren\u00f6rskap.<br \/>\nVad g\u00f6r regeringar f\u00f6r att fr\u00e4mja och st\u00f6dja det? Kan samh\u00e4llsentrepren\u00f6rskap fr\u00e4mjas uppifr\u00e5n eller \u00e4r det alltid en gr\u00e4srotsr\u00f6relse som v\u00e4xer underifr\u00e5n? Finns det likheter mellan projekt och initiativ i olika l\u00e4nder? \u00c4r det en global r\u00f6relse?<\/p>\n<p>Ett intressant perspektiv kan ocks\u00e5 vara att se om vi kan j\u00e4mf\u00f6ra v\u00e5ra egna projekt\/verksamheter med liknande initiativ i andra l\u00e4nder. Och vi kan p\u00e5 olika s\u00e4tt knyta an till de internationella kontakter som vi har.<\/p>\n<p>Tanken \u00e4r att vi presenterar material och exempel som en utg\u00e5ngspunkt f\u00f6r diskussioner, och att vi har en huvudsaklig uppgift under den h\u00e4r delen av kursen.<\/p>\n<h4>Uppgift I) Internationellt perspektiv<\/h4>\n<p>V\u00e4lj en aspekt du vill unders\u00f6ka kring samh\u00e4llsentrepren\u00f6rskap internationellt.<br \/>\nId\u00e9er\/f\u00f6rslag att utg\u00e5 ifr\u00e5n som vi tog fram p\u00e5 internatet i september:<\/p>\n<ul>\n<li>Intervjuer med personer i olika l\u00e4nder utifr\u00e5n 1 fr\u00e5gest\u00e4llning \u2013 reportage\/artikelform<\/li>\n<li>Ta tempen p\u00e5 hur instanser\/institutioner beskriver\/definierar SHE. \u00d6verensst\u00e4mmer deras tanke med din vision?<\/li>\n<li>Utifr\u00e5n ditt projekt eller ett tematiskt omr\u00e5de \u2013 J\u00e4mf\u00f6ra projekt\/initiativ i andra l\u00e4nder<\/li>\n<\/ul>\n<p><span style=\"text-decoration: underline;\">Form:<\/span> Uppgiften kan presenteras i olika former: Artikel, blogginl\u00e4gg, analyserande text, video- ljudreportage eller en annan form. F\u00f6r texter \u00e4r en riktlinje 2-4 sidor. F\u00f6r video\/ljudreportage max 15 min. Samarbeta g\u00e4rna om uppgiften med andra i kursen.<\/p>\n<p><span style=\"text-decoration: underline;\">Inl\u00e4mningsdatum:<\/span> 30 januari<br \/>\nForum f\u00f6r uppgiften: http:\/\/samhallsentreprenor.glokala.net\/she2\/groups\/i-internationellt-perspektiv\/forum\/<br \/>\n<span style=\"text-decoration: underline;\">Respons:<\/span> 31 januari \u2013 12 februari<\/p>\n<h4>Internat 13-14 januari:<\/h4>\n<p><a title=\"Internat 13-14 januari\" href=\"http:\/\/samhallsentreprenor.glokala.net\/she2\/internat-13-14-januari\/\">Planeringen f\u00f6r dagarna finns h\u00e4r &#8211; l\u00e4nk!<\/a><\/p>\n","protected":false},"excerpt":{"rendered":"<p>Modul 2: Global r\u00f6relse (tidigare &#8221;\u00c5tg\u00e4rdsmodulen&#8221;) Tids\u00f6versikt med datum &#8211; l\u00e4nk I den h\u00e4r modulen tittar vi p\u00e5 internationella perspektiv, lyssnar p\u00e5 r\u00f6ster och intryck fr\u00e5n olika delar av v\u00e4rlden och olika l\u00e4nders s\u00e4tt att reagera p\u00e5 samh\u00e4llsentrepren\u00f6rskap. Vad g\u00f6r regeringar f\u00f6r att fr\u00e4mja och st\u00f6dja det? Kan samh\u00e4llsentrepren\u00f6rskap fr\u00e4mjas uppifr\u00e5n eller \u00e4r det alltid [&hellip;]<\/p>\n","protected":false},"author":1001021,"featured_media":0,"parent":0,"menu_order":0,"comment_status":"open","ping_status":"open","template":"","meta":{"_bbp_topic_count":0,"_bbp_reply_count":0,"_bbp_total_topic_count":0,"_bbp_total_reply_count":0,"_bbp_voice_count":0,"_bbp_anonymous_reply_count":0,"_bbp_topic_count_hidden":0,"_bbp_reply_count_hidden":0,"_bbp_forum_subforum_count":0,"footnotes":""},"class_list":["post-346","page","type-page","status-publish","hentry"],"jetpack_sharing_enabled":true,"_links":{"self":[{"href":"https:\/\/samhallsentreprenor.glokala.net\/she2\/wp-json\/wp\/v2\/pages\/346","targetHints":{"allow":["GET"]}}],"collection":[{"href":"https:\/\/samhallsentreprenor.glokala.net\/she2\/wp-json\/wp\/v2\/pages"}],"about":[{"href":"https:\/\/samhallsentreprenor.glokala.net\/she2\/wp-json\/wp\/v2\/types\/page"}],"author":[{"embeddable":true,"href":"https:\/\/samhallsentreprenor.glokala.net\/she2\/wp-json\/wp\/v2\/users\/1001021"}],"replies":[{"embeddable":true,"href":"https:\/\/samhallsentreprenor.glokala.net\/she2\/wp-json\/wp\/v2\/comments?post=346"}],"version-history":[{"count":6,"href":"https:\/\/samhallsentreprenor.glokala.net\/she2\/wp-json\/wp\/v2\/pages\/346\/revisions"}],"predecessor-version":[{"id":479,"href":"https:\/\/samhallsentreprenor.glokala.net\/she2\/wp-json\/wp\/v2\/pages\/346\/revisions\/479"}],"wp:attachment":[{"href":"https:\/\/samhallsentreprenor.glokala.net\/she2\/wp-json\/wp\/v2\/media?parent=346"}],"curies":[{"name":"wp","href":"https:\/\/api.w.org\/{rel}","templated":true}]}}