{"id":3529,"date":"2015-03-23T17:57:09","date_gmt":"2015-03-23T16:57:09","guid":{"rendered":"http:\/\/she2.glokala.se\/?page_id=3529"},"modified":"2015-05-11T13:51:42","modified_gmt":"2015-05-11T11:51:42","slug":"internat-i-malmo-9-10-maj","status":"publish","type":"page","link":"https:\/\/samhallsentreprenor.glokala.net\/she2\/internat-i-malmo-9-10-maj\/","title":{"rendered":"Internat i Malm\u00f6 9-10 maj"},"content":{"rendered":"<h2>Intryck 9-10 maj<\/h2>\n<div class=\"tiled-gallery type-rectangular tiled-gallery-unresized\" data-original-width=\"500\" data-carousel-extra='null' itemscope itemtype=\"http:\/\/schema.org\/ImageGallery\" > <div class=\"gallery-row\" style=\"width: 500px; height: 144px;\" data-original-width=\"500\" data-original-height=\"144\" > <div class=\"gallery-group images-1\" style=\"width: 125px; height: 144px;\" data-original-width=\"125\" data-original-height=\"144\" > <div class=\"tiled-gallery-item tiled-gallery-item-small\" itemprop=\"associatedMedia\" itemscope itemtype=\"http:\/\/schema.org\/ImageObject\"> <a href=\"https:\/\/samhallsentreprenor.glokala.net\/she2\/shot_1431252829990\/\" border=\"0\" itemprop=\"url\"> <meta itemprop=\"width\" content=\"121\"> <meta itemprop=\"height\" content=\"140\"> <img decoding=\"async\" class=\"\" data-attachment-id=\"3613\" data-orig-file=\"https:\/\/samhallsentreprenor.glokala.net\/she2\/wp-content\/uploads\/2015\/05\/shot_1431252829990.jpg\" data-orig-size=\"612,709\" data-comments-opened=\"1\" data-image-meta=\"{&quot;aperture&quot;:&quot;0&quot;,&quot;credit&quot;:&quot;&quot;,&quot;camera&quot;:&quot;Xolaroid 2000&quot;,&quot;caption&quot;:&quot;&quot;,&quot;created_timestamp&quot;:&quot;0&quot;,&quot;copyright&quot;:&quot;&quot;,&quot;focal_length&quot;:&quot;0&quot;,&quot;iso&quot;:&quot;0&quot;,&quot;shutter_speed&quot;:&quot;0&quot;,&quot;title&quot;:&quot;&quot;,&quot;orientation&quot;:&quot;1&quot;}\" data-image-title=\"shot_1431252829990\" data-image-description=\"\" data-medium-file=\"https:\/\/i0.wp.com\/samhallsentreprenor.glokala.net\/she2\/wp-content\/uploads\/2015\/05\/shot_1431252829990.jpg?fit=345%2C400&#038;ssl=1\" data-large-file=\"https:\/\/i0.wp.com\/samhallsentreprenor.glokala.net\/she2\/wp-content\/uploads\/2015\/05\/shot_1431252829990.jpg?fit=612%2C709&#038;ssl=1\" src=\"https:\/\/i0.wp.com\/samhallsentreprenor.glokala.net\/she2\/wp-content\/uploads\/2015\/05\/shot_1431252829990.jpg?w=121&#038;h=140&#038;ssl=1\" srcset=\"https:\/\/i0.wp.com\/samhallsentreprenor.glokala.net\/she2\/wp-content\/uploads\/2015\/05\/shot_1431252829990.jpg?w=612&amp;ssl=1 612w, https:\/\/i0.wp.com\/samhallsentreprenor.glokala.net\/she2\/wp-content\/uploads\/2015\/05\/shot_1431252829990.jpg?resize=345%2C400&amp;ssl=1 345w\" width=\"121\" height=\"140\" loading=\"lazy\" data-original-width=\"121\" data-original-height=\"140\" itemprop=\"http:\/\/schema.org\/image\" title=\"shot_1431252829990\" alt=\"shot_1431252829990\" style=\"width: 121px; height: 140px;\" \/> <\/a> <\/div> <\/div> <!-- close group --> <div class=\"gallery-group images-1\" style=\"width: 125px; height: 144px;\" data-original-width=\"125\" data-original-height=\"144\" > <div class=\"tiled-gallery-item tiled-gallery-item-small\" itemprop=\"associatedMedia\" itemscope itemtype=\"http:\/\/schema.org\/ImageObject\"> <a href=\"https:\/\/samhallsentreprenor.glokala.net\/she2\/shot_1431253137448\/\" border=\"0\" itemprop=\"url\"> <meta itemprop=\"width\" content=\"121\"> <meta itemprop=\"height\" content=\"140\"> <img decoding=\"async\" class=\"\" data-attachment-id=\"3612\" data-orig-file=\"https:\/\/samhallsentreprenor.glokala.net\/she2\/wp-content\/uploads\/2015\/05\/shot_1431253137448.jpg\" data-orig-size=\"612,709\" data-comments-opened=\"1\" data-image-meta=\"{&quot;aperture&quot;:&quot;0&quot;,&quot;credit&quot;:&quot;&quot;,&quot;camera&quot;:&quot;Xolaroid 2000&quot;,&quot;caption&quot;:&quot;&quot;,&quot;created_timestamp&quot;:&quot;0&quot;,&quot;copyright&quot;:&quot;&quot;,&quot;focal_length&quot;:&quot;0&quot;,&quot;iso&quot;:&quot;0&quot;,&quot;shutter_speed&quot;:&quot;0&quot;,&quot;title&quot;:&quot;&quot;,&quot;orientation&quot;:&quot;1&quot;}\" data-image-title=\"shot_1431253137448\" data-image-description=\"\" data-medium-file=\"https:\/\/i0.wp.com\/samhallsentreprenor.glokala.net\/she2\/wp-content\/uploads\/2015\/05\/shot_1431253137448.jpg?fit=345%2C400&#038;ssl=1\" data-large-file=\"https:\/\/i0.wp.com\/samhallsentreprenor.glokala.net\/she2\/wp-content\/uploads\/2015\/05\/shot_1431253137448.jpg?fit=612%2C709&#038;ssl=1\" src=\"https:\/\/i0.wp.com\/samhallsentreprenor.glokala.net\/she2\/wp-content\/uploads\/2015\/05\/shot_1431253137448.jpg?w=121&#038;h=140&#038;ssl=1\" srcset=\"https:\/\/i0.wp.com\/samhallsentreprenor.glokala.net\/she2\/wp-content\/uploads\/2015\/05\/shot_1431253137448.jpg?w=612&amp;ssl=1 612w, https:\/\/i0.wp.com\/samhallsentreprenor.glokala.net\/she2\/wp-content\/uploads\/2015\/05\/shot_1431253137448.jpg?resize=345%2C400&amp;ssl=1 345w\" width=\"121\" height=\"140\" loading=\"lazy\" data-original-width=\"121\" data-original-height=\"140\" itemprop=\"http:\/\/schema.org\/image\" title=\"shot_1431253137448\" alt=\"shot_1431253137448\" style=\"width: 121px; height: 140px;\" \/> <\/a> <\/div> <\/div> <!-- close group --> <div class=\"gallery-group images-1\" style=\"width: 125px; height: 144px;\" data-original-width=\"125\" data-original-height=\"144\" > <div class=\"tiled-gallery-item tiled-gallery-item-small\" itemprop=\"associatedMedia\" itemscope itemtype=\"http:\/\/schema.org\/ImageObject\"> <a href=\"https:\/\/samhallsentreprenor.glokala.net\/she2\/shot_1431253130447\/\" border=\"0\" itemprop=\"url\"> <meta itemprop=\"width\" content=\"121\"> <meta itemprop=\"height\" content=\"140\"> <img decoding=\"async\" class=\"\" data-attachment-id=\"3611\" data-orig-file=\"https:\/\/samhallsentreprenor.glokala.net\/she2\/wp-content\/uploads\/2015\/05\/shot_1431253130447.jpg\" data-orig-size=\"612,709\" data-comments-opened=\"1\" data-image-meta=\"{&quot;aperture&quot;:&quot;0&quot;,&quot;credit&quot;:&quot;&quot;,&quot;camera&quot;:&quot;Xolaroid 2000&quot;,&quot;caption&quot;:&quot;&quot;,&quot;created_timestamp&quot;:&quot;0&quot;,&quot;copyright&quot;:&quot;&quot;,&quot;focal_length&quot;:&quot;0&quot;,&quot;iso&quot;:&quot;0&quot;,&quot;shutter_speed&quot;:&quot;0&quot;,&quot;title&quot;:&quot;&quot;,&quot;orientation&quot;:&quot;1&quot;}\" data-image-title=\"shot_1431253130447\" data-image-description=\"\" data-medium-file=\"https:\/\/i0.wp.com\/samhallsentreprenor.glokala.net\/she2\/wp-content\/uploads\/2015\/05\/shot_1431253130447.jpg?fit=345%2C400&#038;ssl=1\" data-large-file=\"https:\/\/i0.wp.com\/samhallsentreprenor.glokala.net\/she2\/wp-content\/uploads\/2015\/05\/shot_1431253130447.jpg?fit=612%2C709&#038;ssl=1\" src=\"https:\/\/i0.wp.com\/samhallsentreprenor.glokala.net\/she2\/wp-content\/uploads\/2015\/05\/shot_1431253130447.jpg?w=121&#038;h=140&#038;ssl=1\" srcset=\"https:\/\/i0.wp.com\/samhallsentreprenor.glokala.net\/she2\/wp-content\/uploads\/2015\/05\/shot_1431253130447.jpg?w=612&amp;ssl=1 612w, https:\/\/i0.wp.com\/samhallsentreprenor.glokala.net\/she2\/wp-content\/uploads\/2015\/05\/shot_1431253130447.jpg?resize=345%2C400&amp;ssl=1 345w\" width=\"121\" height=\"140\" loading=\"lazy\" data-original-width=\"121\" data-original-height=\"140\" itemprop=\"http:\/\/schema.org\/image\" title=\"shot_1431253130447\" alt=\"shot_1431253130447\" style=\"width: 121px; height: 140px;\" \/> <\/a> <\/div> <\/div> <!-- close group --> <div class=\"gallery-group images-1\" style=\"width: 125px; height: 144px;\" data-original-width=\"125\" data-original-height=\"144\" > <div class=\"tiled-gallery-item tiled-gallery-item-small\" itemprop=\"associatedMedia\" itemscope itemtype=\"http:\/\/schema.org\/ImageObject\"> <a href=\"https:\/\/samhallsentreprenor.glokala.net\/she2\/shot_1431253042877\/\" border=\"0\" itemprop=\"url\"> <meta itemprop=\"width\" content=\"121\"> <meta itemprop=\"height\" content=\"140\"> <img decoding=\"async\" class=\"\" data-attachment-id=\"3610\" data-orig-file=\"https:\/\/samhallsentreprenor.glokala.net\/she2\/wp-content\/uploads\/2015\/05\/shot_1431253042877.jpg\" data-orig-size=\"612,709\" data-comments-opened=\"1\" data-image-meta=\"{&quot;aperture&quot;:&quot;0&quot;,&quot;credit&quot;:&quot;&quot;,&quot;camera&quot;:&quot;Xolaroid 2000&quot;,&quot;caption&quot;:&quot;&quot;,&quot;created_timestamp&quot;:&quot;0&quot;,&quot;copyright&quot;:&quot;&quot;,&quot;focal_length&quot;:&quot;0&quot;,&quot;iso&quot;:&quot;0&quot;,&quot;shutter_speed&quot;:&quot;0&quot;,&quot;title&quot;:&quot;&quot;,&quot;orientation&quot;:&quot;1&quot;}\" data-image-title=\"shot_1431253042877\" data-image-description=\"\" data-medium-file=\"https:\/\/i0.wp.com\/samhallsentreprenor.glokala.net\/she2\/wp-content\/uploads\/2015\/05\/shot_1431253042877.jpg?fit=345%2C400&#038;ssl=1\" data-large-file=\"https:\/\/i0.wp.com\/samhallsentreprenor.glokala.net\/she2\/wp-content\/uploads\/2015\/05\/shot_1431253042877.jpg?fit=612%2C709&#038;ssl=1\" src=\"https:\/\/i0.wp.com\/samhallsentreprenor.glokala.net\/she2\/wp-content\/uploads\/2015\/05\/shot_1431253042877.jpg?w=121&#038;h=140&#038;ssl=1\" srcset=\"https:\/\/i0.wp.com\/samhallsentreprenor.glokala.net\/she2\/wp-content\/uploads\/2015\/05\/shot_1431253042877.jpg?w=612&amp;ssl=1 612w, https:\/\/i0.wp.com\/samhallsentreprenor.glokala.net\/she2\/wp-content\/uploads\/2015\/05\/shot_1431253042877.jpg?resize=345%2C400&amp;ssl=1 345w\" width=\"121\" height=\"140\" loading=\"lazy\" data-original-width=\"121\" data-original-height=\"140\" itemprop=\"http:\/\/schema.org\/image\" title=\"shot_1431253042877\" alt=\"shot_1431253042877\" style=\"width: 121px; height: 140px;\" \/> <\/a> <\/div> <\/div> <!-- close group --> <\/div> <!-- close row --> <div class=\"gallery-row\" style=\"width: 500px; height: 192px;\" data-original-width=\"500\" data-original-height=\"192\" > <div class=\"gallery-group images-1\" style=\"width: 167px; height: 192px;\" data-original-width=\"167\" data-original-height=\"192\" > <div class=\"tiled-gallery-item tiled-gallery-item-small\" itemprop=\"associatedMedia\" itemscope itemtype=\"http:\/\/schema.org\/ImageObject\"> <a href=\"https:\/\/samhallsentreprenor.glokala.net\/she2\/shot_1431253036888\/\" border=\"0\" itemprop=\"url\"> <meta itemprop=\"width\" content=\"163\"> <meta itemprop=\"height\" content=\"188\"> <img decoding=\"async\" class=\"\" data-attachment-id=\"3609\" data-orig-file=\"https:\/\/samhallsentreprenor.glokala.net\/she2\/wp-content\/uploads\/2015\/05\/shot_1431253036888.jpg\" data-orig-size=\"612,709\" data-comments-opened=\"1\" data-image-meta=\"{&quot;aperture&quot;:&quot;0&quot;,&quot;credit&quot;:&quot;&quot;,&quot;camera&quot;:&quot;Xolaroid 2000&quot;,&quot;caption&quot;:&quot;&quot;,&quot;created_timestamp&quot;:&quot;0&quot;,&quot;copyright&quot;:&quot;&quot;,&quot;focal_length&quot;:&quot;0&quot;,&quot;iso&quot;:&quot;0&quot;,&quot;shutter_speed&quot;:&quot;0&quot;,&quot;title&quot;:&quot;&quot;,&quot;orientation&quot;:&quot;1&quot;}\" data-image-title=\"shot_1431253036888\" data-image-description=\"\" data-medium-file=\"https:\/\/i0.wp.com\/samhallsentreprenor.glokala.net\/she2\/wp-content\/uploads\/2015\/05\/shot_1431253036888.jpg?fit=345%2C400&#038;ssl=1\" data-large-file=\"https:\/\/i0.wp.com\/samhallsentreprenor.glokala.net\/she2\/wp-content\/uploads\/2015\/05\/shot_1431253036888.jpg?fit=612%2C709&#038;ssl=1\" src=\"https:\/\/i0.wp.com\/samhallsentreprenor.glokala.net\/she2\/wp-content\/uploads\/2015\/05\/shot_1431253036888.jpg?w=163&#038;h=188&#038;ssl=1\" srcset=\"https:\/\/i0.wp.com\/samhallsentreprenor.glokala.net\/she2\/wp-content\/uploads\/2015\/05\/shot_1431253036888.jpg?w=612&amp;ssl=1 612w, https:\/\/i0.wp.com\/samhallsentreprenor.glokala.net\/she2\/wp-content\/uploads\/2015\/05\/shot_1431253036888.jpg?resize=345%2C400&amp;ssl=1 345w\" width=\"163\" height=\"188\" loading=\"lazy\" data-original-width=\"163\" data-original-height=\"188\" itemprop=\"http:\/\/schema.org\/image\" title=\"shot_1431253036888\" alt=\"shot_1431253036888\" style=\"width: 163px; height: 188px;\" \/> <\/a> <\/div> <\/div> <!-- close group --> <div class=\"gallery-group images-1\" style=\"width: 167px; height: 192px;\" data-original-width=\"167\" data-original-height=\"192\" > <div class=\"tiled-gallery-item tiled-gallery-item-small\" itemprop=\"associatedMedia\" itemscope itemtype=\"http:\/\/schema.org\/ImageObject\"> <a href=\"https:\/\/samhallsentreprenor.glokala.net\/she2\/shot_1431252954474\/\" border=\"0\" itemprop=\"url\"> <meta itemprop=\"width\" content=\"163\"> <meta itemprop=\"height\" content=\"188\"> <img decoding=\"async\" class=\"\" data-attachment-id=\"3608\" data-orig-file=\"https:\/\/samhallsentreprenor.glokala.net\/she2\/wp-content\/uploads\/2015\/05\/shot_1431252954474.jpg\" data-orig-size=\"612,709\" data-comments-opened=\"1\" data-image-meta=\"{&quot;aperture&quot;:&quot;0&quot;,&quot;credit&quot;:&quot;&quot;,&quot;camera&quot;:&quot;Xolaroid 2000&quot;,&quot;caption&quot;:&quot;&quot;,&quot;created_timestamp&quot;:&quot;0&quot;,&quot;copyright&quot;:&quot;&quot;,&quot;focal_length&quot;:&quot;0&quot;,&quot;iso&quot;:&quot;0&quot;,&quot;shutter_speed&quot;:&quot;0&quot;,&quot;title&quot;:&quot;&quot;,&quot;orientation&quot;:&quot;1&quot;}\" data-image-title=\"shot_1431252954474\" data-image-description=\"\" data-medium-file=\"https:\/\/i0.wp.com\/samhallsentreprenor.glokala.net\/she2\/wp-content\/uploads\/2015\/05\/shot_1431252954474.jpg?fit=345%2C400&#038;ssl=1\" data-large-file=\"https:\/\/i0.wp.com\/samhallsentreprenor.glokala.net\/she2\/wp-content\/uploads\/2015\/05\/shot_1431252954474.jpg?fit=612%2C709&#038;ssl=1\" src=\"https:\/\/i0.wp.com\/samhallsentreprenor.glokala.net\/she2\/wp-content\/uploads\/2015\/05\/shot_1431252954474.jpg?w=163&#038;h=188&#038;ssl=1\" srcset=\"https:\/\/i0.wp.com\/samhallsentreprenor.glokala.net\/she2\/wp-content\/uploads\/2015\/05\/shot_1431252954474.jpg?w=612&amp;ssl=1 612w, https:\/\/i0.wp.com\/samhallsentreprenor.glokala.net\/she2\/wp-content\/uploads\/2015\/05\/shot_1431252954474.jpg?resize=345%2C400&amp;ssl=1 345w\" width=\"163\" height=\"188\" loading=\"lazy\" data-original-width=\"163\" data-original-height=\"188\" itemprop=\"http:\/\/schema.org\/image\" title=\"shot_1431252954474\" alt=\"shot_1431252954474\" style=\"width: 163px; height: 188px;\" \/> <\/a> <\/div> <\/div> <!-- close group --> <div class=\"gallery-group images-1\" style=\"width: 166px; height: 192px;\" data-original-width=\"166\" data-original-height=\"192\" > <div class=\"tiled-gallery-item tiled-gallery-item-small\" itemprop=\"associatedMedia\" itemscope itemtype=\"http:\/\/schema.org\/ImageObject\"> <a href=\"https:\/\/samhallsentreprenor.glokala.net\/she2\/shot_1431252951353\/\" border=\"0\" itemprop=\"url\"> <meta itemprop=\"width\" content=\"162\"> <meta itemprop=\"height\" content=\"188\"> <img decoding=\"async\" class=\"\" data-attachment-id=\"3607\" data-orig-file=\"https:\/\/samhallsentreprenor.glokala.net\/she2\/wp-content\/uploads\/2015\/05\/shot_1431252951353.jpg\" data-orig-size=\"612,709\" data-comments-opened=\"1\" data-image-meta=\"{&quot;aperture&quot;:&quot;0&quot;,&quot;credit&quot;:&quot;&quot;,&quot;camera&quot;:&quot;Xolaroid 2000&quot;,&quot;caption&quot;:&quot;&quot;,&quot;created_timestamp&quot;:&quot;0&quot;,&quot;copyright&quot;:&quot;&quot;,&quot;focal_length&quot;:&quot;0&quot;,&quot;iso&quot;:&quot;0&quot;,&quot;shutter_speed&quot;:&quot;0&quot;,&quot;title&quot;:&quot;&quot;,&quot;orientation&quot;:&quot;1&quot;}\" data-image-title=\"shot_1431252951353\" data-image-description=\"\" data-medium-file=\"https:\/\/i0.wp.com\/samhallsentreprenor.glokala.net\/she2\/wp-content\/uploads\/2015\/05\/shot_1431252951353.jpg?fit=345%2C400&#038;ssl=1\" data-large-file=\"https:\/\/i0.wp.com\/samhallsentreprenor.glokala.net\/she2\/wp-content\/uploads\/2015\/05\/shot_1431252951353.jpg?fit=612%2C709&#038;ssl=1\" src=\"https:\/\/i0.wp.com\/samhallsentreprenor.glokala.net\/she2\/wp-content\/uploads\/2015\/05\/shot_1431252951353.jpg?w=162&#038;h=188&#038;ssl=1\" srcset=\"https:\/\/i0.wp.com\/samhallsentreprenor.glokala.net\/she2\/wp-content\/uploads\/2015\/05\/shot_1431252951353.jpg?w=612&amp;ssl=1 612w, https:\/\/i0.wp.com\/samhallsentreprenor.glokala.net\/she2\/wp-content\/uploads\/2015\/05\/shot_1431252951353.jpg?resize=345%2C400&amp;ssl=1 345w\" width=\"162\" height=\"188\" loading=\"lazy\" data-original-width=\"162\" data-original-height=\"188\" itemprop=\"http:\/\/schema.org\/image\" title=\"shot_1431252951353\" alt=\"shot_1431252951353\" style=\"width: 162px; height: 188px;\" \/> <\/a> <\/div> <\/div> <!-- close group --> <\/div> <!-- close row --> <\/div>\n<p><em>Ovan: Fr\u00e5n s\u00f6ndagens skapande av collage p\u00e5 temat m\u00e5lbild, var vill jag vara om ett \u00e5r?<\/em><\/p>\n<p><strong>Under tv\u00e5 dagar hade vi m\u00f6jlighet att b\u00e5de blicka bak\u00e5t p\u00e5 kurs\u00e5ret och fram\u00e5t, p\u00e5 n\u00e4sta steg i utvecklingen av projekt och id\u00e9er.<\/strong><\/p>\n<p><strong>L\u00f6rdagen inleddes med att vi delade med oss av material fr\u00e5n &#8221;Mitt sammanhang&#8221;-uppgiften med valbar f\u00f6rdjupning:<\/strong><\/p>\n<ul>\n<li>Ananda presenterade <a href=\"http:\/\/www.thepowerofintroverts.com\/\" target=\"_blank\">Susan Cains<\/a> tankar om det kraftfulla i att vara introvert, och en artikel av Brian Eckert p\u00e5 samma tema. <a href=\"http:\/\/www.ted.com\/talks\/susan_cain_the_power_of_introverts\" target=\"_blank\">L\u00e4nk till Ted talk med Susan Cain \u2192<\/a><\/li>\n<li>Kasimwe delade med sig av reflektioner utifr\u00e5n Muhammad Yunus bok <a href=\"http:\/\/www.bokus.com\/bok\/9789189388413\/en-varld-utan-fattigdom-socialt-foretagande-och-kapitalismens-framtid\/\" target=\"_blank\">&#8221;En v\u00e4rld utan fattigdom&#8221;<\/a><\/li>\n<li>Hannah presenterade ett verktyg f\u00f6r att b\u00e4ttre f\u00f6rst\u00e5 och arbeta med id\u00e9burna organisationers inflytande, ofta i relation till samarbete med offentlig sektor.<br \/>\n<a href=\"http:\/\/www.mucf.se\/sites\/default\/files\/publikationer_uploads\/europeisk-kod-ideburna-organisationers-medverkan-i-beslutsprocessen.pdf\" target=\"_blank\">&#8221;Europeisk kod f\u00f6r id\u00e9burna organisationers medverkan i beslutsprocessen&#8221; &#8211; pdf<\/a><br \/>\n&#8221;Det grundl\u00e4ggande syftet med koden \u00e4r att m\u00f6jligg\u00f6ra bra och h\u00e5llbar samverkan mellan id\u00e9burna organisationer och den offentliga sektorn. Detta g\u00f6rs genom att definiera ett antal principer , riktlinjer, verktyg och mekanismer f\u00f6r samr\u00e5d.&#8221;<\/li>\n<li>August ber\u00e4ttade om kollaborativ ekonomi <a href=\"http:\/\/samhallsentreprenor.glokala.net\/she2\/wp-content\/uploads\/2015\/03\/04_4_SV_AterkomstenAvKollaborativEkonomi.pdf\" target=\"_blank\">genom en grafisk \u00f6versikt<\/a> fr\u00e5n torsdagens entrepren\u00f6rslunch p\u00e5 samma tema, och genom att tipsa om filmen <a href=\"http:\/\/www.delafilmen.info\/\" target=\"_blank\">&#8221;Dela \u00e4r det nya \u00e4ga&#8221;<\/a> som nyligen har sl\u00e4ppts.<\/li>\n<li>Towe hade l\u00e4st boken <a href=\"http:\/\/www.karavanforlag.se\/bok\/framgangsfobi\/\" target=\"_blank\">&#8221;Framg\u00e5ngsfobi&#8221;<\/a> av Nina Jansdotter, och delade med sig av citat och tankar utifr\u00e5n boken.<\/li>\n<\/ul>\n<p>P\u00e5 l\u00f6rdagen fortsatte vi \u00e4ven till <a href=\"http:\/\/malmo.framtidsveckan.net\/program\/makroskopet-en-11-plattform-for-moten-och-handelser-2015-05-04\/\" target=\"_blank\">makroskopet<\/a> och <a href=\"http:\/\/konversatoriet.se\/rabs-k7-malmo-150509\" target=\"_blank\">ett samtal<\/a> som inleddes av <a href=\"http:\/\/www.parklek.com\/html\/ny\/omkerstinbergendal.html\" target=\"_blank\">konstn\u00e4ren Kerstin Bergendal<\/a>.<\/p>\n<p><strong>Tack f\u00f6r dagarna!<\/strong><\/p>\n<p>::::::::::::::::::::::.<\/p>\n<p><img data-recalc-dims=\"1\" loading=\"lazy\" decoding=\"async\" class=\"alignright size-medium wp-image-3602\" src=\"https:\/\/i0.wp.com\/samhallsentreprenor.glokala.net\/she2\/wp-content\/uploads\/2015\/03\/framtidsveckan-poster-2015_screen-284x400.png?resize=284%2C400\" alt=\"framtidsveckan-poster-2015_screen\" width=\"284\" height=\"400\" srcset=\"https:\/\/i0.wp.com\/samhallsentreprenor.glokala.net\/she2\/wp-content\/uploads\/2015\/03\/framtidsveckan-poster-2015_screen.png?resize=284%2C400&amp;ssl=1 284w, https:\/\/i0.wp.com\/samhallsentreprenor.glokala.net\/she2\/wp-content\/uploads\/2015\/03\/framtidsveckan-poster-2015_screen.png?resize=727%2C1024&amp;ssl=1 727w, https:\/\/i0.wp.com\/samhallsentreprenor.glokala.net\/she2\/wp-content\/uploads\/2015\/03\/framtidsveckan-poster-2015_screen.png?resize=750%2C1056&amp;ssl=1 750w, https:\/\/i0.wp.com\/samhallsentreprenor.glokala.net\/she2\/wp-content\/uploads\/2015\/03\/framtidsveckan-poster-2015_screen.png?resize=624%2C879&amp;ssl=1 624w, https:\/\/i0.wp.com\/samhallsentreprenor.glokala.net\/she2\/wp-content\/uploads\/2015\/03\/framtidsveckan-poster-2015_screen.png?w=1200&amp;ssl=1 1200w\" sizes=\"auto, (max-width: 284px) 100vw, 284px\" \/><\/p>\n<p><strong>V\u00e4lkommen till tv\u00e5 dagar i Malm\u00f6, kursens tredje tr\u00e4ff!<\/strong><\/p>\n<p><strong>Resa till Malm\u00f6<\/strong><br \/>\nF\u00f6r l\u00e4ngre resor ger vi ett st\u00f6d f\u00f6r kostnader upp till 750 kr, mot kvitto\/biljetter.<\/p>\n<p>Vi bjuder p\u00e5 fika p\u00e5 l\u00f6rdagen och brunch p\u00e5 s\u00f6ndagen. H\u00f6r av dig om du \u00e4nnu inte har l\u00f6st \u00f6vernattningen och beh\u00f6ver tips p\u00e5 hostel.<\/p>\n<p>4-10 maj genomf\u00f6rs <strong><a href=\"http:\/\/malmo.framtidsveckan.net\/\" target=\"_blank\">\u201dFramtidsveckan Malm\u00f6: Sofielund\u201d<\/a><\/strong>, det kommer d\u00e5 att h\u00e4nda mycket sp\u00e4nnande, och vi kan ta del av n\u00e5gra saker under helgen.<\/p>\n<p>\/Towe, Hannah &amp; August<\/p>\n<p>::::::::::::::::::::::::::::::::::<\/p>\n<h2>Program: Internat 9-10 maj, Malm\u00f6<\/h2>\n<h3>L\u00f6rdag 9 maj<\/h3>\n<p>Plats: Sofielunds Folkets Hus, Rolfsgatan 16. Karta: <a href=\"http:\/\/goo.gl\/maps\/yRB3n\" target=\"_blank\">http:\/\/goo.gl\/maps\/yRB3n<\/a><\/p>\n<p>11.30 V\u00e4lkomna, med l\u00e4tt fika! (\u00c4t stadig frukost innan eller ta med dig lunchmat.)<\/p>\n<p>11.45-13.30 Samtal utifr\u00e5n det material som har studerats i <a href=\"http:\/\/samhallsentreprenor.glokala.net\/she2\/2015\/02\/23-februari-fordjupning\/\" target=\"_blank\">Mitt sammanhang-uppgiften, personlig f\u00f6rjupning<\/a>. Var och en presenterar material vi har tagit del av, och vilka nya insikter eller tankar det v\u00e4cker.<\/p>\n<p>13.30-17.00 Vi tar del av aktiviteter som sker som en del av Framtidsveckan:<\/p>\n<p style=\"padding-left: 30px;\">1) Vi bes\u00f6ker firandet f\u00f6r<a title=\"Fira World Fair Trade Day\" href=\"http:\/\/malmo.framtidsveckan.net\/program\/fira-world-fair-trade-day\/\"> World Fair Trade Day, 11:00-15:00<\/a> och kikar p\u00e5 utst\u00e4llningen <a title=\"Klimatansvar: M\u00e4nniskor som f\u00f6r\u00e4ndrar - utst\u00e4llning\" href=\"http:\/\/malmo.framtidsveckan.net\/events-recurring\/klimatansvar-manniskor-som-forandrar-utstallning\/\">Klimatansvar: M\u00e4nniskor som f\u00f6r\u00e4ndrar &#8211; utst\u00e4llning<\/a> (i Sofielunds Folkets Hus)<\/p>\n<p style=\"padding-left: 30px;\">2) Om v\u00e4dret \u00e4r bra f\u00f6rs\u00f6ker vi f\u00e5nga och f\u00e5 en titt p\u00e5 <a href=\"https:\/\/www.facebook.com\/events\/798420276906481\/\" target=\"_blank\">Planteringskarnevalen<\/a> som g\u00e5r fr\u00e5n norra till s\u00f6dra Sofielund<\/p>\n<p style=\"padding-left: 30px;\">3) Vi medverkar i arrangemanget <a href=\"http:\/\/malmo.framtidsveckan.net\/program\/oppet-konversatorium-7-staden-som-teater\/\" target=\"_blank\">\u00d6ppet Konversatorium #7: Staden som konversation<\/a> 15:00 &#8211; 17:00 (makroskopet, Nobelv\u00e4gen 23)<\/p>\n<p>\u2013 Fri kv\u00e4ll! \u2013<\/p>\n<h3>S\u00f6ndag 10 maj<\/h3>\n<p>Plats: Sofielunds Folkets Hus, Rolfsgatan 16. Karta: <a href=\"http:\/\/goo.gl\/maps\/yRB3n\" target=\"_blank\">http:\/\/goo.gl\/maps\/yRB3n<\/a><\/p>\n<p>10.00-12.00 Gemensam samling med uppf\u00f6ljning av reflektion om kurs\u00e5ret. Vi blickar samtidigt fram\u00e5t &#8211; vilka \u00e4r mina n\u00e4sta steg som samh\u00e4llsentrepren\u00f6r?<\/p>\n<p>12.00-13.00 <a title=\"Familjebrunchen - V\u00e4rldens k\u00e4k!\" href=\"http:\/\/malmo.framtidsveckan.net\/program\/familjebrunchen-varldens-kak\/\">Familjebrunchen &#8211; V\u00e4rldens k\u00e4k!<\/a> (Sofielunds Folkets Hus) &#8211; vi bjuder p\u00e5 brunchen<\/p>\n<p>13.00-14.30 Vi tar del det som h\u00e4nder under <a title=\"Sofielundsfestivalen 2015\" href=\"http:\/\/malmo.framtidsveckan.net\/program\/sofielundsfestivalen\/\">Sofielundsfestivalen 2015<\/a> (vid Sofielunds Folkets Hus)<\/p>\n<p>14.30-15.00 Gemensam avslutning f\u00f6r dagarna.<\/p>\n","protected":false},"excerpt":{"rendered":"<p>Intryck 9-10 maj Ovan: Fr\u00e5n s\u00f6ndagens skapande av collage p\u00e5 temat m\u00e5lbild, var vill jag vara om ett \u00e5r? Under tv\u00e5 dagar hade vi m\u00f6jlighet att b\u00e5de blicka bak\u00e5t p\u00e5 kurs\u00e5ret och fram\u00e5t, p\u00e5 n\u00e4sta steg i utvecklingen av projekt och id\u00e9er. L\u00f6rdagen inleddes med att vi delade med oss av material fr\u00e5n &#8221;Mitt sammanhang&#8221;-uppgiften [&hellip;]<\/p>\n","protected":false},"author":1001021,"featured_media":0,"parent":0,"menu_order":0,"comment_status":"open","ping_status":"open","template":"","meta":{"_bbp_topic_count":0,"_bbp_reply_count":0,"_bbp_total_topic_count":0,"_bbp_total_reply_count":0,"_bbp_voice_count":0,"_bbp_anonymous_reply_count":0,"_bbp_topic_count_hidden":0,"_bbp_reply_count_hidden":0,"_bbp_forum_subforum_count":0,"footnotes":""},"class_list":["post-3529","page","type-page","status-publish","hentry"],"jetpack_sharing_enabled":true,"_links":{"self":[{"href":"https:\/\/samhallsentreprenor.glokala.net\/she2\/wp-json\/wp\/v2\/pages\/3529","targetHints":{"allow":["GET"]}}],"collection":[{"href":"https:\/\/samhallsentreprenor.glokala.net\/she2\/wp-json\/wp\/v2\/pages"}],"about":[{"href":"https:\/\/samhallsentreprenor.glokala.net\/she2\/wp-json\/wp\/v2\/types\/page"}],"author":[{"embeddable":true,"href":"https:\/\/samhallsentreprenor.glokala.net\/she2\/wp-json\/wp\/v2\/users\/1001021"}],"replies":[{"embeddable":true,"href":"https:\/\/samhallsentreprenor.glokala.net\/she2\/wp-json\/wp\/v2\/comments?post=3529"}],"version-history":[{"count":7,"href":"https:\/\/samhallsentreprenor.glokala.net\/she2\/wp-json\/wp\/v2\/pages\/3529\/revisions"}],"predecessor-version":[{"id":3617,"href":"https:\/\/samhallsentreprenor.glokala.net\/she2\/wp-json\/wp\/v2\/pages\/3529\/revisions\/3617"}],"wp:attachment":[{"href":"https:\/\/samhallsentreprenor.glokala.net\/she2\/wp-json\/wp\/v2\/media?parent=3529"}],"curies":[{"name":"wp","href":"https:\/\/api.w.org\/{rel}","templated":true}]}}