{"id":356,"date":"2011-11-28T11:40:12","date_gmt":"2011-11-28T10:40:12","guid":{"rendered":"http:\/\/she2.glokala.se\/?page_id=356"},"modified":"2011-11-29T09:13:10","modified_gmt":"2011-11-29T08:13:10","slug":"28-november","status":"publish","type":"page","link":"https:\/\/samhallsentreprenor.glokala.net\/she2\/28-november\/","title":{"rendered":"28 november"},"content":{"rendered":"<p><strong>Start idag f\u00f6r n\u00e4sta del av kursen, Global r\u00f6relse! Hur utvecklas samh\u00e4llsentrepren\u00f6rskap i olika l\u00e4nder?<\/strong><\/p>\n<p><span style=\"text-decoration: underline;\">Planeringen och beskrivningen<\/span> av modulen finns under <a title=\"Planering \u2013 Modul 2\" href=\"http:\/\/samhallsentreprenor.glokala.net\/she2\/planering-modul-2\/\">Planering<\/a><br \/>\nDen h\u00e4r f\u00f6rsta veckan finns m\u00f6jligheten att ge input, komma med f\u00f6rslag till f\u00f6r\u00e4ndringar eller till\u00e4gg. Kommentera g\u00e4rna!<\/p>\n<p><span style=\"text-decoration: underline;\">Internationella r\u00f6ster om samh\u00e4llsentrepren\u00f6rskap<\/span><a href=\"http:\/\/samhallsentreprenor.glokala.net\/she2\/wp-content\/uploads\/2011\/11\/Internationella_roster_111127.pdf\"><br \/>\nInternationella_roster_111127.pdf &#8211; l\u00e4nk<br \/>\n<\/a>Till ett kommande nummer av <a href=\"http:\/\/www.glokala.se\/content\/index.php?option=com_content&amp;view=category&amp;layout=blog&amp;id=160&amp;Itemid=380\">Magasin NIC<\/a> har vi st\u00e4llt tv\u00e5 fr\u00e5gor till en rad internationella kontakter. I pdf:n hittar du sammanst\u00e4llningen fr\u00e5n svaren vi har f\u00e5tt s\u00e5 h\u00e4r l\u00e5ngt.<br \/>\n<em>1) What is the condition for social entrepreneurship in your region?<\/em><br \/>\n<em> 2) What is the most important question for you right now in your work \/ as a social entrepreneur?<\/em><\/p>\n<p>Om vi j\u00e4mf\u00f6r de olika svaren &#8211; vilka tankar v\u00e4cks hos dig? Vilka likheter eller skillnader ser du i det som beskrivs?<br \/>\nKommentera h\u00e4r eller i en <a href=\"http:\/\/samhallsentreprenor.glokala.net\/she2\/groups\/inspiration-exempel\/forum\/topic\/internationella-roster-om-samhallsentreprenorskap\/\">diskussionstr\u00e5d &#8211; l\u00e4nk<\/a><\/p>\n<p><span style=\"text-decoration: underline;\">Kunskapsbanken<\/span><br \/>\nUnder samtalen f\u00f6rra veckan kopplade vi era id\u00e9er till konkreta &#8221;kunskapsomr\u00e5den&#8221; som \u00e4r av intresse f\u00f6r projektutveckling i allm\u00e4nhet. Dessa vill vi f\u00f6rs\u00f6ka samla i\u00a0Kunskapsbanken\u00a0p\u00e5 sidan.<br \/>\nL\u00e4gg in ett eller flera bidrag under n\u00e4sta vecka, eller senast m\u00e5ndagen den <strong>5 december<\/strong>. F\u00f6r att ladda upp din text beh\u00f6ver du vara inloggad och g\u00e5 till &#8221;L\u00e4gg in ny tr\u00e5d&#8221; i\u00a0<a href=\"..\/groups\/kunskapsbanken\/forum\/\" target=\"_blank\">Kunskapsbanken<\/a>.<\/p>\n","protected":false},"excerpt":{"rendered":"<p>Start idag f\u00f6r n\u00e4sta del av kursen, Global r\u00f6relse! Hur utvecklas samh\u00e4llsentrepren\u00f6rskap i olika l\u00e4nder? Planeringen och beskrivningen av modulen finns under Planering Den h\u00e4r f\u00f6rsta veckan finns m\u00f6jligheten att ge input, komma med f\u00f6rslag till f\u00f6r\u00e4ndringar eller till\u00e4gg. Kommentera g\u00e4rna! Internationella r\u00f6ster om samh\u00e4llsentrepren\u00f6rskap Internationella_roster_111127.pdf &#8211; l\u00e4nk Till ett kommande nummer av Magasin NIC [&hellip;]<\/p>\n","protected":false},"author":1001021,"featured_media":0,"parent":0,"menu_order":0,"comment_status":"open","ping_status":"open","template":"","meta":{"_bbp_topic_count":0,"_bbp_reply_count":0,"_bbp_total_topic_count":0,"_bbp_total_reply_count":0,"_bbp_voice_count":0,"_bbp_anonymous_reply_count":0,"_bbp_topic_count_hidden":0,"_bbp_reply_count_hidden":0,"_bbp_forum_subforum_count":0,"footnotes":""},"class_list":["post-356","page","type-page","status-publish","hentry"],"jetpack_sharing_enabled":true,"_links":{"self":[{"href":"https:\/\/samhallsentreprenor.glokala.net\/she2\/wp-json\/wp\/v2\/pages\/356","targetHints":{"allow":["GET"]}}],"collection":[{"href":"https:\/\/samhallsentreprenor.glokala.net\/she2\/wp-json\/wp\/v2\/pages"}],"about":[{"href":"https:\/\/samhallsentreprenor.glokala.net\/she2\/wp-json\/wp\/v2\/types\/page"}],"author":[{"embeddable":true,"href":"https:\/\/samhallsentreprenor.glokala.net\/she2\/wp-json\/wp\/v2\/users\/1001021"}],"replies":[{"embeddable":true,"href":"https:\/\/samhallsentreprenor.glokala.net\/she2\/wp-json\/wp\/v2\/comments?post=356"}],"version-history":[{"count":6,"href":"https:\/\/samhallsentreprenor.glokala.net\/she2\/wp-json\/wp\/v2\/pages\/356\/revisions"}],"predecessor-version":[{"id":363,"href":"https:\/\/samhallsentreprenor.glokala.net\/she2\/wp-json\/wp\/v2\/pages\/356\/revisions\/363"}],"wp:attachment":[{"href":"https:\/\/samhallsentreprenor.glokala.net\/she2\/wp-json\/wp\/v2\/media?parent=356"}],"curies":[{"name":"wp","href":"https:\/\/api.w.org\/{rel}","templated":true}]}}