{"id":3704,"date":"2015-08-24T11:35:31","date_gmt":"2015-08-24T09:35:31","guid":{"rendered":"http:\/\/samhallsentreprenor.glokala.net\/she2\/?page_id=3704"},"modified":"2015-09-09T12:54:05","modified_gmt":"2015-09-09T10:54:05","slug":"internat-i-malmo-12-13-september","status":"publish","type":"page","link":"https:\/\/samhallsentreprenor.glokala.net\/she2\/internat-i-malmo-12-13-september\/","title":{"rendered":"Internat i Malm\u00f6 12-13 september"},"content":{"rendered":"<p>Hej,<\/p>\n<p>nu b\u00f6rjar vi n\u00e4rma oss kursens f\u00f6rsta tr\u00e4ff, helgen 12-13 september!<\/p>\n<p>Vi ser fram emot att f\u00e5 tr\u00e4ffa er och l\u00e4ra k\u00e4nna varandra n\u00e4rmre. Under helgen kommer vi att arbeta en hel del med att planera f\u00f6r kursens inneh\u00e5ll och arbetsformer, f\u00f6r att gemensamt komma fram till en sp\u00e4nnande \u00e5rsplanering. Dessutom planerar vi f\u00f6r m\u00f6te med n\u00e5gon verksamhet i Malm\u00f6 under helgen.<\/p>\n<p><span style=\"text-decoration: underline;\">Ramarna<\/span> \u00e4r l\u00f6rdag 12 sept 11:00-18:00 och s\u00f6ndag 13 sept 9:00-15:00.<br \/>\nVi presenterar ett mer detaljerat program den n\u00e4rmaste tiden.<\/p>\n<p><span style=\"text-decoration: underline;\">Mat under dagarna:<\/span> Vi bjuder p\u00e5 brunch p\u00e5 l\u00f6rdagen och fika p\u00e5 s\u00f6ndagen. Fika p\u00e5 l\u00f6rdag eftermiddag samt \u00f6vrig mat st\u00e5r du sj\u00e4lv f\u00f6r.<br \/>\n<span style=\"text-decoration: underline;\">Boende:<\/span> H\u00f6r av dig till oss om du beh\u00f6ver tips f\u00f6r \u00f6vernattning.<br \/>\n<span style=\"text-decoration: underline;\">Resa till Malm\u00f6:<\/span> F\u00f6r l\u00e4ngre resor ger vi ett st\u00f6d f\u00f6r kostnader upp till 750 kr, mot kvitto\/biljetter.<\/p>\n<p>Tveka inte att h\u00f6ra av dig om du undrar n\u00e5got inf\u00f6r helgen.<\/p>\n<p>Vi ses snart!<\/p>\n<p>Hannah, August och Emma<\/p>\n<p style=\"text-align: center;\">::::::::::::::::::::::::::::::::::::::::::::::::::::::::::::::::::::::::::<\/p>\n<h2 style=\"text-align: center;\">Program: Internat 12-13 september, Malm\u00f6<\/h2>\n<p><span style=\"text-decoration: underline;\">L\u00f6rdag 12 september<\/span><\/p>\n<p><em>Plats: Sofielunds Folkets Hus, Rolfsgatan 16. Karta: <a href=\"http:\/\/goo.gl\/maps\/yRB3n\" target=\"_blank\">http:\/\/goo.gl\/maps\/yRB3n<\/a><\/em><\/p>\n<p>11.00 Introduktion &amp; fika<\/p>\n<p>11.30 \u201cVad handlar samh\u00e4llsentrepren\u00f6rskap om?\u201d<br \/>\nSamtalsrunda med f\u00f6rel\u00e4sningsdel kring n\u00e5gra olika definitioner och f\u00f6rst\u00e5elser av begreppet samh\u00e4llsentrepren\u00f6rskap.<\/p>\n<p>12.20 Promenad till Mitt M\u00f6llan<\/p>\n<p>12.45 Brunch &#8211; Food Waste Buffet Brunch hos <a href=\"http:\/\/www.rudefood.se\/\" target=\"_blank\">Rude Food Malm\u00f6<\/a><\/p>\n<p><img data-recalc-dims=\"1\" loading=\"lazy\" decoding=\"async\" class=\"alignnone size-medium wp-image-3735\" src=\"https:\/\/i0.wp.com\/samhallsentreprenor.glokala.net\/she2\/wp-content\/uploads\/2015\/08\/11219376_917126118329920_4227446087026381418_n-400x266.jpg?resize=400%2C266\" alt=\"11219376_917126118329920_4227446087026381418_n\" width=\"400\" height=\"266\" srcset=\"https:\/\/i0.wp.com\/samhallsentreprenor.glokala.net\/she2\/wp-content\/uploads\/2015\/08\/11219376_917126118329920_4227446087026381418_n.jpg?resize=400%2C266&amp;ssl=1 400w, https:\/\/i0.wp.com\/samhallsentreprenor.glokala.net\/she2\/wp-content\/uploads\/2015\/08\/11219376_917126118329920_4227446087026381418_n.jpg?resize=750%2C499&amp;ssl=1 750w, https:\/\/i0.wp.com\/samhallsentreprenor.glokala.net\/she2\/wp-content\/uploads\/2015\/08\/11219376_917126118329920_4227446087026381418_n.jpg?resize=624%2C415&amp;ssl=1 624w, https:\/\/i0.wp.com\/samhallsentreprenor.glokala.net\/she2\/wp-content\/uploads\/2015\/08\/11219376_917126118329920_4227446087026381418_n.jpg?w=960&amp;ssl=1 960w\" sizes=\"auto, (max-width: 400px) 100vw, 400px\" \/><\/p>\n<p>13.45 Promenad till Persborg<\/p>\n<p>14.30 M\u00f6te med Julieta Talavera fr\u00e5n <a href=\"http:\/\/connectorsmalmo.com\/\" target=\"_blank\">Connectors Malm\u00f6<\/a><br \/>\nConnectors Malm\u00f6 har under v\u00e5ren arbetat med medskapande processer i kvarteren kring Persborgstorget.<\/p>\n<p><em>&#8221;Since February we have been working in Persborg. We have been trying to understand the needs of the neighbourhood and how it can be improved. We believe that the residents should play a role in helping to bring improvements because they truly understand the problems the neighbourhood faces.&#8221; <\/em><a href=\"http:\/\/connectorsmalmo.com\/background\/\" target=\"_blank\">L\u00e4s mer <em>\u2192<\/em><\/a><\/p>\n<p>15.30 Promenad tillbaka till Sofielunds Folkets Hus + fika n\u00e4r vi kommer dit<\/p>\n<p>16.15 Kursplanering: Inneh\u00e5ll<br \/>\nGemensam brainstorming kring kursens inneh\u00e5ll. Kom f\u00f6rberedd med id\u00e9er p\u00e5 vad du vill att \u00e5ret ska inneh\u00e5lla.<\/p>\n<p>18:00 Slut f\u00f6r dagen<\/p>\n<p><span style=\"text-decoration: underline;\">S\u00f6ndag 13 september<\/span><\/p>\n<p>9.15 Samling p\u00e5 Sofielunds Folkets Hus<br \/>\nKaffe\/te p\u00e5 plats<br \/>\n\u201cVar befinner jag mig just nu?\u201c Reflektions\u00f6vning f\u00f6r att utv\u00e4rdera sitt sammanhang.<\/p>\n<p>9.45 Id\u00e9er i gruppen<br \/>\nPresentationer och gemensam feedback. Var g\u00e4rna f\u00f6rberedd p\u00e5 vilken id\u00e9 du vill beskriva och forts\u00e4tta arbeta med under \u00e5ret.<\/p>\n<p>11.30 Lunchpaus + bokm\u00e4ssa<br \/>\nSnabb-presentation av intressant (kurs-)litteratur\/film f\u00f6r inspiration.<br \/>\nTa g\u00e4rna med egna f\u00f6rslag!<\/p>\n<p>12.15 M\u00f6te med Fatuma Awil och Florencia Fern\u00e1ndez fr\u00e5n projektet Tyfon<\/p>\n<p><em>&#8221;Tyfon vill utveckla ensamkommande ungas intresse f\u00f6r och kunskaper i demokrati, j\u00e4mlikhet och m\u00e4nskliga r\u00e4ttigheter. Genom att jobba tillsammans under kreativa former hoppas vi kunna st\u00e4rka deltagarnas tro p\u00e5 sig sj\u00e4lva samt k\u00e4nsla av sammanhang.&#8221; <\/em>L\u00e4s mer p\u00e5 <a href=\"http:\/\/tyfoniskane.se\/\" target=\"_blank\">tyfoniskane.se<\/a> eller <a href=\"http:\/\/www.arvsfondsprojekten.se\/projekt\/tyfon\" target=\"_blank\">arvsfondsprojekten.se\/projekt\/tyfon<\/a><\/p>\n<p>Sedan tv\u00e5 \u00e5r arbetar Tyfon med st\u00f6d fr\u00e5n Arvsfonden, de inleder nu sitt tredje projekt\u00e5r. Hur har arbetet och inriktningen utvecklats under projekt\u00e5ren? Hur upplever de att arbeta med st\u00f6d fr\u00e5n Arvsfonden?<br \/>\nGlokala \u00e4r projekt\u00e4gare.<em><br \/>\n<\/em><\/p>\n<p>13:15 Kursplanering (forts.): Formen &amp; \u00e5rets indelning i tid<br \/>\nArbete kring formerna i kursen, reflektion kring ens eget l\u00e4rande samt indelning av \u00e5ret &amp; kommande datum.<\/p>\n<p>14:30 Check-out<\/p>\n<p>+ m\u00f6jlig forts\u00e4ttning till:<br \/>\n15.00 Refugees Welcome Malm\u00f6, Stortorget<br \/>\n<a href=\"https:\/\/www.facebook.com\/events\/1005208712870947\/\" target=\"_blank\">https:\/\/www.facebook.com\/events\/1005208712870947\/<\/a><\/p>\n<p><img data-recalc-dims=\"1\" loading=\"lazy\" decoding=\"async\" class=\"alignnone wp-image-2005\" src=\"https:\/\/i0.wp.com\/samhallsentreprenor.glokala.net\/she2\/wp-content\/uploads\/2013\/09\/shot_1378624211468-884x1024.jpg?resize=450%2C717\" alt=\"shot_1378624211468\" width=\"450\" height=\"717\" \/><\/p>\n","protected":false},"excerpt":{"rendered":"<p>Hej, nu b\u00f6rjar vi n\u00e4rma oss kursens f\u00f6rsta tr\u00e4ff, helgen 12-13 september! Vi ser fram emot att f\u00e5 tr\u00e4ffa er och l\u00e4ra k\u00e4nna varandra n\u00e4rmre. Under helgen kommer vi att arbeta en hel del med att planera f\u00f6r kursens inneh\u00e5ll och arbetsformer, f\u00f6r att gemensamt komma fram till en sp\u00e4nnande \u00e5rsplanering. Dessutom planerar vi f\u00f6r [&hellip;]<\/p>\n","protected":false},"author":1001021,"featured_media":0,"parent":0,"menu_order":0,"comment_status":"open","ping_status":"open","template":"","meta":{"_bbp_topic_count":0,"_bbp_reply_count":0,"_bbp_total_topic_count":0,"_bbp_total_reply_count":0,"_bbp_voice_count":0,"_bbp_anonymous_reply_count":0,"_bbp_topic_count_hidden":0,"_bbp_reply_count_hidden":0,"_bbp_forum_subforum_count":0,"footnotes":""},"class_list":["post-3704","page","type-page","status-publish","hentry"],"jetpack_sharing_enabled":true,"_links":{"self":[{"href":"https:\/\/samhallsentreprenor.glokala.net\/she2\/wp-json\/wp\/v2\/pages\/3704","targetHints":{"allow":["GET"]}}],"collection":[{"href":"https:\/\/samhallsentreprenor.glokala.net\/she2\/wp-json\/wp\/v2\/pages"}],"about":[{"href":"https:\/\/samhallsentreprenor.glokala.net\/she2\/wp-json\/wp\/v2\/types\/page"}],"author":[{"embeddable":true,"href":"https:\/\/samhallsentreprenor.glokala.net\/she2\/wp-json\/wp\/v2\/users\/1001021"}],"replies":[{"embeddable":true,"href":"https:\/\/samhallsentreprenor.glokala.net\/she2\/wp-json\/wp\/v2\/comments?post=3704"}],"version-history":[{"count":4,"href":"https:\/\/samhallsentreprenor.glokala.net\/she2\/wp-json\/wp\/v2\/pages\/3704\/revisions"}],"predecessor-version":[{"id":3743,"href":"https:\/\/samhallsentreprenor.glokala.net\/she2\/wp-json\/wp\/v2\/pages\/3704\/revisions\/3743"}],"wp:attachment":[{"href":"https:\/\/samhallsentreprenor.glokala.net\/she2\/wp-json\/wp\/v2\/media?parent=3704"}],"curies":[{"name":"wp","href":"https:\/\/api.w.org\/{rel}","templated":true}]}}