{"id":3774,"date":"2015-09-21T10:17:18","date_gmt":"2015-09-21T08:17:18","guid":{"rendered":"http:\/\/samhallsentreprenor.glokala.net\/she2\/?page_id=3774"},"modified":"2016-05-10T10:11:39","modified_gmt":"2016-05-10T08:11:39","slug":"kursoversikt-2015-2016","status":"publish","type":"page","link":"https:\/\/samhallsentreprenor.glokala.net\/she2\/kursoversikt-2015-2016\/","title":{"rendered":"Kurs\u00f6versikt 2015-2016"},"content":{"rendered":"<p><strong>Tids\u00f6versikt f\u00f6r \u00e5ret 2015-2016.<\/strong> Uppdateras l\u00f6pande med teman och uppgifter.<\/p>\n<table style=\"height: 2804px;\" border=\"0\" width=\"755\" frame=\"VOID\" rules=\"NONE\" cellspacing=\"0\">\n<colgroup>\n<col width=\"120\" \/>\n<col width=\"240\" \/>\n<col width=\"36\" \/>\n<col width=\"110\" \/>\n<col width=\"25\" \/>\n<col width=\"135\" \/><\/colgroup>\n<tbody>\n<tr>\n<td align=\"LEFT\" valign=\"MIDDLE\" width=\"120\" height=\"34\"><span style=\"text-decoration: underline;\">Vecka \/ datum<\/span><\/td>\n<td style=\"text-align: center;\" align=\"LEFT\" valign=\"MIDDLE\" width=\"240\"><span style=\"text-decoration: underline;\">Tema \/ uppgifter<\/span><\/td>\n<td align=\"LEFT\" valign=\"MIDDLE\" width=\"36\"><\/td>\n<td style=\"border-left: 3px solid #ff6633;\" align=\"LEFT\" valign=\"MIDDLE\" width=\"110\"><span style=\"text-decoration: underline;\">Bokl\u00e4sning<\/span><\/td>\n<td align=\"LEFT\" valign=\"MIDDLE\" width=\"25\"><\/td>\n<td style=\"border-left: 3px solid #33a3a3;\" align=\"LEFT\" valign=\"MIDDLE\" width=\"135\"><span style=\"text-decoration: underline;\">Coachande samtal<br \/>\n<\/span><\/td>\n<td style=\"border-left: 3px solid #00FF66;\" align=\"LEFT\" valign=\"MIDDLE\" width=\"135\"><span style=\"text-decoration: underline;\">Inspiration<\/span><\/td>\n<\/tr>\n<tr>\n<td align=\"LEFT\" height=\"17\"><\/td>\n<td align=\"LEFT\"><\/td>\n<td align=\"LEFT\"><\/td>\n<td align=\"LEFT\"><\/td>\n<td align=\"LEFT\"><\/td>\n<td align=\"LEFT\"><\/td>\n<td align=\"LEFT\"><\/td>\n<\/tr>\n<tr>\n<td align=\"LEFT\" height=\"17\"><\/td>\n<td align=\"LEFT\"><strong>UPPSTART &amp; PLANERING<br \/>\n<\/strong><\/td>\n<td align=\"LEFT\"><\/td>\n<td align=\"LEFT\"><\/td>\n<td align=\"LEFT\"><\/td>\n<td align=\"LEFT\"><\/td>\n<td align=\"LEFT\"><\/td>\n<\/tr>\n<tr>\n<td align=\"LEFT\" height=\"17\">11 aug &#8211; 13 sept<\/td>\n<td align=\"LEFT\">Uppstart med intro\/inspiration<\/p>\n<p>\u2192 <a href=\"http:\/\/samhallsentreprenor.glokala.net\/she2\/groups\/kursforum-2015-2016\/forum\/topic\/din-presentation\/\" target=\"_blank\">Uppgift: Presentation<\/a><\/p>\n<p>\u2192<a href=\"http:\/\/samhallsentreprenor.glokala.net\/she2\/2015\/08\/uppgift-2-kollaborativ-ekonomi\/\" target=\"_blank\"> Uppgift: Kollaborativ ekonomi<\/a><\/p>\n<p>\u2192 <a href=\"http:\/\/samhallsentreprenor.glokala.net\/she2\/2015\/08\/forvantningar-och-forhoppningar-pa-kursen\/\" target=\"_blank\">Uppgift: F\u00f6rv\u00e4ntningar och f\u00f6rslag<\/a><\/td>\n<td align=\"LEFT\"><\/td>\n<td align=\"LEFT\"><\/td>\n<td align=\"LEFT\"><\/td>\n<td align=\"LEFT\"><\/td>\n<td align=\"LEFT\"><\/td>\n<\/tr>\n<tr>\n<td align=\"LEFT\" height=\"17\">12-13 sept<\/td>\n<td align=\"LEFT\"><a href=\"http:\/\/samhallsentreprenor.glokala.net\/she2\/internat-i-malmo-12-13-september\/\" target=\"_blank\">Internattr\u00e4ff i Malm\u00f6 &#8211; kursplanering<\/a><\/td>\n<td align=\"LEFT\"><\/td>\n<td align=\"LEFT\"><\/td>\n<td align=\"LEFT\"><\/td>\n<td align=\"LEFT\"><\/td>\n<td align=\"LEFT\"><\/td>\n<\/tr>\n<tr>\n<td align=\"LEFT\"><\/td>\n<td align=\"LEFT\">\u00a0<strong><a href=\"http:\/\/samhallsentreprenor.glokala.net\/she2\/2015\/09\/mitt-sammanhang-2\/\" target=\"_blank\">MITT SAMMANHANG<\/a><\/strong><\/td>\n<td align=\"LEFT\"><\/td>\n<td align=\"LEFT\"><\/td>\n<td align=\"LEFT\"><\/td>\n<td align=\"LEFT\"><\/td>\n<td align=\"LEFT\"><\/td>\n<\/tr>\n<tr>\n<td align=\"LEFT\" height=\"17\">21 sept<\/td>\n<td align=\"LEFT\">\u2192<strong> <a href=\"http:\/\/samhallsentreprenor.glokala.net\/she2\/2015\/09\/uppgift-mitt-sammanhang\/\">Uppgift: Mitt sammanhang<\/a><\/strong><br \/>\nInl\u00e4mning: 12 oktober.\u2192 <strong><a href=\"http:\/\/samhallsentreprenor.glokala.net\/she2\/2015\/09\/planering-for-kursaret\/\" target=\"_blank\">\u00c5rsplanering<\/a><\/strong>, m\u00f6jlighet till feedback<\/td>\n<td align=\"LEFT\"><\/td>\n<td align=\"LEFT\"><\/td>\n<td align=\"LEFT\"><\/td>\n<td align=\"LEFT\"><\/td>\n<td align=\"LEFT\"><\/td>\n<\/tr>\n<tr>\n<td align=\"LEFT\" height=\"17\">28 sept<\/td>\n<td align=\"LEFT\"><em>Info om <a href=\"http:\/\/samhallsentreprenor.glokala.net\/she2\/2015\/10\/boklasning-hosten\/\" target=\"_blank\">bokl\u00e4sning<\/a> och <a href=\"http:\/\/samhallsentreprenor.glokala.net\/she2\/2015\/10\/coachande-samtal\/\" target=\"_blank\">coachning<\/a> presenteras.<\/em><\/td>\n<td align=\"LEFT\"><\/td>\n<td style=\"border-left: 3px solid #ff6633;\" align=\"LEFT\">&#8211; <strong><a href=\"http:\/\/samhallsentreprenor.glokala.net\/she2\/2015\/10\/boklasning-hosten\/\" target=\"_blank\">Bokl\u00e4sning under h\u00f6sten<\/a><\/strong><\/td>\n<td align=\"LEFT\"><\/td>\n<td style=\"border-left: 3px solid #33a3a3;\" align=\"LEFT\">\u00a0&#8211; <strong><a href=\"http:\/\/samhallsentreprenor.glokala.net\/she2\/2015\/10\/coachande-samtal\/\" target=\"_blank\">Coachande samtal<\/a><\/strong><\/td>\n<td align=\"LEFT\"><\/td>\n<\/tr>\n<tr>\n<td align=\"LEFT\" height=\"17\">5 okt<\/td>\n<td align=\"LEFT\"><strong><a href=\"http:\/\/samhallsentreprenor.glokala.net\/she2\/2015\/10\/tema-organisationsformer\/\" target=\"_blank\">Tema: Organisationsformer<\/a><\/strong><\/td>\n<td align=\"LEFT\"><\/td>\n<td style=\"border-left: 3px solid #ff6633;\" align=\"LEFT\"><\/td>\n<td align=\"LEFT\"><\/td>\n<td style=\"border-left: 3px solid #33a3a3;\" align=\"LEFT\"><\/td>\n<td align=\"LEFT\"><\/td>\n<\/tr>\n<tr>\n<td align=\"LEFT\" height=\"17\">12 okt<\/td>\n<td align=\"LEFT\"><a href=\"http:\/\/samhallsentreprenor.glokala.net\/she2\/2015\/10\/sociokrati\/\" target=\"_blank\"><strong>Tema: Sociokrati<\/strong><\/a> som verktyg i demokratisk organisering<\/p>\n<p><em>Inl\u00e4mning 12 okt f\u00f6r <a href=\"http:\/\/samhallsentreprenor.glokala.net\/she2\/2015\/09\/uppgift-mitt-sammanhang\/\" target=\"_blank\">Uppgift: Mitt sammanhang<\/a><\/em><\/td>\n<td align=\"LEFT\"><\/td>\n<td style=\"border-left: 3px solid #ff6633;\" align=\"LEFT\"><em>Meddela <a href=\"http:\/\/samhallsentreprenor.glokala.net\/she2\/2015\/10\/boklasning-hosten\/\" target=\"_blank\">val av bok\/material<\/a> senast 16 okt.<\/em><\/td>\n<td align=\"LEFT\"><\/td>\n<td style=\"border-left: 3px solid #33a3a3;\" align=\"LEFT\"><\/td>\n<td align=\"LEFT\"><\/td>\n<\/tr>\n<tr>\n<td align=\"LEFT\">19 okt<\/td>\n<td align=\"LEFT\"><em>Tid f\u00f6r respons till Uppgift: Mitt sammanhang. L\u00e4gg in kommentar senast 23 oktober.<br \/>\n<\/em><\/td>\n<td align=\"LEFT\"><\/td>\n<td style=\"border-left: 3px solid #ff6633;\" align=\"LEFT\"><\/td>\n<td align=\"LEFT\"><\/td>\n<td style=\"border-left: 3px solid #33a3a3;\" align=\"LEFT\"><\/td>\n<td align=\"LEFT\"><\/td>\n<\/tr>\n<tr>\n<td align=\"LEFT\" height=\"17\">26 okt<\/td>\n<td align=\"LEFT\"><strong><a href=\"http:\/\/samhallsentreprenor.glokala.net\/she2\/2015\/10\/uppgift-natverkskarta\/\" target=\"_blank\">Tema: N\u00e4tverk<\/a><\/strong><\/p>\n<p>\u2192 <strong><a href=\"http:\/\/samhallsentreprenor.glokala.net\/she2\/2015\/10\/uppgift-natverkskarta\/\" target=\"_blank\">Uppgift: N\u00e4tverkskarta<\/a><\/strong><br \/>\nInl\u00e4mning: 9 november.<\/p>\n<p><a href=\"http:\/\/samhallsentreprenor.glokala.net\/she2\/2015\/10\/inspiration-ezio-manzini-design-when-everybody-designs\/\">Inspiration: Ezio Manzini &#8211; Design when everbody designs<\/a><\/td>\n<td align=\"LEFT\"><\/td>\n<td style=\"border-left: 3px solid #ff6633;\" align=\"LEFT\"><\/td>\n<td align=\"LEFT\"><\/td>\n<td style=\"border-left: 3px solid #33a3a3;\" align=\"LEFT\"><\/td>\n<td style=\"border-left: 3px solid #00FF66;\" align=\"LEFT\">&#8211; <strong><a href=\"http:\/\/samhallsentreprenor.glokala.net\/she2\/2015\/10\/dela-inspirera\/\" target=\"_blank\">Dela inspiration<\/a><\/strong><\/td>\n<\/tr>\n<tr>\n<td align=\"LEFT\" height=\"17\">2 nov<\/td>\n<td align=\"LEFT\"><em>Tid f\u00f6r arbete med uppgiften N\u00e4tverkskarta + <a href=\"http:\/\/samhallsentreprenor.glokala.net\/she2\/2015\/11\/tid-for-arbete-och-inspiration\/\" target=\"_blank\">inspiration<\/a> om kreativa kollektiv<br \/>\n<\/em><\/td>\n<td align=\"LEFT\"><\/td>\n<td style=\"border-left: 3px solid #ff6633;\" align=\"LEFT\"><\/td>\n<td align=\"LEFT\"><\/td>\n<td style=\"border-left: 3px solid #33a3a3;\" align=\"LEFT\"><\/td>\n<td style=\"border-left: 3px solid #00FF66;\" align=\"LEFT\">\u00a0Dela: <a href=\"http:\/\/samhallsentreprenor.glokala.net\/she2\/2015\/11\/dela-inspiration-2\/\" target=\"_blank\">Simeon<\/a><\/td>\n<\/tr>\n<tr>\n<td align=\"LEFT\" height=\"17\"><\/td>\n<td align=\"LEFT\"><strong><a href=\"http:\/\/samhallsentreprenor.glokala.net\/she2\/2015\/11\/ekonomi-i-fokus-uppgift-intervju\/\" target=\"_blank\">EKONOMI<\/a><\/strong><\/td>\n<td align=\"LEFT\"><\/td>\n<td style=\"border-left: 3px solid #ff6633;\" align=\"LEFT\"><\/td>\n<td align=\"LEFT\"><\/td>\n<td style=\"border-left: 3px solid #33a3a3;\" align=\"LEFT\"><\/td>\n<td style=\"border-left: 3px solid #00FF66;\" align=\"LEFT\"><\/td>\n<\/tr>\n<tr>\n<td align=\"LEFT\" height=\"17\">9 nov<\/td>\n<td align=\"LEFT\"><em>Inl\u00e4mning 9 nov f\u00f6r Uppgift: N\u00e4tverkskarta<\/em><\/p>\n<p>\u2192<strong> <a href=\"http:\/\/samhallsentreprenor.glokala.net\/she2\/2015\/11\/ekonomi-i-fokus-uppgift-intervju\/#intervju\" target=\"_blank\">Uppgift: Ekonomi<\/a><\/strong> &#8211; presenteras 9 nov. Inl\u00e4mning 14 december.<\/td>\n<td align=\"LEFT\"><\/td>\n<td style=\"border-left: 3px solid #ff6633;\" align=\"LEFT\"><\/td>\n<td align=\"LEFT\"><\/td>\n<td style=\"border-left: 3px solid #33a3a3;\" align=\"LEFT\"><\/td>\n<td style=\"border-left: 3px solid #00FF66;\" align=\"LEFT\"><\/td>\n<\/tr>\n<tr>\n<td align=\"LEFT\" height=\"17\">16 nov<\/td>\n<td align=\"LEFT\"><strong><a href=\"http:\/\/samhallsentreprenor.glokala.net\/she2\/2015\/11\/tema-bootstrapping\/\" target=\"_blank\">Tema: Bootstrapping<\/a><\/strong><\/p>\n<p><em>19 nov: <a href=\"http:\/\/samhallsentreprenor.glokala.net\/she2\/2015\/11\/forelasning-med-elmira-bayrasli-extraordinary-entrepreneurs-unlikely-places\/\" target=\"_blank\">F\u00f6rel\u00e4sning i Malm\u00f6 med Elmira Bayrasli<\/a><\/em><\/td>\n<td align=\"LEFT\"><\/td>\n<td style=\"border-left: 3px solid #ff6633;\" align=\"LEFT\"><\/td>\n<td align=\"LEFT\"><\/td>\n<td style=\"border-left: 3px solid #33a3a3;\" align=\"LEFT\"><\/td>\n<td style=\"border-left: 3px solid #00FF66;\" align=\"LEFT\">\u00a0Dela: <a href=\"http:\/\/samhallsentreprenor.glokala.net\/she2\/2015\/11\/inspirationtankevackare-v47\/\" target=\"_blank\">Christopher<\/a><\/td>\n<\/tr>\n<tr>\n<td align=\"LEFT\" height=\"17\">23 nov<\/td>\n<td align=\"LEFT\"><em>Inl\u00e4mning 23 nov f\u00f6r <a href=\"http:\/\/samhallsentreprenor.glokala.net\/she2\/2015\/10\/boklasning-hosten\/\" target=\"_blank\">reflektion kring bok\/material<\/a><\/em><\/p>\n<p>Inspiration &#8211; videof\u00f6rel\u00e4sning: <a href=\"http:\/\/samhallsentreprenor.glokala.net\/she2\/2015\/11\/videoforelasning-med-elmira-bayrasmi-extraordinary-entrepreneurs-unlikely-places\/\" target=\"_blank\">Elmira Bayrasli: Extraordinary Entrepreneurs, Unlikely Places<\/a><\/td>\n<td align=\"LEFT\"><\/td>\n<td style=\"border-left: 3px solid #ff6633;\" align=\"LEFT\"><\/td>\n<td align=\"LEFT\"><\/td>\n<td style=\"border-left: 3px solid #33a3a3;\" align=\"LEFT\"><\/td>\n<td style=\"border-left: 3px solid #00FF66;\" align=\"LEFT\"><\/td>\n<\/tr>\n<tr>\n<td align=\"LEFT\">30 nov<\/td>\n<td align=\"LEFT\"><strong><a href=\"http:\/\/samhallsentreprenor.glokala.net\/she2\/2015\/11\/tema-crowdfunding\/\" target=\"_blank\">Tema: Crowdfunding<\/a><\/strong><\/p>\n<p><a href=\"http:\/\/samhallsentreprenor.glokala.net\/she2\/2015\/10\/boklasning-hosten\/\" target=\"_blank\"><strong>Skype-samta<\/strong>l bokl\u00e4sning<\/a>: 2 dec 19:00-20:30<\/p>\n<p>Inspiration: <a href=\"http:\/\/samhallsentreprenor.glokala.net\/she2\/2015\/12\/inspiration-finansiering-for-lokal-utveckling-mikrofonden\/\" target=\"_blank\">Finansiering f\u00f6r lokal utveckling &#8211; Mikrofonden<\/a><\/td>\n<td align=\"LEFT\"><\/td>\n<td style=\"border-left: 3px solid #ff6633;\" align=\"LEFT\"><\/td>\n<td align=\"LEFT\"><\/td>\n<td style=\"border-left: 3px solid #33a3a3;\" align=\"LEFT\"><\/td>\n<td style=\"border-left: 3px solid #00FF66;\" align=\"LEFT\">\u00a0Dela: <a href=\"http:\/\/samhallsentreprenor.glokala.net\/she2\/2015\/12\/inspiration-clean-up-labadi\/\" target=\"_blank\">Malin<\/a><\/td>\n<\/tr>\n<tr>\n<td align=\"LEFT\" height=\"50\">7 dec<\/td>\n<td align=\"LEFT\"><em>Tid f\u00f6r arbete med ekonomiuppgiften.<br \/>\n<\/em>Inspiration: fr\u00e5n <a href=\"http:\/\/samhallsentreprenor.glokala.net\/she2\/2015\/12\/inspiration-fran-social-innovation-summit\/\" target=\"_blank\">Social Innovation Summit<\/a><\/td>\n<td align=\"LEFT\"><\/td>\n<td align=\"LEFT\"><\/td>\n<td align=\"LEFT\"><\/td>\n<td style=\"border-left: 3px solid #33a3a3;\" align=\"LEFT\"><\/td>\n<td style=\"border-left: 3px solid #00FF66;\" align=\"LEFT\"><\/td>\n<\/tr>\n<tr>\n<td align=\"LEFT\" height=\"17\">14 dec<\/td>\n<td align=\"LEFT\"><strong><a href=\"http:\/\/samhallsentreprenor.glokala.net\/she2\/2015\/12\/tema-hur-skapas-en-mer-demokratisk-ekonomi\/\" target=\"_blank\">Tema: Hur skapas en mer demokratisk ekonomi?<\/a><\/strong><\/p>\n<p><em>Inl\u00e4mning 14 dec f\u00f6r <a href=\"http:\/\/samhallsentreprenor.glokala.net\/she2\/2015\/11\/ekonomi-i-fokus-uppgift-intervju\/\" target=\"_blank\">Uppgift: Ekonomi<\/a><\/em><\/td>\n<td align=\"LEFT\"><\/td>\n<td align=\"LEFT\"><\/td>\n<td align=\"LEFT\"><\/td>\n<td style=\"border-left: 3px solid #33a3a3;\" align=\"LEFT\"><\/td>\n<td style=\"border-left: 3px solid #00FF66;\" align=\"LEFT\">\u00a0Dela: <a href=\"http:\/\/samhallsentreprenor.glokala.net\/she2\/2015\/12\/andreas-inspireras\/\" target=\"_blank\">Andreas<\/a><\/td>\n<\/tr>\n<tr>\n<td align=\"LEFT\" height=\"17\"><\/td>\n<td align=\"LEFT\"><em>[ Uppeh\u00e5ll \u00f6ver jul \/ ny\u00e5r ]<\/em><\/td>\n<td align=\"LEFT\"><\/td>\n<td align=\"LEFT\"><\/td>\n<td align=\"LEFT\"><\/td>\n<td align=\"LEFT\"><\/td>\n<td align=\"LEFT\"><\/td>\n<\/tr>\n<tr>\n<td align=\"LEFT\" height=\"17\"><\/td>\n<td align=\"LEFT\"><strong><a href=\"http:\/\/samhallsentreprenor.glokala.net\/she2\/2016\/01\/inre-liv-fokus-i-vardagen-zen-to-done\/\" target=\"_blank\">INRE LIV<\/a><\/strong><\/td>\n<td align=\"LEFT\"><\/td>\n<td align=\"LEFT\"><\/td>\n<td align=\"LEFT\"><\/td>\n<td align=\"LEFT\"><\/td>\n<td align=\"LEFT\"><\/td>\n<\/tr>\n<tr>\n<td align=\"LEFT\" height=\"17\">11 jan<\/td>\n<td align=\"LEFT\"><strong><a href=\"http:\/\/samhallsentreprenor.glokala.net\/she2\/2016\/01\/inre-liv-fokus-i-vardagen-zen-to-done\/\" target=\"_blank\">Tema: Zen to Done<\/a><\/strong><\/p>\n<p><em>Tid f\u00f6r respons till <a href=\"http:\/\/samhallsentreprenor.glokala.net\/she2\/groups\/kursforum-2015-2016\/forum\/topic\/uppgift-intervju-hallbar-finansiering\/\" target=\"_blank\">Uppgift: Ekonomi<\/a>. L\u00e4gg in kommentarer senast 18 jan.<\/em><\/td>\n<td align=\"LEFT\"><\/td>\n<td align=\"LEFT\"><\/td>\n<td align=\"LEFT\"><\/td>\n<td style=\"border-left: 3px solid #33a3a3;\" align=\"LEFT\"><\/td>\n<td style=\"border-left: 3px solid #00FF66;\" align=\"LEFT\">\u00a0Dela: Mia<\/td>\n<\/tr>\n<tr>\n<td align=\"LEFT\">18 jan<\/td>\n<td align=\"LEFT\"><strong><a href=\"http:\/\/samhallsentreprenor.glokala.net\/she2\/2016\/01\/tema-the-human-element\/\" target=\"_blank\">Tema: The human element<\/a><\/strong><br \/>\n<em><a href=\"http:\/\/samhallsentreprenor.glokala.net\/she2\/2016\/01\/uppgift-arskompass\/\" target=\"_blank\">Uppgift: \u00c5rskompass<\/a><\/em><\/td>\n<td align=\"LEFT\"><\/td>\n<td align=\"LEFT\"><\/td>\n<td align=\"LEFT\"><\/td>\n<td style=\"border-left: 3px solid #33a3a3;\" align=\"LEFT\"><\/td>\n<td align=\"LEFT\"><\/td>\n<\/tr>\n<tr>\n<td align=\"LEFT\" height=\"17\">25 jan<\/td>\n<td align=\"LEFT\"><em>\u00a0Tid f\u00f6r att arbete med uppgift<\/em><\/td>\n<td align=\"LEFT\"><\/td>\n<td align=\"LEFT\"><\/td>\n<td align=\"LEFT\"><\/td>\n<td style=\"border-left: 3px solid #33a3a3;\" align=\"LEFT\"><\/td>\n<td align=\"LEFT\"><\/td>\n<\/tr>\n<tr>\n<td align=\"LEFT\" height=\"17\">1 feb<\/p>\n<p>6-7 febr<\/td>\n<td align=\"LEFT\"><strong><a href=\"http:\/\/samhallsentreprenor.glokala.net\/she2\/2016\/02\/tema-teori-u\/\" target=\"_blank\">Tema: Teori U<\/a><\/strong><\/p>\n<p><a href=\"http:\/\/samhallsentreprenor.glokala.net\/she2\/internattraff-6-7-februari-i-malmo\/\" target=\"_blank\">Internattr\u00e4ff<\/a> i Malm\u00f6 helgen 6-7 februari: Planering f\u00f6r v\u00e5ren, projektfeedback, studiebes\u00f6k med mera.<\/td>\n<td align=\"LEFT\"><\/td>\n<td align=\"LEFT\"><\/td>\n<td align=\"LEFT\"><\/td>\n<td style=\"border-left: 3px solid #33a3a3;\" align=\"LEFT\"><\/td>\n<td align=\"LEFT\"><\/td>\n<\/tr>\n<tr>\n<td align=\"LEFT\" height=\"17\">8 feb<\/td>\n<td align=\"LEFT\">\u00a0<em>Inl\u00e4mning 8 feb <a href=\"http:\/\/samhallsentreprenor.glokala.net\/she2\/2016\/01\/uppgift-arskompass\/\" target=\"_blank\">uppgift \u00e5rskompass<\/a><\/em><\/td>\n<td align=\"LEFT\"><\/td>\n<td align=\"LEFT\"><\/td>\n<td align=\"LEFT\"><\/td>\n<td style=\"border-left: 3px solid #33a3a3;\" align=\"LEFT\"><\/td>\n<td align=\"LEFT\"><\/td>\n<\/tr>\n<tr>\n<td align=\"LEFT\" height=\"17\"><\/td>\n<td align=\"LEFT\">\u00a0<strong><span style=\"text-decoration: underline;\"><a href=\"http:\/\/samhallsentreprenor.glokala.net\/she2\/2016\/02\/mitt-sammanhang-period-2\/\" target=\"_blank\">MITT SAMMANHANG &#8211; period 2<\/a><\/span><\/strong><\/td>\n<td align=\"LEFT\"><\/td>\n<td align=\"LEFT\"><\/td>\n<td align=\"LEFT\"><\/td>\n<td align=\"LEFT\"><\/td>\n<td align=\"LEFT\"><\/td>\n<\/tr>\n<tr>\n<td align=\"LEFT\" height=\"34\">15 feb<\/td>\n<td align=\"LEFT\"><strong><a href=\"http:\/\/samhallsentreprenor.glokala.net\/she2\/2016\/02\/boklasning-varen\/\" target=\"_blank\">Bokl\u00e4sning &#8211; v\u00e5ren<\/a><\/strong><\/p>\n<p><em>Tid f\u00f6r arbete med projekt\/initiativ<\/em><\/td>\n<td align=\"LEFT\"><\/td>\n<td style=\"border-left: 3px solid #ff6633;\" align=\"LEFT\"><strong><a href=\"http:\/\/samhallsentreprenor.glokala.net\/she2\/2016\/02\/boklasning-varen\/\" target=\"_blank\">Bokl\u00e4sning &#8211; v\u00e5ren<\/a><\/strong><\/td>\n<td align=\"LEFT\"><\/td>\n<td style=\"border-left: 3px solid #33a3a3;\" align=\"LEFT\"><\/td>\n<td align=\"LEFT\"><\/td>\n<\/tr>\n<tr>\n<td align=\"LEFT\" height=\"34\">22 feb<\/td>\n<td align=\"LEFT\"><strong><a href=\"http:\/\/samhallsentreprenor.glokala.net\/she2\/2016\/02\/uppgift-inspiration-pitcha\/\" target=\"_blank\">Tema och uppgift Pitch!<\/a><\/strong><br \/>\nInl\u00e4mning 14 mars<\/td>\n<td align=\"LEFT\"><\/td>\n<td style=\"border-left: 3px solid #ff6633;\" align=\"LEFT\"><em><a href=\"http:\/\/samhallsentreprenor.glokala.net\/she2\/2016\/02\/boklasning-varen\/\" target=\"_blank\">Meddela val av bok\/material senast 26 febr.<\/a><\/em><\/td>\n<td align=\"LEFT\"><\/td>\n<td style=\"border-left: 3px solid #33a3a3;\" align=\"LEFT\"><\/td>\n<td align=\"LEFT\"><\/td>\n<\/tr>\n<tr>\n<td align=\"LEFT\" height=\"17\">29 feb<\/td>\n<td align=\"LEFT\"><a href=\"http:\/\/samhallsentreprenor.glokala.net\/she2\/2016\/02\/inspiration-kommunicera\/\" target=\"_blank\"><strong>Inspiration &#8211; kommunicera<\/strong> sin id\u00e9<\/a><\/td>\n<td align=\"LEFT\"><\/td>\n<td style=\"border-left: 3px solid #ff6633;\" align=\"LEFT\"><\/td>\n<td align=\"LEFT\"><\/td>\n<td style=\"border-left: 3px solid #33a3a3;\" align=\"LEFT\"><\/td>\n<td align=\"LEFT\"><\/td>\n<\/tr>\n<tr>\n<td align=\"LEFT\" height=\"17\">7 mars<\/td>\n<td align=\"LEFT\"><em>Tid f\u00f6r arbete med pitch.<\/em><\/td>\n<td align=\"LEFT\"><\/td>\n<td style=\"border-left: 3px solid #ff6633;\" align=\"LEFT\"><\/td>\n<td align=\"LEFT\"><\/td>\n<td style=\"border-left: 3px solid #33a3a3;\" align=\"LEFT\"><\/td>\n<td align=\"LEFT\"><\/td>\n<\/tr>\n<tr>\n<td align=\"LEFT\" height=\"17\">14 mars<\/td>\n<td align=\"LEFT\"><em>Inl\u00e4mning 14 mars <a href=\"http:\/\/samhallsentreprenor.glokala.net\/she2\/2016\/02\/uppgift-inspiration-pitcha\/\" target=\"_blank\">uppgift pitch<\/a><\/em><\/p>\n<p><strong><a href=\"http:\/\/samhallsentreprenor.glokala.net\/she2\/2016\/03\/ledarskap-med-en-annan-grund\/\" target=\"_blank\">Tema: Ledarskap och makt<\/a><\/strong><\/td>\n<td align=\"LEFT\"><\/td>\n<td style=\"border-left: 3px solid #ff6633;\" align=\"LEFT\"><\/td>\n<td align=\"LEFT\"><\/td>\n<td style=\"border-left: 3px solid #33a3a3;\" align=\"LEFT\"><\/td>\n<td align=\"LEFT\"><\/td>\n<\/tr>\n<tr>\n<td align=\"LEFT\" height=\"17\">21 mars<\/td>\n<td align=\"LEFT\"><a href=\"http:\/\/samhallsentreprenor.glokala.net\/she2\/2016\/03\/uppgift-fordjupning-mitt-sammanhang\/\" target=\"_blank\"><em>Uppgift: F\u00f6rdjupning &#8211; mitt sammanhang<\/em><\/a><br \/>\nInl\u00e4mning\/presentation i samband med internat 23-24 april<\/td>\n<td align=\"LEFT\"><\/td>\n<td style=\"border-left: 3px solid #ff6633;\" align=\"LEFT\"><\/td>\n<td align=\"LEFT\"><\/td>\n<td style=\"border-left: 3px solid #33a3a3;\" align=\"LEFT\"><\/td>\n<td align=\"LEFT\"><\/td>\n<\/tr>\n<tr>\n<td align=\"LEFT\" height=\"17\">28 mars<\/td>\n<td align=\"LEFT\"><em>Tid f\u00f6r arbete med bok och f\u00f6rdjupningsuppgift.<\/em><\/td>\n<td align=\"LEFT\"><\/td>\n<td style=\"border-left: 3px solid #ff6633;\" align=\"LEFT\"><\/td>\n<td align=\"LEFT\"><\/td>\n<td style=\"border-left: 3px solid #33a3a3;\" align=\"LEFT\"><\/td>\n<td align=\"LEFT\"><\/td>\n<\/tr>\n<tr>\n<td align=\"LEFT\" height=\"17\">4 april<\/td>\n<td align=\"LEFT\"><em>Inl\u00e4mning 4 april bokl\u00e4sning<\/em><\/p>\n<p>6 april skypesamtal bokcirkel 19:00-20:30<\/td>\n<td align=\"LEFT\"><\/td>\n<td style=\"border-left: 3px solid #ff6633;\" align=\"LEFT\"><\/td>\n<td align=\"LEFT\"><\/td>\n<td style=\"border-left: 3px solid #33a3a3;\" align=\"LEFT\"><\/td>\n<td align=\"LEFT\"><\/td>\n<\/tr>\n<tr>\n<td align=\"LEFT\" height=\"17\">11 april<\/td>\n<td align=\"LEFT\">\u00a0Inspiration: <a href=\"http:\/\/samhallsentreprenor.glokala.net\/she2\/2016\/04\/hoffice-kollegor-och-arbetsplats-till-arbetsplatslosa\/\" target=\"_blank\">Hoffice<\/a><\/td>\n<td align=\"LEFT\"><\/td>\n<td align=\"LEFT\"><\/td>\n<td align=\"LEFT\"><\/td>\n<td style=\"border-left: 3px solid #33a3a3;\" align=\"LEFT\"><\/td>\n<td align=\"LEFT\"><\/td>\n<\/tr>\n<tr>\n<td align=\"LEFT\" height=\"17\">18 april<\/td>\n<td align=\"LEFT\">\u00a0<strong><span style=\"text-decoration: underline;\">FRAMTID<\/span><\/strong><\/p>\n<p><a href=\"http:\/\/samhallsentreprenor.glokala.net\/she2\/2016\/04\/uppgift-framtiden\/\"><strong>Uppgift: Framtiden<\/strong><\/a><\/p>\n<p><strong><a href=\"http:\/\/samhallsentreprenor.glokala.net\/she2\/internat-23-24-april\/\" target=\"_blank\">Internattr\u00e4ff i Malm\u00f6 23-24 april<\/a><\/strong><\/td>\n<td align=\"LEFT\"><\/td>\n<td align=\"LEFT\"><\/td>\n<td align=\"LEFT\"><\/td>\n<td style=\"border-left: 3px solid #33a3a3;\" align=\"LEFT\"><\/td>\n<td align=\"LEFT\"><\/td>\n<\/tr>\n<tr>\n<td align=\"LEFT\" height=\"17\">25 april<\/td>\n<td align=\"LEFT\"><strong><a href=\"http:\/\/samhallsentreprenor.glokala.net\/she2\/2016\/04\/inspiration-ideburen-marknadsekonomi\/\">Inspiration: &#8221;Id\u00e9buren marknadsekonomi&#8221;?<\/a><\/strong><\/p>\n<p><em>Tid f\u00f6r arbete med uppgift: framtiden<\/em><\/td>\n<td align=\"LEFT\"><\/td>\n<td align=\"LEFT\"><\/td>\n<td align=\"LEFT\"><\/td>\n<td style=\"border-left: 3px solid #33a3a3;\" align=\"LEFT\"><\/td>\n<td align=\"LEFT\"><\/td>\n<\/tr>\n<tr>\n<td align=\"LEFT\" height=\"17\">2 maj<\/td>\n<td align=\"LEFT\">\u00a0<em>Inl\u00e4mning 2 maj <a href=\"http:\/\/samhallsentreprenor.glokala.net\/she2\/2016\/04\/uppgift-framtiden\/\">uppgift framtiden<\/a><\/em><\/td>\n<td align=\"LEFT\"><\/td>\n<td align=\"LEFT\"><\/td>\n<td align=\"LEFT\"><\/td>\n<td style=\"border-left: 3px solid #33a3a3;\" align=\"LEFT\"><\/td>\n<td align=\"LEFT\"><\/td>\n<\/tr>\n<tr>\n<td align=\"LEFT\" height=\"17\">\u00a09 maj<\/td>\n<td align=\"LEFT\">\u00a0<strong><a href=\"http:\/\/samhallsentreprenor.glokala.net\/she2\/2016\/05\/kursens-avslutande-vecka-och-utvardering\/\">Avslutning och utv\u00e4rdering<\/a><\/strong><\/td>\n<td align=\"LEFT\"><\/td>\n<td align=\"LEFT\"><\/td>\n<td align=\"LEFT\"><\/td>\n<td style=\"border-left: 3px solid #33a3a3;\" align=\"LEFT\"><\/td>\n<td align=\"LEFT\"><\/td>\n<\/tr>\n<\/tbody>\n<\/table>\n","protected":false},"excerpt":{"rendered":"<p>Tids\u00f6versikt f\u00f6r \u00e5ret 2015-2016. Uppdateras l\u00f6pande med teman och uppgifter. Vecka \/ datum Tema \/ uppgifter Bokl\u00e4sning Coachande samtal Inspiration UPPSTART &amp; PLANERING 11 aug &#8211; 13 sept Uppstart med intro\/inspiration \u2192 Uppgift: Presentation \u2192 Uppgift: Kollaborativ ekonomi \u2192 Uppgift: F\u00f6rv\u00e4ntningar och f\u00f6rslag 12-13 sept Internattr\u00e4ff i Malm\u00f6 &#8211; kursplanering \u00a0MITT SAMMANHANG 21 sept \u2192 [&hellip;]<\/p>\n","protected":false},"author":1001021,"featured_media":0,"parent":0,"menu_order":0,"comment_status":"open","ping_status":"open","template":"","meta":{"_bbp_topic_count":0,"_bbp_reply_count":0,"_bbp_total_topic_count":0,"_bbp_total_reply_count":0,"_bbp_voice_count":0,"_bbp_anonymous_reply_count":0,"_bbp_topic_count_hidden":0,"_bbp_reply_count_hidden":0,"_bbp_forum_subforum_count":0,"footnotes":""},"class_list":["post-3774","page","type-page","status-publish","hentry"],"jetpack_sharing_enabled":false,"_links":{"self":[{"href":"https:\/\/samhallsentreprenor.glokala.net\/she2\/wp-json\/wp\/v2\/pages\/3774","targetHints":{"allow":["GET"]}}],"collection":[{"href":"https:\/\/samhallsentreprenor.glokala.net\/she2\/wp-json\/wp\/v2\/pages"}],"about":[{"href":"https:\/\/samhallsentreprenor.glokala.net\/she2\/wp-json\/wp\/v2\/types\/page"}],"author":[{"embeddable":true,"href":"https:\/\/samhallsentreprenor.glokala.net\/she2\/wp-json\/wp\/v2\/users\/1001021"}],"replies":[{"embeddable":true,"href":"https:\/\/samhallsentreprenor.glokala.net\/she2\/wp-json\/wp\/v2\/comments?post=3774"}],"version-history":[{"count":39,"href":"https:\/\/samhallsentreprenor.glokala.net\/she2\/wp-json\/wp\/v2\/pages\/3774\/revisions"}],"predecessor-version":[{"id":3917,"href":"https:\/\/samhallsentreprenor.glokala.net\/she2\/wp-json\/wp\/v2\/pages\/3774\/revisions\/3917"}],"wp:attachment":[{"href":"https:\/\/samhallsentreprenor.glokala.net\/she2\/wp-json\/wp\/v2\/media?parent=3774"}],"curies":[{"name":"wp","href":"https:\/\/api.w.org\/{rel}","templated":true}]}}