{"id":400,"date":"2011-12-05T12:15:51","date_gmt":"2011-12-05T11:15:51","guid":{"rendered":"http:\/\/she2.glokala.se\/?page_id=400"},"modified":"2011-12-05T12:18:33","modified_gmt":"2011-12-05T11:18:33","slug":"5-december","status":"publish","type":"page","link":"https:\/\/samhallsentreprenor.glokala.net\/she2\/5-december\/","title":{"rendered":"5 december"},"content":{"rendered":"<h5>&#8221;Kan sociala innovationer r\u00e4dda v\u00e4lf\u00e4rden 2015?&#8221;<\/h5>\n<p><a href=\"http:\/\/www.samhallsentreprenor.se\/artiklar\/kan-sociala-innovationer-radda-valfarden-2015\/\" target=\"_blank\">Sebastian Stjern skriver<\/a> fr\u00e5n <a title=\"six winter school\" href=\"http:\/\/socialinnovationexchange.org\/winter-school-2011\">SIX Winter School<\/a> i Gdynia i november:<br \/>\n&#8221;&#8230; Eftermiddagen \u00e4gnades \u00e5t workshops, bland annat ber\u00e4ttade Gorka Espiau om hur man <a title=\"social innovation park\" href=\"http:\/\/www.denokinn.eu\/\">arbetar i Baskien<\/a> med kooperativt f\u00f6retagande. Han har f\u00e5tt sju underleverant\u00f6rer fr\u00e5n fordonsindustrin att g\u00e5 samman f\u00f6r att starta ett f\u00f6retag som utvecklar en hopf\u00e4llbar (sic!) elbil. Var f\u00f6r sig hade f\u00f6retagen inte kunnat s\u00f6ka offentliga utvecklingsmedel f\u00f6r att utveckla bilen, som tagits fram av MIT i Boston, men tillsammans var de starkare.&#8221;<\/p>\n<p>\/\/<\/p>\n<h1><strong>\u00c5rets Right Livelihood prismottagare<\/strong> har idag presenterat sig i Stockholm.<\/h1>\n<p>Kv\u00e4llens ceremoni streamas live via <a href=\"http:\/\/www.rightlivelihood.org\/livestream0.html\" rel=\"nofollow\" target=\"_blank\">http:\/\/www.rightlivelihood.org\/livestream0.html<\/a><\/p>\n<p>Ola Wong har idag ett reportage om Huang Ming och arbetet med solenergi i Sydsvenskan<a href=\"http:\/\/www.samhallsentreprenor.glokala.se\/2011-2012\/groups\/alla-deltagare\/forum\/topic\/inspirerande-ledargestalter\/Soldalen%20modell%20f%C3%B6r%20Kinas%20framtidsstad\" rel=\"nofollow\" target=\"_blank\">: \u201dSoldalen modell f\u00f6r Kinas framtidsstad\u201d \u2013 l\u00e4nk<\/a><\/p>\n<p><a href=\"http:\/\/www.rightlivelihood.org\/press_release_dec_e.html\" rel=\"nofollow\" target=\"_blank\">Pressrelease idag: <\/a><a href=\"http:\/\/www.rightlivelihood.org\/press_release_dec_e.html\" rel=\"nofollow\">http:\/\/www.rightlivelihood.org\/press_release_dec_e.html<\/a><\/p>\n<p>In the lead-up to tonight\u2019s Award Ceremony, the Recipients of the 2011 Right Livelihood Awards (often referred to as the \u201cAlternative Nobel Prizes\u201d) presented themselves at a press conference in Stockholm.<strong><\/strong><\/p>\n<p><strong>Huang Ming (China):<\/strong><\/p>\n<p>\u201cWhen I had my baby daughter, I realized that in a couple of decades, when the oil runs out, I will leave this world, but my daughter will have to face a world of cold homes and a polluted environment. Will she then, one day, point at my gravestone and say \u2018It is all because you used up the oil\u2019?<br \/>\nI was afraid the next generation would put the blame on us, and that is why in 1995 I turned to engaging in the solar energy business, and established the Himin Solar Energy company. Ever since then our vision and effort has been to bring about a world with blue skies and white clouds for our children and grandchildren, through the global transition to renewable energy.\u201d<strong><\/strong><\/p>\n<p><strong>Jacqueline Moudeina (Chad):<\/strong><\/p>\n<p>\u201cIn Africa, impunity is a cancer eating away at our continent and preventing us from expressing our true potential. I will continue my struggle for human rights until the cry of those suffering from injustice is heard by their leaders and by the international community. We would have liked to see the former Chadian dictator Habr\u00e9 charged on African soil, but after more than twenty years, we cannot wait anymore. It is time that Senegal extradite Habr\u00e9 to Belgium for his trial.\u201d<strong><\/strong><\/p>\n<p><strong>Ren\u00e9e Vellv\u00e9, representing GRAIN:<\/strong><\/p>\n<p>\u201cGRAIN calls for an immediate end to the current wave of land grabbing. The flow of money from pension funds, investors and agribusiness to buy up or lease farmland in developing countries must stop now. All the affected lands must be immediately returned to the farmers and local communities.\u201c<\/p>\n<p>\u201cWe will not solve the global food crisis until people stop trying to replace small-scale family farming systems with large-scale corporate-controlled industrial approaches. We need a food system that feeds people, not markets.\u201c<strong><\/strong><\/p>\n<p><strong>Ina May Gaskin (USA):<\/strong><\/p>\n<p>\u201cI accept the Right Livelihood Award in the name of the midwives, physicians, doulas, and birth activists who affirm childbirth as a creative act, best performed by the mother in the setting of her choice, without unnecessary medical interference being imposed upon her.<\/p>\n<p>Home birth midwives are being persecuted in every country, even in The Netherlands, where home birth services have a long and honorable tradition. Right now, the situation in Hungary greatly disturbs me. Dr. Agnes Gereb has spent more than 20 years trying to defend the fundamental rights of mother and child. For this, she has been imprisoned, recently received a further 2 year prison sentence and has been held under house arrest for the past year. I now ask the Hungarian government to intervene to stop the abuse and unjust treatment of this internationally respected homebirth expert!\u201d<\/p>\n","protected":false},"excerpt":{"rendered":"<p>&#8221;Kan sociala innovationer r\u00e4dda v\u00e4lf\u00e4rden 2015?&#8221; Sebastian Stjern skriver fr\u00e5n SIX Winter School i Gdynia i november: &#8221;&#8230; Eftermiddagen \u00e4gnades \u00e5t workshops, bland annat ber\u00e4ttade Gorka Espiau om hur man arbetar i Baskien med kooperativt f\u00f6retagande. Han har f\u00e5tt sju underleverant\u00f6rer fr\u00e5n fordonsindustrin att g\u00e5 samman f\u00f6r att starta ett f\u00f6retag som utvecklar en hopf\u00e4llbar [&hellip;]<\/p>\n","protected":false},"author":1001021,"featured_media":0,"parent":0,"menu_order":0,"comment_status":"open","ping_status":"open","template":"","meta":{"_bbp_topic_count":0,"_bbp_reply_count":0,"_bbp_total_topic_count":0,"_bbp_total_reply_count":0,"_bbp_voice_count":0,"_bbp_anonymous_reply_count":0,"_bbp_topic_count_hidden":0,"_bbp_reply_count_hidden":0,"_bbp_forum_subforum_count":0,"footnotes":""},"class_list":["post-400","page","type-page","status-publish","hentry"],"jetpack_sharing_enabled":true,"_links":{"self":[{"href":"https:\/\/samhallsentreprenor.glokala.net\/she2\/wp-json\/wp\/v2\/pages\/400","targetHints":{"allow":["GET"]}}],"collection":[{"href":"https:\/\/samhallsentreprenor.glokala.net\/she2\/wp-json\/wp\/v2\/pages"}],"about":[{"href":"https:\/\/samhallsentreprenor.glokala.net\/she2\/wp-json\/wp\/v2\/types\/page"}],"author":[{"embeddable":true,"href":"https:\/\/samhallsentreprenor.glokala.net\/she2\/wp-json\/wp\/v2\/users\/1001021"}],"replies":[{"embeddable":true,"href":"https:\/\/samhallsentreprenor.glokala.net\/she2\/wp-json\/wp\/v2\/comments?post=400"}],"version-history":[{"count":2,"href":"https:\/\/samhallsentreprenor.glokala.net\/she2\/wp-json\/wp\/v2\/pages\/400\/revisions"}],"predecessor-version":[{"id":403,"href":"https:\/\/samhallsentreprenor.glokala.net\/she2\/wp-json\/wp\/v2\/pages\/400\/revisions\/403"}],"wp:attachment":[{"href":"https:\/\/samhallsentreprenor.glokala.net\/she2\/wp-json\/wp\/v2\/media?parent=400"}],"curies":[{"name":"wp","href":"https:\/\/api.w.org\/{rel}","templated":true}]}}