{"id":407,"date":"2011-12-12T12:57:39","date_gmt":"2011-12-12T11:57:39","guid":{"rendered":"http:\/\/she2.glokala.se\/?page_id=407"},"modified":"2011-12-15T09:48:35","modified_gmt":"2011-12-15T08:48:35","slug":"12-december","status":"publish","type":"page","link":"https:\/\/samhallsentreprenor.glokala.net\/she2\/12-december\/","title":{"rendered":"12 december"},"content":{"rendered":"<h2><a title=\"Internationella nyheter om samh\u00e4llsentrepren\u00f6rskap \/ social innovation\" href=\"..\/2011\/12\/internationella-nyheter-om-samhallsentreprenorskap-social-innovation\/\" rel=\"bookmark\">Internationella nyheter om samh\u00e4llsentrepren\u00f6rskap \/ social innovation &#8211; l\u00e4nk till blogginl\u00e4gg<\/a><\/h2>\n<p>Fredrik tipsar om sp\u00e4nnande magasin och resurser internationellt.<\/p>\n<p>\/\/<\/p>\n<h5>Tv\u00e5 r\u00f6ster om klimatf\u00f6rhandlingarna i Durban:<\/h5>\n<p><a title=\"2011 COP17 succumbs to Climate Apartheid!\" href=\"http:\/\/www.climate-justice-now.org\/2011-cop17-succumbs-to-climate-apartheid-antidote-is-cochabamba-peoples%e2%80%99-agreement\/\">2011 COP17 succumbs to Climate Apartheid! Antidote is Cochabamba Peoples\u2019 Agreement!<\/a> Pressmeddelande fr\u00e5n Climate Justice Now!<\/p>\n<blockquote><p>\u201cDelaying real action until 2020 is a crime of global proportions,\u201d said Nnimmo Bassey, Chair of Friends of the Earth International. \u201cAn increase in global temperatures of 4 degrees Celsius, permitted under this plan, is a death sentence for Africa, Small Island States, and the poor and vulnerable worldwide. This summit has amplified climate apartheid, whereby the richest 1% of the world have decided that it is acceptable to sacrifice the 99%.\u201d<\/p><\/blockquote>\n<p><a href=\"http:\/\/csripraktiken.se\/2011\/12\/09\/ledare-klimatet-raddas-i-delsbo-inte-durban\/\">Klimatet r\u00e4ddas i Delsbo, inte Durban<\/a> Per Grankvist, CSR i Praktiken<\/p>\n<blockquote><p>&#8221;Trots alla forskningsrapporter som visar att den globala uppv\u00e4rmningen g\u00e5r snabbare \u00e4n tidigare v\u00e4ntat, trots att vi passerat s\u00e4kra gr\u00e4nser f\u00f6r koncentration av koldioxid i atmosf\u00e4ren, trots att vi \u00e4r p\u00e5 v\u00e4g att utl\u00f6sa irreversibla effekter p\u00e5 planetens ekosystem s\u00e5 lyckas delegaterna i Durban inte att generera mer \u00e4n utandningsluft. Trots att nobelpristagare och andra h\u00f6gdjur samlats i h\u00f6gniv\u00e5paneler som resulterat i rapporter som l\u00e4mnats \u00f6ver till h\u00f6gf\u00e4rdiga personer vid h\u00f6gtidliga ceremonier f\u00f6rm\u00e5r delegaterna inte att generera annat \u00e4n utandningsluft. Trots alla gr\u00e4srotskampanjer, alla kampanjer i sociala media, alla reklamkampanjer \u2013 effekten blir \u00e4nd\u00e5 bara utandingsluft.<\/p>\n<p>\u00d6ver en lunch liknar Gustav Fridolin klimatf\u00f6rhandlingar vid projektgruppsm\u00f6te p\u00e5 en fredagseftermiddag. Alla \u00e4r positiva, alla s\u00e4ger sig tycka projektet \u00e4r viktigt och alla \u00e4r eniga om att saker m\u00e5ste h\u00e4nda men ingen vill ta ansvar. F\u00f6r oss som f\u00f6ljer f\u00f6rhandlingarna p\u00e5 avst\u00e5nd \u00e4r b\u00e5de fenomenet och processerna som f\u00f6rknippas med klimatkonferenserna lika obegripliga som det faktum att de inte resulterar i n\u00e5got konkret. Hur \u00e4r det m\u00f6jligt att alla f\u00f6rm\u00f6ten aldrig verkar resultera i \u00f6kad enighet under m\u00f6tena p\u00e5 konferensen, att det aldrig h\u00e4nder n\u00e5got f\u00f6rr\u00e4n de allra sista dygnen och att f\u00f6rhandlingsfiaskon beskrivs som lovande framg\u00e5ngar?&#8221;<\/p><\/blockquote>\n","protected":false},"excerpt":{"rendered":"<p>Internationella nyheter om samh\u00e4llsentrepren\u00f6rskap \/ social innovation &#8211; l\u00e4nk till blogginl\u00e4gg Fredrik tipsar om sp\u00e4nnande magasin och resurser internationellt. \/\/ Tv\u00e5 r\u00f6ster om klimatf\u00f6rhandlingarna i Durban: 2011 COP17 succumbs to Climate Apartheid! Antidote is Cochabamba Peoples\u2019 Agreement! Pressmeddelande fr\u00e5n Climate Justice Now! \u201cDelaying real action until 2020 is a crime of global proportions,\u201d said Nnimmo [&hellip;]<\/p>\n","protected":false},"author":1001021,"featured_media":0,"parent":0,"menu_order":0,"comment_status":"open","ping_status":"open","template":"","meta":{"_bbp_topic_count":0,"_bbp_reply_count":0,"_bbp_total_topic_count":0,"_bbp_total_reply_count":0,"_bbp_voice_count":0,"_bbp_anonymous_reply_count":0,"_bbp_topic_count_hidden":0,"_bbp_reply_count_hidden":0,"_bbp_forum_subforum_count":0,"footnotes":""},"class_list":["post-407","page","type-page","status-publish","hentry"],"jetpack_sharing_enabled":true,"_links":{"self":[{"href":"https:\/\/samhallsentreprenor.glokala.net\/she2\/wp-json\/wp\/v2\/pages\/407","targetHints":{"allow":["GET"]}}],"collection":[{"href":"https:\/\/samhallsentreprenor.glokala.net\/she2\/wp-json\/wp\/v2\/pages"}],"about":[{"href":"https:\/\/samhallsentreprenor.glokala.net\/she2\/wp-json\/wp\/v2\/types\/page"}],"author":[{"embeddable":true,"href":"https:\/\/samhallsentreprenor.glokala.net\/she2\/wp-json\/wp\/v2\/users\/1001021"}],"replies":[{"embeddable":true,"href":"https:\/\/samhallsentreprenor.glokala.net\/she2\/wp-json\/wp\/v2\/comments?post=407"}],"version-history":[{"count":3,"href":"https:\/\/samhallsentreprenor.glokala.net\/she2\/wp-json\/wp\/v2\/pages\/407\/revisions"}],"predecessor-version":[{"id":421,"href":"https:\/\/samhallsentreprenor.glokala.net\/she2\/wp-json\/wp\/v2\/pages\/407\/revisions\/421"}],"wp:attachment":[{"href":"https:\/\/samhallsentreprenor.glokala.net\/she2\/wp-json\/wp\/v2\/media?parent=407"}],"curies":[{"name":"wp","href":"https:\/\/api.w.org\/{rel}","templated":true}]}}