{"id":452,"date":"2012-01-18T15:18:30","date_gmt":"2012-01-18T14:18:30","guid":{"rendered":"http:\/\/she2.glokala.se\/?page_id=452"},"modified":"2012-01-18T15:23:05","modified_gmt":"2012-01-18T14:23:05","slug":"16-januari","status":"publish","type":"page","link":"https:\/\/samhallsentreprenor.glokala.net\/she2\/16-januari\/","title":{"rendered":"16 januari"},"content":{"rendered":"<p>Hej!<\/p>\n<p>Vi hade bra och sp\u00e4nnande dagar i Malm\u00f6 13-14 januari. Fredagens <a title=\"Bilder och intryck fr\u00e5n id\u00e9mingel 13 januari\" href=\"http:\/\/samhallsentreprenor.glokala.net\/she2\/2012\/01\/bilder-och-intryck-fran-idemingel-13-januari\/\">id\u00e9mingel finns dokumenterat i ett blogginl\u00e4gg<\/a>.<\/p>\n<p>Ett av de initiativ som presenterade sig under id\u00e9minglet var <a href=\"http:\/\/kontxt.org\/\" target=\"_blank\">Kontext<\/a>, ett nytt kulturhus\/kontorskollektiv p\u00e5 Norra Gr\u00e4ngesbergsgatan. Vi hade ocks\u00e5 m\u00f6jligheten att bes\u00f6ka dem under l\u00f6rdagen och f\u00e5 en runtguidning av Simon som \u00e4r drivande.<\/p>\n<p><strong>Vi st\u00e4mde ocks\u00e5 av kring kursen och planerna f\u00f6r v\u00e5ren:<\/strong><\/p>\n<p>&#8211; Planeringen i stort f\u00f6r v\u00e5ren ligger kvar som en ram (se <a title=\"Tids\u00f6versikt\" href=\"http:\/\/samhallsentreprenor.glokala.net\/she2\/tidsplan\/\" target=\"_blank\">tidsplanen<\/a>)<\/p>\n<p>&#8211; <a href=\"http:\/\/samhallsentreprenor.glokala.net\/she2\/planering-modul-2\/\" target=\"_blank\">Uppgiften Internationella perspektiv<\/a> k\u00f6r vi som planerat, inl\u00e4mning 30 januari<\/p>\n<p>&#8211; F\u00f6rslag \u00e4r att vi under v\u00e5ren har \u00e5terkommande skype-samtal varannan eller var tredje vecka, f\u00f6r att f\u00e5 en mer kontinuerlig dialog. Jag och Hannah \u00e5terkommer med f\u00f6rslag p\u00e5 tider!<\/p>\n<p>&#8211; Vi best\u00e4mde ocks\u00e5 att vi l\u00e4ser en\/tv\u00e5 b\u00f6cker under v\u00e5ren, som en utg\u00e5ngspunkt f\u00f6r reflektion och diskussion. F\u00f6rslag \u00e4r att vi enas om tv\u00e5 b\u00f6cker, och delar upp oss i tv\u00e5 grupper. H\u00e4r nedan \u00e4r f\u00f6rslag p\u00e5 b\u00f6cker att l\u00e4sa som vi diskuterade. H\u00f6r g\u00e4rna av dig om du har ytterligare n\u00e5got f\u00f6rslag!<br \/>\nFundera till p\u00e5 m\u00e5ndag 23 januari &#8211; och h\u00f6r d\u00e5 av dig med ett f\u00f6rstahands- och ett andrahandsval. Skriv en kommentar h\u00e4r p\u00e5 sidan eller maila!<\/p>\n<p><span style=\"text-decoration: underline;\">F\u00f6rslag p\u00e5 b\u00f6cker:<\/span><\/p>\n<p><strong>&#8211; Made to Stick<\/strong><br \/>\n<a href=\"http:\/\/www.heathbrothers.com\/madetostick\/\" target=\"_blank\"><img data-recalc-dims=\"1\" loading=\"lazy\" decoding=\"async\" class=\"alignleft size-full wp-image-454\" title=\"image-book-made-to-stick-3d\" src=\"https:\/\/i0.wp.com\/samhallsentreprenor.glokala.net\/she2\/wp-content\/uploads\/2012\/01\/image-book-made-to-stick-3d.jpg?resize=100%2C142\" alt=\"\" width=\"100\" height=\"142\" \/><\/a>Chip Heath &amp; Dan Heath (2007)<\/p>\n<p>Why do some ideas thrive while others die? And how do we improve the chances of worthy ideas? In Made to Stick, accomplished educators and idea collectors Chip and Dan Heath tackle head-on these vexing questions. Inside, the Heath brothers reveal the anatomy of ideas that &#8221;stick&#8221; and explain sure-fire methods for making ideas stickier, such as violating schemas, using the Velcro Theory of Memory, and creating &#8221;curiosity gaps.&#8221;<\/p>\n<p><strong>&#8211; Social entrepreneurship &#8211; A skills approach<\/strong><br \/>\n<a href=\"http:\/\/www.policypress.co.uk\/display.asp?K=9781847422897\" target=\"_blank\"><img data-recalc-dims=\"1\" loading=\"lazy\" decoding=\"async\" class=\"alignleft size-full wp-image-453\" style=\"margin: 10px;\" title=\"books\" src=\"https:\/\/i0.wp.com\/samhallsentreprenor.glokala.net\/she2\/wp-content\/uploads\/2012\/01\/books.jpg?resize=128%2C181\" alt=\"\" width=\"128\" height=\"181\" \/><\/a>Robert Gunn, Christopher Durkin (2010)<\/p>\n<p>&#8221;Outstanding social entrepreneurs inspire students, transform communities, and ignite innovative approaches to solving social needs. This timely book has been inspired by the increasing interest around social entrepreneurship scholarship and the practice of delivering innovative solutions to social issues. The in-depth theoretical study of stakeholder engagement, financial options, leadership management and organizational challenges is complemented by compelling international case studies of real social enterprise success. The book will be essential reading for students, academics, practitioners and entrepreneurs to expand their knowledge, skills and passion and sustainably pursue their social missions to bring about real social change.&#8221;<\/p>\n<p><strong>&#8211; Samh\u00e4llsentrepren\u00f6r &#8211; Att inte bara vara och att agera som om<\/strong><br \/>\n<a href=\"http:\/\/www.glokala.se\/content\/index.php?option=com_content&amp;view=article&amp;id=1503:ny-bok-ute-nu-samhaellsentreprenoer-att-inte-bara-vara-och-agera-som-om-&amp;catid=216:bestaell&amp;Itemid=534\" target=\"_blank\"><img data-recalc-dims=\"1\" loading=\"lazy\" decoding=\"async\" class=\"alignleft\" title=\"Samh\u00e4llsentrepren\u00f6r\" src=\"https:\/\/i0.wp.com\/www.glokala.se\/content\/images\/stories\/press\/she3_web_small.png?resize=137%2C166\" alt=\"\" width=\"137\" height=\"166\" \/><\/a>Bj\u00f6rn Bjerke &amp; Mathias Karlsson (2011)<\/p>\n<p><strong>Samh\u00e4llsentrepren\u00f6rskap &#8211; vad \u00e4r det?<\/strong> B\u00e5de begreppet och fenomenet v\u00e4cker idag s\u00e5v\u00e4l intresse som m\u00e5nga farh\u00e5gor. I denna bok unders\u00f6ker och problematiserar Bj\u00f6rn Bjerke och Mathias Karlsson samh\u00e4llsentrepren\u00f6rskap ur ett svenskt perspektiv och st\u00e4ller det i relation till den internationella forskningen, inte minst kring \u201dsocial entrepreneurship\u201d.<\/p>\n<p>En grundtanke i boken \u00e4r vikten av att skilja p\u00e5 f\u00f6retagande och f\u00f6retagsamhet. Det senare ses h\u00e4r som detsamma som entrepren\u00f6rskap. Tv\u00e5 egenskaper hos f\u00f6retagsamhet anses vara <strong>att inte bara vara<\/strong>: att agera utanf\u00f6r det normala, dvs. komma fram med nya l\u00f6sningar p\u00e5 befintliga eller nya problem och <strong>att agera som om<\/strong>: att inte l\u00e5ta sig begr\u00e4nsas i sina handlingar av befintliga resurser och m\u00f6jligheter.<\/p>\n<p><strong>&#8211; Prometheus eller Narcissus? Entrepren\u00f6ren som samh\u00e4llsomv\u00e4lvare<\/strong><br \/>\n<a href=\"http:\/\/korpenkoloni.se\/aktuellt.html\" target=\"_blank\"><img data-recalc-dims=\"1\" loading=\"lazy\" decoding=\"async\" class=\"alignleft\" style=\"margin: 10px;\" title=\"Palm\u00e5s\" src=\"https:\/\/i0.wp.com\/korpenkoloni.se\/palmas.png?resize=120%2C179\" alt=\"\" width=\"120\" height=\"179\" \/><\/a>Karl Palm\u00e5s (2011)<\/p>\n<p>Samh\u00e4llsekonomin \u00e4r v\u00e5r tids mest aktade och fruktade naturkraft. Den \u00e4r nationernas h\u00f6gsta maktinstans, politikernas evigt fordrande chef. Men kan man s\u00e4ga att ekonomin har en best\u00e4md natur, och var g\u00e5r i s\u00e5 fall gr\u00e4nsen till det ekonomiskt onaturliga?<\/p>\n<p>Den h\u00e4r boken kartl\u00e4gger gr\u00e4nslandet mellan aff\u00e4rsverksamhet och politisk verksamhet. Varf\u00f6r framst\u00e4ller sig allt fler f\u00f6retag som revolution\u00e4ra akt\u00f6rer? \u00c4r det m\u00f6jligt att f\u00f6r\u00e4ndra v\u00e4rlden genom att driva ett f\u00f6retag?<\/p>\n<p>Med utg\u00e5ngspunkt i fem svenska f\u00f6retags ber\u00e4ttelser j\u00e4mf\u00f6r Palm\u00e5s olika perspektiv p\u00e5 entrepren\u00f6rers m\u00f6jligheter att f\u00f6r\u00e4ndra samh\u00e4llet. Vad har h\u00e4nt med det vi kallar kapitalism om marknaden har blivit en arena f\u00f6r motst\u00e5ndet, samtidigt som motst\u00e5ndet har blivit en marknad?<\/p>\n<p><strong>&#8211; Social entrepreneurship: What everyone needs to know<br \/>\n<\/strong><img data-recalc-dims=\"1\" loading=\"lazy\" decoding=\"async\" class=\"alignleft\" style=\"margin: 10px;\" title=\"Social entrepreneurship\" src=\"http:\/\/davidbornstein.files.wordpress.com\/2009\/09\/se-wentk.jpg?resize=170%2C251\" alt=\"\" width=\"170\" height=\"251\" \/>David Bornstein, Susan Davis (2010)<strong><br \/>\n<\/strong><\/p>\n<p>En direkt och l\u00e4ttillg\u00e4nglig guide in i f\u00e4ltet, med m\u00e5nga internationella exempel.<\/p>\n<p>\u201dBornstein and Davis explain what social entrepreneurs are, how their organizations function, and what challenges they face. The book will give readers an understanding of what differentiates social entrepreneurship from standard business ventures and how it differs from traditional grant-based non-profit work.\u201d<\/p>\n","protected":false},"excerpt":{"rendered":"<p>Hej! Vi hade bra och sp\u00e4nnande dagar i Malm\u00f6 13-14 januari. Fredagens id\u00e9mingel finns dokumenterat i ett blogginl\u00e4gg. Ett av de initiativ som presenterade sig under id\u00e9minglet var Kontext, ett nytt kulturhus\/kontorskollektiv p\u00e5 Norra Gr\u00e4ngesbergsgatan. Vi hade ocks\u00e5 m\u00f6jligheten att bes\u00f6ka dem under l\u00f6rdagen och f\u00e5 en runtguidning av Simon som \u00e4r drivande. Vi st\u00e4mde [&hellip;]<\/p>\n","protected":false},"author":1001021,"featured_media":0,"parent":0,"menu_order":0,"comment_status":"open","ping_status":"open","template":"","meta":{"_bbp_topic_count":0,"_bbp_reply_count":0,"_bbp_total_topic_count":0,"_bbp_total_reply_count":0,"_bbp_voice_count":0,"_bbp_anonymous_reply_count":0,"_bbp_topic_count_hidden":0,"_bbp_reply_count_hidden":0,"_bbp_forum_subforum_count":0,"footnotes":""},"class_list":["post-452","page","type-page","status-publish","hentry"],"jetpack_sharing_enabled":true,"_links":{"self":[{"href":"https:\/\/samhallsentreprenor.glokala.net\/she2\/wp-json\/wp\/v2\/pages\/452","targetHints":{"allow":["GET"]}}],"collection":[{"href":"https:\/\/samhallsentreprenor.glokala.net\/she2\/wp-json\/wp\/v2\/pages"}],"about":[{"href":"https:\/\/samhallsentreprenor.glokala.net\/she2\/wp-json\/wp\/v2\/types\/page"}],"author":[{"embeddable":true,"href":"https:\/\/samhallsentreprenor.glokala.net\/she2\/wp-json\/wp\/v2\/users\/1001021"}],"replies":[{"embeddable":true,"href":"https:\/\/samhallsentreprenor.glokala.net\/she2\/wp-json\/wp\/v2\/comments?post=452"}],"version-history":[{"count":4,"href":"https:\/\/samhallsentreprenor.glokala.net\/she2\/wp-json\/wp\/v2\/pages\/452\/revisions"}],"predecessor-version":[{"id":458,"href":"https:\/\/samhallsentreprenor.glokala.net\/she2\/wp-json\/wp\/v2\/pages\/452\/revisions\/458"}],"wp:attachment":[{"href":"https:\/\/samhallsentreprenor.glokala.net\/she2\/wp-json\/wp\/v2\/media?parent=452"}],"curies":[{"name":"wp","href":"https:\/\/api.w.org\/{rel}","templated":true}]}}