{"id":4790,"date":"2016-11-13T20:08:26","date_gmt":"2016-11-13T19:08:26","guid":{"rendered":"http:\/\/samhallsentreprenor.glokala.net\/she2\/?page_id=4790"},"modified":"2016-11-13T20:08:26","modified_gmt":"2016-11-13T19:08:26","slug":"ekonomi-2","status":"publish","type":"page","link":"https:\/\/samhallsentreprenor.glokala.net\/she2\/ekonomi-2\/","title":{"rendered":"Ekonomi"},"content":{"rendered":"<p><strong>Denna modul har\u00a0fokus p\u00e5 ekonomi och p\u00e5g\u00e5r 7 november till 23 december.\u00a0<\/strong><\/p>\n<p>Ekonomin \u00e4r kanske f\u00f6r m\u00e5nga av oss n\u00e5got av en ofr\u00e5nkomlig st\u00f6testen. Resurser beh\u00f6vs f\u00f6r att genomf\u00f6ra det vi vill, s\u00e5 vilka strategier ska vi anv\u00e4nda f\u00f6r att f\u00e5 bra snurr p\u00e5 resurser och finansiering, men samtidigt h\u00e5lla en stadig kurs mot m\u00e5let, visionen?<br \/>\nFr\u00e5gor om ekonomi kan ocks\u00e5 internt vara t\u00e4tt kopplade till perspektiv p\u00e5 makt och interndemokrati. Vem administrerar ekonomin, vem ska f\u00e5 betalt och vem tar besluten om det?<\/p>\n<p>Under perioden fram\u00f6ver kommer vi att lyfta n\u00e5gra olika perspektiv och verktyg, och \u00e4ven lyfta in aktuella exempel fr\u00e5n samtal om en mer h\u00e5llbar och demokratisk ekonomi.<\/p>\n<p>Modulen har 1 inl\u00e4mingsuppgift.<\/p>\n","protected":false},"excerpt":{"rendered":"<p>Denna modul har\u00a0fokus p\u00e5 ekonomi och p\u00e5g\u00e5r 7 november till 23 december.\u00a0 Ekonomin \u00e4r kanske f\u00f6r m\u00e5nga av oss n\u00e5got av en ofr\u00e5nkomlig st\u00f6testen. Resurser beh\u00f6vs f\u00f6r att genomf\u00f6ra det vi vill, s\u00e5 vilka strategier ska vi anv\u00e4nda f\u00f6r att f\u00e5 bra snurr p\u00e5 resurser och finansiering, men samtidigt h\u00e5lla en stadig kurs mot m\u00e5let, [&hellip;]<\/p>\n","protected":false},"author":1001020,"featured_media":0,"parent":0,"menu_order":0,"comment_status":"closed","ping_status":"closed","template":"","meta":{"_bbp_topic_count":0,"_bbp_reply_count":0,"_bbp_total_topic_count":0,"_bbp_total_reply_count":0,"_bbp_voice_count":0,"_bbp_anonymous_reply_count":0,"_bbp_topic_count_hidden":0,"_bbp_reply_count_hidden":0,"_bbp_forum_subforum_count":0,"footnotes":""},"class_list":["post-4790","page","type-page","status-publish","hentry"],"jetpack_sharing_enabled":true,"_links":{"self":[{"href":"https:\/\/samhallsentreprenor.glokala.net\/she2\/wp-json\/wp\/v2\/pages\/4790","targetHints":{"allow":["GET"]}}],"collection":[{"href":"https:\/\/samhallsentreprenor.glokala.net\/she2\/wp-json\/wp\/v2\/pages"}],"about":[{"href":"https:\/\/samhallsentreprenor.glokala.net\/she2\/wp-json\/wp\/v2\/types\/page"}],"author":[{"embeddable":true,"href":"https:\/\/samhallsentreprenor.glokala.net\/she2\/wp-json\/wp\/v2\/users\/1001020"}],"replies":[{"embeddable":true,"href":"https:\/\/samhallsentreprenor.glokala.net\/she2\/wp-json\/wp\/v2\/comments?post=4790"}],"version-history":[{"count":1,"href":"https:\/\/samhallsentreprenor.glokala.net\/she2\/wp-json\/wp\/v2\/pages\/4790\/revisions"}],"predecessor-version":[{"id":4791,"href":"https:\/\/samhallsentreprenor.glokala.net\/she2\/wp-json\/wp\/v2\/pages\/4790\/revisions\/4791"}],"wp:attachment":[{"href":"https:\/\/samhallsentreprenor.glokala.net\/she2\/wp-json\/wp\/v2\/media?parent=4790"}],"curies":[{"name":"wp","href":"https:\/\/api.w.org\/{rel}","templated":true}]}}