{"id":4856,"date":"2016-12-07T10:53:53","date_gmt":"2016-12-07T09:53:53","guid":{"rendered":"http:\/\/samhallsentreprenor.glokala.net\/she2\/?page_id=4856"},"modified":"2016-12-07T10:53:53","modified_gmt":"2016-12-07T09:53:53","slug":"dela-inspiration","status":"publish","type":"page","link":"https:\/\/samhallsentreprenor.glokala.net\/she2\/dela-inspiration\/","title":{"rendered":"Dela inspiration!"},"content":{"rendered":"<p><strong>Dela inspiration:<\/strong> Vi turas om att l\u00e4gga upp n\u00e5got p\u00e5 plattformen som inspirerar eller v\u00e4cker tankar. Det kan vara att lyfta fram exempel inom samh\u00e4llsentrepren\u00f6rskap, n\u00e5got fr\u00e5n en bok\/material du l\u00e4ser, att l\u00e4nka till metodmaterial, en tankev\u00e4ckande artikel, en video&#8230;du v\u00e4ljer! Det du delar kan vara direkt kopplat till de teman vi unders\u00f6ker just nu i kursen, eller n\u00e5got annat du har st\u00f6tt p\u00e5. Det kan vara kort eller l\u00e5ngt.<\/p>\n<p><span style=\"text-decoration: underline;\">Hur:<\/span> Skapa ett inl\u00e4gg p\u00e5 kursplattformen om det du vill dela. <a title=\"Guide till plattformen\" href=\"http:\/\/samhallsentreprenor.glokala.net\/she2\/guide-till-plattformen\/\" target=\"_blank\"><strong>En guide finns h\u00e4r \u2192<\/strong><\/a><\/p>\n<p><span style=\"text-decoration: underline;\">N\u00e4r:<\/span> Vi har delat upp kurstiden med att en person delar inspiration varannan vecka.<\/p>\n<ul>\n<li>Vecka 3, startar 16 januari: <strong>Meddie<\/strong><\/li>\n<li>V 5, start 30 jan: <strong>Rikard<\/strong><\/li>\n<li>V 7, start 13 feb: <strong>Johanna<\/strong><\/li>\n<li>V 9, start 27 feb: <strong>Balqis<\/strong><\/li>\n<li>V 11, start 13 mars: <strong>Jessey<\/strong><\/li>\n<li>V 13, start 27 mars: <strong>Veronica<\/strong><\/li>\n<li>V 15, start 10 april: <strong>David<\/strong><\/li>\n<\/ul>\n<p>Ta g\u00e4rna kontakt om du har n\u00e5gon fr\u00e5ga!<\/p>\n<figure id=\"attachment_2108\" aria-describedby=\"caption-attachment-2108\" style=\"width: 960px\" class=\"wp-caption alignnone\"><img data-recalc-dims=\"1\" loading=\"lazy\" decoding=\"async\" class=\"wp-image-2108 size-full\" src=\"https:\/\/i0.wp.com\/samhallsentreprenor.glokala.net\/she2\/wp-content\/uploads\/2013\/10\/563138_626704827349583_698289790_n.jpg?resize=960%2C636\" alt=\"563138_626704827349583_698289790_n\" width=\"960\" height=\"636\" srcset=\"https:\/\/i0.wp.com\/samhallsentreprenor.glokala.net\/she2\/wp-content\/uploads\/2013\/10\/563138_626704827349583_698289790_n.jpg?w=960&amp;ssl=1 960w, https:\/\/i0.wp.com\/samhallsentreprenor.glokala.net\/she2\/wp-content\/uploads\/2013\/10\/563138_626704827349583_698289790_n.jpg?resize=400%2C265&amp;ssl=1 400w\" sizes=\"auto, (max-width: 960px) 100vw, 960px\" \/><figcaption id=\"caption-attachment-2108\" class=\"wp-caption-text\">Bild fr\u00e5n Yes We Camp, 2013 i Marseille <a href=\"http:\/\/www.yeswecamp.org\/\" target=\"_blank\">http:\/\/www.yeswecamp.org\/<\/a><\/figcaption><\/figure>\n","protected":false},"excerpt":{"rendered":"<p>Dela inspiration: Vi turas om att l\u00e4gga upp n\u00e5got p\u00e5 plattformen som inspirerar eller v\u00e4cker tankar. Det kan vara att lyfta fram exempel inom samh\u00e4llsentrepren\u00f6rskap, n\u00e5got fr\u00e5n en bok\/material du l\u00e4ser, att l\u00e4nka till metodmaterial, en tankev\u00e4ckande artikel, en video&#8230;du v\u00e4ljer! Det du delar kan vara direkt kopplat till de teman vi unders\u00f6ker just nu [&hellip;]<\/p>\n","protected":false},"author":1001020,"featured_media":0,"parent":0,"menu_order":0,"comment_status":"closed","ping_status":"closed","template":"","meta":{"_bbp_topic_count":0,"_bbp_reply_count":0,"_bbp_total_topic_count":0,"_bbp_total_reply_count":0,"_bbp_voice_count":0,"_bbp_anonymous_reply_count":0,"_bbp_topic_count_hidden":0,"_bbp_reply_count_hidden":0,"_bbp_forum_subforum_count":0,"footnotes":""},"class_list":["post-4856","page","type-page","status-publish","hentry"],"jetpack_sharing_enabled":true,"_links":{"self":[{"href":"https:\/\/samhallsentreprenor.glokala.net\/she2\/wp-json\/wp\/v2\/pages\/4856","targetHints":{"allow":["GET"]}}],"collection":[{"href":"https:\/\/samhallsentreprenor.glokala.net\/she2\/wp-json\/wp\/v2\/pages"}],"about":[{"href":"https:\/\/samhallsentreprenor.glokala.net\/she2\/wp-json\/wp\/v2\/types\/page"}],"author":[{"embeddable":true,"href":"https:\/\/samhallsentreprenor.glokala.net\/she2\/wp-json\/wp\/v2\/users\/1001020"}],"replies":[{"embeddable":true,"href":"https:\/\/samhallsentreprenor.glokala.net\/she2\/wp-json\/wp\/v2\/comments?post=4856"}],"version-history":[{"count":1,"href":"https:\/\/samhallsentreprenor.glokala.net\/she2\/wp-json\/wp\/v2\/pages\/4856\/revisions"}],"predecessor-version":[{"id":4857,"href":"https:\/\/samhallsentreprenor.glokala.net\/she2\/wp-json\/wp\/v2\/pages\/4856\/revisions\/4857"}],"wp:attachment":[{"href":"https:\/\/samhallsentreprenor.glokala.net\/she2\/wp-json\/wp\/v2\/media?parent=4856"}],"curies":[{"name":"wp","href":"https:\/\/api.w.org\/{rel}","templated":true}]}}