{"id":4880,"date":"2016-12-19T14:00:53","date_gmt":"2016-12-19T13:00:53","guid":{"rendered":"http:\/\/samhallsentreprenor.glokala.net\/she2\/?page_id=4880"},"modified":"2016-12-19T14:00:53","modified_gmt":"2016-12-19T13:00:53","slug":"inre-liv-2","status":"publish","type":"page","link":"https:\/\/samhallsentreprenor.glokala.net\/she2\/inre-liv-2\/","title":{"rendered":"Inre liv"},"content":{"rendered":"<p>Vi startar v\u00e5rterminen med en modul kring \u201dinre liv\u201d. Vilka v\u00e4rderingar driver oss? Hur relaterar vi till andra i samarbeten? Hur arbetar vi f\u00f6r att prioritera och h\u00e5lla fokus?<\/p>\n<p><strong>Inre liv<\/strong> str\u00e4cker sig i tid fram till internattr\u00e4ffen fre &#8211; l\u00f6r 17-18\u00a0februari. I <a href=\"http:\/\/samhallsentreprenor.glokala.net\/she2\/kursoversikt-2016-2017\/\" target=\"_blank\">kurs\u00f6versikten<\/a> har vi uppdaterat med de moment vi planerar den n\u00e4rmsta tiden.<\/p>\n","protected":false},"excerpt":{"rendered":"<p>Vi startar v\u00e5rterminen med en modul kring \u201dinre liv\u201d. Vilka v\u00e4rderingar driver oss? Hur relaterar vi till andra i samarbeten? Hur arbetar vi f\u00f6r att prioritera och h\u00e5lla fokus? Inre liv str\u00e4cker sig i tid fram till internattr\u00e4ffen fre &#8211; l\u00f6r 17-18\u00a0februari. I kurs\u00f6versikten har vi uppdaterat med de moment vi planerar den n\u00e4rmsta tiden.<\/p>\n","protected":false},"author":1001020,"featured_media":0,"parent":0,"menu_order":0,"comment_status":"closed","ping_status":"closed","template":"","meta":{"_bbp_topic_count":0,"_bbp_reply_count":0,"_bbp_total_topic_count":0,"_bbp_total_reply_count":0,"_bbp_voice_count":0,"_bbp_anonymous_reply_count":0,"_bbp_topic_count_hidden":0,"_bbp_reply_count_hidden":0,"_bbp_forum_subforum_count":0,"footnotes":""},"class_list":["post-4880","page","type-page","status-publish","hentry"],"jetpack_sharing_enabled":true,"_links":{"self":[{"href":"https:\/\/samhallsentreprenor.glokala.net\/she2\/wp-json\/wp\/v2\/pages\/4880","targetHints":{"allow":["GET"]}}],"collection":[{"href":"https:\/\/samhallsentreprenor.glokala.net\/she2\/wp-json\/wp\/v2\/pages"}],"about":[{"href":"https:\/\/samhallsentreprenor.glokala.net\/she2\/wp-json\/wp\/v2\/types\/page"}],"author":[{"embeddable":true,"href":"https:\/\/samhallsentreprenor.glokala.net\/she2\/wp-json\/wp\/v2\/users\/1001020"}],"replies":[{"embeddable":true,"href":"https:\/\/samhallsentreprenor.glokala.net\/she2\/wp-json\/wp\/v2\/comments?post=4880"}],"version-history":[{"count":1,"href":"https:\/\/samhallsentreprenor.glokala.net\/she2\/wp-json\/wp\/v2\/pages\/4880\/revisions"}],"predecessor-version":[{"id":4881,"href":"https:\/\/samhallsentreprenor.glokala.net\/she2\/wp-json\/wp\/v2\/pages\/4880\/revisions\/4881"}],"wp:attachment":[{"href":"https:\/\/samhallsentreprenor.glokala.net\/she2\/wp-json\/wp\/v2\/media?parent=4880"}],"curies":[{"name":"wp","href":"https:\/\/api.w.org\/{rel}","templated":true}]}}