{"id":50,"date":"2011-09-04T17:54:09","date_gmt":"2011-09-04T15:54:09","guid":{"rendered":"http:\/\/she2.glokala.se\/?page_id=50"},"modified":"2011-09-06T16:20:00","modified_gmt":"2011-09-06T14:20:00","slug":"5-sept","status":"publish","type":"page","link":"https:\/\/samhallsentreprenor.glokala.net\/she2\/5-sept\/","title":{"rendered":"5 sept"},"content":{"rendered":"<h4>Uppgift inf\u00f6r dagar i Malm\u00f6: Kursens planering<\/h4>\n<p><span style=\"text-decoration: underline;\">Deadline: 15 september.<\/span><\/p>\n<p>I gruppen &#8221;Kursens moduler&#8221; har vi presenterat fyra f\u00f6rslag p\u00e5 olika st\u00f6rre teman vi skulle kunna arbeta kring under kursen. Uppgiften fram till torsdag 15 september blir att l\u00e4sa f\u00f6rslagen och att l\u00e4gga in dina tankar. Vilka fr\u00e5gor ser du \u00e4r viktiga att unders\u00f6ka? T\u00e4nker du p\u00e5 n\u00e5gra exempel p\u00e5 verksamheter eller material vi skulle kunna anv\u00e4nda? Har du f\u00f6rslag p\u00e5 uppgifter att genomf\u00f6ra?<\/p>\n<p>L\u00e4gg in dina tankar genom att redigera wiki-sidorna eller genom att kommentera p\u00e5 de olika sidorna. Du kan ocks\u00e5 skapa nya wiki-sidor om du har f\u00f6rslag som du inte ser ryms inom de teman vi har skissat p\u00e5.<\/p>\n<p>Tidsramen f\u00f6r kursen under h\u00f6sten \u00e4r:<\/p>\n<p><em><span style=\"font-family: Times New Roman,serif;\">Modul 1: 29 aug &#8211; 6 nov<br \/>\nTr\u00e4ff i Malm\u00f6: 16-17 september<br \/>\n<\/span><\/em><\/p>\n<p><em><span style=\"font-family: Times New Roman,serif;\">Modul 2: 7 nov &#8211; 16 dec; 9 jan &#8211; 5 februari 2012<br \/>\nTr\u00e4ff i Malm\u00f6: 13 &#8211; 14 januari 2012<\/span><\/em><\/p>\n<p>Direktl\u00e4nk till wikis i &#8221;Kursens moduler&#8221;: <a href=\"http:\/\/samhallsentreprenor.glokala.net\/she2\/groups\/kursens-moduler\/wiki\/\">http:\/\/samhallsentreprenor.glokala.net\/she2\/groups\/kursens-moduler\/wiki\/<\/a><\/p>\n<h4>Att l\u00e4sa:<\/h4>\n<p>Att hacka ekonomin eller att samspela med marknad och offentlig sektor?<\/p>\n<ul>\n<li>Bengt Johannison skriver om den eventuella risken att bli kopierad och betydelsen av att etablera samarbeten i ett inl\u00e4gg om samh\u00e4llsentrepren\u00f6rskap. K\u00e4nner vi igen resonemanget om vi j\u00e4mf\u00f6r med andra exempel p\u00e5 verksamheter eller finns det andra bilder?<br \/>\n<a href=\"http:\/\/www.osinsweden.com\/okategoriserade\/otack-ar-samhallets-lon\" target=\"_blank\">&#8221;Otack \u00e4r samh\u00e4llets l\u00f6n&#8221; &#8211; l\u00e4nk<\/a><\/li>\n<\/ul>\n<ul>\n<li><em>&#8221;Vi \u00e4r i en position d\u00e4r det finns en risk att luften g\u00e5r ut de h\u00e4r begreppen om vi inte b\u00f6rjar prata om konkreta experiment att f\u00e5 ekonomin att fungera p\u00e5 ett annat s\u00e4tt, snarare \u00e4n att h\u00e5lla oss kvar vid fr\u00e5gan om det \u00e4r ok att f\u00f6rs\u00f6ka f\u00f6r\u00e4ndra v\u00e4rlden genom entrepren\u00f6rskap.&#8221; <\/em><br \/>\nKarl Palm\u00e5s intervjuades nyligen f\u00f6r samh\u00e4llsentrepren\u00f6r.se, aprop\u00e5 sin nya bok &#8221;Prometheus eller Narcissus? &#8211; Entrepren\u00f6ren som samh\u00e4llsomv\u00e4lvare&#8221;<br \/>\n<a href=\"http:\/\/www.samhallsentreprenor.se\/artiklar\/han-forskar-om-socialt-entreprenorskap\/\" target=\"_blank\">L\u00e4nk till intervjun<\/a><em><br \/>\n<\/em><\/li>\n<\/ul>\n<p>&nbsp;<\/p>\n<h4>Inspiration:<\/h4>\n<p><strong>Vad h\u00e4nde sedan&#8230; planka.nu<\/strong><\/p>\n<p>I juni 2010 hade vi bes\u00f6k i Malm\u00f6 av Anna Nyg\u00e5rd fr\u00e5n <a href=\"http:\/\/planka.nu\/\" target=\"_blank\">planka.nu<\/a> i Stockholm, som arbetar f\u00f6r en avgiftsfri kollektivtrafik. Nyligen har de firat 10 \u00e5r som initiativ, och DN:s f\u00f6rstasida online hade 31 augusti (f\u00f6rra veckan)\u00a0 deras nya kampanj som toppnyhet. &#8221;\u00c4r detta samh\u00e4llsentrepren\u00f6rskap?&#8221; var en fr\u00e5ga n\u00e4r Anna var p\u00e5 bes\u00f6k i Malm\u00f6. Entrepren\u00f6rskap som \u00e4r besv\u00e4rligt och provokativt, &#8221;unreasonable&#8221;, men med syftet att driva en politisk f\u00f6r\u00e4ndring? Vad tycker ni?<\/p>\n<p>Artikel i DN: <a href=\"http:\/\/www.dn.se\/sthlm\/plankningsskola-mot-sl-s-prishojningar\" target=\"_blank\">Plankningsskola mot SL:s prosh\u00f6jningar &#8211; l\u00e4nk<\/a><\/p>\n<p>F\u00f6rstasidan p\u00e5 dn.se 31 augusti 2011:<\/p>\n<p><a href=\"https:\/\/i0.wp.com\/samhallsentreprenor.glokala.net\/she2\/wp-content\/uploads\/2011\/09\/dn_planka.jpg\"><img data-recalc-dims=\"1\" loading=\"lazy\" decoding=\"async\" class=\"alignnone size-large wp-image-63\" title=\"dn_planka\" src=\"https:\/\/i0.wp.com\/samhallsentreprenor.glokala.net\/she2\/wp-content\/uploads\/2011\/09\/dn_planka-1024x515.jpg?resize=695%2C349\" alt=\"\" width=\"695\" height=\"349\" srcset=\"https:\/\/i0.wp.com\/samhallsentreprenor.glokala.net\/she2\/wp-content\/uploads\/2011\/09\/dn_planka.jpg?resize=1024%2C515&amp;ssl=1 1024w, https:\/\/i0.wp.com\/samhallsentreprenor.glokala.net\/she2\/wp-content\/uploads\/2011\/09\/dn_planka.jpg?resize=400%2C201&amp;ssl=1 400w, https:\/\/i0.wp.com\/samhallsentreprenor.glokala.net\/she2\/wp-content\/uploads\/2011\/09\/dn_planka.jpg?w=1124&amp;ssl=1 1124w\" sizes=\"auto, (max-width: 695px) 100vw, 695px\" \/><\/a><\/p>\n","protected":false},"excerpt":{"rendered":"<p>Uppgift inf\u00f6r dagar i Malm\u00f6: Kursens planering Deadline: 15 september. I gruppen &#8221;Kursens moduler&#8221; har vi presenterat fyra f\u00f6rslag p\u00e5 olika st\u00f6rre teman vi skulle kunna arbeta kring under kursen. Uppgiften fram till torsdag 15 september blir att l\u00e4sa f\u00f6rslagen och att l\u00e4gga in dina tankar. Vilka fr\u00e5gor ser du \u00e4r viktiga att unders\u00f6ka? T\u00e4nker [&hellip;]<\/p>\n","protected":false},"author":1001021,"featured_media":0,"parent":0,"menu_order":0,"comment_status":"open","ping_status":"open","template":"","meta":{"_bbp_topic_count":0,"_bbp_reply_count":0,"_bbp_total_topic_count":0,"_bbp_total_reply_count":0,"_bbp_voice_count":0,"_bbp_anonymous_reply_count":0,"_bbp_topic_count_hidden":0,"_bbp_reply_count_hidden":0,"_bbp_forum_subforum_count":0,"footnotes":""},"class_list":["post-50","page","type-page","status-publish","hentry"],"jetpack_sharing_enabled":true,"_links":{"self":[{"href":"https:\/\/samhallsentreprenor.glokala.net\/she2\/wp-json\/wp\/v2\/pages\/50","targetHints":{"allow":["GET"]}}],"collection":[{"href":"https:\/\/samhallsentreprenor.glokala.net\/she2\/wp-json\/wp\/v2\/pages"}],"about":[{"href":"https:\/\/samhallsentreprenor.glokala.net\/she2\/wp-json\/wp\/v2\/types\/page"}],"author":[{"embeddable":true,"href":"https:\/\/samhallsentreprenor.glokala.net\/she2\/wp-json\/wp\/v2\/users\/1001021"}],"replies":[{"embeddable":true,"href":"https:\/\/samhallsentreprenor.glokala.net\/she2\/wp-json\/wp\/v2\/comments?post=50"}],"version-history":[{"count":10,"href":"https:\/\/samhallsentreprenor.glokala.net\/she2\/wp-json\/wp\/v2\/pages\/50\/revisions"}],"predecessor-version":[{"id":74,"href":"https:\/\/samhallsentreprenor.glokala.net\/she2\/wp-json\/wp\/v2\/pages\/50\/revisions\/74"}],"wp:attachment":[{"href":"https:\/\/samhallsentreprenor.glokala.net\/she2\/wp-json\/wp\/v2\/media?parent=50"}],"curies":[{"name":"wp","href":"https:\/\/api.w.org\/{rel}","templated":true}]}}