{"id":510,"date":"2012-01-30T17:00:32","date_gmt":"2012-01-30T16:00:32","guid":{"rendered":"http:\/\/she2.glokala.se\/?page_id=510"},"modified":"2012-04-03T15:44:17","modified_gmt":"2012-04-03T13:44:17","slug":"30-januari","status":"publish","type":"page","link":"https:\/\/samhallsentreprenor.glokala.net\/she2\/30-januari\/","title":{"rendered":"30 januari"},"content":{"rendered":"<p>Hej,<\/p>\n<p>nu b\u00f6rjar bokv\u00e5ren och s\u00e5 h\u00e4r f\u00f6resl\u00e5r vi l\u00e4suppl\u00e4gget, vi har format grupper kring tv\u00e5 av b\u00f6ckerna:<\/p>\n<p><strong>1)<\/strong>\u00a0<em>Prometheus eller Narcissus? Entrepren\u00f6ren som samh\u00e4llsomv\u00e4lvare<\/em>.\u00a0Karl, Palm\u00e5s.<br \/>\nAdlibris: <a href=\"http:\/\/www.adlibris.com\/se\/product.aspx?isbn=9186923005\" target=\"_blank\">http:\/\/www.adlibris.com\/se\/<wbr>product.aspx?isbn=9186923005<\/wbr><\/a><br \/>\nPatrik<br \/>\nAlexandra<br \/>\nLars<br \/>\nHannah<strong><\/strong><\/p>\n<p><strong>2)\u00a0<\/strong><em>Social entrepreneurship \u2013 A skills approach.\u00a0<\/em>Robert Gunn, Christopher Durkin.<br \/>\nBokus: <a href=\"http:\/\/www.bokus.com\/bok\/9781847422897\/social-entrepreneurship\/\" target=\"_blank\">http:\/\/www.bokus.com\/bok\/<wbr>9781847422897\/social-<wbr>entrepreneurship\/<\/wbr><\/wbr><\/a><br \/>\nHebbe<br \/>\nEvelyne<br \/>\nSokol<br \/>\nAugust<\/p>\n<div>\n<div>Best\u00e4ll bok p\u00e5 en g\u00e5ng!<\/div>\n<div>Vi f\u00f6resl\u00e5r att vi delar upp l\u00e4sningen p\u00e5 ett antal tillf\u00e4llen d\u00e4r vi m\u00f6ts i respektive grupp f\u00f6r att diskutera det l\u00e4sta. Diskussionerna f\u00f6r vi via skypem\u00f6ten. F\u00f6r de som kan och vill finns det m\u00f6jlighet att komma till Glokala samma tider och skypa tillsammans med oss p\u00e5 plats.<\/div>\n<p>F\u00f6ljande tider \u00e4gnar vi \u00e5t boksamtal och \u00f6vriga kursmoment. Boka in redan nu! Mer info om varje tillf\u00e4lle kommer fram\u00f6ver.<\/p>\n<\/div>\n<p><strong>15\/2:\u00a0<\/strong>17.00 &#8211; 19.00<br \/>\n<em>L\u00e4sning: Palm\u00e5s: s.1-57, Gunn &amp; Durkin: s. 1 &#8211; 57<\/em><br \/>\n<em>Projektreflektion<\/em><\/p>\n<p><strong>7\/3: \u00a0 <\/strong>17.00 &#8211; 18.30<span style=\"color: #222222; font-family: arial,sans-serif;\"><em><br \/>\nV\u00e4rdera &amp; Kommunicera<\/em><\/span><strong><\/strong><\/p>\n<p><strong>28\/3:\u00a0<\/strong>17.00 &#8211; 19.00<em><br \/>\nL\u00e4sning: Palm\u00e5s: s. 58-106, Gunn &amp; Durkin: s. 59 &#8211; 111<\/em><\/p>\n<div>\n<p><strong>18\/4: \u00a0<\/strong>19.00 &#8211; 21.00<span style=\"color: #222222; font-family: arial,sans-serif;\"><em><br \/>\nL\u00e4sning: Palm\u00e5s: s.106-136,\u00a0<\/em><\/span><em>Gunn &amp; Durkin: s. 113 &#8211; 170<\/em><span style=\"color: #222222; font-family: arial,sans-serif;\"><br \/>\n<\/span><\/p>\n<\/div>\n<p>Uppgiften I<a href=\"..\/planering-modul-2\/\" target=\"_blank\">nternationella perspektiv<\/a> har inl\u00e4mning idag och h\u00e4r kommer en intressant artikel f\u00f6r diskussion, hur ser samh\u00e4llsentrepren\u00f6rskap ut i Kina? <a href=\"http:\/\/www.socialedge.org\/discussions\/social-entrepreneurship\/social-entrepreneurship-in-china\" target=\"_blank\">&#8221;Social Entrepreneurship in China&#8221;<\/a><\/p>\n<p>Trevlig l\u00e4sning!<\/p>\n<p>H\u00e4lsningar,<br \/>\nHannah och August<\/p>\n","protected":false},"excerpt":{"rendered":"<p>Hej, nu b\u00f6rjar bokv\u00e5ren och s\u00e5 h\u00e4r f\u00f6resl\u00e5r vi l\u00e4suppl\u00e4gget, vi har format grupper kring tv\u00e5 av b\u00f6ckerna: 1)\u00a0Prometheus eller Narcissus? Entrepren\u00f6ren som samh\u00e4llsomv\u00e4lvare.\u00a0Karl, Palm\u00e5s. Adlibris: http:\/\/www.adlibris.com\/se\/product.aspx?isbn=9186923005 Patrik Alexandra Lars Hannah 2)\u00a0Social entrepreneurship \u2013 A skills approach.\u00a0Robert Gunn, Christopher Durkin. Bokus: http:\/\/www.bokus.com\/bok\/9781847422897\/social-entrepreneurship\/ Hebbe Evelyne Sokol August Best\u00e4ll bok p\u00e5 en g\u00e5ng! Vi f\u00f6resl\u00e5r att vi [&hellip;]<\/p>\n","protected":false},"author":1001021,"featured_media":0,"parent":0,"menu_order":0,"comment_status":"open","ping_status":"open","template":"","meta":{"_bbp_topic_count":0,"_bbp_reply_count":0,"_bbp_total_topic_count":0,"_bbp_total_reply_count":0,"_bbp_voice_count":0,"_bbp_anonymous_reply_count":0,"_bbp_topic_count_hidden":0,"_bbp_reply_count_hidden":0,"_bbp_forum_subforum_count":0,"footnotes":""},"class_list":["post-510","page","type-page","status-publish","hentry"],"jetpack_sharing_enabled":true,"_links":{"self":[{"href":"https:\/\/samhallsentreprenor.glokala.net\/she2\/wp-json\/wp\/v2\/pages\/510","targetHints":{"allow":["GET"]}}],"collection":[{"href":"https:\/\/samhallsentreprenor.glokala.net\/she2\/wp-json\/wp\/v2\/pages"}],"about":[{"href":"https:\/\/samhallsentreprenor.glokala.net\/she2\/wp-json\/wp\/v2\/types\/page"}],"author":[{"embeddable":true,"href":"https:\/\/samhallsentreprenor.glokala.net\/she2\/wp-json\/wp\/v2\/users\/1001021"}],"replies":[{"embeddable":true,"href":"https:\/\/samhallsentreprenor.glokala.net\/she2\/wp-json\/wp\/v2\/comments?post=510"}],"version-history":[{"count":5,"href":"https:\/\/samhallsentreprenor.glokala.net\/she2\/wp-json\/wp\/v2\/pages\/510\/revisions"}],"predecessor-version":[{"id":514,"href":"https:\/\/samhallsentreprenor.glokala.net\/she2\/wp-json\/wp\/v2\/pages\/510\/revisions\/514"}],"wp:attachment":[{"href":"https:\/\/samhallsentreprenor.glokala.net\/she2\/wp-json\/wp\/v2\/media?parent=510"}],"curies":[{"name":"wp","href":"https:\/\/api.w.org\/{rel}","templated":true}]}}