{"id":5444,"date":"2017-09-22T15:23:12","date_gmt":"2017-09-22T13:23:12","guid":{"rendered":"http:\/\/samhallsentreprenor.glokala.net\/she2\/?page_id=5444"},"modified":"2017-09-22T15:23:12","modified_gmt":"2017-09-22T13:23:12","slug":"mitt-sammanhang","status":"publish","type":"page","link":"https:\/\/samhallsentreprenor.glokala.net\/she2\/mitt-sammanhang\/","title":{"rendered":"Mitt sammanhang"},"content":{"rendered":"<p><strong>25 september \u2013 12 november\u00a0<\/strong><\/p>\n<p>Modulen kommer att ha tv\u00e5 inl\u00e4mningsuppgifter.<\/p>\n<p><em>Denna modul ger m\u00f6jlighet att reflektera och studera det sammanhang som du befinner dig i med den id\u00e9 eller projekt du utvecklar. Vilken \u00e4r min drivkraft och vad \u00e4r mina n\u00e4sta steg? Vilken \u00e4r min intention?\u00a0Vilket n\u00e4tverk har jag tillg\u00e5ng till och hur kan jag ut\u00f6ka det? Vad beh\u00f6ver jag f\u00f6r specifik kunskap och kontakter f\u00f6r att utveckla mitt projekt? Vilken form \u00e4r den b\u00e4sta f\u00f6r mitt projekt? Hur kan jag f\u00e5 fler intresserade och involverade i mitt projekt eller f\u00f6r de fr\u00e5gor jag driver?\u00a0Vilka arbetsprocesser k\u00e4nns extra v\u00e4rdefulla f\u00f6r mig?<\/em><\/p>\n","protected":false},"excerpt":{"rendered":"<p>25 september \u2013 12 november\u00a0 Modulen kommer att ha tv\u00e5 inl\u00e4mningsuppgifter. Denna modul ger m\u00f6jlighet att reflektera och studera det sammanhang som du befinner dig i med den id\u00e9 eller projekt du utvecklar. Vilken \u00e4r min drivkraft och vad \u00e4r mina n\u00e4sta steg? Vilken \u00e4r min intention?\u00a0Vilket n\u00e4tverk har jag tillg\u00e5ng till och hur kan [&hellip;]<\/p>\n","protected":false},"author":1001020,"featured_media":0,"parent":0,"menu_order":0,"comment_status":"closed","ping_status":"closed","template":"","meta":{"_bbp_topic_count":0,"_bbp_reply_count":0,"_bbp_total_topic_count":0,"_bbp_total_reply_count":0,"_bbp_voice_count":0,"_bbp_anonymous_reply_count":0,"_bbp_topic_count_hidden":0,"_bbp_reply_count_hidden":0,"_bbp_forum_subforum_count":0,"footnotes":""},"class_list":["post-5444","page","type-page","status-publish","hentry"],"jetpack_sharing_enabled":true,"_links":{"self":[{"href":"https:\/\/samhallsentreprenor.glokala.net\/she2\/wp-json\/wp\/v2\/pages\/5444","targetHints":{"allow":["GET"]}}],"collection":[{"href":"https:\/\/samhallsentreprenor.glokala.net\/she2\/wp-json\/wp\/v2\/pages"}],"about":[{"href":"https:\/\/samhallsentreprenor.glokala.net\/she2\/wp-json\/wp\/v2\/types\/page"}],"author":[{"embeddable":true,"href":"https:\/\/samhallsentreprenor.glokala.net\/she2\/wp-json\/wp\/v2\/users\/1001020"}],"replies":[{"embeddable":true,"href":"https:\/\/samhallsentreprenor.glokala.net\/she2\/wp-json\/wp\/v2\/comments?post=5444"}],"version-history":[{"count":2,"href":"https:\/\/samhallsentreprenor.glokala.net\/she2\/wp-json\/wp\/v2\/pages\/5444\/revisions"}],"predecessor-version":[{"id":5446,"href":"https:\/\/samhallsentreprenor.glokala.net\/she2\/wp-json\/wp\/v2\/pages\/5444\/revisions\/5446"}],"wp:attachment":[{"href":"https:\/\/samhallsentreprenor.glokala.net\/she2\/wp-json\/wp\/v2\/media?parent=5444"}],"curies":[{"name":"wp","href":"https:\/\/api.w.org\/{rel}","templated":true}]}}