{"id":5550,"date":"2017-10-11T12:20:37","date_gmt":"2017-10-11T10:20:37","guid":{"rendered":"http:\/\/samhallsentreprenor.glokala.net\/she2\/?page_id=5550"},"modified":"2020-08-12T11:15:44","modified_gmt":"2020-08-12T09:15:44","slug":"coachande-samtal","status":"publish","type":"page","link":"https:\/\/samhallsentreprenor.glokala.net\/she2\/coachande-samtal\/","title":{"rendered":"Coachande samtal"},"content":{"rendered":"<p><em>Under kursen erbjuder vi m\u00f6jlighet till samtal cirka var sj\u00e4tte vecka med n\u00e5gon av oss pedagoger. Samtalen kan genomf\u00f6ras p\u00e5 telefon, online (Zoom eller annan tj\u00e4nst) eller live i Malm\u00f6, och vara upp till en timme. Vi kommer att h\u00f6ra av oss till dig f\u00f6r att kolla av intresset och boka in eventuell tid f\u00f6r ett f\u00f6rsta samtal.<\/em><\/p>\n<p><img data-recalc-dims=\"1\" loading=\"lazy\" decoding=\"async\" class=\"alignright size-medium wp-image-2193\" src=\"https:\/\/i0.wp.com\/samhallsentreprenor.glokala.net\/she2\/wp-content\/uploads\/2013\/10\/DSC_08541.jpg?resize=214%2C400&#038;ssl=1\" alt=\"\" width=\"214\" height=\"400\" srcset=\"https:\/\/i0.wp.com\/samhallsentreprenor.glokala.net\/she2\/wp-content\/uploads\/2013\/10\/DSC_08541.jpg?resize=214%2C400&amp;ssl=1 214w, https:\/\/i0.wp.com\/samhallsentreprenor.glokala.net\/she2\/wp-content\/uploads\/2013\/10\/DSC_08541.jpg?resize=549%2C1024&amp;ssl=1 549w, https:\/\/i0.wp.com\/samhallsentreprenor.glokala.net\/she2\/wp-content\/uploads\/2013\/10\/DSC_08541.jpg?w=1305&amp;ssl=1 1305w\" sizes=\"auto, (max-width: 214px) 100vw, 214px\" \/>Samtalen \u00e4r en m\u00f6jlighet f\u00f6r dig att reflektera kring var du befinner dig just nu och vilka n\u00e4sta steg du planerar i de projekt\/initiativ som du utvecklar. Samtalen kommer att utg\u00e5 fr\u00e5n det du upplever att du beh\u00f6ver st\u00f6d i. Det spelar ingen roll var du \u00e4r i processen, huvudsaken \u00e4r att du har en \u00f6nskan om att ta n\u00e4sta steg i din process, oavsett om det \u00e4r stort eller litet.<\/p>\n<p>Kanske har du fastnat n\u00e5gonstans, k\u00e4nner att tiden inte r\u00e4cker till eller att du inte hittar motivationen. Du kanske \u00f6nskar st\u00f6d i att hitta en struktur f\u00f6r ditt arbete i vardagen eller hur du kan ut\u00f6ka ditt n\u00e4tverk. Du kanske beh\u00f6ver konkreta tips och information kring en viss fr\u00e5ga. Du kan ocks\u00e5 v\u00e4lja att \u00e4gna samtalstiden \u00e5t att bli klarare \u00f6ver vad du \u00f6nskar i ett visst samarbete eller vilken m\u00e5lgrupp du vill n\u00e5. Eller s\u00e5 vet du inte riktigt vad du vill prata om, och d\u00e5 kan samtalstiden \u00e4gnas \u00e5t att &#8221;t\u00e4nka h\u00f6gt&#8221; och bolla och f\u00e5 feedback fr\u00e5n oss pedagoger.<\/p>\n<p>Oavsett varf\u00f6r du vill samtala &#8211; \u00a0ta en stund inf\u00f6r samtalet f\u00f6r att fundera \u00f6ver<em> var du befinner dig just nu, vad du upplever som utmaningar och vad du eventuellt vill \u00e4gna samtalstiden \u00e5t.<\/em><\/p>\n<p>S\u00e5 h\u00e4r kan det allts\u00e5 se ut:<\/p>\n<ul>\n<li>Ta en stund (5-20 min) f\u00f6r att fundera \u00f6ver vad du vill \u00e4gna samtalstiden \u00e5t. Skriv\/rita g\u00e4rna f\u00f6r din egen skull.<\/li>\n<li>Kommunicera eventuellt med pedagogen redan innan samtalet vad du vill prata om (inget krav).<\/li>\n<li>Samtal via telefon, Zoom eller eventuellt live i upp till 1 timme, enligt \u00f6verenskommelse.<\/li>\n<li>Kom ev \u00f6verens om en uppgift\/ditt n\u00e4sta steg att g\u00f6ra och n\u00e4r, OM DU vill och skulle uppleva det som ett st\u00f6d.<\/li>\n<li>Boka en ny tid f\u00f6r samtal<\/li>\n<\/ul>\n<p>Tveka inte att h\u00f6ra av dig om du har funderingar kring de coachande samtalen!<\/p>\n","protected":false},"excerpt":{"rendered":"<p>Under kursen erbjuder vi m\u00f6jlighet till samtal cirka var sj\u00e4tte vecka med n\u00e5gon av oss pedagoger. Samtalen kan genomf\u00f6ras p\u00e5 telefon, online (Zoom eller annan tj\u00e4nst) eller live i Malm\u00f6, och vara upp till en timme. Vi kommer att h\u00f6ra av oss till dig f\u00f6r att kolla av intresset och boka in eventuell tid f\u00f6r [&hellip;]<\/p>\n","protected":false},"author":1001020,"featured_media":0,"parent":0,"menu_order":0,"comment_status":"open","ping_status":"closed","template":"","meta":{"_bbp_topic_count":0,"_bbp_reply_count":0,"_bbp_total_topic_count":0,"_bbp_total_reply_count":0,"_bbp_voice_count":0,"_bbp_anonymous_reply_count":0,"_bbp_topic_count_hidden":0,"_bbp_reply_count_hidden":0,"_bbp_forum_subforum_count":0,"footnotes":""},"class_list":["post-5550","page","type-page","status-publish","hentry"],"jetpack_sharing_enabled":true,"_links":{"self":[{"href":"https:\/\/samhallsentreprenor.glokala.net\/she2\/wp-json\/wp\/v2\/pages\/5550","targetHints":{"allow":["GET"]}}],"collection":[{"href":"https:\/\/samhallsentreprenor.glokala.net\/she2\/wp-json\/wp\/v2\/pages"}],"about":[{"href":"https:\/\/samhallsentreprenor.glokala.net\/she2\/wp-json\/wp\/v2\/types\/page"}],"author":[{"embeddable":true,"href":"https:\/\/samhallsentreprenor.glokala.net\/she2\/wp-json\/wp\/v2\/users\/1001020"}],"replies":[{"embeddable":true,"href":"https:\/\/samhallsentreprenor.glokala.net\/she2\/wp-json\/wp\/v2\/comments?post=5550"}],"version-history":[{"count":8,"href":"https:\/\/samhallsentreprenor.glokala.net\/she2\/wp-json\/wp\/v2\/pages\/5550\/revisions"}],"predecessor-version":[{"id":7972,"href":"https:\/\/samhallsentreprenor.glokala.net\/she2\/wp-json\/wp\/v2\/pages\/5550\/revisions\/7972"}],"wp:attachment":[{"href":"https:\/\/samhallsentreprenor.glokala.net\/she2\/wp-json\/wp\/v2\/media?parent=5550"}],"curies":[{"name":"wp","href":"https:\/\/api.w.org\/{rel}","templated":true}]}}