{"id":5813,"date":"2018-01-17T12:12:44","date_gmt":"2018-01-17T11:12:44","guid":{"rendered":"http:\/\/samhallsentreprenor.glokala.net\/she2\/?page_id=5813"},"modified":"2018-01-17T12:24:08","modified_gmt":"2018-01-17T11:24:08","slug":"uppgift-arskompass","status":"publish","type":"page","link":"https:\/\/samhallsentreprenor.glokala.net\/she2\/uppgift-arskompass\/","title":{"rendered":"Uppgift -> \u00c5rskompass"},"content":{"rendered":"<p><img data-recalc-dims=\"1\" loading=\"lazy\" decoding=\"async\" class=\"alignright wp-image-4093\" src=\"https:\/\/i0.wp.com\/samhallsentreprenor.glokala.net\/she2\/wp-content\/uploads\/2016\/01\/Year-compass-logo.png?resize=196%2C196\" alt=\"Year compass logo\" width=\"196\" height=\"196\" srcset=\"https:\/\/i0.wp.com\/samhallsentreprenor.glokala.net\/she2\/wp-content\/uploads\/2016\/01\/Year-compass-logo.png?w=400&amp;ssl=1 400w, https:\/\/i0.wp.com\/samhallsentreprenor.glokala.net\/she2\/wp-content\/uploads\/2016\/01\/Year-compass-logo.png?resize=150%2C150&amp;ssl=1 150w\" sizes=\"auto, (max-width: 196px) 100vw, 196px\" \/>Inl\u00e4mning: 5 februari<\/p>\n<p>Vi har precis l\u00e4mnat 2017 och g\u00e5tt in i 2018. N\u00e4r kan det v\u00e4l vara ett b\u00e4ttre tillf\u00e4lle att dra l\u00e4rdomar ur det som varit och med det i f\u00e4rskt i minnet g\u00f6ra planer f\u00f6r det som komma skall? \ud83d\ude42<\/p>\n<p>Vad har jag gjort som gett mig energi och tagit mig mot mina m\u00e5l? Hur har jag spenderat min tid? Med vilka? Vad har jag l\u00e4rt mig och vad minns jag som viktigt? Och hur vill jag att mitt kommande \u00e5r ska se ut? Vad vill jag l\u00e4gga min tid och energi p\u00e5? Vad dr\u00f6mmer jag om? Vad vill jag utmana mig i? Vad vill jag l\u00e4ra mig?<\/p>\n<p>Uppgiften under blocket Inre Liv \u00e4r att reflektera \u00f6ver 2017 och planera 2018 med hj\u00e4lp av fr\u00e5geh\u00e4ftet \u00c5rskompassen. &#8221;YearCompass is a global movement that mobilises people to sort out their last year and plan their next year&#8221;. Kika in p\u00e5 <a href=\"http:\/\/yearcompass.com\/\" target=\"_blank\" rel=\"noopener\">YearCompass hemsida<\/a> om du vill veta mer om skaparna och om r\u00f6relsen kring YearCompass.<\/p>\n<p><strong>G\u00f6r s\u00e5 h\u00e4r:<br \/>\n<\/strong><br \/>\n&#8211; Se till att du har n\u00e5gra ost\u00f6rda timmar f\u00f6r att kunna jobba med \u00e5rskompassen (YearCompass rekommenderar 4 timmar men du best\u00e4mmer sj\u00e4lv hur mycket tid du vill l\u00e4gga och vilka delar\/fr\u00e5gor du vill fokusera p\u00e5. Jag (Annika) gjorde det i lugn takt p\u00e5 ca 2 timmar.)<\/p>\n<p>&#8211; Skriv ut den eller fyll i online h\u00e4r:\u00a0<a href=\"http:\/\/yearcompass.com\/\">http:\/\/yearcompass.com\/<\/a>\u00a0(H\u00e4ftet finns p\u00e5 svenska och flera andra spr\u00e5k.)<\/p>\n<p>&#8211; Efter att du fyllt i \u00e5rskompassen &#8211;&gt; skriv en kort reflektion om hur det var f\u00f6r dig att g\u00f6ra det. Uppt\u00e4ckte du n\u00e5got nytt om ditt \u00e5r, dig sj\u00e4lv, dina dr\u00f6mmar? Finns det n\u00e5gonting du vill g\u00f6ra annorlunda det kommande \u00e5ret j\u00e4mf\u00f6rt med f\u00f6rra? Vilka aspekter \u00e4r viktiga f\u00f6r dig att f\u00e5 plats med i din vardag det kommande \u00e5ret? Finns det rutiner och vanor du vill jobba p\u00e5 att f\u00e5 till?<\/p>\n<p>&#8211; Posta din reflektion i <a href=\"http:\/\/samhallsentreprenor.glokala.net\/she2\/groups\/kursforum-2017-2018\/forum\/topic\/uppgift-arskompassen-2\/#post-5821\"><span style=\"text-decoration: underline;\">den h\u00e4r <\/span><span style=\"text-decoration: underline;\">tr\u00e5den<\/span><span style=\"text-decoration: underline;\"> i forume<\/span><span style=\"text-decoration: underline;\">t<\/span><\/a>\u00a0senast den <strong>5\u00a0februari.<\/strong><\/p>\n<p>H\u00f6r g\u00e4rna av dig om du har fr\u00e5gor kring uppgiften!<br \/>\n\/Annika &amp; Lisa<\/p>\n","protected":false},"excerpt":{"rendered":"<p>Inl\u00e4mning: 5 februari Vi har precis l\u00e4mnat 2017 och g\u00e5tt in i 2018. N\u00e4r kan det v\u00e4l vara ett b\u00e4ttre tillf\u00e4lle att dra l\u00e4rdomar ur det som varit och med det i f\u00e4rskt i minnet g\u00f6ra planer f\u00f6r det som komma skall? \ud83d\ude42 Vad har jag gjort som gett mig energi och tagit mig mot [&hellip;]<\/p>\n","protected":false},"author":1001036,"featured_media":0,"parent":0,"menu_order":0,"comment_status":"closed","ping_status":"closed","template":"","meta":{"_bbp_topic_count":0,"_bbp_reply_count":0,"_bbp_total_topic_count":0,"_bbp_total_reply_count":0,"_bbp_voice_count":0,"_bbp_anonymous_reply_count":0,"_bbp_topic_count_hidden":0,"_bbp_reply_count_hidden":0,"_bbp_forum_subforum_count":0,"footnotes":""},"class_list":["post-5813","page","type-page","status-publish","hentry"],"jetpack_sharing_enabled":true,"_links":{"self":[{"href":"https:\/\/samhallsentreprenor.glokala.net\/she2\/wp-json\/wp\/v2\/pages\/5813","targetHints":{"allow":["GET"]}}],"collection":[{"href":"https:\/\/samhallsentreprenor.glokala.net\/she2\/wp-json\/wp\/v2\/pages"}],"about":[{"href":"https:\/\/samhallsentreprenor.glokala.net\/she2\/wp-json\/wp\/v2\/types\/page"}],"author":[{"embeddable":true,"href":"https:\/\/samhallsentreprenor.glokala.net\/she2\/wp-json\/wp\/v2\/users\/1001036"}],"replies":[{"embeddable":true,"href":"https:\/\/samhallsentreprenor.glokala.net\/she2\/wp-json\/wp\/v2\/comments?post=5813"}],"version-history":[{"count":3,"href":"https:\/\/samhallsentreprenor.glokala.net\/she2\/wp-json\/wp\/v2\/pages\/5813\/revisions"}],"predecessor-version":[{"id":6637,"href":"https:\/\/samhallsentreprenor.glokala.net\/she2\/wp-json\/wp\/v2\/pages\/5813\/revisions\/6637"}],"wp:attachment":[{"href":"https:\/\/samhallsentreprenor.glokala.net\/she2\/wp-json\/wp\/v2\/media?parent=5813"}],"curies":[{"name":"wp","href":"https:\/\/api.w.org\/{rel}","templated":true}]}}