{"id":586,"date":"2012-02-22T12:29:18","date_gmt":"2012-02-22T11:29:18","guid":{"rendered":"http:\/\/she2.glokala.se\/?page_id=586"},"modified":"2012-02-22T12:52:56","modified_gmt":"2012-02-22T11:52:56","slug":"planering-modul-3","status":"publish","type":"page","link":"https:\/\/samhallsentreprenor.glokala.net\/she2\/planering-modul-3\/","title":{"rendered":"Planering Modul 3"},"content":{"rendered":"<h2>Modul 3: V\u00e4rdera &amp; kommunicera<\/h2>\n<p>Hur kan samh\u00e4llsentrepren\u00f6rskapets vinster m\u00e4tas? Hur kan vi kommunicera effekterna till samarbetspartners, finansi\u00e4rer eller politiker? B\u00f6r vi ens v\u00e4rdera SHE? G\u00e5r alla v\u00e4rden att m\u00e4ta?<\/p>\n<p>Fr\u00e5gorna kan diskuteras b\u00e5de mer generellt och specifikt \u2013 hur g\u00f6r verksamheter f\u00f6r att f\u00f6rmedla den betydelse man har? Verktyg som Social Return On Investment (SROI) och sociala bokslut finns och anv\u00e4nds i viss utstr\u00e4ckning. Men att f\u00f6rmedla en verksamhets betydelse kan ta sig m\u00e5nga andra uttryck, och kommunikationen kanske beh\u00f6ver en stor dos kreativitet f\u00f6r att n\u00e5 fram?<\/p>\n<p><strong>Under modulen planerar vi tv\u00e5 fasta h\u00e5llpunkter:<\/strong><\/p>\n<h4>Skype-diskussion om temat 7 mars, 17:00 \u2013 19:00<\/h4>\n<p>Material och fr\u00e5gest\u00e4llningar att reflektera kring inf\u00f6r samtalet presenteras p\u00e5 m\u00e5ndag 27 februari.<\/p>\n<h4>Uppgift V) V\u00e4rdera &amp; kommunicera \u2013 exempel<\/h4>\n<p>G\u00f6r en intervju med en verksamhet\/projekt.<br \/>\nF\u00f6rslag till fr\u00e5gor: Hur arbetar de med att lyfta fram v\u00e4rdena, effekterna, som skapas? Hur kommunicerar de sin betydelse?<\/p>\n<p>Beskriv i text (ca 1 A4), ljud eller video.<br \/>\nInl\u00e4mning: 25 mars, i forumet f\u00f6r uppgiften, <a href=\"http:\/\/samhallsentreprenor.glokala.net\/she2\/groups\/v-vardera-kommunicera-%E2%80%93-exempel\/forum\/\" target=\"_blank\">http:\/\/samhallsentreprenor.glokala.net\/she2\/groups\/v-vardera-kommunicera-%E2%80%93-exempel\/forum\/<\/a> (du beh\u00f6ver vara inloggad)<br \/>\nDiskussion utifr\u00e5n exemplen i n\u00e4stkommande skype-samtal 28 mars!<\/p>\n","protected":false},"excerpt":{"rendered":"<p>Modul 3: V\u00e4rdera &amp; kommunicera Hur kan samh\u00e4llsentrepren\u00f6rskapets vinster m\u00e4tas? Hur kan vi kommunicera effekterna till samarbetspartners, finansi\u00e4rer eller politiker? B\u00f6r vi ens v\u00e4rdera SHE? G\u00e5r alla v\u00e4rden att m\u00e4ta? Fr\u00e5gorna kan diskuteras b\u00e5de mer generellt och specifikt \u2013 hur g\u00f6r verksamheter f\u00f6r att f\u00f6rmedla den betydelse man har? Verktyg som Social Return On Investment [&hellip;]<\/p>\n","protected":false},"author":1001021,"featured_media":0,"parent":0,"menu_order":0,"comment_status":"open","ping_status":"open","template":"","meta":{"_bbp_topic_count":0,"_bbp_reply_count":0,"_bbp_total_topic_count":0,"_bbp_total_reply_count":0,"_bbp_voice_count":0,"_bbp_anonymous_reply_count":0,"_bbp_topic_count_hidden":0,"_bbp_reply_count_hidden":0,"_bbp_forum_subforum_count":0,"footnotes":""},"class_list":["post-586","page","type-page","status-publish","hentry"],"jetpack_sharing_enabled":true,"_links":{"self":[{"href":"https:\/\/samhallsentreprenor.glokala.net\/she2\/wp-json\/wp\/v2\/pages\/586","targetHints":{"allow":["GET"]}}],"collection":[{"href":"https:\/\/samhallsentreprenor.glokala.net\/she2\/wp-json\/wp\/v2\/pages"}],"about":[{"href":"https:\/\/samhallsentreprenor.glokala.net\/she2\/wp-json\/wp\/v2\/types\/page"}],"author":[{"embeddable":true,"href":"https:\/\/samhallsentreprenor.glokala.net\/she2\/wp-json\/wp\/v2\/users\/1001021"}],"replies":[{"embeddable":true,"href":"https:\/\/samhallsentreprenor.glokala.net\/she2\/wp-json\/wp\/v2\/comments?post=586"}],"version-history":[{"count":3,"href":"https:\/\/samhallsentreprenor.glokala.net\/she2\/wp-json\/wp\/v2\/pages\/586\/revisions"}],"predecessor-version":[{"id":593,"href":"https:\/\/samhallsentreprenor.glokala.net\/she2\/wp-json\/wp\/v2\/pages\/586\/revisions\/593"}],"wp:attachment":[{"href":"https:\/\/samhallsentreprenor.glokala.net\/she2\/wp-json\/wp\/v2\/media?parent=586"}],"curies":[{"name":"wp","href":"https:\/\/api.w.org\/{rel}","templated":true}]}}