{"id":597,"date":"2012-02-27T13:25:20","date_gmt":"2012-02-27T12:25:20","guid":{"rendered":"http:\/\/she2.glokala.se\/?page_id=597"},"modified":"2012-02-28T22:46:25","modified_gmt":"2012-02-28T21:46:25","slug":"27-februari-diskussion","status":"publish","type":"page","link":"https:\/\/samhallsentreprenor.glokala.net\/she2\/27-februari-diskussion\/","title":{"rendered":"27 februari &#8211; diskussion"},"content":{"rendered":"<p>Tre utg\u00e5ngspunkter f\u00f6r skype-samtalet 7 mars &#8211; lyssna, se och reflektera! Vi tar med oss fr\u00e5gor och tankar till samtalet.<\/p>\n<h4><strong>Intervju med bist\u00e5ndsminister Gunilla Carlsson<\/strong><\/h4>\n<p><a href=\"http:\/\/sverigesradio.se\/sida\/artikel.aspx?programid=3071&amp;artikel=4917275&amp;play=3764219&amp;playtype=S%C3%A4ndning\">Denna intervju<\/a> \u00e4r fr\u00e5n Ekots l\u00f6rdagsintervju i p1 fr\u00e5n 11 februari 2012.<br \/>\nB\u00f6rja g\u00e4rna lyssna fr\u00e5n 08.07 \u2013 22.22 min.<\/p>\n<p>I samtalet diskuteras huruvida resultatm\u00e4tningen beh\u00f6ver ses \u00f6ver eller inte, och om den \u00e4r relevant s\u00e5 som den g\u00f6rs idag. Det intressanta med intervjun \u00e4r att Gunilla Carlsson f\u00f6r en tydlig argumentation\u00a0<em>f\u00f6r<\/em>\u00a0behovet m\u00e4tning och redovisning, s\u00e5 att faktiska f\u00f6r\u00e4ndringar kan visas och utv\u00e4rderas. D\u00e4rmed illusterar hon ganska v\u00e4l den ena sidan av m\u00e4t-debatten, s\u00e5 som jag uppfattar den. Den andra sidan brukar ofta framf\u00f6ra uppfattningen att vi ist\u00e4llet m\u00e5ste uppv\u00e4rdera det som inte g\u00e5r att m\u00e4ta (i reda siffror), till exempel p\u00e5verkansarbete. Detta leder d\u00e5, tv\u00e4rtemot Gunilla Carlssons \u00f6nskem\u00e5l, till ett fokus p\u00e5 implementering och genomf\u00f6rande ist\u00e4llet f\u00f6r resultatredovisning. Gunilla varnar h\u00e4r f\u00f6r en \u201cpratbubbla\u201d och en helt missanpassad bist\u00e5ndspolitik med n\u00e4rap\u00e5 neo-kolonialistiska tendenser om vi forts\u00e4tter med denna inst\u00e4llning och inte ser \u00f6ver \u00e5tg\u00e4rderna.<br \/>\n<em>H\u00e5ller ni med om att det g\u00e5r en tudelning h\u00e4r eller upplever ni andra, viktigare sp\u00e4nningar i debatten? Hur tar ni st\u00e4llning i fr\u00e5gan? Finns det fler argument som v\u00e4ger in?<\/em><\/p>\n<h4><strong>Intervju med Miguel Ganzo, JAK Medlemsbank<\/strong><\/h4>\n<p>Miguel ber\u00e4ttar i videointervjun om JAK-banken, hur intresset f\u00f6r banken utvecklas och om den politiska utvecklingen i Spanien det senaste \u00e5ret.<br \/>\nFr\u00e5n 9:00 st\u00e4lls en fr\u00e5ga om hur banken v\u00e4ljer vilka som f\u00e5r l\u00e5n.<em><br \/>\nHur ser du p\u00e5 bankens s\u00e4tt att v\u00e4rdera vilka initiativ som ska f\u00e5 l\u00e5n? Kan vi t\u00e4nka oss andra kriterier?<br \/>\n<\/em><br \/>\n<iframe loading=\"lazy\" src=\"http:\/\/player.vimeo.com\/video\/37488419?byline=0&amp;portrait=0\" frameborder=\"0\" width=\"500\" height=\"281\"><\/iframe><\/p>\n<h4><strong><em>&#8221;Anyone just stops to listen!&#8221; <\/em><br \/>\n<\/strong><\/h4>\n<p>Intervju med Jim Couch som jobbar med folkbildning i Afghanistan och hans erfarenhet av storytelling.<br \/>\n<em>Hur anv\u00e4nder vi ber\u00e4ttande och hur vill du utveckla ditt ber\u00e4ttande?<\/em><\/p>\n<p><iframe loading=\"lazy\" src=\"http:\/\/player.vimeo.com\/video\/24960376?byline=0&amp;portrait=0\" frameborder=\"0\" width=\"500\" height=\"281\"><\/iframe><\/p>\n","protected":false},"excerpt":{"rendered":"<p>Tre utg\u00e5ngspunkter f\u00f6r skype-samtalet 7 mars &#8211; lyssna, se och reflektera! Vi tar med oss fr\u00e5gor och tankar till samtalet. Intervju med bist\u00e5ndsminister Gunilla Carlsson Denna intervju \u00e4r fr\u00e5n Ekots l\u00f6rdagsintervju i p1 fr\u00e5n 11 februari 2012. B\u00f6rja g\u00e4rna lyssna fr\u00e5n 08.07 \u2013 22.22 min. I samtalet diskuteras huruvida resultatm\u00e4tningen beh\u00f6ver ses \u00f6ver eller inte, [&hellip;]<\/p>\n","protected":false},"author":1001021,"featured_media":0,"parent":0,"menu_order":0,"comment_status":"open","ping_status":"open","template":"","meta":{"_bbp_topic_count":0,"_bbp_reply_count":0,"_bbp_total_topic_count":0,"_bbp_total_reply_count":0,"_bbp_voice_count":0,"_bbp_anonymous_reply_count":0,"_bbp_topic_count_hidden":0,"_bbp_reply_count_hidden":0,"_bbp_forum_subforum_count":0,"footnotes":""},"class_list":["post-597","page","type-page","status-publish","hentry"],"jetpack_sharing_enabled":true,"_links":{"self":[{"href":"https:\/\/samhallsentreprenor.glokala.net\/she2\/wp-json\/wp\/v2\/pages\/597","targetHints":{"allow":["GET"]}}],"collection":[{"href":"https:\/\/samhallsentreprenor.glokala.net\/she2\/wp-json\/wp\/v2\/pages"}],"about":[{"href":"https:\/\/samhallsentreprenor.glokala.net\/she2\/wp-json\/wp\/v2\/types\/page"}],"author":[{"embeddable":true,"href":"https:\/\/samhallsentreprenor.glokala.net\/she2\/wp-json\/wp\/v2\/users\/1001021"}],"replies":[{"embeddable":true,"href":"https:\/\/samhallsentreprenor.glokala.net\/she2\/wp-json\/wp\/v2\/comments?post=597"}],"version-history":[{"count":8,"href":"https:\/\/samhallsentreprenor.glokala.net\/she2\/wp-json\/wp\/v2\/pages\/597\/revisions"}],"predecessor-version":[{"id":607,"href":"https:\/\/samhallsentreprenor.glokala.net\/she2\/wp-json\/wp\/v2\/pages\/597\/revisions\/607"}],"wp:attachment":[{"href":"https:\/\/samhallsentreprenor.glokala.net\/she2\/wp-json\/wp\/v2\/media?parent=597"}],"curies":[{"name":"wp","href":"https:\/\/api.w.org\/{rel}","templated":true}]}}