{"id":6189,"date":"2018-08-23T15:24:27","date_gmt":"2018-08-23T13:24:27","guid":{"rendered":"https:\/\/samhallsentreprenor.glokala.net\/she2\/?page_id=6189"},"modified":"2018-08-23T15:24:27","modified_gmt":"2018-08-23T13:24:27","slug":"uppstart-planering","status":"publish","type":"page","link":"https:\/\/samhallsentreprenor.glokala.net\/she2\/uppstart-planering\/","title":{"rendered":"UPPSTART &#038; PLANERING"},"content":{"rendered":"<h4><b>27 aug &#8211; 16 sept<\/b><\/h4>\n<p>Vi startar upp kursen och f\u00e5r koll p\u00e5 inneh\u00e5ll, form och uppl\u00e4gg f\u00f6r kursen. Helgen 15-16 september m\u00f6ts vi f\u00f6r kursens f\u00f6rsta tr\u00e4ff i Malm\u00f6.\u00a0Uppgifter: <em>Presentation<\/em> och <em>\u00c5rsplanering \u2013 f\u00f6rv\u00e4ntningar &amp; f\u00f6rslag<\/em>.<\/p>\n<p><img data-recalc-dims=\"1\" loading=\"lazy\" decoding=\"async\" class=\"size-medium wp-image-3825 aligncenter\" src=\"https:\/\/i0.wp.com\/samhallsentreprenor.glokala.net\/she2\/wp-content\/uploads\/2015\/10\/bild-Hannah-214x400.jpg?resize=214%2C400\" alt=\"\" width=\"214\" height=\"400\" \/><\/p>\n","protected":false},"excerpt":{"rendered":"<p>27 aug &#8211; 16 sept Vi startar upp kursen och f\u00e5r koll p\u00e5 inneh\u00e5ll, form och uppl\u00e4gg f\u00f6r kursen. Helgen 15-16 september m\u00f6ts vi f\u00f6r kursens f\u00f6rsta tr\u00e4ff i Malm\u00f6.\u00a0Uppgifter: Presentation och \u00c5rsplanering \u2013 f\u00f6rv\u00e4ntningar &amp; f\u00f6rslag.<\/p>\n","protected":false},"author":1001020,"featured_media":0,"parent":0,"menu_order":0,"comment_status":"closed","ping_status":"closed","template":"","meta":{"_bbp_topic_count":0,"_bbp_reply_count":0,"_bbp_total_topic_count":0,"_bbp_total_reply_count":0,"_bbp_voice_count":0,"_bbp_anonymous_reply_count":0,"_bbp_topic_count_hidden":0,"_bbp_reply_count_hidden":0,"_bbp_forum_subforum_count":0,"footnotes":""},"class_list":["post-6189","page","type-page","status-publish","hentry"],"jetpack_sharing_enabled":true,"_links":{"self":[{"href":"https:\/\/samhallsentreprenor.glokala.net\/she2\/wp-json\/wp\/v2\/pages\/6189","targetHints":{"allow":["GET"]}}],"collection":[{"href":"https:\/\/samhallsentreprenor.glokala.net\/she2\/wp-json\/wp\/v2\/pages"}],"about":[{"href":"https:\/\/samhallsentreprenor.glokala.net\/she2\/wp-json\/wp\/v2\/types\/page"}],"author":[{"embeddable":true,"href":"https:\/\/samhallsentreprenor.glokala.net\/she2\/wp-json\/wp\/v2\/users\/1001020"}],"replies":[{"embeddable":true,"href":"https:\/\/samhallsentreprenor.glokala.net\/she2\/wp-json\/wp\/v2\/comments?post=6189"}],"version-history":[{"count":1,"href":"https:\/\/samhallsentreprenor.glokala.net\/she2\/wp-json\/wp\/v2\/pages\/6189\/revisions"}],"predecessor-version":[{"id":6194,"href":"https:\/\/samhallsentreprenor.glokala.net\/she2\/wp-json\/wp\/v2\/pages\/6189\/revisions\/6194"}],"wp:attachment":[{"href":"https:\/\/samhallsentreprenor.glokala.net\/she2\/wp-json\/wp\/v2\/media?parent=6189"}],"curies":[{"name":"wp","href":"https:\/\/api.w.org\/{rel}","templated":true}]}}