{"id":619,"date":"2012-03-26T14:36:39","date_gmt":"2012-03-26T12:36:39","guid":{"rendered":"http:\/\/she2.glokala.se\/?page_id=619"},"modified":"2012-03-26T14:40:12","modified_gmt":"2012-03-26T12:40:12","slug":"26-mars-infor-skype","status":"publish","type":"page","link":"https:\/\/samhallsentreprenor.glokala.net\/she2\/26-mars-infor-skype\/","title":{"rendered":"26 mars &#8211; inf\u00f6r Skype"},"content":{"rendered":"<p>Hej!<\/p>\n<p><strong>Skype-samtal onsdag 28 mars<\/strong><br \/>\nTID: 19:00 &#8211; 21:00<br \/>\nKontakta August eller Hannah om vi inte redan har varandras skype-uppgifter eller s\u00f6k upp august p\u00e5 nilsson.august<\/p>\n<p><strong>Inf\u00f6r skype-samtalet:<\/strong><\/p>\n<p>Tiden som \u00e4r b\u00e4st utifr\u00e5n doodle-\u00f6versikten \u00e4r 19:00-21:00, vi k\u00f6r p\u00e5 det!<\/p>\n<p>Tanken \u00e4r att ha tv\u00e5 delar i samtalet p\u00e5 onsdag:<\/p>\n<ul>\n<li>F\u00f6rsta timmen ett fokus p\u00e5 att diskutera de uppgifter som har kommit in f\u00f6r V) V\u00e4rdera och kommunicera (exempel fr\u00e5n verksamheter och projekt). Och att \u00e4ven diskutera material vi l\u00e4nkar in h\u00e4r p\u00e5 temat.<\/li>\n<li>Andra timmen fokus p\u00e5 b\u00f6ckerna. Alexandra f\u00f6rbereder och mailar ut fr\u00e5gor kopplade till Palm\u00e5s bok, och Hebbe f\u00f6rbereder fr\u00e5gor f\u00f6r Gunn\/Durkin. L\u00e4sanvisningar inf\u00f6r onsdag \u00e4r:<br \/>\n<em>Palm\u00e5s: s. 58-106, Gunn &amp; Durkin: s. 59 \u2013 111<\/em><\/li>\n<\/ul>\n<p><strong>Material om m\u00e4tning och v\u00e4rdering<\/strong><\/p>\n<p><strong><a href=\"http:\/\/takesaspark.wordpress.com\/2011\/05\/08\/different-measures-of-success\/\">\u201dDifferent Measures of Success\u201d \u2013 l\u00e4nk<\/a><\/strong><br \/>\nBeh\u00f6ver vi verktyg f\u00f6r att m\u00e4ta framg\u00e5ngsrika initiativ och n\u00e5 bortom en magk\u00e4nsla av vad som \u00e4r mer\/mindre kraftfullt? Hur kan de is\u00e5fall se ut? Will Nicholson som \u00e4r aktiv i Oslo diskuterar detta i ett kort blogginl\u00e4gg.<br \/>\n<em>\u201dAnd I think this is key \u2013 many social enterprises and charities do great things, and they are driven forwards by the dedication of the founder and staff. However their approach can be difficult to scale if much of the work is often improvised and run on \u201cgut feeling\u201d. \u201dGut feeling\u201d is an unreasonable expectation for other people to be able to replicate \u2013 its too personal.\u201d<\/em><\/p>\n<p><strong><a href=\"http:\/\/www.socialedge.org\/discussions\/success-metrics\/archive\/2010\/09\/08\/nonprofit-analysis-beyond-metrics\" target=\"_blank\">Nonprofit Analysis: Beyond Metrics &#8211; l\u00e4nk<\/a><\/strong><br \/>\nDiskussion om m\u00e4tning\/v\u00e4rdering p\u00e5 socialedge. Ur ett donationsperspektiv &#8211; vad \u00e4r det b\u00e4sta s\u00e4ttet att veta om en organisation skapar effekt?<\/p>\n<p><strong>Tips i maj: Hur kan ideella organisationer m\u00f6ta krav p\u00e5 m\u00e4tbara resultat och evidensbaserat arbete?<\/strong><br \/>\nLund, 15 maj. Seminarium med Michael Austin. <a href=\"http:\/\/www.socialekonomiskane.se\/valkommen-till-en-spannande-traff-om-hur-ideella-organisationer-kan-mota-krav-pa-matbara-resultat-och-evidensbaserat-arbete\/\" target=\"_blank\">L\u00e4s mer!<\/a><\/p>\n<p>\/\/<\/p>\n<p><em>Inspiration<\/em><\/p>\n<h4>Intervju med Niklas Hill via Skype.<\/h4>\n<p>Niklas Hill \u00e4r samh\u00e4llsentrepren\u00f6r och driver Trinambai Consulting med bas i Stockholm. De genomf\u00f6rde 25 mars en utbildningsdag som de kallar <a href=\"http:\/\/www.trinambai.se\/projekt\/saljsamhallsforandring\" target=\"_blank\">\u201dS\u00e4lj samh\u00e4llsf\u00f6r\u00e4ndring\u201d<\/a>. Jag gjorde en intervju via skype i b\u00f6rjan av mars f\u00f6r steg 1, om utbildningen och n\u00e5gra av Niklas erfarenheter.<\/p>\n<p><iframe loading=\"lazy\" src=\"http:\/\/player.vimeo.com\/video\/38397489?byline=0&amp;portrait=0\" frameborder=\"0\" width=\"400\" height=\"225\"><\/iframe><\/p>\n","protected":false},"excerpt":{"rendered":"<p>Hej! Skype-samtal onsdag 28 mars TID: 19:00 &#8211; 21:00 Kontakta August eller Hannah om vi inte redan har varandras skype-uppgifter eller s\u00f6k upp august p\u00e5 nilsson.august Inf\u00f6r skype-samtalet: Tiden som \u00e4r b\u00e4st utifr\u00e5n doodle-\u00f6versikten \u00e4r 19:00-21:00, vi k\u00f6r p\u00e5 det! Tanken \u00e4r att ha tv\u00e5 delar i samtalet p\u00e5 onsdag: F\u00f6rsta timmen ett fokus p\u00e5 [&hellip;]<\/p>\n","protected":false},"author":1001021,"featured_media":0,"parent":0,"menu_order":0,"comment_status":"open","ping_status":"open","template":"","meta":{"_bbp_topic_count":0,"_bbp_reply_count":0,"_bbp_total_topic_count":0,"_bbp_total_reply_count":0,"_bbp_voice_count":0,"_bbp_anonymous_reply_count":0,"_bbp_topic_count_hidden":0,"_bbp_reply_count_hidden":0,"_bbp_forum_subforum_count":0,"footnotes":""},"class_list":["post-619","page","type-page","status-publish","hentry"],"jetpack_sharing_enabled":true,"_links":{"self":[{"href":"https:\/\/samhallsentreprenor.glokala.net\/she2\/wp-json\/wp\/v2\/pages\/619","targetHints":{"allow":["GET"]}}],"collection":[{"href":"https:\/\/samhallsentreprenor.glokala.net\/she2\/wp-json\/wp\/v2\/pages"}],"about":[{"href":"https:\/\/samhallsentreprenor.glokala.net\/she2\/wp-json\/wp\/v2\/types\/page"}],"author":[{"embeddable":true,"href":"https:\/\/samhallsentreprenor.glokala.net\/she2\/wp-json\/wp\/v2\/users\/1001021"}],"replies":[{"embeddable":true,"href":"https:\/\/samhallsentreprenor.glokala.net\/she2\/wp-json\/wp\/v2\/comments?post=619"}],"version-history":[{"count":2,"href":"https:\/\/samhallsentreprenor.glokala.net\/she2\/wp-json\/wp\/v2\/pages\/619\/revisions"}],"predecessor-version":[{"id":622,"href":"https:\/\/samhallsentreprenor.glokala.net\/she2\/wp-json\/wp\/v2\/pages\/619\/revisions\/622"}],"wp:attachment":[{"href":"https:\/\/samhallsentreprenor.glokala.net\/she2\/wp-json\/wp\/v2\/media?parent=619"}],"curies":[{"name":"wp","href":"https:\/\/api.w.org\/{rel}","templated":true}]}}