{"id":6231,"date":"2018-08-31T11:08:19","date_gmt":"2018-08-31T09:08:19","guid":{"rendered":"https:\/\/samhallsentreprenor.glokala.net\/she2\/?page_id=6231"},"modified":"2018-09-13T14:44:15","modified_gmt":"2018-09-13T12:44:15","slug":"kurstraff-i-malmo-15-16-september","status":"publish","type":"page","link":"https:\/\/samhallsentreprenor.glokala.net\/she2\/kurstraff-i-malmo-15-16-september\/","title":{"rendered":"Kurstr\u00e4ff i Malm\u00f6 15-16 september"},"content":{"rendered":"<p>V\u00e4lkommen till kursens f\u00f6rsta tr\u00e4ff! Delvis kommer vi att genomf\u00f6ra tr\u00e4ffen tillsammans med Glokalas distanskurs <a href=\"http:\/\/tankesmedjan.glokala.net\" target=\"_blank\" rel=\"noopener\">Glokala Tankesmedjan<\/a> som ocks\u00e5 har tr\u00e4ff samtidigt i Malm\u00f6.<br \/>\nVi kommer b\u00e5de ha tid att l\u00e4ra k\u00e4nna varandra, bolla de id\u00e9er ni har och g\u00f6ra n\u00e5gra inspirerande studiebes\u00f6k.<\/p>\n<p><strong>Tidsramar:<\/strong><br \/>\nL\u00f6rdag 15 sept 11:00 &#8211; 18:00<br \/>\nS\u00f6ndag 16 sept 09:00 &#8211; 15:00<\/p>\n<p><strong>Praktiskt<\/strong>:<br \/>\n\u2192 P\u00e5 l\u00f6rdagen bjuder vi p\u00e5 brunch och fika, och p\u00e5 s\u00f6ndagen bjuder vi p\u00e5 fika samt lunch.<br \/>\n\u2192 Resa till Malm\u00f6: F\u00f6r l\u00e4ngre resor ger vi ett st\u00f6d f\u00f6r kostnader upp till 750 kr, mot kvitto\/biljetter.<br \/>\n<strong>\u2192 Meddela din medverkan<\/strong> i tr\u00e4ffen till August senast 5 september. Meddela \u00e4ven om du inte kan komma.<br \/>\nSkriv om du har n\u00e5gra s\u00e4rskilda matpreferenser.<\/p>\n<p><strong>Medverkan via Skype<\/strong> \u2013 f\u00f6r den\/de som inte kan vara med p\u00e5 plats kopplar vi upp p\u00e5 skype f\u00f6ljande pass:<br \/>\n\u2013 L\u00f6rdag 13:30 &#8211; 15:30 Id\u00e9er i gruppen<br \/>\n\u2013 S\u00f6ndag 9:30 &#8211; 11.00 Kursplanering<strong><br \/>\n<\/strong><\/p>\n<h2>L\u00f6rdag 15 september<\/h2>\n<p>Samling i Glokalas lokaler <a href=\"http:\/\/glokala.se\/underverket\" target=\"_blank\" rel=\"noopener\">\u201dUnderverket\u201d<\/a>, ing\u00e5ng genom garagenedfart i korsningen Hasselgatan och Bokgatan. Karta: <a href=\"https:\/\/goo.gl\/maps\/3kiumpm6qDv\">https:\/\/goo.gl\/maps\/3kiumpm6qDv<\/a><\/p>\n<p><strong><img loading=\"lazy\" decoding=\"async\" class=\"alignright size-medium\" src=\"https:\/\/i1.wp.com\/tankesmedjan.glokala.net\/2018-2019\/wp-content\/uploads\/2018\/08\/Ska%CC%88rmavbild-2018-08-30-kl.-16.09.08.png?resize=249%2C400&amp;ssl=1\" width=\"249\" height=\"400\" \/><\/strong><strong>11:00 \u2013 12:00<\/strong> <strong>Vi \u00e4ter brunch gemensamt<\/strong>, tittar runt i Underverkets lokaler och l\u00e4r k\u00e4nna varandra (med Tankesmedjan)<\/p>\n<p><strong>12:00 \u2013 13:30<\/strong> <strong>Studiebes\u00f6k: <a href=\"https:\/\/www.facebook.com\/guldangen\/?__xts__[0]=68.ARCaX9K2GHnNmpFw2XWhks40nneb7s333b2J-THR2JQosP8Gl3_hV07llEX2dY1MUz_8ItC_DLAVe2FJaLLjBHdYYRDSaLfCPZa0eAcj6ZFGGoEawzxo2FvhbeJUlix81rc7EDA&amp;__tn__=HH-R\" target=\"_blank\" rel=\"noopener\">V\u00e4xtv\u00e4rket i Guld\u00e4ngen<\/a><\/strong> (med Tankesmedjan)<strong><br \/>\n<\/strong>H\u00e4r kan du <a href=\"http:\/\/www.skd.se\/2018\/06\/15\/barnen-far-bygga-och-snickra-pa-gullangen\/\" target=\"_blank\" rel=\"noopener\">l\u00e4sa en artikel<\/a> om Arvsfondsprojektet som <a href=\"http:\/\/www.vaxtvarket.se\/\" target=\"_blank\" rel=\"noopener\">f\u00f6reningen V\u00e4xtv\u00e4rket<\/a> driver med bygglekplatser. Vi m\u00f6ter Sara Stiber som \u00e4r en av initiativtagarna och projektledarna. Hur har de utformat projektet? Hur fungerar det att arbeta med st\u00f6d fr\u00e5n Arvsfonden?<\/p>\n<p><img data-recalc-dims=\"1\" loading=\"lazy\" decoding=\"async\" class=\"alignnone size-medium\" src=\"https:\/\/i0.wp.com\/www.vaxtvarket.se\/wp-content\/uploads\/2017\/09\/black.png?resize=189%2C142\" width=\"189\" height=\"142\" \/><\/p>\n<p><strong>13:30 \u2013 15:30 Id\u00e9er i gruppen (inklusive fika)<\/strong><br \/>\nPresentationer och gemensam feedback. Var g\u00e4rna f\u00f6rberedd p\u00e5 vilken id\u00e9 du vill beskriva och forts\u00e4tta arbeta med under \u00e5ret.<\/p>\n<p><strong>15:30 \u2013 17:00 Studiebes\u00f6k\u00a0p\u00e5 <a href=\"https:\/\/ensamkommandesforbund.se\/motesplats-otto\/\" target=\"_blank\" rel=\"noopener\">m\u00f6tesplats Otto<\/a><\/strong>\u00a0som \u00e4r Ensamkommandes f\u00f6rbunds sociala center och m\u00f6tesplats dit nyanl\u00e4nda ungdomar kan komma f\u00f6r att f\u00e5 st\u00f6d i sin asylprocess, f\u00e5 hj\u00e4lp med l\u00e4xor och delta i aktiviteter (med Tankesmedjan)<\/p>\n<p><strong>M\u00f6jlighet &#8211; valfritt: 18:00 Film <a href=\"http:\/\/www.panora.se\/events\/ada-mayor\" target=\"_blank\" rel=\"noopener\">&#8221;Ada for Mayor&#8221;<\/a><\/strong> p\u00e5 Panora (Friisgatan 19D)<br \/>\nDokument\u00e4r, 52 min.<br \/>\n&#8221;Filmen f\u00f6ljer Ada Colau under ett \u00e5r, fr\u00e5n tiden n\u00e4r hon organiserade kampen mot vr\u00e4kningarna i Barcelona till dagen hon valdes och svors in som stadens borgm\u00e4stare. Den personliga kr\u00f6nikan, som \u00e4ven visar Colaus egen videodagbok, ger ett privilegierat tilltr\u00e4de till det inre arbetet i en ny medborgarr\u00f6relse. Filmen skildrar en speciell resa d\u00e4r tv\u00e5 aktuella teman f\u00f6renas: en historisk seger som belyser den politiska f\u00f6r\u00e4ndringen i s\u00f6dra Europa och den inre kampen i en person som fruktar att bli n\u00e5got hon sj\u00e4lv s\u00e5 ofta har ifr\u00e5gasatt.&#8221;<\/p>\n<p>\/ fri kv\u00e4ll! \/<\/p>\n<h2>S\u00f6ndag 16 september<\/h2>\n<p>Samling i \u201dUnderverket\u201d, ing\u00e5ng genom garagenedfart i korsningen Hasselgatan och Bokgatan. Karta: <a href=\"https:\/\/goo.gl\/maps\/3kiumpm6qDv\">https:\/\/goo.gl\/maps\/3kiumpm6qDv<\/a><\/p>\n<p><strong>9:30 \u2013 11:00<\/strong>\u00a0<strong>Kursplanering<br \/>\n<\/strong>Gemensam bearbetning av planeringen och arbetsformerna f\u00f6r kurs\u00e5ret, utifr\u00e5n id\u00e9er och f\u00f6rslag fr\u00e5n er som deltagare.<strong><br \/>\n<\/strong><\/p>\n<p><strong>11:30-12:30 F\u00f6rflyttning &amp; lunch<\/strong><\/p>\n<p><strong>12:30 \u2013 14:30 Caroli park \u2013 inomhuspark\u00a0<\/strong>(med Tankesmedjan)<br \/>\nVi bes\u00f6ker <a href=\"https:\/\/carolipark.se\/\" target=\"_blank\" rel=\"noopener\">Caroli park<\/a>\u00a0som under tre veckor i september h\u00e5ller \u00f6ppet den gamla kyrkan Caroli som en inomhuspark.<\/p>\n<p><img data-recalc-dims=\"1\" loading=\"lazy\" decoding=\"async\" class=\"alignnone wp-image-6238\" src=\"https:\/\/i0.wp.com\/samhallsentreprenor.glokala.net\/she2\/wp-content\/uploads\/2018\/08\/caroli-park-event-1024x536.jpg?resize=701%2C367&#038;ssl=1\" alt=\"\" width=\"701\" height=\"367\" srcset=\"https:\/\/i0.wp.com\/samhallsentreprenor.glokala.net\/she2\/wp-content\/uploads\/2018\/08\/caroli-park-event.jpg?resize=1024%2C536&amp;ssl=1 1024w, https:\/\/i0.wp.com\/samhallsentreprenor.glokala.net\/she2\/wp-content\/uploads\/2018\/08\/caroli-park-event.jpg?resize=400%2C209&amp;ssl=1 400w, https:\/\/i0.wp.com\/samhallsentreprenor.glokala.net\/she2\/wp-content\/uploads\/2018\/08\/caroli-park-event.jpg?resize=768%2C402&amp;ssl=1 768w, https:\/\/i0.wp.com\/samhallsentreprenor.glokala.net\/she2\/wp-content\/uploads\/2018\/08\/caroli-park-event.jpg?resize=624%2C327&amp;ssl=1 624w, https:\/\/i0.wp.com\/samhallsentreprenor.glokala.net\/she2\/wp-content\/uploads\/2018\/08\/caroli-park-event.jpg?w=1200&amp;ssl=1 1200w\" sizes=\"auto, (max-width: 701px) 100vw, 701px\" \/><\/p>\n<p><strong>14:30 Check-out<br \/>\n<\/strong><\/p>\n<p><em>Slut f\u00f6r dagarna.<\/em><\/p>\n","protected":false},"excerpt":{"rendered":"<p>V\u00e4lkommen till kursens f\u00f6rsta tr\u00e4ff! Delvis kommer vi att genomf\u00f6ra tr\u00e4ffen tillsammans med Glokalas distanskurs Glokala Tankesmedjan som ocks\u00e5 har tr\u00e4ff samtidigt i Malm\u00f6. Vi kommer b\u00e5de ha tid att l\u00e4ra k\u00e4nna varandra, bolla de id\u00e9er ni har och g\u00f6ra n\u00e5gra inspirerande studiebes\u00f6k. Tidsramar: L\u00f6rdag 15 sept 11:00 &#8211; 18:00 S\u00f6ndag 16 sept 09:00 &#8211; [&hellip;]<\/p>\n","protected":false},"author":1001021,"featured_media":0,"parent":0,"menu_order":0,"comment_status":"open","ping_status":"closed","template":"","meta":{"_bbp_topic_count":0,"_bbp_reply_count":0,"_bbp_total_topic_count":0,"_bbp_total_reply_count":0,"_bbp_voice_count":0,"_bbp_anonymous_reply_count":0,"_bbp_topic_count_hidden":0,"_bbp_reply_count_hidden":0,"_bbp_forum_subforum_count":0,"footnotes":""},"class_list":["post-6231","page","type-page","status-publish","hentry"],"jetpack_sharing_enabled":true,"_links":{"self":[{"href":"https:\/\/samhallsentreprenor.glokala.net\/she2\/wp-json\/wp\/v2\/pages\/6231","targetHints":{"allow":["GET"]}}],"collection":[{"href":"https:\/\/samhallsentreprenor.glokala.net\/she2\/wp-json\/wp\/v2\/pages"}],"about":[{"href":"https:\/\/samhallsentreprenor.glokala.net\/she2\/wp-json\/wp\/v2\/types\/page"}],"author":[{"embeddable":true,"href":"https:\/\/samhallsentreprenor.glokala.net\/she2\/wp-json\/wp\/v2\/users\/1001021"}],"replies":[{"embeddable":true,"href":"https:\/\/samhallsentreprenor.glokala.net\/she2\/wp-json\/wp\/v2\/comments?post=6231"}],"version-history":[{"count":7,"href":"https:\/\/samhallsentreprenor.glokala.net\/she2\/wp-json\/wp\/v2\/pages\/6231\/revisions"}],"predecessor-version":[{"id":6306,"href":"https:\/\/samhallsentreprenor.glokala.net\/she2\/wp-json\/wp\/v2\/pages\/6231\/revisions\/6306"}],"wp:attachment":[{"href":"https:\/\/samhallsentreprenor.glokala.net\/she2\/wp-json\/wp\/v2\/media?parent=6231"}],"curies":[{"name":"wp","href":"https:\/\/api.w.org\/{rel}","templated":true}]}}