{"id":633,"date":"2012-04-17T22:11:33","date_gmt":"2012-04-17T20:11:33","guid":{"rendered":"http:\/\/she2.glokala.se\/?page_id=633"},"modified":"2012-04-23T13:31:50","modified_gmt":"2012-04-23T11:31:50","slug":"17-april-infor-skype","status":"publish","type":"page","link":"https:\/\/samhallsentreprenor.glokala.net\/she2\/planering-modul-3\/17-april-infor-skype\/","title":{"rendered":"17 April &#8211; inf\u00f6r skype"},"content":{"rendered":"<p><strong>Den 18 april har vi skype-tr\u00e4ff fr\u00e5n 19-21.\u00a0<\/strong><\/p>\n<p>Dels kommer vi att \u00e5terkoppla hur det g\u00e5r med v\u00e5ra projekt, dels forts\u00e4tta diskussionen kring b\u00f6ckerna.<\/p>\n<p>N\u00e5gra fr\u00e5gor kring Palm\u00e5s-boken har kommit in fr\u00e5n Lars, och fylls p\u00e5 av Alexandra under morgondagen:<\/p>\n<ol>\n<li>\u00c4r en anledning, att vissa &#8221;fenomen&#8221; som NordKorea, Berlusconi, sex o ondska, \u00e4r en bra grogrund f\u00f6r att lyckas med ett SHE-projekt?<\/li>\n<li>Finns det n\u00e5gra utm\u00e4rkande drag enl. Palm\u00e5s,\u00a0f\u00f6r att bli en lyckosam\u00a0entrepren\u00f6r, n\u00e5gra\u00a0speciella inslag i en m\u00e4nniskas personlighet, eller \u00e4r det mer\u00a0tillf\u00e4lligheter som styr? Str\u00e5lar som korsas p\u00e5 ett gynnsamt s\u00e4tt?<\/li>\n<\/ol>\n<p><strong>Fr\u00e5gor till case-kapitlen i Gunn\/Durkin (s 113 \u2013 166):<\/strong><\/p>\n<p>1) Vad stannar du upp vid i de fyra casen (UK, US, China, India)? \u00c4r det saker du k\u00e4nner igen eller saker som \u00e4r nya och \u00f6verraskande?<\/p>\n<p>2) I b\u00f6rjan av Kina-caset finns ett schema (sid 140) med en analys av l\u00e4get i Kina f\u00f6r samh\u00e4llsentrepren\u00f6rskap. De pekar p\u00e5 fyra symptom:<br \/>\n&#8211; \u201dMost people do not understand the concept of a for-profit business that aims to solve social ills\u201d<br \/>\n&#8211; \u201dPeople are unwilling to experiment with actually building a social enterprise\u201d<br \/>\n&#8211; \u201dCurrent examples of SE are primarily one time projects of for-profits that are trying to revamp their social image\u201d<br \/>\n&#8211; \u201dMany are attending workshops and trainings of SE, but few are following through to implement\u201d<br \/>\nHur st\u00e4mmer det \u00f6verens om vi j\u00e4mf\u00f6r med Sverige?<\/p>\n<p>3) I Indien-caset presenteras en modell f\u00f6r ekonomiskt samarbete mellan investerare, producenter och konsumenter (sid 160 \u2013 164), \u201dParticipative capitalism\u201d. Syftet \u00e4r som det uttrycks att koppla ihop akt\u00f6rer och lokalsamh\u00e4llen f\u00f6r att \u00f6verskott ska stanna inom ramen f\u00f6r samarbetet \u2013 och inte flyta ut p\u00e5 en diffus \u201dmarknad\u201d.<br \/>\nKan vi skapa en mer \u201dlokal\u201d ekonomi? Vilka \u00e4r m\u00f6jligheterna inom det kapitalistiska systemet?<\/p>\n<p><strong><br \/>\n<\/strong><\/p>\n","protected":false},"excerpt":{"rendered":"<p>Den 18 april har vi skype-tr\u00e4ff fr\u00e5n 19-21.\u00a0 Dels kommer vi att \u00e5terkoppla hur det g\u00e5r med v\u00e5ra projekt, dels forts\u00e4tta diskussionen kring b\u00f6ckerna. N\u00e5gra fr\u00e5gor kring Palm\u00e5s-boken har kommit in fr\u00e5n Lars, och fylls p\u00e5 av Alexandra under morgondagen: \u00c4r en anledning, att vissa &#8221;fenomen&#8221; som NordKorea, Berlusconi, sex o ondska, \u00e4r en bra [&hellip;]<\/p>\n","protected":false},"author":2,"featured_media":0,"parent":586,"menu_order":0,"comment_status":"open","ping_status":"open","template":"","meta":{"_bbp_topic_count":0,"_bbp_reply_count":0,"_bbp_total_topic_count":0,"_bbp_total_reply_count":0,"_bbp_voice_count":0,"_bbp_anonymous_reply_count":0,"_bbp_topic_count_hidden":0,"_bbp_reply_count_hidden":0,"_bbp_forum_subforum_count":0,"footnotes":""},"class_list":["post-633","page","type-page","status-publish","hentry"],"jetpack_sharing_enabled":true,"_links":{"self":[{"href":"https:\/\/samhallsentreprenor.glokala.net\/she2\/wp-json\/wp\/v2\/pages\/633","targetHints":{"allow":["GET"]}}],"collection":[{"href":"https:\/\/samhallsentreprenor.glokala.net\/she2\/wp-json\/wp\/v2\/pages"}],"about":[{"href":"https:\/\/samhallsentreprenor.glokala.net\/she2\/wp-json\/wp\/v2\/types\/page"}],"author":[{"embeddable":true,"href":"https:\/\/samhallsentreprenor.glokala.net\/she2\/wp-json\/wp\/v2\/users\/2"}],"replies":[{"embeddable":true,"href":"https:\/\/samhallsentreprenor.glokala.net\/she2\/wp-json\/wp\/v2\/comments?post=633"}],"version-history":[{"count":12,"href":"https:\/\/samhallsentreprenor.glokala.net\/she2\/wp-json\/wp\/v2\/pages\/633\/revisions"}],"predecessor-version":[{"id":655,"href":"https:\/\/samhallsentreprenor.glokala.net\/she2\/wp-json\/wp\/v2\/pages\/633\/revisions\/655"}],"up":[{"embeddable":true,"href":"https:\/\/samhallsentreprenor.glokala.net\/she2\/wp-json\/wp\/v2\/pages\/586"}],"wp:attachment":[{"href":"https:\/\/samhallsentreprenor.glokala.net\/she2\/wp-json\/wp\/v2\/media?parent=633"}],"curies":[{"name":"wp","href":"https:\/\/api.w.org\/{rel}","templated":true}]}}