{"id":6492,"date":"2018-11-01T10:15:33","date_gmt":"2018-11-01T09:15:33","guid":{"rendered":"https:\/\/samhallsentreprenor.glokala.net\/she2\/?page_id=6492"},"modified":"2019-03-25T12:56:41","modified_gmt":"2019-03-25T11:56:41","slug":"uppgifter-oversikt-2018-2019","status":"publish","type":"page","link":"https:\/\/samhallsentreprenor.glokala.net\/she2\/uppgifter-oversikt-2018-2019\/","title":{"rendered":"Uppgifter &#8211; \u00f6versikt 2018\/2019"},"content":{"rendered":"<p><em>\u00d6versikt f\u00f6r inl\u00e4mningsuppgifter 2018\/2019:<\/em><\/p>\n<h3>Uppstart<\/h3>\n<p><a href=\"https:\/\/samhallsentreprenor.glokala.net\/she2\/groups\/kursforum-2018-2019\/forum\/topic\/uppgift-presentation-av-kursdeltagare\/\" target=\"_blank\" rel=\"noopener noreferrer\"><strong>Presentation (personlig presentation)<\/strong><\/a><br \/>\nInl\u00e4mning: 7 september<\/p>\n<p><a href=\"https:\/\/samhallsentreprenor.glokala.net\/she2\/groups\/kursforum-2018-2019\/forum\/topic\/uppgift-kursplanering-forvantningar-forslag\/\"><strong>\u00c5rsplanering &#8211; f\u00f6rv\u00e4ntningar och f\u00f6rslag<\/strong><\/a><br \/>\nInl\u00e4mning: 12 september<\/p>\n<h3>Mitt sammanhang<\/h3>\n<p><strong><a href=\"https:\/\/samhallsentreprenor.glokala.net\/she2\/2018\/09\/uppgift-mitt-sammanhang-4\/\">Mitt sammanhang<\/a><\/strong><br \/>\nInl\u00e4mning: 7 oktober, <a href=\"https:\/\/samhallsentreprenor.glokala.net\/she2\/groups\/kursforum-2018-2019\/forum\/topic\/uppgift-mitt-sammanhang-4\/\">l\u00e4nk till kursforumet<\/a><\/p>\n<p><a href=\"https:\/\/samhallsentreprenor.glokala.net\/she2\/2018\/10\/tema-natverk-3\/\"><strong>N\u00e4tverkskarta<\/strong><\/a><br \/>\nInl\u00e4mning: 28 oktober, <a href=\"https:\/\/samhallsentreprenor.glokala.net\/she2\/groups\/kursforum-2018-2019\/forum\/topic\/uppgift-synliggor-ditt-personliga-natverk-i-en-natverkskarta\/\">l\u00e4nk till kursforumet<\/a><\/p>\n<h3>Ekonomi<\/h3>\n<p><a href=\"https:\/\/samhallsentreprenor.glokala.net\/she2\/2018\/11\/v-44-tema-uppgift-verksamhetsmodell\/\"><strong>Min verksamhetsmodell &#8211; skapa eller utveckla<\/strong><\/a><br \/>\nInl\u00e4mning: 9 december, <a href=\"https:\/\/samhallsentreprenor.glokala.net\/she2\/groups\/kursforum-2018-2019\/forum\/topic\/uppgift-min-verksamhetsmodell\/\">l\u00e4nk till kursforumet<\/a><\/p>\n<h3>L\u00f6pande uppgifter h\u00f6sten 2018<\/h3>\n<p><a href=\"https:\/\/samhallsentreprenor.glokala.net\/she2\/2018\/09\/boklasning-hosten-3\/\"><strong>Bokl\u00e4sning<\/strong><\/a><br \/>\nMeddela val av bok: Senast 5 oktober<br \/>\nInl\u00e4mning reflektion: 15 november, <a href=\"https:\/\/samhallsentreprenor.glokala.net\/she2\/groups\/kursforum-2018-2019\/forum\/topic\/uppgift-hostens-boklasning\/\">l\u00e4nk till kursforumet<\/a><br \/>\nOnline-samtal: 20 november kl 18:00-19:30<\/p>\n<p><a href=\"https:\/\/samhallsentreprenor.glokala.net\/she2\/2018\/09\/praktik\/\"><strong>Praktik<\/strong><\/a><br \/>\nMeddela praktikplats: Senast 15 oktober<br \/>\nGenomf\u00f6rs under oktober\/november.<br \/>\nInl\u00e4mning reflektion: 17 december, <a href=\"https:\/\/samhallsentreprenor.glokala.net\/she2\/groups\/kursforum-2018-2019\/forum\/topic\/uppgift-reflektion-praktik\/\">l\u00e4nk till kursforumet<\/a><\/p>\n<h3>Inre liv<\/h3>\n<p><a href=\"https:\/\/samhallsentreprenor.glokala.net\/she2\/2019\/01\/tema-uppgift-arskompass\/\"><strong>\u00c5rskompass<\/strong><\/a><br \/>\nInl\u00e4mning: 24 januari, <a href=\"https:\/\/samhallsentreprenor.glokala.net\/she2\/groups\/kursforum-2018-2019\/forum\/topic\/uppgift-arskompass-2\/\" target=\"_blank\" rel=\"noopener noreferrer\">l\u00e4nk till kursforumet<\/a><\/p>\n<h3>N\u00e5 ut<\/h3>\n<p><a href=\"https:\/\/samhallsentreprenor.glokala.net\/she2\/2019\/02\/v-6-na-ut-uppgift-pitcha\/\"><strong>Pitcha<\/strong><\/a><br \/>\nInl\u00e4mning: 25 februari, <a href=\"https:\/\/samhallsentreprenor.glokala.net\/she2\/groups\/kursforum-2018-2019\/forum\/topic\/uppgift-pitcha-presentera-iden\/\">l\u00e4nk till forumet<\/a><\/p>\n<p><strong><a href=\"https:\/\/samhallsentreprenor.glokala.net\/she2\/2019\/02\/inspiration-meme-kultur-uppgift-kommunicera\/\">Kommunicera &#8211; skapa material eller publiceringsplan<\/a><\/strong><br \/>\nInl\u00e4mning 21 mars, <a href=\"https:\/\/samhallsentreprenor.glokala.net\/she2\/groups\/kursforum-2018-2019\/forum\/topic\/uppgift-kommunicera-skapa-material-eller-publiceringsplan\/\" target=\"_blank\" rel=\"noopener noreferrer\">l\u00e4nk till kursforumet<\/a><\/p>\n<h3>Mitt sammanhang &amp; framtiden<\/h3>\n<p><a href=\"https:\/\/samhallsentreprenor.glokala.net\/she2\/2019\/03\/v-11-gemensam-lasning-vt-intryck-fran-larkonferens-med-social-innovation-skane\/\"><strong>Gemensam l\u00e4sning &#8211; utvalda texter<\/strong><\/a><br \/>\nOnlinesamtal 10 maj kl 12-13, via Zoom.<\/p>\n<p><a href=\"https:\/\/samhallsentreprenor.glokala.net\/she2\/2019\/03\/v-13-crowdfunding-som-verktyg-uppgift-mitt-sammanhang-nasta-steg\/\"><strong>Mitt sammanhang &#8211; n\u00e4sta steg<\/strong><\/a><br \/>\nInl\u00e4mning: 29 april, <a href=\"https:\/\/samhallsentreprenor.glokala.net\/she2\/groups\/kursforum-2018-2019\/forum\/topic\/uppgift-mitt-sammanhang-nasta-steg\/\" target=\"_blank\" rel=\"noopener noreferrer\">l\u00e4nk till kursforumet<\/a><\/p>\n","protected":false},"excerpt":{"rendered":"<p>\u00d6versikt f\u00f6r inl\u00e4mningsuppgifter 2018\/2019: Uppstart Presentation (personlig presentation) Inl\u00e4mning: 7 september \u00c5rsplanering &#8211; f\u00f6rv\u00e4ntningar och f\u00f6rslag Inl\u00e4mning: 12 september Mitt sammanhang Mitt sammanhang Inl\u00e4mning: 7 oktober, l\u00e4nk till kursforumet N\u00e4tverkskarta Inl\u00e4mning: 28 oktober, l\u00e4nk till kursforumet Ekonomi Min verksamhetsmodell &#8211; skapa eller utveckla Inl\u00e4mning: 9 december, l\u00e4nk till kursforumet L\u00f6pande uppgifter h\u00f6sten 2018 Bokl\u00e4sning Meddela [&hellip;]<\/p>\n","protected":false},"author":1001021,"featured_media":0,"parent":0,"menu_order":0,"comment_status":"open","ping_status":"closed","template":"","meta":{"_bbp_topic_count":0,"_bbp_reply_count":0,"_bbp_total_topic_count":0,"_bbp_total_reply_count":0,"_bbp_voice_count":0,"_bbp_anonymous_reply_count":0,"_bbp_topic_count_hidden":0,"_bbp_reply_count_hidden":0,"_bbp_forum_subforum_count":0,"footnotes":""},"class_list":["post-6492","page","type-page","status-publish","hentry"],"jetpack_sharing_enabled":true,"_links":{"self":[{"href":"https:\/\/samhallsentreprenor.glokala.net\/she2\/wp-json\/wp\/v2\/pages\/6492","targetHints":{"allow":["GET"]}}],"collection":[{"href":"https:\/\/samhallsentreprenor.glokala.net\/she2\/wp-json\/wp\/v2\/pages"}],"about":[{"href":"https:\/\/samhallsentreprenor.glokala.net\/she2\/wp-json\/wp\/v2\/types\/page"}],"author":[{"embeddable":true,"href":"https:\/\/samhallsentreprenor.glokala.net\/she2\/wp-json\/wp\/v2\/users\/1001021"}],"replies":[{"embeddable":true,"href":"https:\/\/samhallsentreprenor.glokala.net\/she2\/wp-json\/wp\/v2\/comments?post=6492"}],"version-history":[{"count":8,"href":"https:\/\/samhallsentreprenor.glokala.net\/she2\/wp-json\/wp\/v2\/pages\/6492\/revisions"}],"predecessor-version":[{"id":6829,"href":"https:\/\/samhallsentreprenor.glokala.net\/she2\/wp-json\/wp\/v2\/pages\/6492\/revisions\/6829"}],"wp:attachment":[{"href":"https:\/\/samhallsentreprenor.glokala.net\/she2\/wp-json\/wp\/v2\/media?parent=6492"}],"curies":[{"name":"wp","href":"https:\/\/api.w.org\/{rel}","templated":true}]}}