{"id":6506,"date":"2018-11-09T12:15:15","date_gmt":"2018-11-09T11:15:15","guid":{"rendered":"https:\/\/samhallsentreprenor.glokala.net\/she2\/?page_id=6506"},"modified":"2018-11-11T23:17:10","modified_gmt":"2018-11-11T22:17:10","slug":"finansiering-genom-projektbidrag-tips","status":"publish","type":"page","link":"https:\/\/samhallsentreprenor.glokala.net\/she2\/finansiering-genom-projektbidrag-tips\/","title":{"rendered":"Finansiering genom projektbidrag &#8211; tips"},"content":{"rendered":"<p class=\"p3\"><span class=\"s1\">Fler\u00a0arbeten \u00e4n n\u00e5gonsin tidigare finansieras idag genom projektmedel. Att jobba i projekt\u00a0inneb\u00e4r ofta otrygga och tillf\u00e4lliga arbetsvillkor men <img loading=\"lazy\" decoding=\"async\" class=\"wp-image-4829 alignleft\" src=\"https:\/\/i1.wp.com\/samhallsentreprenor.glokala.net\/she2\/wp-content\/uploads\/2016\/11\/Tyfon-bild.jpg?resize=208%2C208\" sizes=\"auto, (max-width: 208px) 100vw, 208px\" srcset=\"https:\/\/i1.wp.com\/samhallsentreprenor.glokala.net\/she2\/wp-content\/uploads\/2016\/11\/Tyfon-bild.jpg?w=300&amp;ssl=1 300w, https:\/\/i1.wp.com\/samhallsentreprenor.glokala.net\/she2\/wp-content\/uploads\/2016\/11\/Tyfon-bild.jpg?resize=150%2C150&amp;ssl=1 150w\" alt=\"tyfon-bild\" width=\"208\" height=\"208\" data-attachment-id=\"4829\" data-permalink=\"https:\/\/samhallsentreprenor.glokala.net\/she2\/2016\/11\/vagar-till-finansiering\/tyfon-bild\/\" data-orig-file=\"https:\/\/i1.wp.com\/samhallsentreprenor.glokala.net\/she2\/wp-content\/uploads\/2016\/11\/Tyfon-bild.jpg?fit=300%2C300&amp;ssl=1\" data-orig-size=\"300,300\" data-comments-opened=\"1\" data-image-meta=\"{&quot;aperture&quot;:&quot;0&quot;,&quot;credit&quot;:&quot;&quot;,&quot;camera&quot;:&quot;&quot;,&quot;caption&quot;:&quot;&quot;,&quot;created_timestamp&quot;:&quot;0&quot;,&quot;copyright&quot;:&quot;&quot;,&quot;focal_length&quot;:&quot;0&quot;,&quot;iso&quot;:&quot;0&quot;,&quot;shutter_speed&quot;:&quot;0&quot;,&quot;title&quot;:&quot;&quot;,&quot;orientation&quot;:&quot;0&quot;}\" data-image-title=\"tyfon-bild\" data-image-description=\"\" data-medium-file=\"https:\/\/i1.wp.com\/samhallsentreprenor.glokala.net\/she2\/wp-content\/uploads\/2016\/11\/Tyfon-bild.jpg?fit=300%2C300&amp;ssl=1\" data-large-file=\"https:\/\/i1.wp.com\/samhallsentreprenor.glokala.net\/she2\/wp-content\/uploads\/2016\/11\/Tyfon-bild.jpg?fit=300%2C300&amp;ssl=1\" \/>genererar \u00e4nd\u00e5 arbete till vissa. Projekt bedrivs inom forskningsomr\u00e5det, lanstingen, kommuner och i den ideella sektorn. Oftast \u00e4r det trender som styr vilka projektmedel som delas ut inom olika sektorer och d\u00e4rmed beh\u00f6ver en ha koll p\u00e5 vad som \u00e4r aktuellt just nu inom sitt omr\u00e5de.\u00a0<\/span><span class=\"s1\">H\u00e4r fokuserar vi p\u00e5 projektst\u00f6d inom den ideella sektorn.\u00a0<\/span><span class=\"s1\">Att ha en bra id\u00e9, och g\u00e4rna ocks\u00e5 ett l\u00e5ngt ideellt engagemang, \u00e4r ofta avg\u00f6rande f\u00f6r att f\u00e5 projektbidrag. Projektbidraget kan frig\u00f6ra\u00a0tid f\u00f6r \u00e4nnu mer engagemang och b\u00f6r \u00e4ven bidra till att behov som finns i samh\u00e4llet kan tillgodoses.\u00a0<\/span><\/p>\n<p class=\"p3\"><span class=\"s1\"><b>Innan en skickar in projektans\u00f6kan:<br \/>\n<\/b><\/span><span class=\"s1\">Det finns mycket att fundera p\u00e5 innan en s\u00f6ker projektmedel. H\u00e4r finns lite tankar och l\u00e4rdomar fr\u00e5n Fatuma som jobbade inom arvsfondsprojektet Tyfon i tre \u00e5r:<\/span><\/p>\n<ol>\n<li class=\"p3\"><span class=\"s1\">Kriterier f\u00f6r projektst\u00f6det. Det finns alltid kriterier f\u00f6r att s\u00f6ka just det projektst\u00f6det \u2013 kolla igenom dessa noggrant och h\u00e5ller er till dem. Var inte r\u00e4dd f\u00f6r att ta hj\u00e4lp av de som utlyser projektpengarna. Arvsfonden \u00e4r tex hj\u00e4lpsamma med v\u00e4gledning och st\u00f6ttning f\u00f6r att din projektid\u00e9 ska passa deras kriterier.<\/span><\/li>\n<li class=\"p3\"><span class=\"s1\">Huvudman f\u00f6r projektet. F\u00f6r att kunna s\u00f6ka projekt fr\u00e5n till exempel Allm\u00e4nna Arvsfonden beh\u00f6ver en ha en f\u00f6rening som varit registrerad i minst 2 \u00e5r. Har ni inte det kan ni kontakta en etablerad f\u00f6rening f\u00f6r att se om ni kan s\u00f6ka via den och att de d\u00e5 blir projekt\u00e4gare till ert projekt.\u00a0Fr\u00e5ga g\u00e4rna andra projekt som haft dem som huvudman om hur de tyckte samarbetet fungerade etc.<br \/>\n<\/span><\/li>\n<li class=\"p3\">Om ni v\u00e4ljer att samarbeta med en annan huvudman \u00e4n er egen f\u00f6rening: Vad vill ni kunna best\u00e4mma \u00f6ver i projektet? Vilka principer och v\u00e4rderingar \u00e4r viktiga f\u00f6r er? Hur ska samarbetet och arbetsf\u00f6rdelningen se ut mellan ditt projekt och huvudmannen? Vem best\u00e4mmer tex \u00f6ver anst\u00e4llningar i projektet? Vad kan ni bidra med till den befintliga verksamheten i f\u00f6reningen och vice versa? Prata igenom detta innan och skriv g\u00e4rna kontrakt.<\/li>\n<li class=\"p3\">Vilken \u00e4r m\u00e5lgruppen f\u00f6r projektet? Finns m\u00e5lgruppen med i ans\u00f6kningsprocessen? Vilken roll har de d\u00e4r? Fundera kring maktaspekter \u2013 vem \u00e4r du, vilka \u00e4r dom? Var sj\u00e4lvkritisk och fundera \u00f6ver drivkraften till ditt engagemang. Om m\u00e5lgruppen inte finns med i processen \u00e4nnu \u2013 hur skapar ni kontakt och f\u00e5r reda p\u00e5 vilka behov de har? Hur kan du vara ett st\u00f6d i att engagera m\u00e5lgruppen? Hur kan du ge plats f\u00f6r m\u00e5lgruppen att steppa in och sj\u00e4lva definiera behoven och metoderna? Fundera tillsammans p\u00e5 syftet, m\u00e5l och \u00f6nskat resultat av ert projekt.<\/li>\n<li class=\"p3\">Samarbeten \u00e4r v\u00e4ldigt viktiga inf\u00f6r en projektans\u00f6kan och projektstart. Se till att st\u00e4rka de samarbeten ni redan har och l\u00e4gg tid p\u00e5 att etablera fler som \u00e4r relevanta f\u00f6r ert projekt. Det \u00e4r b\u00e5de viktigt att visa p\u00e5 samarbeten f\u00f6r sj\u00e4lva ans\u00f6kan men s\u00e5klart \u00e4ven f\u00f6r att fr\u00e4mja att projektet blir etablerat, h\u00e5llbart och relevant f\u00f6r dess deltagare. Tyfons erfarenhet \u00e4r att samarbeten med andra akt\u00f6rer inom samma omr\u00e5de eller andra matchande omr\u00e5den \u00e4r helt avg\u00f6rande f\u00f6r att projektet ska bli framg\u00e5ngsrikt. Ett starkt n\u00e4tverk och samarbete hj\u00e4lper \u00e4ven deltagarna n\u00e4r projektst\u00f6det \u00e4r slut och verksamheten ska ta en ny form. Hur ser ni till att projektets resultat och dess deltagare tas vidare och f\u00e5ngas upp i strukturer som finns kvar efter projektets slut?<\/li>\n<\/ol>\n<p class=\"p3\"><span class=\"s1\"><b>Beviljad till projektmedel<br \/>\n<\/b><\/span><span class=\"s1\">Om ni blivit beviljade medel \u2013 Fira! ? Fundera sedan p\u00e5 hur ni vill organisera\u00a0ert arbete och vad ni ska prioritera. G\u00f6r en <img loading=\"lazy\" decoding=\"async\" class=\"alignright wp-image-4831\" src=\"https:\/\/i0.wp.com\/samhallsentreprenor.glokala.net\/she2\/wp-content\/uploads\/2016\/11\/bild-266x400.jpg?resize=203%2C305\" sizes=\"auto, (max-width: 203px) 100vw, 203px\" srcset=\"https:\/\/i0.wp.com\/samhallsentreprenor.glokala.net\/she2\/wp-content\/uploads\/2016\/11\/bild.jpg?resize=266%2C400&amp;ssl=1 266w, https:\/\/i0.wp.com\/samhallsentreprenor.glokala.net\/she2\/wp-content\/uploads\/2016\/11\/bild.jpg?resize=768%2C1154&amp;ssl=1 768w, https:\/\/i0.wp.com\/samhallsentreprenor.glokala.net\/she2\/wp-content\/uploads\/2016\/11\/bild.jpg?resize=682%2C1024&amp;ssl=1 682w, https:\/\/i0.wp.com\/samhallsentreprenor.glokala.net\/she2\/wp-content\/uploads\/2016\/11\/bild.jpg?resize=624%2C937&amp;ssl=1 624w, https:\/\/i0.wp.com\/samhallsentreprenor.glokala.net\/she2\/wp-content\/uploads\/2016\/11\/bild.jpg?resize=750%2C1127&amp;ssl=1 750w, https:\/\/i0.wp.com\/samhallsentreprenor.glokala.net\/she2\/wp-content\/uploads\/2016\/11\/bild.jpg?resize=1363%2C2048&amp;ssl=1 1363w, https:\/\/i0.wp.com\/samhallsentreprenor.glokala.net\/she2\/wp-content\/uploads\/2016\/11\/bild.jpg?w=1547&amp;ssl=1 1547w\" alt=\"teater som metod\" width=\"203\" height=\"305\" data-attachment-id=\"4831\" data-permalink=\"https:\/\/samhallsentreprenor.glokala.net\/she2\/2016\/11\/vagar-till-finansiering\/bild\/\" data-orig-file=\"https:\/\/i0.wp.com\/samhallsentreprenor.glokala.net\/she2\/wp-content\/uploads\/2016\/11\/bild.jpg?fit=1547%2C2324&amp;ssl=1\" data-orig-size=\"1547,2324\" data-comments-opened=\"1\" data-image-meta=\"{&quot;aperture&quot;:&quot;2.8&quot;,&quot;credit&quot;:&quot;&quot;,&quot;camera&quot;:&quot;iPhone 4&quot;,&quot;caption&quot;:&quot;&quot;,&quot;created_timestamp&quot;:&quot;1367253540&quot;,&quot;copyright&quot;:&quot;&quot;,&quot;focal_length&quot;:&quot;3.85&quot;,&quot;iso&quot;:&quot;125&quot;,&quot;shutter_speed&quot;:&quot;0.066666666666667&quot;,&quot;title&quot;:&quot;&quot;,&quot;orientation&quot;:&quot;1&quot;}\" data-image-title=\"teater som metod\" data-image-description=\"\" data-medium-file=\"https:\/\/i0.wp.com\/samhallsentreprenor.glokala.net\/she2\/wp-content\/uploads\/2016\/11\/bild.jpg?fit=266%2C400&amp;ssl=1\" data-large-file=\"https:\/\/i0.wp.com\/samhallsentreprenor.glokala.net\/she2\/wp-content\/uploads\/2016\/11\/bild.jpg?fit=682%2C1024&amp;ssl=1\" \/>plan utifr\u00e5n syfte och m\u00e5l. Dela g\u00e4rna in projektet i faser. \u00a0L\u00e4s projektans\u00f6kan\/projektbeskrivningen igen och \u00e5terkom till den med j\u00e4mna mellanrum under projektets g\u00e5ng f\u00f6r att h\u00e5lla den levande.<\/span><\/p>\n<p class=\"p3\">Vilka v\u00e4rderingar \u00e4r viktiga f\u00f6r er att f\u00f6rh\u00e5lla er till? Vilka utmaningar ser ni nu och hur vill ni jobba f\u00f6r att minska eller f\u00f6rst\u00e5 dem?\u00a0<span class=\"s1\">Vilket spr\u00e5k anv\u00e4nder ni, hur pratar ni om projektet, m\u00e5lgruppen eller de som deltar. Hur kan ni anv\u00e4nda spr\u00e5ket f\u00f6r att fr\u00e4mja och transformera till n\u00e5got kraftgivande?\u00a0<\/span><span class=\"s1\">Vilka f\u00f6r\u00e4ndringar och f\u00f6rb\u00e4ttringar vill ni att ert projekt ska generera i samh\u00e4llet?<\/span><\/p>\n<p class=\"p3\">Det \u00e4r bra att prata igenom mycket i b\u00f6rjan och vara grundad i projektid\u00e9n. MEN \u2013 v\u00e5ga ocks\u00e5 s\u00e4tta ig\u00e5ng. G\u00f6r n\u00e5got konkret. Testa. Bjud in. Utv\u00e4rdera sen, \u00e5terkom till projektbeskrivningen och revidera utifr\u00e5n era nya erfarenheter av att ha gjort.<\/p>\n<p class=\"p3\"><span class=\"s1\">H\u00e4r kan ni g\u00e4rna l\u00e4sa om hur <a href=\"https:\/\/www.scribd.com\/doc\/315252093\/TIllsammans-Gor-Vi-Politik-En-Bok-Av-Tyfon\" target=\"_blank\" rel=\"noopener\">Tyfon beskriver sina erfarenheter och l\u00e4rdomar<\/a> efter att bedrivit ett Arvsondsprojekt i tre \u00e5r. Det \u00e4r l\u00e4tt l\u00e4sning och ger lite insyn i hur det kan vara att driva ett projekt. Sid 2-11.<\/span><\/p>\n","protected":false},"excerpt":{"rendered":"<p>Fler\u00a0arbeten \u00e4n n\u00e5gonsin tidigare finansieras idag genom projektmedel. Att jobba i projekt\u00a0inneb\u00e4r ofta otrygga och tillf\u00e4lliga arbetsvillkor men genererar \u00e4nd\u00e5 arbete till vissa. Projekt bedrivs inom forskningsomr\u00e5det, lanstingen, kommuner och i den ideella sektorn. Oftast \u00e4r det trender som styr vilka projektmedel som delas ut inom olika sektorer och d\u00e4rmed beh\u00f6ver en ha koll p\u00e5 [&hellip;]<\/p>\n","protected":false},"author":1001021,"featured_media":0,"parent":0,"menu_order":0,"comment_status":"open","ping_status":"closed","template":"","meta":{"_bbp_topic_count":0,"_bbp_reply_count":0,"_bbp_total_topic_count":0,"_bbp_total_reply_count":0,"_bbp_voice_count":0,"_bbp_anonymous_reply_count":0,"_bbp_topic_count_hidden":0,"_bbp_reply_count_hidden":0,"_bbp_forum_subforum_count":0,"footnotes":""},"class_list":["post-6506","page","type-page","status-publish","hentry"],"jetpack_sharing_enabled":true,"_links":{"self":[{"href":"https:\/\/samhallsentreprenor.glokala.net\/she2\/wp-json\/wp\/v2\/pages\/6506","targetHints":{"allow":["GET"]}}],"collection":[{"href":"https:\/\/samhallsentreprenor.glokala.net\/she2\/wp-json\/wp\/v2\/pages"}],"about":[{"href":"https:\/\/samhallsentreprenor.glokala.net\/she2\/wp-json\/wp\/v2\/types\/page"}],"author":[{"embeddable":true,"href":"https:\/\/samhallsentreprenor.glokala.net\/she2\/wp-json\/wp\/v2\/users\/1001021"}],"replies":[{"embeddable":true,"href":"https:\/\/samhallsentreprenor.glokala.net\/she2\/wp-json\/wp\/v2\/comments?post=6506"}],"version-history":[{"count":1,"href":"https:\/\/samhallsentreprenor.glokala.net\/she2\/wp-json\/wp\/v2\/pages\/6506\/revisions"}],"predecessor-version":[{"id":6507,"href":"https:\/\/samhallsentreprenor.glokala.net\/she2\/wp-json\/wp\/v2\/pages\/6506\/revisions\/6507"}],"wp:attachment":[{"href":"https:\/\/samhallsentreprenor.glokala.net\/she2\/wp-json\/wp\/v2\/media?parent=6506"}],"curies":[{"name":"wp","href":"https:\/\/api.w.org\/{rel}","templated":true}]}}