{"id":662,"date":"2012-04-23T13:31:26","date_gmt":"2012-04-23T11:31:26","guid":{"rendered":"http:\/\/she2.glokala.se\/?page_id=662"},"modified":"2012-05-03T15:05:43","modified_gmt":"2012-05-03T13:05:43","slug":"23-april-infor-internatet","status":"publish","type":"page","link":"https:\/\/samhallsentreprenor.glokala.net\/she2\/planering-modul-3\/23-april-infor-internatet\/","title":{"rendered":"23 april &#8211; inf\u00f6r internatet"},"content":{"rendered":"<h1>Internat 6-7 maj i Malm\u00f6<\/h1>\n<p>Reseers\u00e4ttning: F\u00f6r l\u00e4ngre resor ger vi st\u00f6d upp till 500 kr.<\/p>\n<p>Boende: Ordnas p\u00e5 egen hand. H\u00f6r av dig om du beh\u00f6ver tips.<\/p>\n<h1 dir=\"ltr\">Program f\u00f6r dagarna<\/h1>\n<p><span style=\"font-size: small;\"><strong>6 maj, s\u00f6ndag<\/strong><br \/>\nVi m\u00f6ts p\u00e5 <span style=\"text-decoration: underline;\">Tryckeriet, Rolfsgatan 7b &#8211; Watch it!s kontor<\/span><br \/>\n12.00 &#8211; 13.00 Hej med mat. V\u00e4lkomna och intro till dagarna!<br \/>\n13.00 &#8211; 14.00 Boksamtal, med reflektioner om de tv\u00e5 b\u00f6ckerna vi har l\u00e4st.<br \/>\n&#8211; Paus med vandring till Galleri 21-<br \/>\n14.30 &#8211; 16.00 <a href=\"http:\/\/www.galleri21.com\/g21\/\" target=\"_blank\">Utst\u00e4llning p\u00e5 Galleri 21: Maiken Stene<\/a> &#8211; inside voice outside voice inside voice outside voice<br \/>\n&#8221;Gruven som kjempe; et Frankensteiniansk monster, der fabrikkbygningene er innvoller i et gigantisk ford\u00f8yelses-system, transportb\u00e5ndene blod\u00e5rer, tunnellene tarmer. \/&#8230;\/<br \/>\nInside voice outside voice er en utstilling som ved hjelp av maleri, 3D-maleri, video, musikk og objekter utforsker Industriens historie gjennom en personlig konfrontasjon med psykologiske demoner.&#8221;<br \/>\n16.00 &#8211; 18.00 Id\u00e9er i gruppen och direkt feedback. Tid f\u00f6r var och en att presentera utvecklingen i projekt\/initiativ.<br \/>\n18.00 &#8211; 19.00 Paus och ink\u00f6p av middagspicknick (vi bjuder)<br \/>\n19.00 &#8211; 21.00 <a href=\"http:\/\/www.victoria.se\/index.php?option=com_content&amp;view=article&amp;id=251%3A65-spraka-live-sousou-a-maher-cissoko&amp;catid=40%3Atop-headlines\">SPR\u00c5KA<\/a>:\u00a0Griot och tonerna i v\u00e4stafrikanskt ber\u00e4ttande<em>. Victoriateatern, S\u00f6dra F\u00f6rstadsgatan 18.<br \/>\n<\/em>Live: Sousou &amp; Maher Cissoko. Picknickf\u00f6rest\u00e4llning. <strong><\/strong><\/span><\/p>\n<p><span style=\"font-size: small;\"><strong>7 maj, m\u00e5ndag<\/strong><br \/>\nSamling vid Sofielunds Folkets Hus<br \/>\n9.00 &#8211; 10.30 Vakna med promenad och bes\u00f6k p\u00e5 Seved. 9.15 h\u00e4lsar vi p\u00e5 hos <a href=\"http:\/\/www.forortenicentrum.org\/\" target=\"_blank\">F\u00f6rorten i Centrum<\/a> som nyligen har \u00f6ppnat kontor i Seved. Vi kan ocks\u00e5 kika p\u00e5 utvecklingen med stadsodling.<br \/>\n10.30 &#8211; 12.00 Personlig karta &#8211; var \u00e4r vi och var \u00e4r vi p\u00e5 v\u00e4g?<br \/>\n12.00 &#8211; 13.00 Lunch<br \/>\n13.00 &#8211; 14.00 Utv\u00e4rdering av kursen<br \/>\n14.00 &#8211; 15.00 &#8212; sollapning, tedrickning, gr\u00e4smattestretching &#8212;<br \/>\n15.00 &#8211; 16.00 Sal 17, Sofielunds Folkets Hus<br \/>\n<span style=\"color: #993300;\"><span style=\"color: #800000;\">Inbjuden g\u00e4st<\/span>:<\/span> Jenny Larsson, som har gjort sin MFS-f\u00e4ltstudie i Bolivia, ber\u00e4ttar f\u00f6r oss om det sociala engagemanget i landet. Hon har s\u00e4rskilt f\u00f6rdjupat sig i bolivianska kvinnors politiska och organisatoriska deltagande i landets sociala och politiska f\u00f6r\u00e4ndringsprocess,\u00a0p\u00e5 gr\u00e4srotsniv\u00e5 och organiserat i kooperativ och associationer.<\/span><\/p>\n<p><span style=\"font-size: small;\">Hej d\u00e5!<br \/>\n<\/span><\/p>\n<p><strong><br \/>\nH\u00e4r finns h\u00e4r lite l\u00e4sning i den aktuella she-debatten.<\/strong><\/p>\n<div>\n<dl id=\"attachment_634\">\n<dt><a href=\"http:\/\/samhallsentreprenor.glokala.net\/she2\/planering-modul-3\/17-april-infor-skype\/picture-1-5\/\" rel=\"attachment wp-att-634\"><img data-recalc-dims=\"1\" loading=\"lazy\" decoding=\"async\" title=\"Picture 1\" src=\"https:\/\/i0.wp.com\/samhallsentreprenor.glokala.net\/she2\/wp-content\/uploads\/2012\/04\/Picture-1-400x238.png?resize=400%2C238\" alt=\"\" width=\"400\" height=\"238\" \/><\/a><\/dt>\n<dd>Dags att staten betalar tillbaka till sociala f\u00f6retag<\/dd>\n<\/dl>\n<\/div>\n<p>Annica Falk mfl,\u00a0projektledare SKOOPI, i Dagens Samh\u00e4lle 17 april 2012,<br \/>\n<a href=\"http:\/\/www.dagenssamhalle.se\/debatt\/dags-att-staten-betalar-tillbaka-till-sociala-foeretag-2464?vote=0#roster\">&#8221;Dags att staten betalar tillbaka till sociala f\u00f6retag&#8221;\u00a0<\/a><\/p>\n<p><a href=\"http:\/\/samhallsentreprenor.glokala.net\/she2\/planering-modul-3\/17-april-infor-skype\/picture-2-2\/\" rel=\"attachment wp-att-635\"><img data-recalc-dims=\"1\" loading=\"lazy\" decoding=\"async\" title=\"Picture 2\" src=\"https:\/\/i0.wp.com\/samhallsentreprenor.glokala.net\/she2\/wp-content\/uploads\/2012\/04\/Picture-2-150x150.png?resize=150%2C150\" alt=\"\" width=\"150\" height=\"150\" \/><\/a><a href=\"http:\/\/samhallsentreprenor.glokala.net\/she2\/planering-modul-3\/17-april-infor-skype\/picture-5\/\" rel=\"attachment wp-att-636\"><img data-recalc-dims=\"1\" loading=\"lazy\" decoding=\"async\" title=\"Picture 5\" src=\"https:\/\/i0.wp.com\/samhallsentreprenor.glokala.net\/she2\/wp-content\/uploads\/2012\/04\/Picture-5-400x117.png?resize=400%2C117\" alt=\"\" width=\"400\" height=\"117\" \/><\/a><\/p>\n<p>&nbsp;<\/p>\n<p>Sara Damber, chef f\u00f6r Playing for Change, i CSR i praktiken, 29 april 2012,<br \/>\n<a href=\"http:\/\/csripraktiken.se\/2012\/03\/29\/debatt-kalla-entreprenorerna-vad-ni-vill-men-de-forandrar-den-svenska-modellen\/\">Kalla entrepren\u00f6rerna vad ni vill&#8230;<\/a><\/p>\n<p><a href=\"http:\/\/samhallsentreprenor.glokala.net\/she2\/planering-modul-3\/17-april-infor-skype\/picture-6\/\" rel=\"attachment wp-att-637\"><img data-recalc-dims=\"1\" loading=\"lazy\" decoding=\"async\" title=\"Picture 6\" src=\"https:\/\/i0.wp.com\/samhallsentreprenor.glokala.net\/she2\/wp-content\/uploads\/2012\/04\/Picture-6-400x116.png?resize=400%2C116\" alt=\"\" width=\"400\" height=\"116\" \/><\/a><\/p>\n<p>Hanna Hallin, chef f\u00f6r tankesmedjan Sektor 3, i CSR i praktiken, 10 april 2012<br \/>\n<a href=\"http:\/\/csripraktiken.se\/2012\/04\/10\/hanna-hallin-riskkapital-behovs-for-att-bygga-starkt-samhalle\/\">Riskkapital beh\u00f6vs f\u00f6r att bygga starkt samh\u00e4lle\u00a0<\/a><\/p>\n<div><span style=\"font-size: xx-small;\"><strong style=\"font-family: Times;\"><span style=\"font-family: Arial; color: #222222; font-weight: normal; vertical-align: baseline; white-space: pre-wrap;\"><br \/>\n<\/span><\/strong><\/span><\/div>\n","protected":false},"excerpt":{"rendered":"<p>Internat 6-7 maj i Malm\u00f6 Reseers\u00e4ttning: F\u00f6r l\u00e4ngre resor ger vi st\u00f6d upp till 500 kr. Boende: Ordnas p\u00e5 egen hand. H\u00f6r av dig om du beh\u00f6ver tips. Program f\u00f6r dagarna 6 maj, s\u00f6ndag Vi m\u00f6ts p\u00e5 Tryckeriet, Rolfsgatan 7b &#8211; Watch it!s kontor 12.00 &#8211; 13.00 Hej med mat. V\u00e4lkomna och intro till dagarna! [&hellip;]<\/p>\n","protected":false},"author":2,"featured_media":0,"parent":586,"menu_order":0,"comment_status":"open","ping_status":"open","template":"","meta":{"_bbp_topic_count":0,"_bbp_reply_count":0,"_bbp_total_topic_count":0,"_bbp_total_reply_count":0,"_bbp_voice_count":0,"_bbp_anonymous_reply_count":0,"_bbp_topic_count_hidden":0,"_bbp_reply_count_hidden":0,"_bbp_forum_subforum_count":0,"footnotes":""},"class_list":["post-662","page","type-page","status-publish","hentry"],"jetpack_sharing_enabled":true,"_links":{"self":[{"href":"https:\/\/samhallsentreprenor.glokala.net\/she2\/wp-json\/wp\/v2\/pages\/662","targetHints":{"allow":["GET"]}}],"collection":[{"href":"https:\/\/samhallsentreprenor.glokala.net\/she2\/wp-json\/wp\/v2\/pages"}],"about":[{"href":"https:\/\/samhallsentreprenor.glokala.net\/she2\/wp-json\/wp\/v2\/types\/page"}],"author":[{"embeddable":true,"href":"https:\/\/samhallsentreprenor.glokala.net\/she2\/wp-json\/wp\/v2\/users\/2"}],"replies":[{"embeddable":true,"href":"https:\/\/samhallsentreprenor.glokala.net\/she2\/wp-json\/wp\/v2\/comments?post=662"}],"version-history":[{"count":23,"href":"https:\/\/samhallsentreprenor.glokala.net\/she2\/wp-json\/wp\/v2\/pages\/662\/revisions"}],"predecessor-version":[{"id":670,"href":"https:\/\/samhallsentreprenor.glokala.net\/she2\/wp-json\/wp\/v2\/pages\/662\/revisions\/670"}],"up":[{"embeddable":true,"href":"https:\/\/samhallsentreprenor.glokala.net\/she2\/wp-json\/wp\/v2\/pages\/586"}],"wp:attachment":[{"href":"https:\/\/samhallsentreprenor.glokala.net\/she2\/wp-json\/wp\/v2\/media?parent=662"}],"curies":[{"name":"wp","href":"https:\/\/api.w.org\/{rel}","templated":true}]}}