{"id":6856,"date":"2019-04-08T10:58:06","date_gmt":"2019-04-08T08:58:06","guid":{"rendered":"https:\/\/samhallsentreprenor.glokala.net\/she2\/?page_id=6856"},"modified":"2019-05-09T11:37:30","modified_gmt":"2019-05-09T09:37:30","slug":"kurstraff-3-4-maj-i-malmo","status":"publish","type":"page","link":"https:\/\/samhallsentreprenor.glokala.net\/she2\/kurstraff-3-4-maj-i-malmo\/","title":{"rendered":"Kurstr\u00e4ff 3-4 maj i Malm\u00f6"},"content":{"rendered":"<p><strong>L\u00e4s om intryck och se bilder h\u00e4r:<\/strong> <a href=\"https:\/\/samhallsentreprenor.glokala.net\/2018-2019\/inspiration\/bilder-intryck-3-4-maj\/\" target=\"_blank\" rel=\"noopener noreferrer\">https:\/\/samhallsentreprenor.glokala.net\/2018-2019\/inspiration\/bilder-intryck-3-4-maj\/<\/a><\/p>\n<hr \/>\n<p>V\u00e4lkommen till kursens tredje tr\u00e4ff!<\/p>\n<p>Vi m\u00f6ts tillsammans deltagare fr\u00e5n kurserna <a href=\"https:\/\/samhallsentreprenor.glokala.net\/2018-2019\/\" target=\"_blank\" rel=\"noopener noreferrer\">Samh\u00e4llsentrepren\u00f6r,<\/a> Samh\u00e4llsentrepren\u00f6r f\u00f6rdjupning och <a href=\"https:\/\/tankesmedjan.glokala.net\" target=\"_blank\" rel=\"noopener noreferrer\">Glokala Tankesmedjan<\/a>.<br \/>\nP\u00e5 fredagen g\u00e5r det bra att ansluta vid lunchen.<\/p>\n<p><strong>Tidsramar:<br \/>\n<\/strong><span style=\"text-decoration: underline;\">Fredag 3 maj<\/span><br \/>\n08:30 &#8211; 12:00 F\u00f6rmiddagsprogram om EU-valet och h\u00f6gerpopulism p\u00e5 Glokala<br \/>\n12:00 &#8211; 13:00 Lunch &#8211; gemensamt<br \/>\n13:00 &#8211; 18:00 Eftermiddagsprogram tillsammans med Glokala Tankesmedjan<br \/>\n<span style=\"text-decoration: underline;\">L\u00f6rdag 4 maj<br \/>\n<\/span>09:00 &#8211; 16:00 Program tillsammans med Glokala Tankesmedjan<\/p>\n<p><strong>Anm\u00e4l dig till kurstr\u00e4ffen<\/strong><br \/>\nMeddela oss din medverkan senast m\u00e5ndag 29 april, via formul\u00e4ret: <a href=\"https:\/\/forms.gle\/4piwERQ5zTdGS7929\" target=\"_blank\" rel=\"noopener noreferrer\">https:\/\/forms.gle\/4piwERQ5zTdGS7929<\/a><\/p>\n<p><strong>Resa till Malm\u00f6<\/strong><br \/>\nF\u00f6r l\u00e4ngre resor ger vi ett st\u00f6d f\u00f6r kostnader upp till 750 kr, mot inl\u00e4mning av kvitto\/biljetter.<\/p>\n<p><strong>Boende<\/strong><br \/>\nEtt alternativ till v\u00e4nner eller kontakter i Malm\u00f6 kan vara:<\/p>\n<ul>\n<li>Turistf\u00f6reningens vandrarhem i city: <a href=\"https:\/\/www.svenskaturistforeningen.se\/anlaggningar\/stf-malmo-city-vandrarhem\/\">https:\/\/www.svenskaturistforeningen.se\/anlaggningar\/stf-malmo-city-vandrarhem\/<\/a><\/li>\n<li>Teaterhotellet <a href=\"http:\/\/www.teaterhotellet.se\/\" target=\"_blank\" rel=\"noopener noreferrer\">http:\/\/www.teaterhotellet.se\/<\/a><\/li>\n<li>Rut och Ragnars vandrarhem <a href=\"http:\/\/www.rutochragnars.se\/\">http:\/\/www.rutochragnars.se\/<\/a><\/li>\n<li>H\u00f6r av dig om du beh\u00f6ver andra tips eller hj\u00e4lp med \u00f6vernattning.<\/li>\n<\/ul>\n<p><strong>Mat under dagarna<\/strong><br \/>\nVi bjuder p\u00e5 fika, men lunch st\u00e5r du sj\u00e4lv f\u00f6r.<\/p>\n<p><strong>Hitta hit<br \/>\n<\/strong>Fredagen startar i Glokalas lokaler i Sofielunds Folkets Hus. Karta: <a href=\"http:\/\/osm.org\/go\/0NcgVisu?m=&amp;way=76091703\" target=\"_blank\" rel=\"noopener noreferrer\">http:\/\/osm.org\/go\/0NcgVisu?m=&amp;way=76091703<\/a><\/p>\n<p>Fr\u00e5n Malm\u00f6 central g\u00e5r buss 32 som stannar n\u00e4ra, med h\u00e5llplats \u201dMalm\u00f6 Ystadsgatan\u201d.<br \/>\nFr\u00e5n station Triangeln g\u00e5r buss 35 med h\u00e5llplats \u201dMalm\u00f6 Rolfsgatan\u201d. F\u00f6r busstider se: <a href=\"http:\/\/www.skanetrafiken.se\/\" target=\"_blank\" rel=\"noreferrer noopener\">http:\/\/www.skanetrafiken.se\/<\/a><\/p>\n<p>::::::::::::::<\/p>\n<h2>Fredag 3 maj<\/h2>\n<p>Vi startar p\u00e5 Sofielunds folkets hus\/Glokala Folkh\u00f6gskolan: Rolfsgatan 16, karta <a href=\"https:\/\/goo.gl\/maps\/hX7zdMcNaSn\" target=\"_blank\" rel=\"noopener noreferrer\">https:\/\/goo.gl\/maps\/hX7zdMcNaSn<\/a><\/p>\n<figure style=\"width: 292px\" class=\"wp-caption alignright\"><img data-recalc-dims=\"1\" loading=\"lazy\" decoding=\"async\" src=\"https:\/\/i0.wp.com\/eu.vansterpartiet.se\/files\/2017\/02\/nazanin-fixad-1.jpg?resize=292%2C235\" alt=\"\" width=\"292\" height=\"235\" \/><figcaption class=\"wp-caption-text\">Nazanin Sepehri<\/figcaption><\/figure>\n<p><strong>8.30 &#8211; 12.00 Program kopplat till EU-valet 26 maj, tillsammans med Allm\u00e4n kurs p\u00e5 Glokala:<\/strong><\/p>\n<p>9.00 &#8211; 10.00 H\u00f6gerpopulismen i Europa fr\u00e5n 30-talet till idag. Historikern <a href=\"https:\/\/www.hist.lu.se\/person\/HansWallengren\" target=\"_blank\" rel=\"noopener noreferrer\">Hans Wallengren<\/a> f\u00f6rel\u00e4ser.<\/p>\n<p>10.20 &#8211; 11.50 EU-parlamentet och asylpolitiken i dagens Europa. Med Nazanin Sepehri, politisk r\u00e5dgivare med fokus p\u00e5 flyktingpolitiska fr\u00e5gor till EU-parlamentariker Malin Bj\u00f6rk (V\u00e4nsterpartiet).<\/p>\n<p><em>Det g\u00e5r bra att ansluta direkt vid lunchen.<\/em><\/p>\n<p><strong>12.10 Lunch p\u00e5 <a href=\"http:\/\/mittmollan.se\/\" target=\"_blank\" rel=\"noopener noreferrer\">Mitt m\u00f6llan<\/a><\/strong>, mattorg med flera restauranger. Du v\u00e4ljer och betalar sj\u00e4lv.<br \/>\nClaesgatan 8, Karta (<a href=\"https:\/\/goo.gl\/maps\/uFL9FPY9HBM2\" target=\"_blank\" rel=\"noopener noreferrer\">https:\/\/goo.gl\/maps\/uFL9FPY9HBM2<\/a>)<\/p>\n<p><strong>13.15 &#8211; 15.00 Studiebes\u00f6k, Botildenborg &amp; Stadsbruk<\/strong> &#8211; inkubator f\u00f6r stadsodling<br \/>\nV\u00e4stra Skr\u00e4vlinge Kyrkov\u00e4g 12, karta <a href=\"https:\/\/goo.gl\/maps\/t8C6VsyZoks\" target=\"_blank\" rel=\"noopener noreferrer\">https:\/\/goo.gl\/maps\/t8C6VsyZoks<\/a><br \/>\nBotildenborg \u00e4r en plats f\u00f6r m\u00f6ten och integration, ett \u00e4ldre hus som sedan n\u00e5gra \u00e5r renoveras av Xenofilia. L\u00e4s mer om de projekt de driver p\u00e5 <a href=\"http:\/\/botildenborg.se\/\">http:\/\/botildenborg.se\/<\/a><br \/>\nUnder studiebes\u00f6ket m\u00f6ter vi Saba Nazarian som \u00e4r odlingsledare inom Stadsbruk &#8211; inkubator f\u00f6r stadsodling, som s\u00e4rskilt kommer ber\u00e4tta om hur de utvecklar pedagogiska odlingar och st\u00f6d f\u00f6r nya stadsodlingsf\u00f6retag. <a href=\"http:\/\/stadsbruk.se\/\">http:\/\/stadsbruk.se\/<\/a><\/p>\n<p><img data-recalc-dims=\"1\" loading=\"lazy\" decoding=\"async\" class=\"alignnone size-large wp-image-6857\" src=\"https:\/\/i0.wp.com\/samhallsentreprenor.glokala.net\/she2\/wp-content\/uploads\/2019\/04\/stadsbruk_screen.jpg?resize=1024%2C511&#038;ssl=1\" alt=\"\" width=\"1024\" height=\"511\" srcset=\"https:\/\/i0.wp.com\/samhallsentreprenor.glokala.net\/she2\/wp-content\/uploads\/2019\/04\/stadsbruk_screen.jpg?resize=1024%2C511&amp;ssl=1 1024w, https:\/\/i0.wp.com\/samhallsentreprenor.glokala.net\/she2\/wp-content\/uploads\/2019\/04\/stadsbruk_screen.jpg?resize=400%2C200&amp;ssl=1 400w, https:\/\/i0.wp.com\/samhallsentreprenor.glokala.net\/she2\/wp-content\/uploads\/2019\/04\/stadsbruk_screen.jpg?resize=768%2C383&amp;ssl=1 768w, https:\/\/i0.wp.com\/samhallsentreprenor.glokala.net\/she2\/wp-content\/uploads\/2019\/04\/stadsbruk_screen.jpg?resize=624%2C311&amp;ssl=1 624w, https:\/\/i0.wp.com\/samhallsentreprenor.glokala.net\/she2\/wp-content\/uploads\/2019\/04\/stadsbruk_screen.jpg?resize=200%2C100&amp;ssl=1 200w, https:\/\/i0.wp.com\/samhallsentreprenor.glokala.net\/she2\/wp-content\/uploads\/2019\/04\/stadsbruk_screen.jpg?w=1411&amp;ssl=1 1411w\" sizes=\"auto, (max-width: 1000px) 100vw, 1000px\" \/><\/p>\n<p><strong>15.30-17.30 Klimatworkshop med <a href=\"https:\/\/www.vardagenscivilkurage.se\/\" target=\"_blank\" rel=\"noopener noreferrer\">Vardagens civilkurage<\/a><br \/>\n<\/strong>Tryckeriet: Rolfsgatan 7b, karta <a href=\"https:\/\/goo.gl\/maps\/ypPB6GgzNuD2\">https:\/\/goo.gl\/maps\/ypPB6GgzNuD2<\/a><\/p>\n<p><a href=\"https:\/\/www.facebook.com\/events\/313352909332802\/\" target=\"_blank\" rel=\"noopener noreferrer\"><img data-recalc-dims=\"1\" loading=\"lazy\" decoding=\"async\" class=\"alignnone size-medium wp-image-6906\" src=\"https:\/\/i0.wp.com\/samhallsentreprenor.glokala.net\/she2\/wp-content\/uploads\/2019\/05\/58113468_10157433798617189_5961515852112068608_o.jpg?resize=400%2C209&#038;ssl=1\" alt=\"\" width=\"400\" height=\"209\" srcset=\"https:\/\/i0.wp.com\/samhallsentreprenor.glokala.net\/she2\/wp-content\/uploads\/2019\/05\/58113468_10157433798617189_5961515852112068608_o.jpg?resize=400%2C209&amp;ssl=1 400w, https:\/\/i0.wp.com\/samhallsentreprenor.glokala.net\/she2\/wp-content\/uploads\/2019\/05\/58113468_10157433798617189_5961515852112068608_o.jpg?resize=768%2C402&amp;ssl=1 768w, https:\/\/i0.wp.com\/samhallsentreprenor.glokala.net\/she2\/wp-content\/uploads\/2019\/05\/58113468_10157433798617189_5961515852112068608_o.jpg?resize=1024%2C536&amp;ssl=1 1024w, https:\/\/i0.wp.com\/samhallsentreprenor.glokala.net\/she2\/wp-content\/uploads\/2019\/05\/58113468_10157433798617189_5961515852112068608_o.jpg?resize=624%2C326&amp;ssl=1 624w, https:\/\/i0.wp.com\/samhallsentreprenor.glokala.net\/she2\/wp-content\/uploads\/2019\/05\/58113468_10157433798617189_5961515852112068608_o.jpg?w=2048&amp;ssl=1 2048w\" sizes=\"auto, (max-width: 400px) 100vw, 400px\" \/><\/a><\/p>\n<p><a href=\"https:\/\/www.facebook.com\/events\/313352909332802\/\" target=\"_blank\" rel=\"noopener noreferrer\"><strong>Fridays for future AW: Agera f\u00f6r klimatet!<\/strong><\/a><\/p>\n<p>V\u00e4lkommen p\u00e5 klimatworkshop!<\/p>\n<p>Glokala Folkh\u00f6gskolan bjuder tillsammans med Extinction Rebellion och Vardagens Civilkurage in dig till klimatworkshop p\u00e5 Tryckeriet (Rolfsgatan 7B) den 3 maj kl 15.30-17.30!<\/p>\n<p>Vi \u00f6var p\u00e5 klimatsamtal och eko-civilkurage. Att delta \u00e4r gratis och inga f\u00f6rkunskaper kr\u00e4vs! Vi bjuder p\u00e5 frukt, choklad, kaffe och te!<\/p>\n<p><strong>17.30 Slut f\u00f6r dagen<\/strong><\/p>\n<h2>L\u00f6rdag 4 maj<\/h2>\n<p><strong>09.20 Samling<\/strong> vid Sofielunds Folkets Hus, Rolfsgatan 16, karta <a href=\"https:\/\/goo.gl\/maps\/hX7zdMcNaSn\" target=\"_blank\" rel=\"noopener noreferrer\">https:\/\/goo.gl\/maps\/hX7zdMcNaSn<\/a><br \/>\nPromenad till Kvarnby Folkh\u00f6gskolas lokaler i Gullvik, V\u00e4stra Hindbyv\u00e4gen 14, <a href=\"https:\/\/goo.gl\/maps\/FLb7wg6eh512\">https:\/\/goo.gl\/maps\/FLb7wg6eh512<\/a><\/p>\n<p>Vi deltar i delar av <a href=\"https:\/\/www.facebook.com\/events\/579902179193874\/\" target=\"_blank\" rel=\"noopener noreferrer\">&#8221;Malm\u00f6 European Forum&#8221;<\/a>, arrangerat av Jordens V\u00e4nner i samarbete med andra organisationer.<\/p>\n<p>Hela programmet:<\/p>\n<p><a href=\"https:\/\/i0.wp.com\/samhallsentreprenor.glokala.net\/she2\/wp-content\/uploads\/2019\/05\/58679333_2953712347979921_7943810097220681728_o.png?ssl=1\"><img data-recalc-dims=\"1\" loading=\"lazy\" decoding=\"async\" class=\"alignnone size-large wp-image-6907\" src=\"https:\/\/i0.wp.com\/samhallsentreprenor.glokala.net\/she2\/wp-content\/uploads\/2019\/05\/58679333_2953712347979921_7943810097220681728_o.png?resize=724%2C1024&#038;ssl=1\" alt=\"\" width=\"724\" height=\"1024\" srcset=\"https:\/\/i0.wp.com\/samhallsentreprenor.glokala.net\/she2\/wp-content\/uploads\/2019\/05\/58679333_2953712347979921_7943810097220681728_o.png?resize=724%2C1024&amp;ssl=1 724w, https:\/\/i0.wp.com\/samhallsentreprenor.glokala.net\/she2\/wp-content\/uploads\/2019\/05\/58679333_2953712347979921_7943810097220681728_o.png?resize=283%2C400&amp;ssl=1 283w, https:\/\/i0.wp.com\/samhallsentreprenor.glokala.net\/she2\/wp-content\/uploads\/2019\/05\/58679333_2953712347979921_7943810097220681728_o.png?resize=768%2C1086&amp;ssl=1 768w, https:\/\/i0.wp.com\/samhallsentreprenor.glokala.net\/she2\/wp-content\/uploads\/2019\/05\/58679333_2953712347979921_7943810097220681728_o.png?resize=624%2C883&amp;ssl=1 624w, https:\/\/i0.wp.com\/samhallsentreprenor.glokala.net\/she2\/wp-content\/uploads\/2019\/05\/58679333_2953712347979921_7943810097220681728_o.png?w=1448&amp;ssl=1 1448w\" sizes=\"auto, (max-width: 724px) 100vw, 724px\" \/><\/a><\/p>\n<p><strong>10.00 Invigning Malm\u00f6 European Forum<\/strong>, invigningsceremoni och presentation av m\u00f6tet<\/p>\n<p><strong>10.15 Inledande tal genom en dialog<\/strong> mellan en ung och en veteran-aktivist med milj\u00f6 och socialt engagemang<br \/>\n\u2013 Joaquim Belo, ordf\u00f6rande i de brasilianska gummitapparnas fackf\u00f6rening CNS<br \/>\n\u2013 Emmeline Werner, NOAH (Jordens V\u00e4nner Danmark) <a href=\"http:\/\/noah.dk\/\" target=\"_blank\" rel=\"noopener noreferrer\">http:\/\/noah.dk\/<\/a><\/p>\n<p><strong>11.00-12.15 <del>Workshop: Hur skapar vi samh\u00e4llsf\u00f6r\u00e4ndring?<\/del><\/strong><br \/>\n<strong>Parallella pass:<\/strong><\/p>\n<p>Stora salen: R\u00e4ttvis omst\u00e4llning av naturbruk, industri och gemensam v\u00e4lf\u00e4rd<\/p>\n<p>Mindre sal: Unite the movements!<\/p>\n<p>Mindre sal: Militarisering av norra Sverige<\/p>\n<p><strong>12.30 &#8211; 15.00 Lunch och samtal om i initiativ\/projekt i gruppen<\/strong><br \/>\nPresentation fr\u00e5n var och en, gemensam feedback. F\u00f6rbered g\u00e4rna fr\u00e5gor, saker du funderar \u00f6ver i din utveckling, som du g\u00e4rna vill f\u00e5 input p\u00e5.<\/p>\n<p><strong>15.30 Guidad visning i <a href=\"https:\/\/www.mkbfastighet.se\/greenhouse\" target=\"_blank\" rel=\"noopener noreferrer\">Greenhouse<\/a><\/strong>, Augustenborg<\/p>\n<p><em>16.00 Slut<\/em><\/p>\n","protected":false},"excerpt":{"rendered":"<p>L\u00e4s om intryck och se bilder h\u00e4r: https:\/\/samhallsentreprenor.glokala.net\/2018-2019\/inspiration\/bilder-intryck-3-4-maj\/ V\u00e4lkommen till kursens tredje tr\u00e4ff! Vi m\u00f6ts tillsammans deltagare fr\u00e5n kurserna Samh\u00e4llsentrepren\u00f6r, Samh\u00e4llsentrepren\u00f6r f\u00f6rdjupning och Glokala Tankesmedjan. P\u00e5 fredagen g\u00e5r det bra att ansluta vid lunchen. Tidsramar: Fredag 3 maj 08:30 &#8211; 12:00 F\u00f6rmiddagsprogram om EU-valet och h\u00f6gerpopulism p\u00e5 Glokala 12:00 &#8211; 13:00 Lunch &#8211; gemensamt 13:00 [&hellip;]<\/p>\n","protected":false},"author":1001021,"featured_media":0,"parent":0,"menu_order":0,"comment_status":"open","ping_status":"closed","template":"","meta":{"_bbp_topic_count":0,"_bbp_reply_count":0,"_bbp_total_topic_count":0,"_bbp_total_reply_count":0,"_bbp_voice_count":0,"_bbp_anonymous_reply_count":0,"_bbp_topic_count_hidden":0,"_bbp_reply_count_hidden":0,"_bbp_forum_subforum_count":0,"footnotes":""},"class_list":["post-6856","page","type-page","status-publish","hentry"],"jetpack_sharing_enabled":true,"_links":{"self":[{"href":"https:\/\/samhallsentreprenor.glokala.net\/she2\/wp-json\/wp\/v2\/pages\/6856","targetHints":{"allow":["GET"]}}],"collection":[{"href":"https:\/\/samhallsentreprenor.glokala.net\/she2\/wp-json\/wp\/v2\/pages"}],"about":[{"href":"https:\/\/samhallsentreprenor.glokala.net\/she2\/wp-json\/wp\/v2\/types\/page"}],"author":[{"embeddable":true,"href":"https:\/\/samhallsentreprenor.glokala.net\/she2\/wp-json\/wp\/v2\/users\/1001021"}],"replies":[{"embeddable":true,"href":"https:\/\/samhallsentreprenor.glokala.net\/she2\/wp-json\/wp\/v2\/comments?post=6856"}],"version-history":[{"count":4,"href":"https:\/\/samhallsentreprenor.glokala.net\/she2\/wp-json\/wp\/v2\/pages\/6856\/revisions"}],"predecessor-version":[{"id":6927,"href":"https:\/\/samhallsentreprenor.glokala.net\/she2\/wp-json\/wp\/v2\/pages\/6856\/revisions\/6927"}],"wp:attachment":[{"href":"https:\/\/samhallsentreprenor.glokala.net\/she2\/wp-json\/wp\/v2\/media?parent=6856"}],"curies":[{"name":"wp","href":"https:\/\/api.w.org\/{rel}","templated":true}]}}