{"id":7014,"date":"2019-08-26T09:23:22","date_gmt":"2019-08-26T07:23:22","guid":{"rendered":"https:\/\/samhallsentreprenor.glokala.net\/she2\/?page_id=7014"},"modified":"2020-04-03T15:26:47","modified_gmt":"2020-04-03T13:26:47","slug":"uppgifter-oversikt-2019-2020","status":"publish","type":"page","link":"https:\/\/samhallsentreprenor.glokala.net\/she2\/uppgifter-oversikt-2019-2020\/","title":{"rendered":"Uppgifter \u2013 \u00f6versikt 2019-2020"},"content":{"rendered":"<p><em>\u00d6versikt f\u00f6r inl\u00e4mningsuppgifter 2019-2020:<\/em><\/p>\n<h3>Tema\u00f6vergripande uppgifter:<\/h3>\n<p><a href=\"https:\/\/samhallsentreprenor.glokala.net\/she2\/2019\/09\/boklasning-under-hosten\/\" target=\"_blank\" rel=\"noopener noreferrer\">Bokl\u00e4sning<\/a><br \/>\nInl\u00e4mning av reflektion 17 november<\/p>\n<p><a href=\"https:\/\/samhallsentreprenor.glokala.net\/she2\/2019\/10\/praktik-2\/\" target=\"_blank\" rel=\"noopener noreferrer\">Praktikuppgift<\/a><br \/>\nInl\u00e4mning av reflektion 15 december<\/p>\n<p><a href=\"https:\/\/samhallsentreprenor.glokala.net\/she2\/2020\/03\/gemensam-lasning-under-varen-our-commons\/\">Gemensam l\u00e4sning under v\u00e5ren: Our Commons<\/a><br \/>\n16 mars &#8211; 29 april.<br \/>\nOnlinesamtal om l\u00e4sningen 29 april kl 11:00 \u2013 12:30.<br \/>\nF\u00f6r den som inte kan delta: Inl\u00e4mning av reflektion 27 april.<\/p>\n<h3>Uppstart<\/h3>\n<p><a href=\"https:\/\/samhallsentreprenor.glokala.net\/she2\/groups\/kursforum-2019-2020\/forum\/topic\/uppgift-din-presentation\/\" target=\"_blank\" rel=\"noopener noreferrer\">Uppgift: Din presentation<\/a><br \/>\nInl\u00e4mning 8 september<\/p>\n<p><a href=\"https:\/\/samhallsentreprenor.glokala.net\/she2\/groups\/kursforum-2019-2020\/forum\/topic\/uppgift-kursplanering-forvantningar-forslag-2\/\" target=\"_blank\" rel=\"noopener noreferrer\">Uppgift: Kursplanering, f\u00f6rv\u00e4ntningar och f\u00f6rslag<\/a><br \/>\nInl\u00e4mning 15 september<\/p>\n<h3>Mitt sammanhang<\/h3>\n<p>Uppgift: Mitt sammanhang: <a href=\"https:\/\/samhallsentreprenor.glokala.net\/she2\/uppgift-mitt-sammanhang\/\" target=\"_blank\" rel=\"noopener noreferrer\">Beskrivning<\/a> &amp; <a href=\"https:\/\/samhallsentreprenor.glokala.net\/she2\/groups\/kursforum-2019-2020\/forum\/topic\/uppgift-mitt-sammanhang-5\/\" target=\"_blank\" rel=\"noopener noreferrer\">Inl\u00e4mning i forum<\/a><br \/>\nInl\u00e4mning 10 oktober<\/p>\n<p><a href=\"https:\/\/samhallsentreprenor.glokala.net\/she2\/groups\/kursforum-2019-2020\/forum\/topic\/uppgift-mitt-natverk\/#post-7378\" target=\"_blank\" rel=\"noopener noreferrer\">Uppgift: Mitt n\u00e4tverk<\/a><br \/>\nInl\u00e4mning 3 november<\/p>\n<h3>Ekonomi och resurser<\/h3>\n<p><a href=\"https:\/\/samhallsentreprenor.glokala.net\/she2\/groups\/kursforum-2019-2020\/forum\/topic\/uppgift-min-verksamhetsmodell-skapa-eller-utveckla\/#post-7438\" target=\"_blank\" rel=\"noopener noreferrer\">Uppgift: Min verksamhetsmodell \u2013 skapa eller utveckla<\/a><br \/>\nInl\u00e4mning 1 dec<\/p>\n<h3>Inre liv<\/h3>\n<p><a href=\"https:\/\/samhallsentreprenor.glokala.net\/she2\/2020\/01\/v-2-tema-och-uppgift-arskompass\/\">\u00c5rskompass<\/a><br \/>\nInl\u00e4mning: 24 januari<\/p>\n<h3>N\u00e5 ut<\/h3>\n<p><a href=\"https:\/\/samhallsentreprenor.glokala.net\/she2\/2020\/02\/v-7-na-ut-uppgift-pitcha\/\">Pitcha &#8211; presentera id\u00e9n<\/a><br \/>\nInl\u00e4mning: 2 mars<\/p>\n<p><a href=\"https:\/\/samhallsentreprenor.glokala.net\/she2\/2020\/03\/uppgift-kommunicera-skapa-material-eller-publiceringsplan\/\">Kommunicera \u2013 skapa material eller publiceringsplan<\/a><br \/>\nInl\u00e4mning: 30 mars<\/p>\n<h3>Mitt sammanhang &amp; framtiden<\/h3>\n<p><a href=\"https:\/\/samhallsentreprenor.glokala.net\/she2\/2020\/04\/uppgift-mitt-sammanhang-nasta-steg\/\">Mitt sammanhang &#8211; n\u00e4sta steg<\/a><br \/>\nInl\u00e4mning: 18 maj.<\/p>\n","protected":false},"excerpt":{"rendered":"<p>\u00d6versikt f\u00f6r inl\u00e4mningsuppgifter 2019-2020: Tema\u00f6vergripande uppgifter: Bokl\u00e4sning Inl\u00e4mning av reflektion 17 november Praktikuppgift Inl\u00e4mning av reflektion 15 december Gemensam l\u00e4sning under v\u00e5ren: Our Commons 16 mars &#8211; 29 april. Onlinesamtal om l\u00e4sningen 29 april kl 11:00 \u2013 12:30. F\u00f6r den som inte kan delta: Inl\u00e4mning av reflektion 27 april. Uppstart Uppgift: Din presentation Inl\u00e4mning 8 [&hellip;]<\/p>\n","protected":false},"author":1001021,"featured_media":0,"parent":0,"menu_order":0,"comment_status":"open","ping_status":"closed","template":"","meta":{"_bbp_topic_count":0,"_bbp_reply_count":0,"_bbp_total_topic_count":0,"_bbp_total_reply_count":0,"_bbp_voice_count":0,"_bbp_anonymous_reply_count":0,"_bbp_topic_count_hidden":0,"_bbp_reply_count_hidden":0,"_bbp_forum_subforum_count":0,"footnotes":""},"class_list":["post-7014","page","type-page","status-publish","hentry"],"jetpack_sharing_enabled":true,"_links":{"self":[{"href":"https:\/\/samhallsentreprenor.glokala.net\/she2\/wp-json\/wp\/v2\/pages\/7014","targetHints":{"allow":["GET"]}}],"collection":[{"href":"https:\/\/samhallsentreprenor.glokala.net\/she2\/wp-json\/wp\/v2\/pages"}],"about":[{"href":"https:\/\/samhallsentreprenor.glokala.net\/she2\/wp-json\/wp\/v2\/types\/page"}],"author":[{"embeddable":true,"href":"https:\/\/samhallsentreprenor.glokala.net\/she2\/wp-json\/wp\/v2\/users\/1001021"}],"replies":[{"embeddable":true,"href":"https:\/\/samhallsentreprenor.glokala.net\/she2\/wp-json\/wp\/v2\/comments?post=7014"}],"version-history":[{"count":11,"href":"https:\/\/samhallsentreprenor.glokala.net\/she2\/wp-json\/wp\/v2\/pages\/7014\/revisions"}],"predecessor-version":[{"id":7811,"href":"https:\/\/samhallsentreprenor.glokala.net\/she2\/wp-json\/wp\/v2\/pages\/7014\/revisions\/7811"}],"wp:attachment":[{"href":"https:\/\/samhallsentreprenor.glokala.net\/she2\/wp-json\/wp\/v2\/media?parent=7014"}],"curies":[{"name":"wp","href":"https:\/\/api.w.org\/{rel}","templated":true}]}}