{"id":75,"date":"2011-09-09T15:52:08","date_gmt":"2011-09-09T13:52:08","guid":{"rendered":"http:\/\/she2.glokala.se\/?page_id=75"},"modified":"2011-09-14T17:02:18","modified_gmt":"2011-09-14T15:02:18","slug":"internat-16-17-september","status":"publish","type":"page","link":"https:\/\/samhallsentreprenor.glokala.net\/she2\/internat-16-17-september\/","title":{"rendered":"Internat 16-17 september"},"content":{"rendered":"<p>Hej!<\/p>\n<p>Vi samlas f\u00f6r att planera, diskutera och inspireras 16-17 september i Malm\u00f6. Ni som inte har m\u00f6jlighet att komma och vara med p\u00e5 plats hittar vi skype-tid f\u00f6r, s\u00e5 att vi f\u00e5r input fr\u00e5n alla i planeringen f\u00f6r kursens h\u00f6st.<\/p>\n<p><span style=\"text-decoration: underline;\">Reseers\u00e4ttning:<\/span> F\u00f6r l\u00e4ngre resor ger vi st\u00f6d upp till 500 kr.<\/p>\n<p><span style=\"text-decoration: underline;\">Boende:<\/span> Ordnas p\u00e5 egen hand. H\u00f6r av dig om du beh\u00f6ver tips.<\/p>\n<p><span style=\"text-decoration: underline;\">Mat under dagarna:<\/span> Mat st\u00e5r var och en sj\u00e4lv f\u00f6r.<\/p>\n<p><span style=\"text-decoration: underline;\">Anm\u00e4lan, fr\u00e5gor:<\/span> Skriv eller ring g\u00e4rna om du har fr\u00e5gor inf\u00f6r dagarna. Bekr\u00e4fta att du kommer till august (at) glokala.se. Maila ocks\u00e5 om du inte kan komma, och vilka tider du d\u00e5 skulle kunna h\u00f6ras \u00f6ver Skype.<\/p>\n<p>&#8211; &#8211; &#8211; &#8211; &#8211; &#8211; &#8211; &#8211; &#8211; &#8211; &#8211; &#8211; &#8211; &#8211; &#8211; &#8211; &#8211; &#8211; &#8211; &#8211; &#8211; &#8211; &#8211; &#8211; &#8211; &#8211; &#8211; &#8211; &#8211; &#8211;<\/p>\n<h4>Prelimin\u00e4rt program f\u00f6r dagarna<\/h4>\n<p><a href=\"http:\/\/samhallsentreprenor.glokala.net\/she2\/wp-content\/uploads\/2011\/09\/Program-Steg-2-16-17-sept-2011.pdf\">Programmet som pdf<\/a><\/p>\n<p><strong>16 september<\/strong><\/p>\n<p>Sal 1, Sofielunds Folkets Hus, Rolfsgatan 16<\/p>\n<p>9.00 &#8211; 9.30 V\u00e4lkomna, presentation av dagarna och av oss som \u00e4r p\u00e5 plats. F\u00f6rv\u00e4ntningar.<\/p>\n<p>9.30 &#8211; 10.00 \u00d6vning, l\u00e4ra k\u00e4nna varandra<\/p>\n<p>10.00 &#8211; 10.20 Fika<\/p>\n<p>10. 20 &#8211; 12.00 Id\u00e9er i gruppen och direkt feedback<\/p>\n<p>12.00 &#8211; 13.15 Lunch<\/p>\n<p>13.15 &#8211; 15.15 Arbete kring f\u00f6rslagen p\u00e5 moduler\/inneh\u00e5ll i kursen<\/p>\n<p>15.15 &#8211; 18.00 Inspiration \/ studiebes\u00f6k p\u00e5 v\u00e4gen mot Malm\u00f6 h\u00f6gskola<\/p>\n<p>18.00 &#8211; 20.00 Orkanen: M\u00f6te och samtal med Fredrik p\u00e5 Malm\u00f6 h\u00f6gskola och Bert-Ola Bergstrand (Handelsh\u00f6gskolan, G\u00f6teborgs universitet). Bert-Ola har jobbat mycket kring socialt kapital och CSR, och \u00e4r nyss hemkommen fr\u00e5n Social Capital Forum i San Francisco.<\/p>\n<p><strong>17 september<\/strong><\/p>\n<p>Sal 17, Sofielunds Folkets Hus, Rolfsgatan 16<\/p>\n<p>10.00 &#8211; 12.00 Arbete kring f\u00f6rslagen till moduler\/inneh\u00e5ll och uppgifter i kursen<\/p>\n<p>12.00 &#8211; 13.00 Lunch<\/p>\n<p>13.00 &#8211; 14.00 Former f\u00f6r kommunikation i kursen och plattformen online<\/p>\n<p>14.00 &#8211; 15.00 Tips om evenemang. Utv\u00e4rdering av dagarna. Hej d\u00e5!<\/p>\n<p>&#8211; &#8211; &#8211; &#8211; &#8211; &#8211; &#8211; &#8211; &#8211; &#8211; &#8211; &#8211; &#8211; &#8211; &#8211; &#8211; &#8211; &#8211; &#8211; &#8211; &#8211; &#8211; &#8211; &#8211; &#8211; &#8211; &#8211; &#8211; &#8211; &#8211;<\/p>\n","protected":false},"excerpt":{"rendered":"<p>Hej! Vi samlas f\u00f6r att planera, diskutera och inspireras 16-17 september i Malm\u00f6. Ni som inte har m\u00f6jlighet att komma och vara med p\u00e5 plats hittar vi skype-tid f\u00f6r, s\u00e5 att vi f\u00e5r input fr\u00e5n alla i planeringen f\u00f6r kursens h\u00f6st. Reseers\u00e4ttning: F\u00f6r l\u00e4ngre resor ger vi st\u00f6d upp till 500 kr. Boende: Ordnas p\u00e5 [&hellip;]<\/p>\n","protected":false},"author":1001021,"featured_media":0,"parent":0,"menu_order":0,"comment_status":"open","ping_status":"open","template":"","meta":{"_bbp_topic_count":0,"_bbp_reply_count":0,"_bbp_total_topic_count":0,"_bbp_total_reply_count":0,"_bbp_voice_count":0,"_bbp_anonymous_reply_count":0,"_bbp_topic_count_hidden":0,"_bbp_reply_count_hidden":0,"_bbp_forum_subforum_count":0,"footnotes":""},"class_list":["post-75","page","type-page","status-publish","hentry"],"jetpack_sharing_enabled":true,"_links":{"self":[{"href":"https:\/\/samhallsentreprenor.glokala.net\/she2\/wp-json\/wp\/v2\/pages\/75","targetHints":{"allow":["GET"]}}],"collection":[{"href":"https:\/\/samhallsentreprenor.glokala.net\/she2\/wp-json\/wp\/v2\/pages"}],"about":[{"href":"https:\/\/samhallsentreprenor.glokala.net\/she2\/wp-json\/wp\/v2\/types\/page"}],"author":[{"embeddable":true,"href":"https:\/\/samhallsentreprenor.glokala.net\/she2\/wp-json\/wp\/v2\/users\/1001021"}],"replies":[{"embeddable":true,"href":"https:\/\/samhallsentreprenor.glokala.net\/she2\/wp-json\/wp\/v2\/comments?post=75"}],"version-history":[{"count":8,"href":"https:\/\/samhallsentreprenor.glokala.net\/she2\/wp-json\/wp\/v2\/pages\/75\/revisions"}],"predecessor-version":[{"id":78,"href":"https:\/\/samhallsentreprenor.glokala.net\/she2\/wp-json\/wp\/v2\/pages\/75\/revisions\/78"}],"wp:attachment":[{"href":"https:\/\/samhallsentreprenor.glokala.net\/she2\/wp-json\/wp\/v2\/media?parent=75"}],"curies":[{"name":"wp","href":"https:\/\/api.w.org\/{rel}","templated":true}]}}