{"id":823,"date":"2012-09-13T14:26:42","date_gmt":"2012-09-13T12:26:42","guid":{"rendered":"http:\/\/she2.glokala.se\/?page_id=823"},"modified":"2013-08-06T17:14:47","modified_gmt":"2013-08-06T15:14:47","slug":"tidsplan-2012-2013","status":"publish","type":"page","link":"https:\/\/samhallsentreprenor.glokala.net\/she2\/tidsplan-2012-2013\/","title":{"rendered":"Tidsplan 2012-2013"},"content":{"rendered":"<p><strong>Tids\u00f6versikt f\u00f6r \u00e5ret 2012-2013.<\/strong> Uppdateras l\u00f6pande med teman och uppgifter. Till h\u00f6ger finns en spalt f\u00f6r bokl\u00e4sning vi genomf\u00f6r \u00f6ver l\u00e4ngre tid, och en spalt f\u00f6r inplanering av tid f\u00f6r personlig feedback p\u00e5 projekt\/initiativ.<\/p>\n<p>Uppstart och planering: 27 augusti &#8211; 16 september<br \/>\nTr\u00e4ff i Malm\u00f6: 8-9 september<\/p>\n<table width=\"696\" border=\"0\" frame=\"VOID\" rules=\"NONE\" cellspacing=\"0\">\n<colgroup>\n<col width=\"120\" \/>\n<col width=\"240\" \/>\n<col width=\"36\" \/>\n<col width=\"110\" \/>\n<col width=\"25\" \/>\n<col width=\"135\" \/><\/colgroup>\n<tbody>\n<tr>\n<td align=\"LEFT\" valign=\"MIDDLE\" width=\"120\" height=\"34\"><span style=\"text-decoration: underline;\">Vecka \/ datum<\/span><\/td>\n<td style=\"text-align: center;\" align=\"LEFT\" valign=\"MIDDLE\" width=\"240\"><span style=\"text-decoration: underline;\">Tema \/ uppgifter<\/span><\/td>\n<td align=\"LEFT\" valign=\"MIDDLE\" width=\"36\"><\/td>\n<td style=\"border-left: 3px solid #ff6633;\" align=\"LEFT\" valign=\"MIDDLE\" width=\"110\"><span style=\"text-decoration: underline;\">Litteraturl\u00e4sning<\/span><\/td>\n<td align=\"LEFT\" valign=\"MIDDLE\" width=\"25\"><\/td>\n<td style=\"border-left: 3px solid #33a3a3;\" align=\"LEFT\" valign=\"MIDDLE\" width=\"135\"><span style=\"text-decoration: underline;\">Personlig feedback projekt\/initiativ<\/span><\/td>\n<\/tr>\n<tr>\n<td align=\"LEFT\" height=\"17\"><\/td>\n<td align=\"LEFT\"><\/td>\n<td align=\"LEFT\"><\/td>\n<td align=\"LEFT\"><\/td>\n<td align=\"LEFT\"><\/td>\n<td align=\"LEFT\"><\/td>\n<\/tr>\n<tr>\n<td align=\"LEFT\" height=\"17\"><\/td>\n<td align=\"LEFT\"><strong>ORGANISATION OCH FORM<\/strong><\/td>\n<td align=\"LEFT\"><\/td>\n<td align=\"LEFT\"><\/td>\n<td align=\"LEFT\"><\/td>\n<td align=\"LEFT\"><\/td>\n<\/tr>\n<tr>\n<td align=\"LEFT\" height=\"17\">8-9 sept<\/td>\n<td align=\"LEFT\"><a title=\"Internat 8-9 september\" href=\"http:\/\/samhallsentreprenor.glokala.net\/she2\/2012\/08\/773\/\">Internattr\u00e4ff i Malm\u00f6<\/a><\/td>\n<td align=\"LEFT\"><\/td>\n<td align=\"LEFT\"><\/td>\n<td align=\"LEFT\"><\/td>\n<td align=\"LEFT\"><\/td>\n<\/tr>\n<tr>\n<td align=\"LEFT\" height=\"17\">10 sept<\/td>\n<td align=\"LEFT\"><a href=\"http:\/\/samhallsentreprenor.glokala.net\/she2\/groups\/kursforum\/forum\/topic\/reflektioner-om-kooperation\/\" target=\"_blank\">Reflektion om kooperation<\/a>. Inl 17 sept<\/td>\n<td align=\"LEFT\"><\/td>\n<td align=\"LEFT\"><\/td>\n<td align=\"LEFT\"><\/td>\n<td align=\"LEFT\"><\/td>\n<\/tr>\n<tr>\n<td align=\"LEFT\" height=\"17\">17 sept<\/td>\n<td align=\"LEFT\"><a title=\"17 sept: Tidsplan f\u00f6r \u00e5ret och uppgift \u2013 Planeringsskiss\" href=\"http:\/\/samhallsentreprenor.glokala.net\/she2\/2012\/09\/17-sept-tidsplan-for-aret-och-uppgift-planeringsskiss\/\">Planeringsskiss \u2013 uppgift<\/a>. Inl\u00e4mning 1 okt<\/td>\n<td align=\"LEFT\"><\/td>\n<td align=\"LEFT\"><\/td>\n<td align=\"LEFT\"><\/td>\n<td style=\"border-left: 3px solid #33a3a3;\" align=\"LEFT\"><\/td>\n<\/tr>\n<tr>\n<td align=\"LEFT\" height=\"17\">24 sept<\/td>\n<td align=\"LEFT\"><a href=\"http:\/\/samhallsentreprenor.glokala.net\/she2\/2012\/09\/24-sept-intryck-fran-resa-till-kroatien\/\" target=\"_blank\">Input \u2013 Intryck fr\u00e5n Kroatien<\/a><\/td>\n<td align=\"LEFT\"><\/td>\n<td align=\"LEFT\"><\/td>\n<td align=\"LEFT\"><\/td>\n<td style=\"border-left: 3px solid #33a3a3;\" align=\"LEFT\"><\/td>\n<\/tr>\n<tr>\n<td align=\"LEFT\" height=\"17\">1 okt<\/td>\n<td align=\"LEFT\"><a href=\"http:\/\/samhallsentreprenor.glokala.net\/she2\/groups\/planeringsskiss\/forum\/\" target=\"_blank\">Inl\u00e4mning<\/a>+feedback \u2013 Planeringsskiss<\/td>\n<td align=\"LEFT\"><\/td>\n<td align=\"LEFT\"><\/td>\n<td align=\"LEFT\"><\/td>\n<td style=\"border-left: 3px solid #33a3a3;\" align=\"LEFT\"><a href=\"http:\/\/samhallsentreprenor.glokala.net\/she2\/groups\/kursforum\/forum\/topic\/personlig-feedback-tider\/\" target=\"_blank\">F\u00f6rslag p\u00e5 tider under okt &#8211; nov \/\/ i forumtr\u00e5d<\/a><\/td>\n<\/tr>\n<tr>\n<td align=\"LEFT\" height=\"17\">8 okt<\/td>\n<td align=\"LEFT\"><a title=\"8 okt: Form f\u00f6r organisering\" href=\"http:\/\/samhallsentreprenor.glokala.net\/she2\/2012\/10\/8-okt-form-for-organisering\/\">Input kring organisationsformer<\/a><\/td>\n<td align=\"LEFT\"><\/td>\n<td align=\"LEFT\"><\/td>\n<td align=\"LEFT\"><\/td>\n<td style=\"border-left: 3px solid #33a3a3;\" align=\"LEFT\"><\/td>\n<\/tr>\n<tr>\n<td align=\"LEFT\" height=\"17\">15 okt<\/td>\n<td align=\"LEFT\"><a title=\"15 okt: Intervjuuppgift\" href=\"http:\/\/samhallsentreprenor.glokala.net\/she2\/2012\/10\/15-okt-intervjuuppgift\/\">Intervju &#8211; uppgift<\/a>. Inl\u00e4mning 5 nov<\/td>\n<td align=\"LEFT\"><\/td>\n<td align=\"LEFT\"><\/td>\n<td align=\"LEFT\"><\/td>\n<td style=\"border-left: 3px solid #33a3a3;\" align=\"LEFT\"><\/td>\n<\/tr>\n<tr>\n<td align=\"LEFT\" height=\"17\">22 okt<\/td>\n<td align=\"LEFT\"><a title=\"22 okt: Analys och exempel\" href=\"http:\/\/samhallsentreprenor.glokala.net\/she2\/2012\/10\/22-okt-analys-och-exempel\/\">Input verksamheter: Analys &amp; exempel<\/a><\/td>\n<td align=\"LEFT\"><\/td>\n<td align=\"LEFT\"><\/td>\n<td align=\"LEFT\"><\/td>\n<td style=\"border-left: 3px solid #33a3a3;\" align=\"LEFT\">24 okt 19-19.40 &#8211; Frida<\/td>\n<\/tr>\n<tr>\n<td align=\"LEFT\" height=\"17\">29 okt<\/td>\n<td align=\"LEFT\"><em>&#8211; Arbete med intervjuuppgiften &#8211;<\/em><\/td>\n<td align=\"LEFT\"><\/td>\n<td align=\"LEFT\"><\/td>\n<td align=\"LEFT\"><\/td>\n<td style=\"border-left: 3px solid #33a3a3;\" align=\"LEFT\">30 okt 17-17.40 &#8211; Sofia<\/td>\n<\/tr>\n<tr>\n<td align=\"LEFT\" height=\"17\">5 nov<\/td>\n<td align=\"LEFT\"><a title=\"5 nov: Input crowdfunding och finansiering\" href=\"http:\/\/samhallsentreprenor.glokala.net\/she2\/2012\/11\/5-nov-input-crowdfunding-och-finansiering\/\">&#8211; Input crowdfunding<\/a><a href=\"http:\/\/samhallsentreprenor.glokala.net\/she2\/groups\/intervjuuppgift\/forum\/\" target=\"_blank\"><br \/>\n&#8211; Inl\u00e4mning<\/a> &amp; feedback p\u00e5 intervjuuppgiften<\/td>\n<td align=\"LEFT\"><\/td>\n<td align=\"LEFT\"><\/td>\n<td align=\"LEFT\"><\/td>\n<td style=\"border-left: 3px solid #33a3a3;\" align=\"LEFT\">6 nov 18-18.40 &#8211; Bahtir<\/td>\n<\/tr>\n<tr>\n<td align=\"LEFT\" height=\"17\"><\/td>\n<td align=\"LEFT\"><\/td>\n<td align=\"LEFT\"><\/td>\n<td align=\"LEFT\"><\/td>\n<td align=\"LEFT\"><\/td>\n<td style=\"border-left: 3px solid #33a3a3;\" align=\"LEFT\"><\/td>\n<\/tr>\n<tr>\n<td align=\"LEFT\" height=\"17\"><\/td>\n<td align=\"LEFT\"><strong>INRE LIV \u2013 GRUPPER, LEDARSKAP, ARBETSMILJ\u00d6<\/strong><\/td>\n<td align=\"LEFT\"><\/td>\n<td align=\"LEFT\"><\/td>\n<td align=\"LEFT\"><\/td>\n<td style=\"border-left: 3px solid #33a3a3;\" align=\"LEFT\"><\/td>\n<\/tr>\n<tr>\n<td align=\"LEFT\" height=\"50\">12 nov<\/td>\n<td align=\"LEFT\"><a href=\"http:\/\/samhallsentreprenor.glokala.net\/she2\/12-november-inre-liv\/\">&#8211; Modul\u00f6versikt<\/a> f\u00f6r Inre liv<br \/>\n<a title=\"12 nov: Crowdfunding del 2\" href=\"http:\/\/samhallsentreprenor.glokala.net\/she2\/2012\/11\/12-nov-crowdfunding-del-2\/\" target=\"_blank\">&#8211; Crowdfunding del 2 &#8211; Manymade<\/a><\/td>\n<td align=\"LEFT\"><\/td>\n<td style=\"border-left: 3px solid #ff6633;\" align=\"LEFT\"><\/td>\n<td align=\"LEFT\"><\/td>\n<td style=\"border-left: 3px solid #33a3a3;\" align=\"LEFT\">15 nov 17-17.40 &#8211; Ulrika<br \/>\n15 nov 18-18.40 &#8211; Towe<\/td>\n<\/tr>\n<tr>\n<td align=\"LEFT\" height=\"17\">19 nov<\/td>\n<td align=\"LEFT\"><a title=\"19 nov: Ledarskap \u2013 reflekterande praktik &amp; v\u00e4rderingar\" href=\"http:\/\/samhallsentreprenor.glokala.net\/she2\/2012\/11\/19-nov-ledarskap-reflekterande-praktik-varderingar\/\">Input ledarskap: Reflekterande praktik &amp; v\u00e4rderingar<\/a><\/td>\n<td align=\"LEFT\"><\/td>\n<td style=\"border-left: 3px solid #ff6633;\" align=\"LEFT\">\u00a0Bokcirkel &#8211; \u201dBrinntid\u201d eller andra alt<\/td>\n<td align=\"LEFT\"><\/td>\n<td style=\"border-left: 3px solid #33a3a3;\" align=\"LEFT\">Input fr\u00e5n <a title=\"Inspiration: Sj\u00e4lvledarskap\" href=\"http:\/\/samhallsentreprenor.glokala.net\/she2\/2012\/11\/inspiration-sjalvledarskap\/\">Towe<\/a> &amp; Sofia<\/td>\n<\/tr>\n<tr>\n<td align=\"LEFT\" height=\"17\">26 nov<\/td>\n<td align=\"LEFT\"><a href=\"http:\/\/samhallsentreprenor.glokala.net\/she2\/2012\/11\/26-nov-organisationspsykologi-som-verktyg\/\">&#8211; Input gruppdynamik: organisationspsykologi som verktyg?<\/a>&#8211; <a title=\"Reflektionsuppgift Inre liv\" href=\"http:\/\/samhallsentreprenor.glokala.net\/she2\/reflektionsuppgift-inre-liv\/\" target=\"_blank\">Reflektionsuppgift &#8211; Inre liv<\/a>. Inl\u00e4mning 17 dec.<\/td>\n<td align=\"LEFT\"><\/td>\n<td style=\"border-left: 3px solid #ff6633;\" align=\"LEFT\"><\/td>\n<td align=\"LEFT\"><\/td>\n<td style=\"border-left: 3px solid #33a3a3;\" align=\"LEFT\">&#8211; Input fr\u00e5n <a href=\"http:\/\/samhallsentreprenor.glokala.net\/she2\/2012\/11\/hjarnkoll\/\">Ulrika<\/a><br \/>\n&#8211; Samtal med Emma 27 nov 9.00-9.40<\/td>\n<\/tr>\n<tr>\n<td align=\"LEFT\" height=\"17\">3 dec<\/td>\n<td align=\"LEFT\"><a title=\"3 dec\" href=\"http:\/\/samhallsentreprenor.glokala.net\/she2\/2012\/12\/3-dec\/\">&#8211; Input: Kooperativ \/ arbetsmilj\u00f6<\/a>&#8211; 9 dec, 19-21: <a title=\"3 dec\" href=\"http:\/\/samhallsentreprenor.glokala.net\/she2\/2012\/12\/3-dec\/\" target=\"_blank\">Boksamtal<\/a> p\u00e5 skype<\/td>\n<td align=\"LEFT\"><\/td>\n<td style=\"border-left: 3px solid #ff6633;\" align=\"LEFT\"><\/td>\n<td align=\"LEFT\"><\/td>\n<td style=\"border-left: 3px solid #33a3a3;\" align=\"LEFT\">Input fr\u00e5n Bahtir &amp; <a title=\"Input: kreativ insikt\" href=\"http:\/\/samhallsentreprenor.glokala.net\/she2\/2012\/12\/input-kreativ-insikt\/\" target=\"_blank\">Frida<\/a><\/td>\n<\/tr>\n<tr>\n<td align=\"LEFT\" height=\"17\">10 dec<\/td>\n<td align=\"LEFT\"><a href=\"http:\/\/samhallsentreprenor.glokala.net\/she2\/11-december-stress-boktips\/\">&#8211; Input: Samtal om stress + boktips!<\/a><\/td>\n<td align=\"LEFT\"><\/td>\n<td style=\"border-left: 3px solid #ff6633;\" align=\"LEFT\"><\/td>\n<td align=\"LEFT\"><\/td>\n<td style=\"border-left: 3px solid #33a3a3;\" align=\"LEFT\">Input fr\u00e5n Laila &amp; <a href=\"http:\/\/samhallsentreprenor.glokala.net\/she2\/2012\/12\/veckans-inspiration-fran-emma\/\">Emma<\/a><\/td>\n<\/tr>\n<tr>\n<td align=\"LEFT\" height=\"17\">17 dec<\/td>\n<td align=\"LEFT\">&#8211; Inl\u00e4mning: <a title=\"Reflektionsuppgift Inre liv\" href=\"http:\/\/samhallsentreprenor.glokala.net\/she2\/reflektionsuppgift-inre-liv\/\">Reflektionsuppgift<\/a><br \/>\n&#8211; <a title=\"17 dec: Feedback till reflektion\" href=\"http:\/\/samhallsentreprenor.glokala.net\/she2\/2012\/12\/17-dec-feedback-till-reflektion\/\">Feedback till reflektion och inspiration inf\u00f6r helgerna<\/a><\/td>\n<td align=\"LEFT\"><\/td>\n<td style=\"border-left: 3px solid #ff6633;\" align=\"LEFT\"><\/td>\n<td align=\"LEFT\"><\/td>\n<td style=\"border-left: 3px solid #33a3a3;\" align=\"LEFT\"><\/td>\n<\/tr>\n<tr>\n<td align=\"LEFT\" height=\"17\">24 dec<\/td>\n<td align=\"LEFT\"><\/td>\n<td align=\"LEFT\"><\/td>\n<td style=\"border-left: 3px solid #ff6633;\" align=\"LEFT\"><\/td>\n<td align=\"LEFT\"><\/td>\n<td style=\"border-left: 3px solid #33a3a3;\" align=\"LEFT\"><\/td>\n<\/tr>\n<tr>\n<td align=\"LEFT\" height=\"17\"><\/td>\n<td align=\"LEFT\"><\/td>\n<td align=\"LEFT\"><\/td>\n<td align=\"LEFT\"><\/td>\n<td align=\"LEFT\"><\/td>\n<td style=\"border-left: 3px solid #33a3a3;\" align=\"LEFT\"><\/td>\n<\/tr>\n<tr>\n<td align=\"LEFT\" height=\"17\"><\/td>\n<td align=\"LEFT\"><strong>OMV\u00c4RLD \u2013 SHE och utvecklingen i v\u00e4rlden<\/strong><\/td>\n<td align=\"LEFT\"><\/td>\n<td align=\"LEFT\"><\/td>\n<td align=\"LEFT\"><\/td>\n<td style=\"border-left: 3px solid #33a3a3;\" align=\"LEFT\"><\/td>\n<\/tr>\n<tr>\n<td align=\"LEFT\" height=\"17\">7 jan<\/td>\n<td align=\"LEFT\"><a title=\"7 januari: Omv\u00e4rld \u2013 SHE och utvecklingen i v\u00e4rlden\" href=\"http:\/\/samhallsentreprenor.glokala.net\/she2\/2013\/01\/7-januari-omvarld-she-och-utvecklingen-i-varlden\/\" target=\"_blank\">Modul\u00f6versikt<\/a> f\u00f6r Omv\u00e4rld<\/td>\n<td align=\"LEFT\"><\/td>\n<td style=\"border-left: 3px solid #ff6633;\" align=\"LEFT\">Bokcirkel &#8211; <a title=\"Bokf\u00f6rslag\" href=\"http:\/\/samhallsentreprenor.glokala.net\/she2\/2013\/01\/bokforslag\/\" target=\"_blank\">f\u00f6rslag p\u00e5 b\u00f6cker<\/a><\/td>\n<td align=\"LEFT\"><\/td>\n<td style=\"border-left: 3px solid #33a3a3;\" align=\"LEFT\"><\/td>\n<\/tr>\n<tr>\n<td align=\"LEFT\" height=\"17\">14 jan<\/td>\n<td align=\"LEFT\"><a title=\"14 jan: Input fr\u00e5n Guelph i Kanada + mer\" href=\"http:\/\/samhallsentreprenor.glokala.net\/she2\/2013\/01\/14-jan-input-fran-guelph-i-kanada-mer\/\" target=\"_blank\">Input fr\u00e5n Guelph\/Kanada<\/a><\/td>\n<td align=\"LEFT\"><\/td>\n<td style=\"border-left: 3px solid #ff6633;\" align=\"LEFT\"><\/td>\n<td align=\"LEFT\"><\/td>\n<td style=\"border-left: 3px solid #33a3a3;\" align=\"LEFT\"><\/td>\n<\/tr>\n<tr>\n<td align=\"LEFT\" height=\"17\">21 jan<\/td>\n<td align=\"LEFT\"><a title=\"21 januari: K\u00f6penhamn, rapport fr\u00e5n en studieresa\" href=\"http:\/\/samhallsentreprenor.glokala.net\/she2\/2013\/01\/21-januari-kopenhamn-rapport-fran-en-studieresa\/\">Rapport fr\u00e5n studieresa till K\u00f6penhamn<\/a><\/td>\n<td align=\"LEFT\"><\/td>\n<td style=\"border-left: 3px solid #ff6633;\" align=\"LEFT\"><a title=\"Bokf\u00f6rslag\" href=\"http:\/\/samhallsentreprenor.glokala.net\/she2\/2013\/01\/bokforslag\/\">Val av bok<\/a> klart. L\u00e4sning fram till internat 23-24 febr.<\/td>\n<td align=\"LEFT\"><\/td>\n<td style=\"border-left: 3px solid #33a3a3;\" align=\"LEFT\"><\/td>\n<\/tr>\n<tr>\n<td align=\"LEFT\" height=\"17\">28 jan<\/td>\n<td align=\"LEFT\"><a title=\"Uppgift: Omv\u00e4rldsanalys\" href=\"http:\/\/samhallsentreprenor.glokala.net\/she2\/uppgift-omvarldsanalys\/\" target=\"_blank\">&#8211; Omv\u00e4rldsanalys &#8211; uppgift.<\/a> Inl\u00e4mning 11 februari.<br \/>\n&#8211; Input: <a title=\"The Hungarian Civil Sector\" href=\"http:\/\/samhallsentreprenor.glokala.net\/she2\/2013\/01\/the-hungarian-civil-sector\/\">The Hungarian Civil Sector<\/a><\/td>\n<td align=\"LEFT\"><\/td>\n<td style=\"border-left: 3px solid #ff6633;\" align=\"LEFT\"><\/td>\n<td align=\"LEFT\"><\/td>\n<td style=\"border-left: 3px solid #33a3a3;\" align=\"LEFT\"><\/td>\n<\/tr>\n<tr>\n<td align=\"LEFT\" height=\"17\"><\/td>\n<td align=\"LEFT\"><\/td>\n<td align=\"LEFT\"><\/td>\n<td style=\"border-left: 3px solid #ff6633;\" align=\"LEFT\"><\/td>\n<td align=\"LEFT\"><\/td>\n<td style=\"border-left: 3px solid #33a3a3;\" align=\"LEFT\"><\/td>\n<\/tr>\n<tr>\n<td align=\"LEFT\" height=\"17\"><\/td>\n<td align=\"LEFT\"><strong>EKONOMI<\/strong><\/td>\n<td align=\"LEFT\"><\/td>\n<td style=\"border-left: 3px solid #ff6633;\" align=\"LEFT\"><\/td>\n<td align=\"LEFT\"><\/td>\n<td style=\"border-left: 3px solid #33a3a3;\" align=\"LEFT\"><\/td>\n<\/tr>\n<tr>\n<td align=\"LEFT\" height=\"17\">4 feb<\/td>\n<td align=\"LEFT\">&#8211; <a title=\"4) Ekonomi\" href=\"http:\/\/samhallsentreprenor.glokala.net\/she2\/4-ekonomi\/\">Introduktion till modulen<\/a><br \/>\n&#8211; <a title=\"4 feb: Sammelsurium av input\" href=\"http:\/\/samhallsentreprenor.glokala.net\/she2\/2013\/02\/4-feb-sammelsurium-av-input\/\">4 feb: Sammelsurium av input <\/a><\/td>\n<td align=\"LEFT\"><\/td>\n<td style=\"border-left: 3px solid #ff6633;\" align=\"LEFT\"><\/td>\n<td align=\"LEFT\"><\/td>\n<td style=\"border-left: 3px solid #33a3a3;\" align=\"LEFT\"><\/td>\n<\/tr>\n<tr>\n<td align=\"LEFT\" height=\"17\">11 feb<\/td>\n<td align=\"LEFT\">\u00a0&#8211; <a title=\"11 februari: V\u00e4gar fram\u00e5t i en glokal ekonomi?\" href=\"http:\/\/samhallsentreprenor.glokala.net\/she2\/2013\/02\/11-februari-vagar-framat-i-en-glokal-ekonomi\/\" target=\"_blank\">11 feb: V\u00e4gar fram\u00e5t i en glokal ekonomi?<\/a><br \/>\n&#8211; Inl\u00e4mning: <a title=\"Uppgift: Omv\u00e4rldsanalys\" href=\"http:\/\/samhallsentreprenor.glokala.net\/she2\/uppgift-omvarldsanalys\/\" target=\"_blank\">Omv\u00e4rldsanalys<\/a><\/td>\n<td align=\"LEFT\"><\/td>\n<td style=\"border-left: 3px solid #ff6633;\" align=\"LEFT\"><\/td>\n<td align=\"LEFT\"><\/td>\n<td style=\"border-left: 3px solid #33a3a3;\" align=\"LEFT\"><\/td>\n<\/tr>\n<tr>\n<td align=\"LEFT\" height=\"34\">18 feb<\/td>\n<td align=\"LEFT\">&#8211; Respons till <a title=\"Uppgift: Omv\u00e4rldsanalys\" href=\"http:\/\/samhallsentreprenor.glokala.net\/she2\/uppgift-omvarldsanalys\/\" target=\"_blank\">Omv\u00e4rldsanalys<\/a> &#8211; 22 febr<a title=\"Internat 23-24 februari\" href=\"http:\/\/samhallsentreprenor.glokala.net\/she2\/internat-23-24-februari\/\" target=\"_blank\"><br \/>\n&#8211; INTERNAT \u2013 23-24 februari i G\u00f6teborg<\/a><\/td>\n<td align=\"LEFT\"><\/td>\n<td style=\"border-left: 3px solid #ff6633;\" align=\"LEFT\"><\/td>\n<td align=\"LEFT\"><\/td>\n<td style=\"border-left: 3px solid #33a3a3;\" align=\"LEFT\"><\/td>\n<\/tr>\n<tr>\n<td align=\"LEFT\" height=\"17\">25 feb &#8211; 4 mars<\/td>\n<td align=\"LEFT\">\u00a04 mars: <a title=\"4 mars: Aff\u00e4rs\u00e4nglar\" href=\"http:\/\/samhallsentreprenor.glokala.net\/she2\/4-mars-affarsanglar\/\" target=\"_blank\">Input: Finansiering \/\/ aff\u00e4rs\u00e4nglar<\/a><\/td>\n<td align=\"LEFT\"><\/td>\n<td align=\"LEFT\"><\/td>\n<td align=\"LEFT\"><\/td>\n<td style=\"border-left: 3px solid #33a3a3;\" align=\"LEFT\"><\/td>\n<\/tr>\n<tr>\n<td align=\"LEFT\" height=\"17\"><\/td>\n<td align=\"LEFT\"><\/td>\n<td align=\"LEFT\"><\/td>\n<td align=\"LEFT\"><\/td>\n<td align=\"LEFT\"><\/td>\n<td style=\"border-left: 3px solid #33a3a3;\" align=\"LEFT\"><\/td>\n<\/tr>\n<tr>\n<td align=\"LEFT\" height=\"17\"><\/td>\n<td align=\"LEFT\"><strong>KONTEXT &amp; SAMMANHANG<br \/>\n<\/strong><\/td>\n<td align=\"LEFT\"><\/td>\n<td align=\"LEFT\"><\/td>\n<td align=\"LEFT\"><\/td>\n<td style=\"border-left: 3px solid #33a3a3;\" align=\"LEFT\"><\/td>\n<\/tr>\n<tr>\n<td align=\"LEFT\" height=\"17\">11 mars<\/td>\n<td align=\"LEFT\"><a title=\"Kontext &amp; Sammanhang\" href=\"http:\/\/samhallsentreprenor.glokala.net\/she2\/2013\/03\/kontext-sammanhang\/\" target=\"_blank\">Intro till modulen<\/a><\/td>\n<td align=\"LEFT\"><\/td>\n<td style=\"border-left: 3px solid #ff6633;\" align=\"LEFT\">\u00a0<a title=\"Kontext &amp; Sammanhang\" href=\"http:\/\/samhallsentreprenor.glokala.net\/she2\/2013\/03\/kontext-sammanhang\/\" target=\"_blank\">Bokl\u00e4sning<\/a>: Yunus <a href=\"http:\/\/bookhouse.se\/index.php\/bocker\/en-varld-utan-fattigdom.html\" target=\"_blank\">&#8221;En v\u00e4rld utan fattigdom&#8221;<\/a><\/td>\n<td align=\"LEFT\"><\/td>\n<td style=\"border-left: 3px solid #33a3a3;\" align=\"LEFT\"><\/td>\n<\/tr>\n<tr>\n<td align=\"LEFT\" height=\"17\">18 mars<\/td>\n<td align=\"LEFT\"><a title=\"18 mars: Aff\u00e4rsaktivism och akt\u00f6rer som bygger sammanhang\" href=\"http:\/\/samhallsentreprenor.glokala.net\/she2\/2013\/03\/18-mars-affarsaktivism-och-aktorer-som-bygger-sammanhang\/\" target=\"_blank\">Input: Aff\u00e4rsaktivism \/ akt\u00f6rer<\/a><\/td>\n<td align=\"LEFT\"><\/td>\n<td style=\"border-left: 3px solid #ff6633;\" align=\"LEFT\"><\/td>\n<td align=\"LEFT\"><\/td>\n<td style=\"border-left: 3px solid #33a3a3;\" align=\"LEFT\"><\/td>\n<\/tr>\n<tr>\n<td align=\"LEFT\" height=\"17\">25 mars<\/td>\n<td align=\"LEFT\"><a title=\"Systemic thinking \u2013 spiral dynamics\" href=\"http:\/\/samhallsentreprenor.glokala.net\/she2\/2013\/03\/systemic-thinking-spiral-dynamics\/\" target=\"_blank\">Input: Systemic Thinking<\/a><\/td>\n<td align=\"LEFT\"><\/td>\n<td style=\"border-left: 3px solid #ff6633;\" align=\"LEFT\"><\/td>\n<td align=\"LEFT\"><\/td>\n<td style=\"border-left: 3px solid #33a3a3;\" align=\"LEFT\"><\/td>\n<\/tr>\n<tr>\n<td align=\"LEFT\" height=\"17\">1 april<\/td>\n<td align=\"LEFT\">&#8211; Tid f\u00f6r personlig f\u00f6rdjupning &#8211;<\/td>\n<td align=\"LEFT\"><\/td>\n<td style=\"border-left: 3px solid #ff6633;\" align=\"LEFT\"><\/td>\n<td align=\"LEFT\"><\/td>\n<td style=\"border-left: 3px solid #33a3a3;\" align=\"LEFT\"><\/td>\n<\/tr>\n<tr>\n<td align=\"LEFT\" height=\"17\">8 april<\/td>\n<td align=\"LEFT\"><a title=\"8 april: Input sammanhang \u2013 SIX Nordic\" href=\"http:\/\/samhallsentreprenor.glokala.net\/she2\/2013\/04\/8-april-input-sammanhang-six-nordic\/\">Input: SIX Nordic<\/a><\/td>\n<td align=\"LEFT\"><\/td>\n<td style=\"border-left: 3px solid #ff6633;\" align=\"LEFT\"><\/td>\n<td align=\"LEFT\"><\/td>\n<td style=\"border-left: 3px solid #33a3a3;\" align=\"LEFT\">11 april 17:00 Towe<\/td>\n<\/tr>\n<tr>\n<td align=\"LEFT\" height=\"17\">15 april<\/td>\n<td align=\"LEFT\">Inl\u00e4mning: <a title=\"Kontext &amp; Sammanhang\" href=\"http:\/\/samhallsentreprenor.glokala.net\/she2\/2013\/03\/kontext-sammanhang\/\">Personlig f\u00f6rdjupning<\/a><\/td>\n<td align=\"LEFT\"><\/td>\n<td style=\"border-left: 3px solid #ff6633;\" align=\"LEFT\"><\/td>\n<td align=\"LEFT\"><\/td>\n<td style=\"border-left: 3px solid #33a3a3;\" align=\"LEFT\">15 april 17:00 Ulrika<\/td>\n<\/tr>\n<tr>\n<td align=\"LEFT\" height=\"17\"><\/td>\n<td align=\"LEFT\"><\/td>\n<td align=\"LEFT\"><\/td>\n<td style=\"border-left: 3px solid #ff6633;\" align=\"LEFT\"><\/td>\n<td align=\"LEFT\"><\/td>\n<td style=\"border-left: 3px solid #33a3a3;\" align=\"LEFT\"><\/td>\n<\/tr>\n<tr>\n<td align=\"LEFT\" height=\"17\"><\/td>\n<td align=\"LEFT\"><strong>FRAMTID<\/strong><\/td>\n<td align=\"LEFT\"><\/td>\n<td style=\"border-left: 3px solid #ff6633;\" align=\"LEFT\"><\/td>\n<td align=\"LEFT\"><\/td>\n<td style=\"border-left: 3px solid #33a3a3;\" align=\"LEFT\"><\/td>\n<\/tr>\n<tr>\n<td align=\"LEFT\" height=\"17\">22 april<\/td>\n<td align=\"LEFT\">Feedback till personlig f\u00f6rdjupning.<\/td>\n<td align=\"LEFT\"><\/td>\n<td style=\"border-left: 3px solid #ff6633;\" align=\"LEFT\"><\/td>\n<td align=\"LEFT\"><\/td>\n<td style=\"border-left: 3px solid #33a3a3;\" align=\"LEFT\">22 april 18:00 Bahtir<\/td>\n<\/tr>\n<tr>\n<td align=\"LEFT\" height=\"17\">29 april<\/td>\n<td align=\"LEFT\"><a title=\"Internat 4-5 maj\" href=\"http:\/\/samhallsentreprenor.glokala.net\/she2\/6-framtid\/internat-4-5-maj\/\">Internat i Malm\u00f6 4-5 maj<\/a><\/td>\n<td align=\"LEFT\"><\/td>\n<td style=\"border-left: 3px solid #ff6633;\" align=\"LEFT\"><\/td>\n<td align=\"LEFT\"><\/td>\n<td style=\"border-left: 3px solid #33a3a3;\" align=\"LEFT\"><\/td>\n<\/tr>\n<tr>\n<td align=\"LEFT\" height=\"17\">6 maj<\/td>\n<td align=\"LEFT\"><a title=\"6 maj: Gemenskaper\" href=\"http:\/\/samhallsentreprenor.glokala.net\/she2\/2013\/05\/6-maj-gemenskaper\/\">Input: Gemenskaper<\/a><\/td>\n<td align=\"LEFT\"><\/td>\n<td align=\"LEFT\"><\/td>\n<td align=\"LEFT\"><\/td>\n<td style=\"border-left: 3px solid #33a3a3;\" align=\"LEFT\"><\/td>\n<\/tr>\n<tr>\n<td align=\"LEFT\" height=\"17\">13 maj<\/td>\n<td align=\"LEFT\"><a title=\"Resonans \u2013 Texter med perspektiv fr\u00e5n Samh\u00e4llsentrepren\u00f6r Steg 2\" href=\"http:\/\/samhallsentreprenor.glokala.net\/she2\/2013\/06\/resonans-texter-med-perspektiv-fran-samhallsentreprenor-steg-2\/\" target=\"_blank\">Skriften Resonans<\/a> &#8211; textbearbetning och release<\/td>\n<td align=\"LEFT\"><\/td>\n<td align=\"LEFT\"><\/td>\n<td align=\"LEFT\"><\/td>\n<td style=\"border-left: 3px solid #33a3a3;\" align=\"LEFT\"><\/td>\n<\/tr>\n<\/tbody>\n<\/table>\n","protected":false},"excerpt":{"rendered":"<p>Tids\u00f6versikt f\u00f6r \u00e5ret 2012-2013. Uppdateras l\u00f6pande med teman och uppgifter. Till h\u00f6ger finns en spalt f\u00f6r bokl\u00e4sning vi genomf\u00f6r \u00f6ver l\u00e4ngre tid, och en spalt f\u00f6r inplanering av tid f\u00f6r personlig feedback p\u00e5 projekt\/initiativ. Uppstart och planering: 27 augusti &#8211; 16 september Tr\u00e4ff i Malm\u00f6: 8-9 september Vecka \/ datum Tema \/ uppgifter Litteraturl\u00e4sning Personlig [&hellip;]<\/p>\n","protected":false},"author":1001021,"featured_media":0,"parent":0,"menu_order":0,"comment_status":"open","ping_status":"open","template":"","meta":{"_bbp_topic_count":0,"_bbp_reply_count":0,"_bbp_total_topic_count":0,"_bbp_total_reply_count":0,"_bbp_voice_count":0,"_bbp_anonymous_reply_count":0,"_bbp_topic_count_hidden":0,"_bbp_reply_count_hidden":0,"_bbp_forum_subforum_count":0,"footnotes":""},"class_list":["post-823","page","type-page","status-publish","hentry"],"jetpack_sharing_enabled":true,"_links":{"self":[{"href":"https:\/\/samhallsentreprenor.glokala.net\/she2\/wp-json\/wp\/v2\/pages\/823","targetHints":{"allow":["GET"]}}],"collection":[{"href":"https:\/\/samhallsentreprenor.glokala.net\/she2\/wp-json\/wp\/v2\/pages"}],"about":[{"href":"https:\/\/samhallsentreprenor.glokala.net\/she2\/wp-json\/wp\/v2\/types\/page"}],"author":[{"embeddable":true,"href":"https:\/\/samhallsentreprenor.glokala.net\/she2\/wp-json\/wp\/v2\/users\/1001021"}],"replies":[{"embeddable":true,"href":"https:\/\/samhallsentreprenor.glokala.net\/she2\/wp-json\/wp\/v2\/comments?post=823"}],"version-history":[{"count":57,"href":"https:\/\/samhallsentreprenor.glokala.net\/she2\/wp-json\/wp\/v2\/pages\/823\/revisions"}],"predecessor-version":[{"id":826,"href":"https:\/\/samhallsentreprenor.glokala.net\/she2\/wp-json\/wp\/v2\/pages\/823\/revisions\/826"}],"wp:attachment":[{"href":"https:\/\/samhallsentreprenor.glokala.net\/she2\/wp-json\/wp\/v2\/media?parent=823"}],"curies":[{"name":"wp","href":"https:\/\/api.w.org\/{rel}","templated":true}]}}